{"id":9851,"date":"2016-11-06T20:49:03","date_gmt":"2016-11-06T19:49:03","guid":{"rendered":"http:\/\/www.zamosc.pttk.pl\/wordpress\/?page_id=9851"},"modified":"2016-11-07T14:31:40","modified_gmt":"2016-11-07T13:31:40","slug":"47-rajd-pieczony-ziemniak","status":"publish","type":"page","link":"https:\/\/zamosc.pttk.pl\/wordpress\/?page_id=9851","title":{"rendered":"47 Rajd &#8222;Pieczony Ziemniak&#8221;"},"content":{"rendered":"<p>[huge_it_slider id=&#8221;83&#8243;]<\/p>\n<p>&nbsp;<\/p>\n<p>&nbsp;<\/p>\n<p>&nbsp;<\/p>\n<p><span style=\"text-decoration: underline;\"><span style=\"font-size: 17px;\">Wspomnienia rajdowe<\/span><\/span><\/p>\n<p style=\"text-align: justify;\">W sobot\u0119 5 listopada 2016 r.w Zamo\u015bciu z parkingu przy Lunecie odjechali\u015bmy na trasy rajdowe o godz. 8.30.<\/p>\n<p style=\"text-align: justify;\">Przewodnim tematem Rajdu by\u0142 \u201eRok Sienkiewiczowski\u201d og\u0142oszony w 100 rocznic\u0119 \u015bmierci Henryka Sienkiewicza &#8211; polskiego pisarza i noblisty.<\/p>\n<p style=\"text-align: justify;\">Uczestnicy w\u0119druj\u0105cy na trasie I pojechali do Czartorii. Jest to niewielka wioska po\u0142o\u017cona na skraju Dzia\u0142\u00f3w Grabowieckich i na granicy gmin Mi\u0105czyn i Grabowiec.<\/p>\n<p style=\"text-align: justify;\">Obs\u0142uga trasy PTP: Edward S\u0142oniewski, Kazimierz Dziok i przew. Pawe\u0142 Koman.<\/p>\n<p style=\"text-align: justify;\">Edward powita\u0142 w\u0119drowc\u00f3w, opowiedzia\u0142 o miejscowo\u015bci i go\u015bci\u0144cu prowadz\u0105cym z Mazowsza do Be\u0142za , Lwowai na Podole.\u00a0 Pawe\u0142 rozda\u0142 znaczki rajdowe. Za chwil\u0119 dojecha\u0142 gimbus z m\u0142odzie\u017c\u0105 i opiekunami z Grabowca.<\/p>\n<p style=\"text-align: justify;\">Na czele grupy ukaza\u0142 si\u0119 pan W\u00f3jt Grabowca Waldemar Greniuk w stroju turystycznym.<\/p>\n<p style=\"text-align: justify;\">Autokary odjecha\u0142y do Da\u0144czypola a my wyruszyli\u015bmy go\u015bci\u0144cem na p\u00f3\u0142noc wdrapuj\u0105c si\u0119 na kolejne garby Dzia\u0142\u00f3w Grabowieckich. Pod nogami szele\u015bci\u0142y nam kobierce kolorowych li\u015bci. B\u0142oto ju\u017c nieco podesch\u0142o, wi\u0119c w\u0119dr\u00f3wka nie by\u0142a trudna. Ten go\u015bciniec zapewne niewiele zmieni\u0142 si\u0119 przez ostatnie 500 lat.<\/p>\n<p style=\"text-align: justify;\">Co chwil\u0119 miedzy drzewami pozbawionymi ju\u017c li\u015bci pokazywa\u0142y si\u0119 krajobrazy wzg\u00f3rz Dzia\u0142\u00f3w Grabowieckich. Na horyzoncie na zachodzie zobaczyli\u015bmy ma\u0142e ludziki id\u0105ce g\u0119siego. To w\u0119drowa\u0142a trasa II z Rogowa pod kierownictwem Andrzeja Dziaduszka i Adama Jarosza. Ich spotka\u0142a podczas w\u0119dr\u00f3wki przygoda. Na drodze nagle pojawi\u0142o si\u0119 bajoro z do\u015b\u0107 brudn\u0105 wod\u0105. Musieli sporo si\u0119 natrudzi\u0107, aby przej\u015b\u0107 wzgl\u0119dnie such\u0105 nog\u0105.<\/p>\n<p style=\"text-align: justify;\">Sko\u0144czy\u0142 si\u0119 wreszcie las, na horyzoncie wida\u0107 ju\u017c Grabowiec. Idziemy szerokim traktem i wreszcie Edward zarz\u0105dza odpoczynek. Po lewej na skarpie jest rezerwat sus\u0142a pere\u0142kowanego Wygon Grabowiecki. Sus\u0142y ju\u017c smaczne \u015bpi\u0105 w norach. Pewnie w maju, jak trawa si\u0119 zazieleni, wyjd\u0105 na s\u0142oneczko.<\/p>\n<p style=\"text-align: justify;\">Po prawej stronie mijamy jaki\u015b dziwny wzg\u00f3rek. Noc\u0105 to miejsce wszyscy z daleka omijaj\u0105, bo tutaj b\u0142\u0105kaj\u0105 si\u0119 dusze wisielc\u00f3w. Miejsce nazywa si\u0119 Szubienica.<\/p>\n<p style=\"text-align: justify;\">Kiedy noc\u0105 w pobli\u017cu w\u0119drowa\u0142 w 1880 r. Henryk Sienkiewicz to go porz\u0105dnie nastraszy\u0142o. P\u00f3\u017aniej o tych strachach napisa\u0142 w \u201eOgniem i mieczem\u201d.<\/p>\n<p style=\"text-align: justify;\">W G\u00f3rze Grabowiec przy pomniku Pan W\u00f3jt, historyk z wykszta\u0142cenia, opowiedzia\u0142 nam o wydarzeniach z wrze\u015bnia 1939 r. i zabiciu polskich \u017co\u0142nierzy i lekarzy szpitala polowego.<\/p>\n<p style=\"text-align: justify;\">Poszli\u015bmy g\u0119siego po stoku Grabowieckiej G\u00f3ry, tutaj by\u0142a fosa broni\u0105ca grodu a p\u00f3\u017aniej zamku Grabowiec. Z ciekawo\u015bci\u0105 wdrapali\u015bmy si\u0119 na wzg\u00f3rze zamkowe. \u00a0Edward opowiedzia\u0142 histori\u0119 zamku po\u0142o\u017conego na skrzy\u017cowaniu 2 trakt\u00f3w z Mazowsza na Podole i z Wo\u0142ynia do Krakowa. T\u0119dy cz\u0119sto je\u017adzili ksi\u0105\u017c\u0119ta mazowieccy oraz be\u0142scy i w zamku odpoczywali.<\/p>\n<p style=\"text-align: justify;\">Mieszkali tutaj starostowie grabowieccy. Grabowiec by\u0142 stolic\u0105 powiatu grabowieckiego w ziemi be\u0142skiej.<\/p>\n<p style=\"text-align: justify;\">Na wschodzie zobaczyli\u015bmy Tatarski Roz\u0142\u00f3g. Tutaj w 1500 roku le\u017celi pokotem Tatarzy, p\u00f3\u017aniej zdobyli i zniszczyli zamek.\u00a0 Zamek od tego czasu straci\u0142 na znaczeniu. Nie ma ju\u017c 3 baszt broni\u0105cych zamku.<\/p>\n<p style=\"text-align: justify;\">Zobaczyli\u015bmy zag\u0142\u0119bienie &#8211; tutaj by\u0142a studnia. Na samym szczycie wzg\u00f3rza zamkowego stoj\u0105 3 metalowe krzy\u017ce z 1980 r. Niegdy\u015b drewniane zosta\u0142y postawione tu\u017c przed powstaniem styczniowym.<\/p>\n<p style=\"text-align: justify;\">Przedzieraj\u0105c si\u0119 przez chaszcze wracamy na d\u00f3\u0142. Za nami dotar\u0142a ju\u017c trasa II, kt\u00f3ra do mety b\u0119dzie pod\u0105\u017ca\u0142a t\u0105 sam\u0105 drog\u0105. Idziemy u st\u00f3p G\u00f3ry Zamkowej i w\u0119drujemy do Bronis\u0142awki. Tam zobaczyli\u015bmy studnie z pomp\u0105 metalow\u0105. Wiele os\u00f3b tak\u0105 machin\u0119 dopiero pierwszy raz zobaczy\u0142o. Do naszych turyst\u00f3w do\u0142\u0105czy\u0142 si\u0119 piesek i poprowadzi\u0142 nas do mety. Mo\u017ce to by\u0142 jaki\u015b Tatar zakl\u0119ty w zwierzaka.<\/p>\n<p style=\"text-align: justify;\">Jeszcze jakie\u015b p\u00f3\u0142 kilometra i wszyscy stajemy, bo przed nami Czortowy Jar, kt\u00f3rym Bohun wi\u00f3z\u0142 \u015bpi\u0105c\u0105 Helen\u0119. Straszy\u0142y ich z\u0142e duchy a wied\u017ama Horpyna zakl\u0119ciami odgania\u0142a z\u0142e moce.<\/p>\n<p style=\"text-align: justify;\">T\u0119dy w\u0142a\u015bnie wraca\u0142 na piechot\u0119 z Siedliska do Garbowczyka Henryk Sienkiewicz oko\u0142o p\u00f3\u0142nocy, wi\u0119c bardzo si\u0119 przestraszy\u0142. Swoje prze\u017cycie opisa\u0142 jako przygody bohater\u00f3w w \u201eOgniem i mieczem\u201d.<\/p>\n<p style=\"text-align: justify;\">Przez radio (PMR) otrzymali\u015bmy z mety wiadomo\u015b\u0107, aby\u015bmy si\u0119 nie bali, bo tylko na nas czeka w w\u0105wozie \u00a0pan Bogdan, operator TV Lublin.<\/p>\n<p style=\"text-align: justify;\"><span style=\"font-size: 16px;\"><strong><a href=\"http:\/\/lublin.tvp.pl\/27619009\/5-listopada-2016-g-2130\">Wieczorem zobaczyli\u015bmy si\u0119 w Panoramie Lubelskiej<\/a>.<\/strong><\/span><\/p>\n<p style=\"text-align: justify;\">Na mecie przy \u017ar\u00f3de\u0142ku w Da\u0144czypolu powita\u0142 nas kierownik Rajdu Tomek Krupa oraz so\u0142tys Da\u0144czypola p. Zbigniew Czerwonka. U\u015bciski d\u0142oni i rozbiegamy si\u0119 do ognisk. Za chwil\u0119 na met\u0119 truchtem wprost wbiegaj\u0105 kol. Andrzej z Adamem i uczestnikami II trasy.<\/p>\n<p style=\"text-align: justify;\">Tomek zaprasza nas przed kamie\u0144 pami\u0105tkowy i nast\u0119puje uroczyste przeci\u0119cie wst\u0119gi. Wst\u0119g\u0119 przecinali:<\/p>\n<p style=\"text-align: justify;\">najm\u0142odsza uczestniczka Rajdu, pan W\u00f3jt, Pani Dyrektor Zespo\u0142u Szk\u00f3\u0142 im Henryka Sienkiewicza w Grabowcu, pan So\u0142tys Da\u0144czypola, Edward &#8211; prezes ZO PTTK w Zamo\u015bciu oraz grupka ch\u0119tnych.<\/p>\n<p style=\"text-align: justify;\">Edward zaproponowa\u0142, aby rzeczka wp\u0142ywaj\u0105ca z Da\u0144czypola, kt\u00f3ra do tej pory nie mia\u0142a nazwy by\u0142a Horpynk\u0105. Pomys\u0142 nazwy by\u0142 Andrzeja. Uczestnicy gromkimi brawami przyj\u0119li pomys\u0142. Wieczorem w Wikipedii ju\u017c poprawiono nazw\u0119.\u00a0 Horpynka ma d\u0142ugo\u015b\u0107 1 km i jest lewym dop\u0142ywem Kalin\u00f3wki.<\/p>\n<p style=\"text-align: justify;\">P\u00f3\u017aniej by\u0142y konkursy: krajoznawczy &#8211; uczestnicy mieli w\u0105tpliwo\u015b\u0107 &#8211; co ma wsp\u00f3lnego kisiel z ziemniakami&#8230;, na przepi\u0119kny bukiet jesieni, rze\u017ab\u0119 w ziemniaku. Du\u017cym zainteresowaniem cieszy\u0142 si\u0119 rzut podkow\u0105. Kto rzuci\u0142 podkow\u0119 najbli\u017cej ko\u0142ka ten by\u0142 obdarowany lizakiem.<\/p>\n<p style=\"text-align: justify;\"><a href=\"http:\/\/www.zamosc.pttk.pl\/wordpress\/wp-content\/uploads\/2016\/11\/podziekwoj.jpg\" rel=\"attachment wp-att-9869\"><img loading=\"lazy\" decoding=\"async\" class=\"size-medium wp-image-9869 alignnone\" src=\"http:\/\/www.zamosc.pttk.pl\/wordpress\/wp-content\/uploads\/2016\/11\/podziekwoj-238x300.jpg\" alt=\"podziekwoj\" width=\"238\" height=\"300\" srcset=\"https:\/\/zamosc.pttk.pl\/wordpress\/wp-content\/uploads\/2016\/11\/podziekwoj-238x300.jpg 238w, https:\/\/zamosc.pttk.pl\/wordpress\/wp-content\/uploads\/2016\/11\/podziekwoj-159x200.jpg 159w, https:\/\/zamosc.pttk.pl\/wordpress\/wp-content\/uploads\/2016\/11\/podziekwoj.jpg 640w\" sizes=\"auto, (max-width: 238px) 100vw, 238px\" \/><\/a><a href=\"http:\/\/www.zamosc.pttk.pl\/wordpress\/wp-content\/uploads\/2016\/11\/podzieksol.jpg\" rel=\"attachment wp-att-9868\"><img loading=\"lazy\" decoding=\"async\" class=\"size-medium wp-image-9868 alignright\" src=\"http:\/\/www.zamosc.pttk.pl\/wordpress\/wp-content\/uploads\/2016\/11\/podzieksol-238x300.jpg\" alt=\"podzieksol\" width=\"238\" height=\"300\" srcset=\"https:\/\/zamosc.pttk.pl\/wordpress\/wp-content\/uploads\/2016\/11\/podzieksol-238x300.jpg 238w, https:\/\/zamosc.pttk.pl\/wordpress\/wp-content\/uploads\/2016\/11\/podzieksol-159x200.jpg 159w, https:\/\/zamosc.pttk.pl\/wordpress\/wp-content\/uploads\/2016\/11\/podzieksol.jpg 640w\" sizes=\"auto, (max-width: 238px) 100vw, 238px\" \/><\/a><\/p>\n<p style=\"text-align: justify;\">Zbli\u017ca\u0142o si\u0119 zako\u0144czenie rajdu, wi\u0119c wr\u0119czyli\u015bmy podzi\u0119kowania za pomoc w organizacji Rajdu Panu W\u00f3jtowi Waldemarowi Greniukowi i Panu So\u0142tysowi Zbigniewowi Czerwonce.<\/p>\n<p style=\"text-align: justify;\">Laureatom konkurs\u00f3w wr\u0119czyli\u015bmy nagrody. Kilku m\u0142odym turystom wr\u0119czono odznaki \u201eSiedmiomilowe Buty\u201d i Odznaki Turystyki Pieszej.<\/p>\n<p>Pi\u0119kne bukiety jesieni uczestnicy konkursu z\u0142o\u017cyli przy g\u0142azie pami\u0105tkowym.<\/p>\n<p style=\"text-align: justify;\">Na polanie zacz\u0119\u0142o si\u0119 robi\u0107 ju\u017c szaro, bo tutaj w Da\u0144czypolu s\u0142oneczko zachodzi o wiele wcze\u015bniej ni\u017c w okolicy. Trzeba wraca\u0107 do swoich dom\u00f3w.<\/p>\n<p style=\"text-align: justify;\">Ca\u0142y dzie\u0144 nie pada\u0142o, nawet wiaterek nie dmucha\u0142, widoki przepi\u0119kne i mi\u0142a atmosfera na mecie spowodowa\u0142y, \u017ce by\u0142o fajnie.<\/p>\n<p>Uczestnicy 47 Rajdu \u201ePieczony Ziemniak\u201d z :<\/p>\n<ol>\n<li>Szko\u0142a Podstawowa Nr 3 w Zamo\u015bciu, najwi\u0119ksza grupa &#8211; 70 uczestnik\u00f3w,<\/li>\n<li>Szko\u0142a Podstawowa Nr 4 w Zamo\u015bciu,<\/li>\n<li>Szko\u0142a Podstawowa Nr 8 w Zamo\u015bciu,<\/li>\n<li>Szko\u0142a Podstawowa Nr 9 w Zamo\u015bciu<\/li>\n<li>Szko\u0142a Podstawowa w \u017bdanowie<\/li>\n<li>Szko\u0142a Podstawowa w Szczebrzeszynie<\/li>\n<li>Szko\u0142a Podstawowa w Bodaczowie<\/li>\n<li>Szko\u0142a Podstawowa w Nieliszu<\/li>\n<li>Gimnazjum Nr 5 w Zamo\u015bciu<\/li>\n<li>Gimnazjum w Nieliszu<\/li>\n<li>Zesp\u00f3\u0142 Szk\u00f3\u0142 im. Henryka Sienkiewicza w Grabowcu<\/li>\n<li>W\u0142\u00f3czykije z Zamo\u015bcia DD<\/li>\n<li>Studenci turystyki z Pa\u0144stwowej Wy\u017cszej Szko\u0142y Zawodowej w Zamo\u015bciu<\/li>\n<li>Tury\u015bci indywidualni<\/li>\n<\/ol>\n<p>Razem naliczyli\u015bmy: 385 uczestnik\u00f3w, 2 pieski i 1 kot&#8230;<\/p>\n<p>Autora z Firm przewozowych: P. Krzysztofa Borka, Waldemara Jezierskiego i Zbyszko.<\/p>\n<p>Wszystkim serdecznie dzi\u0119kujemy &#8211; szczeg\u00f3lnie nauczycielom opiekunom m\u0142odzie\u017cy<\/p>\n<p>oraz Kadrze Oddzia\u0142u PTTK w Zamo\u015bciu obs\u0142uguj\u0105cej imprez\u0119.<\/p>\n<p>Spotkamy si\u0119 3 grudnia na Rajdzie Miko\u0142ajkowym w Tarnowoli na Roztoczu \u015arodkowym.<\/p>\n<p><em><span style=\"font-size: 9px;\">Wspomnienia napisa\u0142: Edward Sloniewski.<\/span><\/em><\/p>\n<p>&nbsp;<\/p>\n<p>&nbsp;<\/p>\n<p>&nbsp;<\/p>\n<p>&nbsp;<\/p>\n","protected":false},"excerpt":{"rendered":"<p>[huge_it_slider id=&#8221;83&#8243;] &nbsp; &nbsp; &nbsp; Wspomnienia rajdowe W sobot\u0119 5 listopada 2016 r.w Zamo\u015bciu z parkingu przy Lunecie odjechali\u015bmy na trasy rajdowe o godz. 8.30. Przewodnim tematem Rajdu by\u0142 \u201eRok Sienkiewiczowski\u201d og\u0142oszony w 100 rocznic\u0119 \u015bmierci Henryka Sienkiewicza &#8211; polskiego &hellip; <a class=\"more-link\" href=\"https:\/\/zamosc.pttk.pl\/wordpress\/?page_id=9851\">Czytaj dalej <span class=\"meta-nav\">&rarr;<\/span><\/a><\/p>\n","protected":false},"author":1,"featured_media":0,"parent":0,"menu_order":0,"comment_status":"closed","ping_status":"closed","template":"","meta":{"footnotes":""},"class_list":["post-9851","page","type-page","status-publish","hentry"],"_links":{"self":[{"href":"https:\/\/zamosc.pttk.pl\/wordpress\/index.php?rest_route=\/wp\/v2\/pages\/9851","targetHints":{"allow":["GET"]}}],"collection":[{"href":"https:\/\/zamosc.pttk.pl\/wordpress\/index.php?rest_route=\/wp\/v2\/pages"}],"about":[{"href":"https:\/\/zamosc.pttk.pl\/wordpress\/index.php?rest_route=\/wp\/v2\/types\/page"}],"author":[{"embeddable":true,"href":"https:\/\/zamosc.pttk.pl\/wordpress\/index.php?rest_route=\/wp\/v2\/users\/1"}],"replies":[{"embeddable":true,"href":"https:\/\/zamosc.pttk.pl\/wordpress\/index.php?rest_route=%2Fwp%2Fv2%2Fcomments&post=9851"}],"version-history":[{"count":22,"href":"https:\/\/zamosc.pttk.pl\/wordpress\/index.php?rest_route=\/wp\/v2\/pages\/9851\/revisions"}],"predecessor-version":[{"id":9883,"href":"https:\/\/zamosc.pttk.pl\/wordpress\/index.php?rest_route=\/wp\/v2\/pages\/9851\/revisions\/9883"}],"wp:attachment":[{"href":"https:\/\/zamosc.pttk.pl\/wordpress\/index.php?rest_route=%2Fwp%2Fv2%2Fmedia&parent=9851"}],"curies":[{"name":"wp","href":"https:\/\/api.w.org\/{rel}","templated":true}]}}