{"id":9191,"date":"2016-08-29T22:18:29","date_gmt":"2016-08-29T20:18:29","guid":{"rendered":"http:\/\/www.zamosc.pttk.pl\/wordpress\/?page_id=9191"},"modified":"2016-08-30T18:49:52","modified_gmt":"2016-08-30T16:49:52","slug":"wspomnienia-z-65-zlotu-turystow-kolarzy-2016","status":"publish","type":"page","link":"https:\/\/zamosc.pttk.pl\/wordpress\/?page_id=9191","title":{"rendered":"Wspomnienia ze 65 Zlotu Turyst\u00f3w Kolarzy 2016"},"content":{"rendered":"<p>Zlot odby\u0142 si\u0119 w dniach 13 -20 sierpnia br. na Roztoczu z baz\u0105 w Krasnobrodzie.<\/p>\n<p>W imprezie uczestniczy\u0142o 501 os\u00f3b w tym 62 z Ukrainy.<\/p>\n<p>Uczestnicy Zlotu wg region\u00f3w:<\/p>\n<p>Pomorze &#8211; \u00a061<\/p>\n<p>Lubuskie &#8211; \u00a044<\/p>\n<p>Warszawa i Mazowsze\u00a0 &#8211; 37<\/p>\n<p>\u015al\u0105sk\u00a0 &#8211; 164<\/p>\n<p>Wielkopolska &#8211; 37<\/p>\n<p>Ma\u0142opolskie i Podkarpacie\u00a0 &#8211; 41<\/p>\n<p>\u0141\u00f3dzkie &#8211; 32<\/p>\n<p>\u015awi\u0119tokrzyskie &#8211; 8<\/p>\n<p>Warmi\u0144sko-Mazurskie\u00a0 4<\/p>\n<p>Grupa z Ukrainy &#8211; 62<\/p>\n<p>Obs\u0142uga Zlotu \u00a0(Zamojszczyzna) &#8211; 11<\/p>\n<p>Jak w\u0119drowali\u015bmy prosimy zobaczy\u0107 w galeriach. Wkr\u00f3tce napiszemy wi\u0119cej&#8230;<\/p>\n<p>Pocz\u0105tek Zlotu w dniu 13 sierpnia br. (fot. Edward Sloniewski i Pawe\u0142 Koman)<\/p>\n<p>[huge_it_slider id=&#8221;75&#8243;]<\/p>\n<p>&nbsp;<\/p>\n<p>&nbsp;<\/p>\n<p>&nbsp;<\/p>\n<p>&nbsp;<\/p>\n<p>&nbsp;<\/p>\n<p>Na trasach zlotowych (fot. Tomasz Momot)<\/p>\n<p>[huge_it_slider id=&#8221;74&#8243;]<\/p>\n<p>&nbsp;<\/p>\n<p>&nbsp;<\/p>\n<p>&nbsp;<\/p>\n<p>&nbsp;<\/p>\n<p>&nbsp;<\/p>\n<p>Wycieczka nad Bugiem (fot. Edward S\u0142oniewski)<\/p>\n<p>[huge_it_slider id=&#8221;77&#8243;]<\/p>\n<p>&nbsp;<\/p>\n<p>&nbsp;<\/p>\n<p>&nbsp;<\/p>\n<p>&nbsp;<\/p>\n<p>&nbsp;<\/p>\n<p>Wycieczka do Rawy Ruskiej, Krechowa, \u017b\u00f3\u0142kwi, Magierowa, \u017ar\u00f3d\u0142a Maruszka i Potylicza (fot. Edward S\u0142oniewski)<\/p>\n<p>[huge_it_slider id=&#8221;78&#8243;]<\/p>\n<p>&nbsp;<\/p>\n<p>&nbsp;<\/p>\n<p>&nbsp;<\/p>\n<p>&nbsp;<\/p>\n<p>Wycieczka do Lwowa (fot. Edward S\u0142oniewski)<\/p>\n<p>[huge_it_slider id=&#8221;79&#8243;]<\/p>\n<p>&nbsp;<\/p>\n<p>&nbsp;<\/p>\n<p>&nbsp;<\/p>\n<p>&nbsp;<\/p>\n<p>Zako\u0144czenie Zlotu w dniu 20 sierpnia 2016 r. (fot. Edward S\u0142oniewski)<\/p>\n<p>[huge_it_slider id=&#8221;80&#8243;]<\/p>\n","protected":false},"excerpt":{"rendered":"<p>Zlot odby\u0142 si\u0119 w dniach 13 -20 sierpnia br. na Roztoczu z baz\u0105 w Krasnobrodzie. W imprezie uczestniczy\u0142o 501 os\u00f3b w tym 62 z Ukrainy. Uczestnicy Zlotu wg region\u00f3w: Pomorze &#8211; \u00a061 Lubuskie &#8211; \u00a044 Warszawa i Mazowsze\u00a0 &#8211; 37 &hellip; <a class=\"more-link\" href=\"https:\/\/zamosc.pttk.pl\/wordpress\/?page_id=9191\">Czytaj dalej <span class=\"meta-nav\">&rarr;<\/span><\/a><\/p>\n","protected":false},"author":1,"featured_media":0,"parent":0,"menu_order":0,"comment_status":"closed","ping_status":"closed","template":"","meta":{"footnotes":""},"class_list":["post-9191","page","type-page","status-publish","hentry"],"_links":{"self":[{"href":"https:\/\/zamosc.pttk.pl\/wordpress\/index.php?rest_route=\/wp\/v2\/pages\/9191","targetHints":{"allow":["GET"]}}],"collection":[{"href":"https:\/\/zamosc.pttk.pl\/wordpress\/index.php?rest_route=\/wp\/v2\/pages"}],"about":[{"href":"https:\/\/zamosc.pttk.pl\/wordpress\/index.php?rest_route=\/wp\/v2\/types\/page"}],"author":[{"embeddable":true,"href":"https:\/\/zamosc.pttk.pl\/wordpress\/index.php?rest_route=\/wp\/v2\/users\/1"}],"replies":[{"embeddable":true,"href":"https:\/\/zamosc.pttk.pl\/wordpress\/index.php?rest_route=%2Fwp%2Fv2%2Fcomments&post=9191"}],"version-history":[{"count":20,"href":"https:\/\/zamosc.pttk.pl\/wordpress\/index.php?rest_route=\/wp\/v2\/pages\/9191\/revisions"}],"predecessor-version":[{"id":9483,"href":"https:\/\/zamosc.pttk.pl\/wordpress\/index.php?rest_route=\/wp\/v2\/pages\/9191\/revisions\/9483"}],"wp:attachment":[{"href":"https:\/\/zamosc.pttk.pl\/wordpress\/index.php?rest_route=%2Fwp%2Fv2%2Fmedia&parent=9191"}],"curies":[{"name":"wp","href":"https:\/\/api.w.org\/{rel}","templated":true}]}}