{"id":9125,"date":"2016-08-01T16:45:15","date_gmt":"2016-08-01T14:45:15","guid":{"rendered":"http:\/\/www.zamosc.pttk.pl\/wordpress\/?page_id=9125"},"modified":"2016-08-14T23:21:24","modified_gmt":"2016-08-14T21:21:24","slug":"wiesci-zlotowe","status":"publish","type":"page","link":"https:\/\/zamosc.pttk.pl\/wordpress\/?page_id=9125","title":{"rendered":"Wie\u015bci zlotowe"},"content":{"rendered":"<p>&nbsp;<\/p>\n<p style=\"text-align: center;\"><a href=\"http:\/\/www.zamosc.pttk.pl\/wordpress\/wp-content\/uploads\/2016\/08\/karta-uczest..jpg\" rel=\"attachment wp-att-9138\"><img loading=\"lazy\" decoding=\"async\" class=\"size-thumbnail wp-image-9138 alignleft\" src=\"http:\/\/www.zamosc.pttk.pl\/wordpress\/wp-content\/uploads\/2016\/08\/karta-uczest.-200x142.jpg\" alt=\"karta uczest.\" width=\"200\" height=\"142\" srcset=\"https:\/\/zamosc.pttk.pl\/wordpress\/wp-content\/uploads\/2016\/08\/karta-uczest.-200x142.jpg 200w, https:\/\/zamosc.pttk.pl\/wordpress\/wp-content\/uploads\/2016\/08\/karta-uczest.-300x213.jpg 300w, https:\/\/zamosc.pttk.pl\/wordpress\/wp-content\/uploads\/2016\/08\/karta-uczest.-422x300.jpg 422w, https:\/\/zamosc.pttk.pl\/wordpress\/wp-content\/uploads\/2016\/08\/karta-uczest..jpg 640w\" sizes=\"auto, (max-width: 200px) 100vw, 200px\" \/><\/a><\/p>\n<p>&nbsp;<\/p>\n<p>&nbsp;<\/p>\n<p><span style=\"font-size: 16px;\"><a href=\"http:\/\/www.zamosc.pttk.pl\/wordpress\/wp-content\/uploads\/2016\/08\/Opis-trasy-dojazdowej.pdf\" rel=\"\">Wiadomo\u015bci praktyczne opis trasy dojazdowej &gt;&gt;&gt; (pdf)<\/a><\/span><\/p>\n<p><span style=\"font-size: 16px;\"><a href=\"http:\/\/www.zamosc.pttk.pl\/wordpress\/wp-content\/uploads\/2016\/08\/fol-do-inter..pdf\" rel=\"\">Folder zlotowy<\/a><\/span><\/p>\n<p><span style=\"font-size: 16px;\"><a href=\"http:\/\/www.zamosc.pttk.pl\/wordpress\/?page_id=7801\">Regulamin Zlotu<\/a><\/span><\/p>\n<p>Uczestnicy Zlotu otrzymaj\u0105 najnowsze wydanie \u00a0(czerwiec 2016 r.) mapy turystycznej &#8222;Roztocze \u015arodkowe&#8221; z Wydawnictwa &#8222;Compass&#8221; w Krakowie.<\/p>\n<p><span style=\"font-size: 15px;\"><a href=\"http:\/\/www.zamosc.pttk.pl\/wordpress\/wp-content\/uploads\/2016\/08\/zlista25.06z.pdf\" rel=\"\">Lista uczestnikow 65 Zlotu Turyst\u00f3w Kolarzy PTTK &gt;&gt;&gt; (pdf)<\/a><\/span><\/p>\n<p>&nbsp;<\/p>\n<p><span style=\"color: #ff0000;\"><strong><span style=\"font-size: 15px;\">Jeszcze raz przypominamy, \u017ce wyjazd na Ukrain\u0119 odbywa si\u0119 na podstawie wa\u017cnego paszportu!<\/span><\/strong><\/span><\/p>\n<p><span style=\"font-size: 15px;\"><a href=\"http:\/\/www.zamosc.pttk.pl\/wordpress\/wp-content\/uploads\/2016\/08\/Hrubiesz\u00f3w.pdf\" rel=\"\">Lista uczestnik\u00f3w wycieczki autokarowej do Kry\u0142owa i Hrubieszowa aktualna &gt;&gt;&gt;<\/a><\/span><\/p>\n<p><span style=\"font-size: 15px;\"><a href=\"http:\/\/www.zamosc.pttk.pl\/wordpress\/wp-content\/uploads\/2016\/08\/1.-Lw\u00f3w-ubezp.pdf\" rel=\"\">Lista \u00a0uczestnik\u00f3w \u00a0wycieczki do Lwowa autokar nr 1 aktualna &gt;&gt;&gt;<\/a><\/span><\/p>\n<p><span style=\"font-size: 15px;\"><a href=\"http:\/\/www.zamosc.pttk.pl\/wordpress\/wp-content\/uploads\/2016\/08\/2.-Lw\u00f3w-ubezp.pdf\" rel=\"\">Lista \u00a0uczestnik\u00f3w \u00a0wycieczki do Lwowa autokar nr 2 aktualna &gt;&gt;&gt;<\/a><\/span><\/p>\n<p><span style=\"font-size: 15px;\"><a href=\"http:\/\/www.zamosc.pttk.pl\/wordpress\/wp-content\/uploads\/2016\/08\/rozt.wsch_.pdf\" rel=\"\">Lista uczestnik\u00f3w wycieczki autokarowej po Roztoczu Wschodnim (Ukraina) aktualizacja &gt;&gt;&gt;<\/a><\/span><\/p>\n<p style=\"text-align: center;\">***************************************************************************<\/p>\n<p><span style=\"font-size: 16px; color: #008000;\">Trasy zlotowe na mapie <strong>Roztocze \u015arodkowe \u00a0wyd. 2016<\/strong> Wydawnictwo &#8222;Compass&#8221; Krak\u00f3w<\/span><\/p>\n<p>Uprzejmie informujemy, \u017ce przedstawione na mapach przebiegi s\u0105 optymalnymi propozycjami.<\/p>\n<p>Mog\u0105 by\u0107 zmieniane wg zainteresowania i mo\u017cliwo\u015bci uczestnik\u00f3w.<\/p>\n<p>&nbsp;<\/p>\n<p><span style=\"font-size: 20px;\"><a href=\"http:\/\/www.zamosc.pttk.pl\/wordpress\/wp-content\/uploads\/2016\/08\/1-zamosc.pdf\" rel=\"\">Trasa Nr 1 do Zamo\u015bcia<\/a><\/span><\/p>\n<p>&nbsp;<\/p>\n<p><span style=\"font-size: 20px;\"><a href=\"http:\/\/www.zamosc.pttk.pl\/wordpress\/wp-content\/uploads\/2016\/08\/2-komarow.pdf\" rel=\"\">Trasa Nr 2 do Komarowa i Wo\u017cuczyna<\/a><\/span><\/p>\n<p>&nbsp;<\/p>\n<p><span style=\"font-size: 20px;\"><a href=\"http:\/\/www.zamosc.pttk.pl\/wordpress\/wp-content\/uploads\/2016\/08\/3-narol.pdf\" rel=\"\">Trasa Nr 3 do Narola<\/a><\/span><\/p>\n<p>&nbsp;<\/p>\n<p><span style=\"font-size: 20px;\"><a href=\"http:\/\/www.zamosc.pttk.pl\/wordpress\/wp-content\/uploads\/2016\/08\/4-szczebrzeszyn.pdf\" rel=\"\">Trasa Nr 4 do Szczebrzeszyna<\/a><\/span><\/p>\n<p>&nbsp;<\/p>\n<p><span style=\"font-size: 20px;\"><a href=\"http:\/\/www.zamosc.pttk.pl\/wordpress\/wp-content\/uploads\/2016\/08\/5-jozefow.pdf\" rel=\"\">Trasa Nr 5 do J\u00f3zefowa<\/a><\/span><\/p>\n<p>&nbsp;<\/p>\n<p><span style=\"font-size: 20px;\"><a href=\"http:\/\/www.zamosc.pttk.pl\/wordpress\/wp-content\/uploads\/2016\/08\/6-szewnia.pdf\" rel=\"\">Trasa nr 6 do Szewni i Wojdy<\/a><\/span><\/p>\n<p>&nbsp;<\/p>\n<p>&nbsp;<\/p>\n<p>&nbsp;<\/p>\n<p>&nbsp;<\/p>\n<p>&nbsp;<\/p>\n<p>&nbsp;<\/p>\n","protected":false},"excerpt":{"rendered":"<p>&nbsp; &nbsp; &nbsp; Wiadomo\u015bci praktyczne opis trasy dojazdowej &gt;&gt;&gt; (pdf) Folder zlotowy Regulamin Zlotu Uczestnicy Zlotu otrzymaj\u0105 najnowsze wydanie \u00a0(czerwiec 2016 r.) mapy turystycznej &#8222;Roztocze \u015arodkowe&#8221; z Wydawnictwa &#8222;Compass&#8221; w Krakowie. Lista uczestnikow 65 Zlotu Turyst\u00f3w Kolarzy PTTK &gt;&gt;&gt; (pdf) &hellip; <a class=\"more-link\" href=\"https:\/\/zamosc.pttk.pl\/wordpress\/?page_id=9125\">Czytaj dalej <span class=\"meta-nav\">&rarr;<\/span><\/a><\/p>\n","protected":false},"author":1,"featured_media":0,"parent":0,"menu_order":0,"comment_status":"closed","ping_status":"closed","template":"","meta":{"footnotes":""},"class_list":["post-9125","page","type-page","status-publish","hentry"],"_links":{"self":[{"href":"https:\/\/zamosc.pttk.pl\/wordpress\/index.php?rest_route=\/wp\/v2\/pages\/9125","targetHints":{"allow":["GET"]}}],"collection":[{"href":"https:\/\/zamosc.pttk.pl\/wordpress\/index.php?rest_route=\/wp\/v2\/pages"}],"about":[{"href":"https:\/\/zamosc.pttk.pl\/wordpress\/index.php?rest_route=\/wp\/v2\/types\/page"}],"author":[{"embeddable":true,"href":"https:\/\/zamosc.pttk.pl\/wordpress\/index.php?rest_route=\/wp\/v2\/users\/1"}],"replies":[{"embeddable":true,"href":"https:\/\/zamosc.pttk.pl\/wordpress\/index.php?rest_route=%2Fwp%2Fv2%2Fcomments&post=9125"}],"version-history":[{"count":20,"href":"https:\/\/zamosc.pttk.pl\/wordpress\/index.php?rest_route=\/wp\/v2\/pages\/9125\/revisions"}],"predecessor-version":[{"id":9180,"href":"https:\/\/zamosc.pttk.pl\/wordpress\/index.php?rest_route=\/wp\/v2\/pages\/9125\/revisions\/9180"}],"wp:attachment":[{"href":"https:\/\/zamosc.pttk.pl\/wordpress\/index.php?rest_route=%2Fwp%2Fv2%2Fmedia&parent=9125"}],"curies":[{"name":"wp","href":"https:\/\/api.w.org\/{rel}","templated":true}]}}