{"id":8805,"date":"2016-06-04T20:55:41","date_gmt":"2016-06-04T18:55:41","guid":{"rendered":"http:\/\/www.zamosc.pttk.pl\/wordpress\/?page_id=8805"},"modified":"2016-06-04T21:10:46","modified_gmt":"2016-06-04T19:10:46","slug":"42-rajd-czerwony-kapturek","status":"publish","type":"page","link":"https:\/\/zamosc.pttk.pl\/wordpress\/?page_id=8805","title":{"rendered":"42 Rajd &#8222;Czerwony Kapturek&#8221;"},"content":{"rendered":"<p>Wspomnienia rajdowe<\/p>\n<p>W Rajdzie uczestniczy\u0142o 186 os\u00f3b.. Wi\u0119cej wiadomo\u015bci wkr\u00f3tce&#8230;<\/p>\n<p>Galeria Edwarda<\/p>\n<p>[huge_it_slider id=&#8221;69&#8243;]<\/p>\n","protected":false},"excerpt":{"rendered":"<p>Wspomnienia rajdowe W Rajdzie uczestniczy\u0142o 186 os\u00f3b.. Wi\u0119cej wiadomo\u015bci wkr\u00f3tce&#8230; Galeria Edwarda [huge_it_slider id=&#8221;69&#8243;]<\/p>\n","protected":false},"author":1,"featured_media":0,"parent":0,"menu_order":0,"comment_status":"closed","ping_status":"closed","template":"","meta":{"footnotes":""},"class_list":["post-8805","page","type-page","status-publish","hentry"],"_links":{"self":[{"href":"https:\/\/zamosc.pttk.pl\/wordpress\/index.php?rest_route=\/wp\/v2\/pages\/8805","targetHints":{"allow":["GET"]}}],"collection":[{"href":"https:\/\/zamosc.pttk.pl\/wordpress\/index.php?rest_route=\/wp\/v2\/pages"}],"about":[{"href":"https:\/\/zamosc.pttk.pl\/wordpress\/index.php?rest_route=\/wp\/v2\/types\/page"}],"author":[{"embeddable":true,"href":"https:\/\/zamosc.pttk.pl\/wordpress\/index.php?rest_route=\/wp\/v2\/users\/1"}],"replies":[{"embeddable":true,"href":"https:\/\/zamosc.pttk.pl\/wordpress\/index.php?rest_route=%2Fwp%2Fv2%2Fcomments&post=8805"}],"version-history":[{"count":4,"href":"https:\/\/zamosc.pttk.pl\/wordpress\/index.php?rest_route=\/wp\/v2\/pages\/8805\/revisions"}],"predecessor-version":[{"id":8922,"href":"https:\/\/zamosc.pttk.pl\/wordpress\/index.php?rest_route=\/wp\/v2\/pages\/8805\/revisions\/8922"}],"wp:attachment":[{"href":"https:\/\/zamosc.pttk.pl\/wordpress\/index.php?rest_route=%2Fwp%2Fv2%2Fmedia&parent=8805"}],"curies":[{"name":"wp","href":"https:\/\/api.w.org\/{rel}","templated":true}]}}