{"id":8273,"date":"2016-03-20T09:32:18","date_gmt":"2016-03-20T08:32:18","guid":{"rendered":"http:\/\/www.zamosc.pttk.pl\/wordpress\/?page_id=8273"},"modified":"2016-03-20T10:01:56","modified_gmt":"2016-03-20T09:01:56","slug":"krasnobrod-2016","status":"publish","type":"page","link":"https:\/\/zamosc.pttk.pl\/wordpress\/?page_id=8273","title":{"rendered":"Krasnobr\u00f3d 2016"},"content":{"rendered":"<p>W rocznic\u0119 bitwy powstania styczniowego pod \u015aw. Rochem<\/p>\n<p><strong>SPOTKANIA ROCZNICOWE<\/strong><\/p>\n<p>Klub Turystyczno-Krajoznawczy im. Micha\u0142a Pieszki przy O\/PPTK w Zamo\u015bciu<\/p>\n<p>zorganizowa\u0142<\/p>\n<p>w dniu 19.03.2016 r. (sobota) o godz. 9.45 spotkanie w Krasnobrodzie przy<\/p>\n<p>Pomniku Powsta\u0144c\u00f3w Styczniowych na cmentarzu parafialnym<\/p>\n<p>w <strong>153 ROCZNICA POWSTANIA STYCZNIOWEGO<\/strong><\/p>\n<p>Program:<\/p>\n<p>\u2013 powitanie i kilka s\u0142\u00f3w o bitwie pod \u015bw. Rochem,<\/p>\n<p>\u2013 zapalenie zniczy,<\/p>\n<p>\u2013 spacer w dolin\u0119 \u015bw. Rocha, kaplica \u015bw. Rocha, krasnobrodzkie w\u0105wozy,<\/p>\n<p>\u2013 powr\u00f3t do\u00a0 samochod\u00f3w\u00a0 (na \u017cyczenie zainteresowanych ognisko)<\/p>\n<p>Dojazd w\u0142asnym we w\u0142asnym zakresie.<br \/>\nImpreza odby\u0142a si\u0119 bez op\u0142at i na odpowiedzialno\u015b\u0107 uczestnik\u00f3w.<br \/>\nUczestnicy: \u00a0przewodnicy, przodownicy, Rowerowi W\u0142\u00f3czykije tym razem na piechot\u0119, tury\u015bci &#8211; mi\u0142o\u015bnicy Roztocza&#8230;..<\/p>\n<p>W imprezie wzi\u0119\u0142y udzia\u0142 32 osoby.<\/p>\n<p>[huge_it_slider id=&#8221;63&#8243;]<\/p>\n","protected":false},"excerpt":{"rendered":"<p>W rocznic\u0119 bitwy powstania styczniowego pod \u015aw. Rochem SPOTKANIA ROCZNICOWE Klub Turystyczno-Krajoznawczy im. Micha\u0142a Pieszki przy O\/PPTK w Zamo\u015bciu zorganizowa\u0142 w dniu 19.03.2016 r. (sobota) o godz. 9.45 spotkanie w Krasnobrodzie przy Pomniku Powsta\u0144c\u00f3w Styczniowych na cmentarzu parafialnym w 153 &hellip; <a class=\"more-link\" href=\"https:\/\/zamosc.pttk.pl\/wordpress\/?page_id=8273\">Czytaj dalej <span class=\"meta-nav\">&rarr;<\/span><\/a><\/p>\n","protected":false},"author":1,"featured_media":0,"parent":0,"menu_order":0,"comment_status":"closed","ping_status":"closed","template":"","meta":{"footnotes":""},"class_list":["post-8273","page","type-page","status-publish","hentry"],"_links":{"self":[{"href":"https:\/\/zamosc.pttk.pl\/wordpress\/index.php?rest_route=\/wp\/v2\/pages\/8273","targetHints":{"allow":["GET"]}}],"collection":[{"href":"https:\/\/zamosc.pttk.pl\/wordpress\/index.php?rest_route=\/wp\/v2\/pages"}],"about":[{"href":"https:\/\/zamosc.pttk.pl\/wordpress\/index.php?rest_route=\/wp\/v2\/types\/page"}],"author":[{"embeddable":true,"href":"https:\/\/zamosc.pttk.pl\/wordpress\/index.php?rest_route=\/wp\/v2\/users\/1"}],"replies":[{"embeddable":true,"href":"https:\/\/zamosc.pttk.pl\/wordpress\/index.php?rest_route=%2Fwp%2Fv2%2Fcomments&post=8273"}],"version-history":[{"count":7,"href":"https:\/\/zamosc.pttk.pl\/wordpress\/index.php?rest_route=\/wp\/v2\/pages\/8273\/revisions"}],"predecessor-version":[{"id":8340,"href":"https:\/\/zamosc.pttk.pl\/wordpress\/index.php?rest_route=\/wp\/v2\/pages\/8273\/revisions\/8340"}],"wp:attachment":[{"href":"https:\/\/zamosc.pttk.pl\/wordpress\/index.php?rest_route=%2Fwp%2Fv2%2Fmedia&parent=8273"}],"curies":[{"name":"wp","href":"https:\/\/api.w.org\/{rel}","templated":true}]}}