{"id":7901,"date":"2016-02-15T14:31:28","date_gmt":"2016-02-15T13:31:28","guid":{"rendered":"http:\/\/www.zamosc.pttk.pl\/wordpress\/?page_id=7901"},"modified":"2016-02-15T19:56:49","modified_gmt":"2016-02-15T18:56:49","slug":"kossakowie-w-stalowej-woli","status":"publish","type":"page","link":"https:\/\/zamosc.pttk.pl\/wordpress\/?page_id=7901","title":{"rendered":"Kossakowie w Stalowej Woli"},"content":{"rendered":"<p style=\"text-align: justify;\">Wycieczka do Stalowej Woli w dniu 14 lutego 2016 r. Wspomnienia<\/p>\n<p style=\"text-align: justify;\">Tu\u017c przed godzin\u0105 9-t\u0105 wyjechali\u015bmy z Zamo\u015bcia.\u00a0 Na wycieczk\u0119 wyjecha\u0142o 30 os\u00f3b W programie wycieczki tym razem \u00a0by\u0142o kilka niespodzianek, bo \u00a0tuz za Zwierzy\u0144cem pod tzw. Wielkim Rowem \u00a0(Roztocze Zachodnie) zobaczyli\u015bmy relikt okresu lodowcowego na Roztoczu &#8211; zimozi\u00f3\u0142 p\u00f3\u0142nocny. Wprawdzie jeszcze nie kwitnie ale malutkie listeczki podobne do \u017curawiny ma zawsze zielone.<br \/>\nP\u00f3\u017aniej pojechali\u015bmy przez Bi\u0142goraj, z daleka widz\u0105c, buduj\u0105ce si\u0119 drewniane miasteczko.<\/p>\n<p style=\"text-align: justify;\">Pod Sol\u0105 zobaczyli\u015bmy rzek\u0119 \u0141ad\u0119 i \u00a0przez Harasiuki\u00a0 oraz Banachy dojechali\u015bmy do dawnego miasteczka &#8211; portu Krzeszowa. Tutaj w\u0105sk\u0105 dro\u017cyn\u0105 (asfaltow\u0105) wjechali\u015bmy na wysokie wzg\u00f3rze, na kt\u00f3rym stoi zabytkowy ko\u015bci\u00f3\u0142. Tu\u017c przed sum\u0105 zajrzeli\u015bmy do jego wn\u0119trza. Krzesz\u00f3w wraz ze starostwem\u00a0 krzeszowskim\u00a0 by\u0142 w\u0142asno\u015bci\u0105 Jana \u00a0Zamoyskiego &#8211; hetmana i kanclerza wielkiego koronnego a p\u00f3\u017aniej Ordynacji Zamojskiej, nawet w czasach zabor\u00f3w. Nad\u00a0 Sanem\u00a0 znajdowa\u0142 si\u0119 port , z kt\u00f3rego sp\u0142awiano ordynackie zbo\u017ce do Gda\u0144ska. Poszli\u015bmy na wzg\u00f3rze zwane Rotund\u0105.To tutaj starostowie krzeszowscy, mieli swoj\u0105 siedzib\u0119, tutaj zapewne mieszka\u0142a po \u015bmierci Jana Zamoyskiego jego czwarta \u017cona Barbara z Tarnowskich &#8211; matka Tomasza Zamoyskiego II ordynata. Prze\u017cy\u0142a m\u0119\u017ca o 5 lat i zmar\u0142a tutaj w 1610 r.<\/p>\n<p style=\"text-align: left;\">Wi\u0119cej o historii tego miasteczka mo\u017cna przeczyta\u0107 \u00a0tutaj: \u00a0<a href=\"http:\/\/dir.icm.edu.pl\/pl\/Slownik_geograficzny\/Tom_IV\/787\">http:\/\/dir.icm.edu.pl\/pl\/Slownik_geograficzny\/Tom_IV\/787<\/a><\/p>\n<p style=\"text-align: justify;\">O ko\u015bciele, historii miasteczka i miejscowych spo\u0142eczno\u015bciach w dawnych wiekach opowiada\u0142a kol. Maria Fornal &#8211; przewodnik turystyczny PTTK. Z rynku krzeszowskiego pojechali\u015bmy nad San. Tutaj zobaczyli\u015bmy miejsce gdzie by\u0142 port ordynacki.<br \/>\nZ Krzeszowa przez Bieliny pojechali\u015bmy do Ulanowa.\u00a0 Po drodze o historii miasteczka i retmanach z Ulanowa opowiada\u0142\u00a0 nasz zamojski przewodnik kol. Pawe\u0142 Koman. Przyjechali\u015bmy pod ko\u015bci\u00f3\u0142\u00a0 \u015bw. Jana Chrzciciela i \u015bw. Barbary \u00a0patronki ulanowskich flisak\u00f3w. \u00a0Troch\u0119 to dziwne ale ko\u015bci\u00f3\u0142 w niedziel\u0119 by\u0142 ju\u017c zamkni\u0119ty tu\u017c po godz. 12-tej. Kol. Pawe\u0142 niezwykle barwnie opowiedzia\u0142 o \u015bwi\u0105tyni, r\u00f3wnie\u017c wewn\u0105trz, wi\u0119c wiele nie stracili\u015bmy.<br \/>\nNa rynku stoi pomnik z popiersiem \u00a0\u015bw. Jana Paw\u0142a II . Mo\u017cna tam przeczyta\u0107 fragmenty kr\u00f3lewskiego przywileju lokacyjnego<br \/>\nPrzez Rynek poszli\u015bmy na Cypel, bo tak nam podpowiedzia\u0142 kol. Krzysztof Malec r\u00f3wnie\u017c przewodnik zamojski. Wielu uczestnik\u00f3w wycieczki by\u0142o na Roztoczu przy \u017ar\u00f3d\u0142ach Tanwi a teraz mogli zobaczy\u0107 jej uj\u015bcie, gdzie ta Tanew wt\u0142acza swoje wody do tego Sanu po 113 km.<br \/>\nZobaczyli\u015bmy przy pi\u0119knym s\u0142oneczku, \u017ce wody Tanwi s\u0105 prawie krystalicznie czyste a San toczy wody z burym mu\u0142em.<\/p>\n<p style=\"text-align: justify;\">O Ulanowie mo\u017cna poczyta\u0107 tutaj: \u00a0<a href=\"http:\/\/dir.icm.edu.pl\/pl\/Slownik_geograficzny\/Tom_XII\/780\">http:\/\/dir.icm.edu.pl\/pl\/Slownik_geograficzny\/Tom_XII\/780<\/a><\/p>\n<p style=\"text-align: justify;\">P\u00f3\u017aniej przez Nisko pojechali\u015bmy do Stalowej Woli a w\u0142a\u015bciwie dawnego Rozwadowa..<br \/>\nTutaj w zabytkowym pa\u0142acyku mie\u015bci si\u0119 Muzeum Regionalne &#8211; cel naszej wycieczki. Ju\u017c przed godzin\u0105 otwarcia Muzeum t\u0142oczy\u0142 si\u0119 spory t\u0142um ch\u0119tnych zobaczenia dzie\u0142 rodziny Kossak\u00f3w kilku pokole\u0144 w ostatnim dniu wystawy w tym Muzeum.<\/p>\n<p style=\"text-align: justify;\">Pewnie jeszcze nigdy nie zgromadzono tylu dzie\u0142 tej rodziny w jednym miejscu.<br \/>\nPo kilkunastominutowym oczekiwaniu, kiedy sala ju\u017c si\u0119 prawie wype\u0142ni\u0142a, przyszed\u0142 pan przewodnik muzealny, kt\u00f3ry bardzo barwnie opowiada\u0142 o obrazach, postaciach i niezwykle artystycznej rodzinie Kossak\u00f3w. Panowie z tej rodziny malowali pi\u0119kne obrazy w tym batalistyczne a panie pisa\u0142y powie\u015bci \u00a0(min. Magdalena Samozwaniec). Uwag\u0119 nasz\u0105 zwr\u00f3ci\u0142 cykl obraz\u00f3w przedstawiaj\u0105cych sceny z Trylogii Henryka Sienkiewicza. Zapewne Kossak nie wiedzia\u0142, \u017ce opisane w Trylogii krajobrazy H. Sienkiewicz zobaczy\u0142 na Zamojszczy\u017anie podczas pobytu w Grabowszczyku pod Grabowcem u swoich przyjaci\u00f3\u0142 Czach\u00f3rskich.<br \/>\nZobaczyli\u015bmy r\u00f3wnie\u017c miniaturk\u0119 Panoramy Rac\u0142awickiej oraz sceny batalistyczne z pierwszej wojny \u015bwiatowej. Nie zabrak\u0142o je\u017ad\u017ac\u00f3w na r\u0105czych rumakach. W tej rodzinie byli specjali\u015bci od malowania koni.<br \/>\nPan przewodnik powiedzia\u0142 ciekawostk\u0119, \u017ce dw\u00f3ch braci Kossak\u00f3w &#8211; bli\u017aniak\u00f3w urodzi\u0142o si\u0119 w r\u00f3\u017cnych latach, bo jeden przed p\u00f3\u0142noc\u0105 a drugi po p\u00f3\u0142nocy w nast\u0119pnym roku.<br \/>\nPo ponad 2 godzinnym zwiedzaniu pojechali\u015bmy na posi\u0142ek do drugiego miasta ordynackiego Janowa Lubelskiego (niegdy\u015b Ordynackiego), gdzie jak przysta\u0142o na mi\u0142o\u015bnik\u00f3w Zamo\u015bcia i Jana Zamoyskiego &#8211; hetmana zjedli\u015bmy, kto chcia\u0142&#8230; zup\u0119 po w\u0119giersku w Restauracji Hetma\u0144skiej. Nieco posileni i nie zm\u0119czeni, bo nie by\u0142o trud\u00f3w, wr\u00f3cili\u015bmy do rodzinnych dom\u00f3w.<\/p>\n<p style=\"text-align: justify;\">Dzi\u0119kujemy za pi\u0119kne opowiadanie naszym przewodnikom Marii Fornal i Paw\u0142owi Komanowi. Wycieczk\u0119 pilotowa\u0142, opowiada\u0142 swoje legendy i wspomnienia napisa\u0142 ilustruj\u0105c swoim zdj\u0119ciami Edward S\u0142oniewski.<\/p>\n<p style=\"text-align: justify;\">Do spotkania wkr\u00f3tce na nast\u0119pnej wycieczce.<\/p>\n<hr \/>\n<p>&nbsp;<\/p>\n<p>[huge_it_slider id=&#8221;60&#8243;]<\/p>\n<p>&nbsp;<\/p>\n<p>&nbsp;<\/p>\n<p>&nbsp;<\/p>\n","protected":false},"excerpt":{"rendered":"<p>Wycieczka do Stalowej Woli w dniu 14 lutego 2016 r. Wspomnienia Tu\u017c przed godzin\u0105 9-t\u0105 wyjechali\u015bmy z Zamo\u015bcia.\u00a0 Na wycieczk\u0119 wyjecha\u0142o 30 os\u00f3b W programie wycieczki tym razem \u00a0by\u0142o kilka niespodzianek, bo \u00a0tuz za Zwierzy\u0144cem pod tzw. Wielkim Rowem \u00a0(Roztocze &hellip; <a class=\"more-link\" href=\"https:\/\/zamosc.pttk.pl\/wordpress\/?page_id=7901\">Czytaj dalej <span class=\"meta-nav\">&rarr;<\/span><\/a><\/p>\n","protected":false},"author":1,"featured_media":0,"parent":0,"menu_order":0,"comment_status":"closed","ping_status":"closed","template":"","meta":{"footnotes":""},"class_list":["post-7901","page","type-page","status-publish","hentry"],"_links":{"self":[{"href":"https:\/\/zamosc.pttk.pl\/wordpress\/index.php?rest_route=\/wp\/v2\/pages\/7901","targetHints":{"allow":["GET"]}}],"collection":[{"href":"https:\/\/zamosc.pttk.pl\/wordpress\/index.php?rest_route=\/wp\/v2\/pages"}],"about":[{"href":"https:\/\/zamosc.pttk.pl\/wordpress\/index.php?rest_route=\/wp\/v2\/types\/page"}],"author":[{"embeddable":true,"href":"https:\/\/zamosc.pttk.pl\/wordpress\/index.php?rest_route=\/wp\/v2\/users\/1"}],"replies":[{"embeddable":true,"href":"https:\/\/zamosc.pttk.pl\/wordpress\/index.php?rest_route=%2Fwp%2Fv2%2Fcomments&post=7901"}],"version-history":[{"count":8,"href":"https:\/\/zamosc.pttk.pl\/wordpress\/index.php?rest_route=\/wp\/v2\/pages\/7901\/revisions"}],"predecessor-version":[{"id":7948,"href":"https:\/\/zamosc.pttk.pl\/wordpress\/index.php?rest_route=\/wp\/v2\/pages\/7901\/revisions\/7948"}],"wp:attachment":[{"href":"https:\/\/zamosc.pttk.pl\/wordpress\/index.php?rest_route=%2Fwp%2Fv2%2Fmedia&parent=7901"}],"curies":[{"name":"wp","href":"https:\/\/api.w.org\/{rel}","templated":true}]}}