{"id":7816,"date":"2016-02-06T19:46:56","date_gmt":"2016-02-06T18:46:56","guid":{"rendered":"http:\/\/www.zamosc.pttk.pl\/wordpress\/?page_id=7816"},"modified":"2016-02-15T20:37:33","modified_gmt":"2016-02-15T19:37:33","slug":"wycieczka-piesza-lasowce-i-okolice","status":"publish","type":"page","link":"https:\/\/zamosc.pttk.pl\/wordpress\/?page_id=7816","title":{"rendered":"Wycieczka piesza  Lasowce i okolice"},"content":{"rendered":"<p style=\"text-align: justify;\">6 lutego 2016. Organizator Klub Turystyczno-Krajoznawczy im Micha\u0142a Pieszki )\/PTTK w Zamo\u015bciu<\/p>\n<p style=\"text-align: justify;\">Tym razem odwiedzili\u015bmy malutk\u0105, ukryt\u0105 w\u015br\u00f3d wzg\u00f3rz i las\u00f3w Roztocza \u015arodkowego &#8211; wiosk\u0119 Lasowce (gm Krasnobr\u00f3d). Kiedy przyje\u017cd\u017ca\u0142y samochody z uczestnikami wita\u0142 nas mieszkaniec Lasowiec pan Ryszard Adamowicz ze swoim czarnym kocurem. Zaprosi\u0142 nas na ognisko.<br \/>\nKazio, Andrzej i Edward opowiedzieli o wydarzeniach &#8211; tragicznej bitwie powstania zamojskiego w dniu 4 lutego 1943 r., zapalili\u015bmy znicze \u00a0przy pomniku.<br \/>\nNa rozstajnych drogach uczestnicy us\u0142yszeli opowie\u015bci o miejscowo\u015bci, granicach Ordynacji Zamojskiej, o miejscowych 11 kawalerach. Za pomoc\u0105 &#8222;Przyjaci\u00f3\u0142ki&#8221; jeden \u00a0tylko si\u0119 odwa\u017cy\u0142 i zmieni\u0142 stan cywilny.<br \/>\nP\u00f3\u017aniej poszli\u015bmy szlakiem centralnym (niebieskim) przez Czerkies do miejsca dawnej gaj\u00f3wki. \u00a0Pozosta\u0142y tu stare drzewa, babrzysko i poro\u015bni\u0119te zielskiem fundamenty. Edward opowiedzia\u0142 legend\u0119 o Czerkiesie, kt\u00f3ry gdzie\u015b tutaj mieszka\u0142 w sza\u0142asie po dezercji z zamojskich koszar \u00a0na pocz\u0105tku XX w.<br \/>\nPodziwiali\u015bmy stare drzewa z hubami i dorodne, si\u0119gaj\u0105ce nieba, jod\u0142y i buki. Bardzo du\u017co ciekawych wiadomo\u015bci o przyrodzie i \u00a0lesie przekaza\u0142 nam prawdziwy le\u015bnik Krzysztof &#8211; to ten pan z sumiastymi w\u0105sami.<br \/>\nNa zachodnim\u00a0skraju RPN \u00a0zobaczyli\u015bmy Pyszczek, p\u00f3\u017aniej Donic\u0119 i wzg\u00f3rze Nart. \u00a0Z pola popatrzyli\u015bmy na kotlin\u0119 Zwierzy\u0144ca, nad kt\u00f3r\u0105 g\u00f3rowa\u0142a Bukowa G\u00f3ra.<br \/>\nPowr\u00f3cili\u015bmy do Czerkiesu i na zamarzni\u0119tym babrzysku zobaczyli\u015bmy tropy dzik\u00f3w i prawdziwych wilk\u00f3w&#8230; Pewnie gdzie\u015b zza drzew mieszka\u0144cy le\u015bnych ost\u0119p\u00f3w nas ogl\u0105dali&#8230; P\u00f3\u017aniej \u015bcie\u017ck\u0105 dzikow\u0105 poszli\u015bmy na po\u0142udnie \u00a0skrajem Roztocza\u0144skiego Parku Narodowego i granic\u0105 gmin Krasnobr\u00f3d i Zwierzyniec a\u017c doszli\u015bmy do ogniska, kt\u00f3re szybko obudzi\u0142 kol. Andrzej. Ka\u017cdy wyci\u0105gn\u0105\u0142 rajdowe \u017car\u0142o i co\u015b s\u0142odkiego, kie\u0142baska na ognisku szybko si\u0119 upiek\u0142a. Jeszcze tylko wsp\u00f3lne pami\u0105tkowe zdj\u0119cie i serdeczne po\u017cegnania. Do nast\u0119pnej wycieczki roztocza\u0144skiej.<br \/>\nW wycieczce wzi\u0119\u0142o \u00a0udzia\u0142 24 turystek i turyst\u00f3w &#8211; m\u0142odziutkie, pi\u0119kne panie ze swoimi panami, nieco starsi i ten najstarszy, kt\u00f3ry napisa\u0142 te s\u0142owa. Pogoda dopisa\u0142a, w\u0119dr\u00f3wka 6 km, chocia\u017c po g\u00f3rkach, nas nie zm\u0119czy\u0142a. U\u015bmiechni\u0119te buzie \u015bwiadczy\u0142y, \u017ce wszystkim pewnie podoba\u0142o si\u0119 spotkanie z roztocza\u0144sk\u0105 przyrod\u0105 i histori\u0105.<\/p>\n<p style=\"text-align: justify;\">Wkr\u00f3tce \u00a0b\u0119dziemy w\u0119drowa\u0107 w okolicach Krasnobrodu&#8230; ju\u017c zapraszamy a p\u00f3\u017aniej poznamy tajemnice wzg\u00f3rz i jam pod Senderkami.<\/p>\n<p style=\"text-align: justify;\">es<\/p>\n<p style=\"text-align: justify;\">[huge_it_slider id=&#8221;59&#8243;]<\/p>\n","protected":false},"excerpt":{"rendered":"<p>6 lutego 2016. Organizator Klub Turystyczno-Krajoznawczy im Micha\u0142a Pieszki )\/PTTK w Zamo\u015bciu Tym razem odwiedzili\u015bmy malutk\u0105, ukryt\u0105 w\u015br\u00f3d wzg\u00f3rz i las\u00f3w Roztocza \u015arodkowego &#8211; wiosk\u0119 Lasowce (gm Krasnobr\u00f3d). Kiedy przyje\u017cd\u017ca\u0142y samochody z uczestnikami wita\u0142 nas mieszkaniec Lasowiec pan Ryszard Adamowicz &hellip; <a class=\"more-link\" href=\"https:\/\/zamosc.pttk.pl\/wordpress\/?page_id=7816\">Czytaj dalej <span class=\"meta-nav\">&rarr;<\/span><\/a><\/p>\n","protected":false},"author":1,"featured_media":0,"parent":0,"menu_order":0,"comment_status":"closed","ping_status":"closed","template":"","meta":{"footnotes":""},"class_list":["post-7816","page","type-page","status-publish","hentry"],"_links":{"self":[{"href":"https:\/\/zamosc.pttk.pl\/wordpress\/index.php?rest_route=\/wp\/v2\/pages\/7816","targetHints":{"allow":["GET"]}}],"collection":[{"href":"https:\/\/zamosc.pttk.pl\/wordpress\/index.php?rest_route=\/wp\/v2\/pages"}],"about":[{"href":"https:\/\/zamosc.pttk.pl\/wordpress\/index.php?rest_route=\/wp\/v2\/types\/page"}],"author":[{"embeddable":true,"href":"https:\/\/zamosc.pttk.pl\/wordpress\/index.php?rest_route=\/wp\/v2\/users\/1"}],"replies":[{"embeddable":true,"href":"https:\/\/zamosc.pttk.pl\/wordpress\/index.php?rest_route=%2Fwp%2Fv2%2Fcomments&post=7816"}],"version-history":[{"count":11,"href":"https:\/\/zamosc.pttk.pl\/wordpress\/index.php?rest_route=\/wp\/v2\/pages\/7816\/revisions"}],"predecessor-version":[{"id":7967,"href":"https:\/\/zamosc.pttk.pl\/wordpress\/index.php?rest_route=\/wp\/v2\/pages\/7816\/revisions\/7967"}],"wp:attachment":[{"href":"https:\/\/zamosc.pttk.pl\/wordpress\/index.php?rest_route=%2Fwp%2Fv2%2Fmedia&parent=7816"}],"curies":[{"name":"wp","href":"https:\/\/api.w.org\/{rel}","templated":true}]}}