{"id":7667,"date":"2016-01-30T20:37:01","date_gmt":"2016-01-30T19:37:01","guid":{"rendered":"http:\/\/www.zamosc.pttk.pl\/wordpress\/?page_id=7667"},"modified":"2016-01-30T20:51:35","modified_gmt":"2016-01-30T19:51:35","slug":"wycieczka-do-florianki-30-stycznia-2016-r","status":"publish","type":"page","link":"https:\/\/zamosc.pttk.pl\/wordpress\/?page_id=7667","title":{"rendered":"Wycieczka do Florianki 30 stycznia 2016 r."},"content":{"rendered":"<p>30 stycznia 2016 r.<\/p>\n<p>Przeszli\u015bmy 10 km w ci\u0105gu 4,5 godz. Wra\u017ce\u0144 mnostwo. Integracja z konikami i kotami udana. Straty Pan i Pani mieli horyzontalne l\u0105dowanie w najbardziej niespodziewanych miejscach. By\u0142y przedwio\u015bnie, zima i prawie wiosna&#8230;Poznali\u015bmy zalety roztocza\u0144skiej sapowatki&#8230; W\u0119drowa\u0142y 23 osoby. Do spotkania za tydzie\u0144 w Lasowcach&#8230;<\/p>\n<p>[huge_it_slider id=&#8221;58&#8243;]<\/p>\n","protected":false},"excerpt":{"rendered":"<p>30 stycznia 2016 r. Przeszli\u015bmy 10 km w ci\u0105gu 4,5 godz. Wra\u017ce\u0144 mnostwo. Integracja z konikami i kotami udana. Straty Pan i Pani mieli horyzontalne l\u0105dowanie w najbardziej niespodziewanych miejscach. By\u0142y przedwio\u015bnie, zima i prawie wiosna&#8230;Poznali\u015bmy zalety roztocza\u0144skiej sapowatki&#8230; W\u0119drowa\u0142y &hellip; <a class=\"more-link\" href=\"https:\/\/zamosc.pttk.pl\/wordpress\/?page_id=7667\">Czytaj dalej <span class=\"meta-nav\">&rarr;<\/span><\/a><\/p>\n","protected":false},"author":1,"featured_media":0,"parent":0,"menu_order":0,"comment_status":"closed","ping_status":"closed","template":"","meta":{"footnotes":""},"class_list":["post-7667","page","type-page","status-publish","hentry"],"_links":{"self":[{"href":"https:\/\/zamosc.pttk.pl\/wordpress\/index.php?rest_route=\/wp\/v2\/pages\/7667","targetHints":{"allow":["GET"]}}],"collection":[{"href":"https:\/\/zamosc.pttk.pl\/wordpress\/index.php?rest_route=\/wp\/v2\/pages"}],"about":[{"href":"https:\/\/zamosc.pttk.pl\/wordpress\/index.php?rest_route=\/wp\/v2\/types\/page"}],"author":[{"embeddable":true,"href":"https:\/\/zamosc.pttk.pl\/wordpress\/index.php?rest_route=\/wp\/v2\/users\/1"}],"replies":[{"embeddable":true,"href":"https:\/\/zamosc.pttk.pl\/wordpress\/index.php?rest_route=%2Fwp%2Fv2%2Fcomments&post=7667"}],"version-history":[{"count":2,"href":"https:\/\/zamosc.pttk.pl\/wordpress\/index.php?rest_route=\/wp\/v2\/pages\/7667\/revisions"}],"predecessor-version":[{"id":7787,"href":"https:\/\/zamosc.pttk.pl\/wordpress\/index.php?rest_route=\/wp\/v2\/pages\/7667\/revisions\/7787"}],"wp:attachment":[{"href":"https:\/\/zamosc.pttk.pl\/wordpress\/index.php?rest_route=%2Fwp%2Fv2%2Fmedia&parent=7667"}],"curies":[{"name":"wp","href":"https:\/\/api.w.org\/{rel}","templated":true}]}}