{"id":7628,"date":"2016-01-10T15:51:28","date_gmt":"2016-01-10T14:51:28","guid":{"rendered":"http:\/\/www.zamosc.pttk.pl\/wordpress\/?page_id=7628"},"modified":"2016-03-15T19:58:12","modified_gmt":"2016-03-15T18:58:12","slug":"42-rajd-zimowy-wzgorzami-roztocza","status":"publish","type":"page","link":"https:\/\/zamosc.pttk.pl\/wordpress\/?page_id=7628","title":{"rendered":"42 Rajd Zimowy &#8222;Wzg\u00f3rzami Roztocza&#8221;"},"content":{"rendered":"<p><a href=\"http:\/\/www.zamosc.pttk.pl\/wordpress\/wp-content\/uploads\/2016\/01\/regulzim16z.png\" rel=\"attachment wp-att-7633\"><img loading=\"lazy\" decoding=\"async\" class=\"alignleft size-thumbnail wp-image-7633\" src=\"http:\/\/www.zamosc.pttk.pl\/wordpress\/wp-content\/uploads\/2016\/01\/regulzim16z-137x200.png\" alt=\"regulzim16z\" width=\"137\" height=\"200\" srcset=\"https:\/\/zamosc.pttk.pl\/wordpress\/wp-content\/uploads\/2016\/01\/regulzim16z-137x200.png 137w, https:\/\/zamosc.pttk.pl\/wordpress\/wp-content\/uploads\/2016\/01\/regulzim16z-206x300.png 206w, https:\/\/zamosc.pttk.pl\/wordpress\/wp-content\/uploads\/2016\/01\/regulzim16z-768x1118.png 768w, https:\/\/zamosc.pttk.pl\/wordpress\/wp-content\/uploads\/2016\/01\/regulzim16z-703x1024.png 703w, https:\/\/zamosc.pttk.pl\/wordpress\/wp-content\/uploads\/2016\/01\/regulzim16z-900x1310.png 900w\" sizes=\"auto, (max-width: 137px) 100vw, 137px\" \/><\/a>\u00a0W\u0119drowali\u015bmy po w\u0105wozach i wzg\u00f3rzach Roztocza \u015arodkowego&#8230;<\/p>\n<p>Pobierz regulamin rajdu \u00a0&gt;&gt;&gt;<a href=\"http:\/\/www.zamosc.pttk.pl\/wordpress\/wp-content\/uploads\/2016\/01\/regulzim16.pdf\" rel=\"\">Regulamin Rajdu Zimowego (pdf)<\/a><\/p>\n<p style=\"text-align: justify;\">Wspomnienia \u00a0rajdowe<\/p>\n<p style=\"text-align: justify;\">W sobotni poranek jak zwykle o godz. 8.30 wyruszyli\u015bmy z parkingu pod Lunet\u0105 na Rajd Zimowy\u00a0\u201eWzg\u00f3rzami Roztocza\u201d. Tym raem w Rajdzie uczestniczy\u0142y grupy m\u0142odzie\u017cy ze szk\u00f3\u0142 Nr 3 w Zamo\u015bciu, Gimnazjum Nr 5 , Szko\u0142y Nr 1 w Szczebrzeszynie, Gimnazjum w\u00a0 \u015aredniem Du\u017cem oraz niezawodni tury\u015bci indywidualni. Razem prawie 140 os\u00f3b.<br \/>\nJad\u0105c na start zobaczyli\u015bmy ostatki \u015bniegu na stoku narciarskim w Jacni &#8211; narciarzy juz nie by\u0142o chocia\u017c w z komina karczmy uchodzi\u0142 dym.<br \/>\nNa starcie w Potoku za potokiem \u015awierz na nas juz oczekiwa\u0142 tajemniczy w\u0105saty pan tzn. Krzysztof, ktory przyjecha\u0142 z Su\u015bca do Starej Huty a piechot\u0119 przyszed\u0142 nas powita\u0107 i w\u0119drowa\u0107 z nami. Edward powita\u0142 uczestnik\u00f3w przedstawi\u0142 prowadz\u0105cych i pomocnik\u00f3w. Pawe\u0142 pilnie strzeg\u0142 aby nikt si\u0119 nie sp\u00f3\u017ani\u0142. Wyruszyli\u015bmy na zach\u00f3d szlakiem niebieskim tzn. centralnym). Jest on najd\u0142u\u017cszy na Roztoczu i prowadzi od Szastarki pod Kra\u015bnikiem do Hory\u0144ca-Zdroju i ma 196 km.<br \/>\nDoszli\u015bmy do Senderek zobaczyli\u015bmy las w oddali znajduj\u0105cy si\u0119 na znaczku rajdowym, min\u0119li\u015bmy kamienn\u0105 figur\u0119 z 1910 r. wykonan\u0105 zapewne w pobliskim J\u00f3zefowie i \u00a0biegaj\u0105ce po obej\u015bciu kasztanowate koniki. Senderkowe pieski poszczeka\u0142y a jeden czarny pana so\u0142tysa Henia przybieg\u0142 do nas i przywita\u0142 przyja\u017anie w\u0119drowc\u00f3w podaj\u0105c \u0142ap\u0119&#8230;<br \/>\nWeszli\u015bmy na wzg\u00f3rze tutaj przy w\u0119\u017ale szlak\u00f3w (centralnego, im. Aleksandry Wachniewskiej i 2 \u015bcie\u017cek spacerowych oraz szlaku konnego) Edward zarz\u0105dzi\u0142 pierwszy odpoczynek.\u00a0 Po odpoczynku obejrzeli\u015bmy zdj\u0119cia podziemnych jam i pos\u0142uchali\u015bmy opowie\u015bci o historii wioski Senderki.<br \/>\nPoszli\u015bmy \u015bcie\u017ck\u0105 czerwon\u0105 zagl\u0105daj\u0105c do tajemniczych wej\u015b\u0107 sk\u0105d wyci\u0105gano kamienie m\u0142y\u0144skie.<br \/>\nPo drodze ogl\u0105dali\u015bmy nie\u015bmia\u0142o rozkwitaj\u0105ce przylaszczki i pn\u0105cza bluszczu pospolitego.<br \/>\nWreszcie doszli\u015bmy do miejsca wypoczynkowego s\u0105 tutaj wiata, sto\u0142y i \u0142awy. Nast\u0119pny kr\u00f3tki odpoczynek a p\u00f3\u017aniej atrakcja\u00a0 &#8211; zajrzeli\u015bmy do kolejnej g\u0142\u0119bokiej jamy, z kt\u00f3rej by\u0142o s\u0142ycha\u0107 chrapanie roztocza\u0144skiego misia &#8211; po cichutku poszli\u015bmy do nast\u0119pnej na skraju lasu.<br \/>\nW zagajniku czeka\u0142a na nas niezwyk\u0142a atrakcja &#8211; czakram roztocza\u0144ski. Kto chcia\u0142 to na\u0142adowa\u0142 si\u0119 pozytywn\u0105 energi\u0105 na ca\u0142y ten rok&#8230; P\u00f3\u017aniej wspinali\u015bmy si\u0119 na garb wzg\u00f3rza Senderki, Kto chcia\u0142 to nawet pocz\u0105tkowo bieg\u0142 po ugorze ale nie by\u0142o \u0142atwo. Mimo lekkiego zamglenia zobaczyli\u015bmy ze wzg\u00f3rza Senderki wspania\u0142e nasze Roztocze i Kotlin\u0119 Sandomiersk\u0105 poro\u015bni\u0119t\u0105 Puszcz\u0105 Solsk\u0105. Ze wzg\u00f3rza wida\u0107 tereny 8 gmin i 3 powiat\u00f3w.<br \/>\nP\u00f3\u017aniej ju\u017c wolniej zeszli\u015bmy do Starej Huty, przed nami czmychn\u0119\u0142a trasa 2 prowadzona przez Andrzeja i Adama, na kt\u00f3rej w\u0119drowa\u0142a m\u0142odzie\u017c ze Szko\u0142y Podstawowej Nr 1 w Szczebrzeszynie i Gimnazjum w \u015aredniem Du\u017cem. Oni w\u0119drowali z Bondyrza po\u00a0 wzg\u00f3rzach, w\u0105wozach i \u015bcie\u017cce\u00a0spacerowej Debry, Zobaczyli wzg\u00f3rze Dach &#8211; najwy\u017csze na terenie Roztocza\u0144skiego Parku Narodowego. Nawet si\u0119 pom\u0119czyli, bo wspinali si\u0119 na grodzisko, skakali po k\u0119pach traw na grz\u0119zawisku no i b\u0142otko te\u017c zaliczyli.<br \/>\nNa mecie witali nas kierownik Rajdu Kazio i gospodarz\u00a0 &#8211; komendant stra\u017cy w Starej Hucie pan Rafa\u0142 Z\u0142otorzy\u0144ski. Kolega Marian serwowa\u0142 wod\u0119 z sokiem, piecz\u0119towa\u0142 ksi\u0105\u017ceczki OTP i dba\u0142 o ognisko.<\/p>\n<p style=\"text-align: justify;\">P\u00f3\u017aniej odby\u0142y si\u0119 konkursy:<br \/>\n&#8211; w krajoznawczym bra\u0142o udzia\u0142 7 rajdowicz\u00f3w &#8211; najlepiej odpowiada\u0142y: Ania Biczak i Patrycja Bizior ze Szczebrzeszyna<br \/>\n&#8211; konkurs piosenki o zimie \u015bpiewa\u0142 dru\u017cyny ze Szczebrzeszyna i SP Nr 3 z Zamo\u015bcia. Pi\u0119knie \u015bpiewa\u0142y a za scen\u0119 s\u0142u\u017cy\u0142a im kupa kamieni,<br \/>\n&#8211; odby\u0142 si\u0119 r\u00f3wnie\u017c konkurs sprawno\u015bciowy tzn. biegi w workach. Kto dobieg\u0142 do mety i nie przewr\u00f3ci\u0142 si\u0119 \u00a0otrzymywa\u0142 smakowity lizak&#8230;<\/p>\n<p style=\"text-align: justify;\">Na zako\u0144czenie rozdali\u015bmy nagrody oraz wr\u0119czyli\u015bmy odznaki \u201eSiedmiomilowe Buty\u201d dla m\u0142odych turyst\u00f3w z SP Nr 3 w Zamo\u015bciu.\u00a0Kolega Kazio podzi\u0119kowa\u0142 za udzia\u0142 w Rajdzie opiekunom i m\u0142odzie\u017cy oraz starszym w\u0119drowcom.<br \/>\nPan Rafa\u0142\u00a0 &#8211; komendant stra\u017cy po\u017carnej w Starej Hucie zaprosi\u0142 wszystkich do odwiedzenia Starej Huty.\u00a0Uczestnicy Rajdu te\u017c serdecznie dzi\u0119kuj\u0105 za pomoc i go\u015bcinne przyjecie.\u00a0Dzi\u0119kujemy panu Krzysztofowi Borkowi i jego kierowcom za bezpieczn\u0105 podr\u00f3\u017c.<\/p>\n<p style=\"text-align: justify;\">Do spotkania \u00a0na Rajdzie \u201eSpotkanie z Wiosn\u0105\u201d w kwietniu z met\u0105 w Dzier\u0105\u017cni.<\/p>\n<p style=\"text-align: justify;\">Wspomina\u0142 Edward<\/p>\n<p>[huge_it_slider id=&#8221;62&#8243;]<\/p>\n<p>&nbsp;<\/p>\n","protected":false},"excerpt":{"rendered":"<p>\u00a0W\u0119drowali\u015bmy po w\u0105wozach i wzg\u00f3rzach Roztocza \u015arodkowego&#8230; Pobierz regulamin rajdu \u00a0&gt;&gt;&gt;Regulamin Rajdu Zimowego (pdf) Wspomnienia \u00a0rajdowe W sobotni poranek jak zwykle o godz. 8.30 wyruszyli\u015bmy z parkingu pod Lunet\u0105 na Rajd Zimowy\u00a0\u201eWzg\u00f3rzami Roztocza\u201d. Tym raem w Rajdzie uczestniczy\u0142y grupy m\u0142odzie\u017cy &hellip; <a class=\"more-link\" href=\"https:\/\/zamosc.pttk.pl\/wordpress\/?page_id=7628\">Czytaj dalej <span class=\"meta-nav\">&rarr;<\/span><\/a><\/p>\n","protected":false},"author":1,"featured_media":0,"parent":0,"menu_order":0,"comment_status":"closed","ping_status":"closed","template":"","meta":{"footnotes":""},"class_list":["post-7628","page","type-page","status-publish","hentry"],"_links":{"self":[{"href":"https:\/\/zamosc.pttk.pl\/wordpress\/index.php?rest_route=\/wp\/v2\/pages\/7628","targetHints":{"allow":["GET"]}}],"collection":[{"href":"https:\/\/zamosc.pttk.pl\/wordpress\/index.php?rest_route=\/wp\/v2\/pages"}],"about":[{"href":"https:\/\/zamosc.pttk.pl\/wordpress\/index.php?rest_route=\/wp\/v2\/types\/page"}],"author":[{"embeddable":true,"href":"https:\/\/zamosc.pttk.pl\/wordpress\/index.php?rest_route=\/wp\/v2\/users\/1"}],"replies":[{"embeddable":true,"href":"https:\/\/zamosc.pttk.pl\/wordpress\/index.php?rest_route=%2Fwp%2Fv2%2Fcomments&post=7628"}],"version-history":[{"count":8,"href":"https:\/\/zamosc.pttk.pl\/wordpress\/index.php?rest_route=\/wp\/v2\/pages\/7628\/revisions"}],"predecessor-version":[{"id":8270,"href":"https:\/\/zamosc.pttk.pl\/wordpress\/index.php?rest_route=\/wp\/v2\/pages\/7628\/revisions\/8270"}],"wp:attachment":[{"href":"https:\/\/zamosc.pttk.pl\/wordpress\/index.php?rest_route=%2Fwp%2Fv2%2Fmedia&parent=7628"}],"curies":[{"name":"wp","href":"https:\/\/api.w.org\/{rel}","templated":true}]}}