{"id":7461,"date":"2015-12-19T19:38:59","date_gmt":"2015-12-19T18:38:59","guid":{"rendered":"http:\/\/www.zamosc.pttk.pl\/wordpress\/?page_id=7461"},"modified":"2015-12-19T21:35:28","modified_gmt":"2015-12-19T20:35:28","slug":"wycieczka-do-wojdy-19-grudnia-2015-r","status":"publish","type":"page","link":"https:\/\/zamosc.pttk.pl\/wordpress\/?page_id=7461","title":{"rendered":"Wycieczka do Wojdy 19 grudnia 2015 r."},"content":{"rendered":"<p style=\"text-align: justify;\">Tradycyjnie co roku Klub Turystyczno-Krajoznawczy im. Micha\u0142a Pieszki z Oddzia\u0142u PTTK w Zamo\u015bciu zaprasza zamojskich i roztocza\u0144skich turyst\u00f3w (piechur\u00f3w, mi\u0142o\u015bnik\u00f3w rower\u00f3w oraz samochod\u00f3w) na spacer rajdowy do Wojdy. By\u0142o to plenerowe podsumowanie roku turystycznego 2015.<br \/>\n<span style=\"text-align: justify;\">W czasie imprezy zapalili\u015bmy znicze przy pomnikach po\u015bwi\u0119conych partyzantom BCH, kt\u00f3rzy walczyli i polegli w czasie pierwszej du\u017cej bitwy w grudniu 1942 r. pod Wojd\u0105. Bitwa ta da\u0142a pocz\u0105tek powstaniu zamojskiemu, kt\u00f3re trwa\u0142o a\u017c do wyzwolenia.<br \/>\n<\/span><span style=\"text-align: justify;\">Podczas w\u0119dr\u00f3wki byli\u015bmy przy pomniku ku czci cekemisty Paw\u0142a Dawidenki, ko\u0142o kapliczki, kt\u00f3ra znajduje si\u0119 w \u00a0miejscu Gaj\u00f3wki Wojda Obrocka, zobaczyli\u015bmy dawny pomnik przyrody &#8211; pot\u0119\u017cny d\u0105b, byli\u015bmy przy pomniku w Wojdzie. Tutaj kolega Kazio powiedzia\u0142 wiersz.<br \/>\n<\/span><span style=\"text-align: justify;\">Pooddychali\u015bmy \u015bwie\u017cym powietrzem oraz \u00a0poznawalismy tropy dzikich zwierz\u0105t. Z dala zobaczyli\u015bmy rezydencj\u0119 Kory, byli\u015bmy przy pomniku ku czci partyzant\u00f3w walcz\u0105cych w czasie powstania zamojskiego<br \/>\n<\/span><span style=\"text-align: justify;\">W\u0119drowali\u015bmy szlakami pieszymi &#8211; partyzanckim i im. Al. Wachniewskiej, \u015bcie\u017ck\u0105 historyczn\u0105 po RPN, popatrzyli\u015bmy na przepi\u0119kn\u0105 panoram\u0119 Roztocza \u015arodkowego i drzewa o niespotykanych kszta\u0142tach&#8230;<\/span><\/p>\n<p style=\"text-align: justify;\"><strong><span style=\"font-size: 12px;\">Program spotkania rocznicowego:<\/span><\/strong><\/p>\n<p style=\"text-align: justify;\">Zbi\u00f3rka i start z parkingu przy ko\u015bciele w Kosobudach dnia 19.12.2015 r.\u00a0 o \u00a0godz. 9.45<\/p>\n<p style=\"text-align: justify;\">&#8211; przej\u015bcie do Wojdy i zapalenie zniczy przy pomniku,<\/p>\n<p style=\"text-align: justify;\">&#8211; przej\u015bcie do Szewni Dolnej pod pomnik i zapalenie zniczy,<\/p>\n<p style=\"text-align: justify;\">&#8211; powr\u00f3t \u00a0le\u015bnymi duktami do samochod\u00f3w w Kosobudach<\/p>\n<p style=\"text-align: justify;\">Tu\u017c po 14-tej powr\u00f3cili\u015bmy do Kosobud po przebyciu 12,2 km w ci\u0105gu 4 godz. Tarki i dzika r\u00f3\u017ca \u00a0by\u0142y smakowite, bo przemro\u017cone .\u00a0&#8222;Cudowne&#8221; b\u0142oto, czasem chaszcze i debry umila\u0142y nam w\u0119dr\u00f3wk\u0119. Silna grupa &#8211; 16 os\u00f3b i 3 dzikie kury spotkane w lesie Kawulicha.<br \/>\nMi\u0142o i ciekawie w fajnym towarzystwie w\u0119drowali\u015bmy&#8230; pod kierownictwem Kazia i Edwarda nie zab\u0142\u0105dzili\u015bmy&#8230;<br \/>\nDo spotkania wkr\u00f3tce na Roztoczu &#8211; b\u0142oto i nawet przysz\u0142e zaspy s\u0105 dla nas niegro\u017ane.<\/p>\n<hr \/>\n<p style=\"text-align: justify;\">[huge_it_slider id=&#8221;55&#8243;]<\/p>\n","protected":false},"excerpt":{"rendered":"<p>Tradycyjnie co roku Klub Turystyczno-Krajoznawczy im. Micha\u0142a Pieszki z Oddzia\u0142u PTTK w Zamo\u015bciu zaprasza zamojskich i roztocza\u0144skich turyst\u00f3w (piechur\u00f3w, mi\u0142o\u015bnik\u00f3w rower\u00f3w oraz samochod\u00f3w) na spacer rajdowy do Wojdy. By\u0142o to plenerowe podsumowanie roku turystycznego 2015. W czasie imprezy zapalili\u015bmy znicze &hellip; <a class=\"more-link\" href=\"https:\/\/zamosc.pttk.pl\/wordpress\/?page_id=7461\">Czytaj dalej <span class=\"meta-nav\">&rarr;<\/span><\/a><\/p>\n","protected":false},"author":1,"featured_media":0,"parent":0,"menu_order":0,"comment_status":"closed","ping_status":"closed","template":"","meta":{"footnotes":""},"class_list":["post-7461","page","type-page","status-publish","hentry"],"_links":{"self":[{"href":"https:\/\/zamosc.pttk.pl\/wordpress\/index.php?rest_route=\/wp\/v2\/pages\/7461","targetHints":{"allow":["GET"]}}],"collection":[{"href":"https:\/\/zamosc.pttk.pl\/wordpress\/index.php?rest_route=\/wp\/v2\/pages"}],"about":[{"href":"https:\/\/zamosc.pttk.pl\/wordpress\/index.php?rest_route=\/wp\/v2\/types\/page"}],"author":[{"embeddable":true,"href":"https:\/\/zamosc.pttk.pl\/wordpress\/index.php?rest_route=\/wp\/v2\/users\/1"}],"replies":[{"embeddable":true,"href":"https:\/\/zamosc.pttk.pl\/wordpress\/index.php?rest_route=%2Fwp%2Fv2%2Fcomments&post=7461"}],"version-history":[{"count":9,"href":"https:\/\/zamosc.pttk.pl\/wordpress\/index.php?rest_route=\/wp\/v2\/pages\/7461\/revisions"}],"predecessor-version":[{"id":7569,"href":"https:\/\/zamosc.pttk.pl\/wordpress\/index.php?rest_route=\/wp\/v2\/pages\/7461\/revisions\/7569"}],"wp:attachment":[{"href":"https:\/\/zamosc.pttk.pl\/wordpress\/index.php?rest_route=%2Fwp%2Fv2%2Fmedia&parent=7461"}],"curies":[{"name":"wp","href":"https:\/\/api.w.org\/{rel}","templated":true}]}}