{"id":7202,"date":"2015-12-05T18:39:21","date_gmt":"2015-12-05T17:39:21","guid":{"rendered":"http:\/\/www.zamosc.pttk.pl\/wordpress\/?page_id=7202"},"modified":"2015-12-07T08:12:28","modified_gmt":"2015-12-07T07:12:28","slug":"17-rajd-mikolajkowy","status":"publish","type":"page","link":"https:\/\/zamosc.pttk.pl\/wordpress\/?page_id=7202","title":{"rendered":"17 Rajd Miko\u0142ajkowy"},"content":{"rendered":"<p>Wspomnienia rajdowe<\/p>\n<p style=\"text-align: justify;\">W sobot\u0119 5 grudnia tu\u017c przed \u015bw. Miko\u0142ajem wyruszyli\u015bmy na wspania\u0142\u0105 w\u0119dr\u00f3wk\u0119 po Roztoczu.S\u0142oneczko \u015bwieci\u0142o i niebieskie niebo by\u0142o nad nad nami<br \/>\nNa trasie I w\u0119drowa\u0142y dru\u017cyny m\u0142odzie\u017cy ze szk\u00f3\u0142 zamojskich:<\/p>\n<p style=\"text-align: justify;\">Szko\u0142a Podstawowej Nr 3<\/p>\n<p style=\"text-align: justify;\">Szko\u0142a Podstawowa Nr 7<\/p>\n<p style=\"text-align: justify;\">Szko\u0142a Podstawowa Nr 2<\/p>\n<p style=\"text-align: justify;\">Zesp\u00f3\u0142 Szk\u00f3\u0142 Nr 5<\/p>\n<p style=\"text-align: justify;\">Gimnazjum Nr 3<\/p>\n<p style=\"text-align: justify;\">Gimnazjum Nr 5<\/p>\n<p style=\"text-align: justify;\">oraz tury\u015bci indywidualni m\u0142odsi i starsi&#8230;<\/p>\n<p style=\"text-align: justify;\">Autokarami dojechali\u015bmy w okolic\u0119 Szewni G\u00f3rnej. W\u0119drowc\u00f3w powita\u0142 kol. Edward Przodownik Turystyki Pieszej i przedstawi\u0142 dzisiejszych opiekun\u00f3w: Paw\u0142a oraz Agnieszk\u0119 i Tadeusza przewodnik\u00f3w PTTK.Edward opowiedzia\u0142 o okolicy, pomniku i o bukach.<br \/>\nPozowali\u015bmy do zdj\u0119cia grupowego i wyruszyli\u015bmy na tras\u0119. Pocz\u0105tkowo szli\u015bmy ledwie widoczn\u0105 \u015bcie\u017cyn\u0105 klucz\u0105c mi\u0119dzy drzewami a pod nogali szele\u015bci\u0142y nam\u00a0 li\u015bcie bukowe. Na rozstajnych drogach poczekali\u015bmy na wszystkich. P\u00f3\u017aniej poszli\u015bmy szerok\u0105 le\u015bn\u0105 drog\u0105 stopniowo opadaj\u0105c\u0105 w kierunku p\u00f3\u0142nocnym. Wzg\u00f3rze, po kt\u00f3rym szli\u015bmy ma nazw\u0119 Siwcowa G\u00f3ra. Otacza\u0142y nas lasy bukowe oraz sosnowe. Na rozstajnych drogach by\u0142 odpoczynek. Gdzie\u015b na p\u00f3\u0142nocy by\u0142o s\u0142ycha\u0107 jakby szczekanie, to zapewne zaniepokojony kozio\u0142ek ostrzega\u0142 swoj\u0105 pani\u0105 przed intruzami.<br \/>\nPo gwizdku i policzeniu pociech wyruszyli\u015bmy w dalsz\u0105 w\u0119dr\u00f3wk\u0119. Po przej\u015bciu ok. 1 km okaza\u0142o si\u0119, \u017ce jeden z uczestnik\u00f3w zgubi\u0142 sw\u00f3j telefon kom\u00f3rkowy. Szybka decyzja &#8211; w\u0142a\u015bciciel telefonu pod opiek\u0105 Agnieszki i Tadeusza wracaj\u0105 szuka\u0107 zguby a w tym czasie Edward opowiada grupie roztocza\u0144skie legendy\u00a0 o \u0142osiach. Wreszcie na zakr\u0119cie pokazuje si\u0119 u\u015bmiechni\u0119ty rajdowiec ze znalezionym telefonem i ruszamy w drog\u0119.<br \/>\nDochodzimy do Le\u015bnicz\u00f3wki W\u00f3lka. Tutaj Edward przypomina o zasadach przej\u015bcia grupy po drodze publicznej i idziemy szerokim poboczem do Wierzchowin, przechodzimy przez mostek na Wieprzcu &#8211; dop\u0142ywie Topornicy. Po lewej stronie s\u0105 \u017ar\u00f3d\u0142a tej rzeczki.<\/p>\n<p style=\"text-align: justify;\">Przed \u015bwietlic\u0105 witaj\u0105 nas kierownik Rajdu Kazio i ogromny \u015bw. Miko\u0142aj z dzwoneczkiem i bia\u0142\u0105 brod\u0105. To nic, \u017ce \u015bw. Miko\u0142aj troch\u0119 wyr\u00f3s\u0142 ze spodni. Po powitaniu wchodzimy do \u015bwietlicy &#8211; jest tu czy\u015bciutko schludnie i mi\u0142e panie z Ko\u0142a Gospody\u0144 Wiejskich w Wierzchowinach serdecznie witaj\u0105 nas i zapraszaj\u0105 do picia napoju. Kolega Marian w czapce miko\u0142ajowej piecz\u0119tuje ksi\u0105\u017ceczki OTP i r\u0105cz\u0119ta a jak kto chce to to te\u017c na buziach.<\/p>\n<p style=\"text-align: justify;\">W tym czasie na met\u0119 wchodz\u0105 w\u0119drowcy z II trasy &#8211; dru\u017cyny ze:<\/p>\n<p style=\"text-align: justify;\">Szko\u0142y Podstawowej w Szczebrzeszynie,<\/p>\n<p style=\"text-align: justify;\">Szko\u0142y Podstawowej w Bodaczowie,<\/p>\n<p style=\"text-align: justify;\">Gimnazjum w \u015aredniem Du\u017cem<\/p>\n<p style=\"text-align: justify;\">Uczestnik\u00f3w prowadzili Andrzej i Adam. W\u0119drowali sobie z Wychod\u00f3w po lesie to\u00a0 tam spotykaj\u0105c mn\u00f3stwo \u015blad\u00f3w dzikiej zwierzyny: dzik\u00f3w, saren mo\u017ce jeleni i \u0142osia albo wilka. Na go\u015bci\u0144cu ordynackim by\u0142y tylko \u015blady wozu ale Marysie\u0144ki lub Jana Zamoyskiego nie zobaczyli.<\/p>\n<p style=\"text-align: justify;\">Po kr\u00f3tkim odpoczynku rozpocz\u0119\u0142y si\u0119 tradycyjne konkursy.<br \/>\nDo konkursu krajoznawczego zg\u0142osi\u0142o si\u0119 13 os\u00f3b ale tylko 8 odpowiedzia\u0142o na pytania i to byli laureaci.<br \/>\nPytania by\u0142y \u0142atwe &#8211; np. co to jest s\u0119k? albo co to jest k\u0142adka?<br \/>\nPrzy ognisku Andrzej i Adam prowadzili konkurs &#8211; hit 2015 r. &#8211; rzut prawdziw\u0105 podkow\u0105 do kija. Kolejka do podkowy by\u0142a d\u0142uuuga&#8230; nagrod\u0119 otrzyma\u0142 ka\u017cdy, kto rzuci\u0142 podkow\u0105 najbli\u017cej ko\u0142ka.<br \/>\nP\u00f3\u017aniej na scenie w sali, bo na dworze wia\u0142 nieprzyjemny wiatr &#8211; grupy \u015bpiewa\u0142y piosenki o \u015bw. Miko\u0142aju &#8211; by\u0142 to kolejny konkurs.<br \/>\nRozdano nast\u0119pnie nagrody dla laureat\u00f3w konkurs\u00f3w. \u00a0Kolega Cezary z SP w Szczebrzeszynie otrzyma\u0142 odznak\u0119 br\u0105zow\u0105 OTP &#8211; tym cenniejsz\u0105, bo wr\u0119czon\u0105 przez \u015bw. Miko\u0142aja.<br \/>\n<a href=\"http:\/\/www.zamosc.pttk.pl\/wordpress\/wp-content\/uploads\/2015\/12\/podmikolaj2015.jpg\"><img loading=\"lazy\" decoding=\"async\" class=\" size-thumbnail wp-image-7327 alignleft\" src=\"http:\/\/www.zamosc.pttk.pl\/wordpress\/wp-content\/uploads\/2015\/12\/podmikolaj2015-158x200.jpg\" alt=\"podmikolaj2015\" width=\"158\" height=\"200\" srcset=\"https:\/\/zamosc.pttk.pl\/wordpress\/wp-content\/uploads\/2015\/12\/podmikolaj2015-158x200.jpg 158w, https:\/\/zamosc.pttk.pl\/wordpress\/wp-content\/uploads\/2015\/12\/podmikolaj2015-237x300.jpg 237w, https:\/\/zamosc.pttk.pl\/wordpress\/wp-content\/uploads\/2015\/12\/podmikolaj2015-808x1024.jpg 808w, https:\/\/zamosc.pttk.pl\/wordpress\/wp-content\/uploads\/2015\/12\/podmikolaj2015-900x1140.jpg 900w, https:\/\/zamosc.pttk.pl\/wordpress\/wp-content\/uploads\/2015\/12\/podmikolaj2015.jpg 1024w\" sizes=\"auto, (max-width: 158px) 100vw, 158px\" \/><\/a>Kolega Kazio wr\u0119czy\u0142 podzi\u0119kowanie dla pa\u0144 z Ko\u0142a Gospody\u0144 z Wierzchowin oraz z\u0142o\u017cy\u0142 \u017cyczenia \u015bwi\u0105teczne i zaprosi\u0142 na Rajdy w przysz\u0142y roku.<\/p>\n<p style=\"text-align: justify;\">P\u00f3\u017aniej odby\u0142a si\u0119 najwa\u017cniejsza cz\u0119\u015b\u0107 rajdu &#8211; \u015bw. Miko\u0142aj wr\u0119cza\u0142 s\u0142odkie upominki dla wszystkich uczestnik\u00f3w Rajdu. By\u0142y wierszyki i zapewnienia, \u017ce wszyscy byli grzeczni i zas\u0142ugiwali na prezenty od \u015bw. Miko\u0142aja. By\u0142a te\u017c sesja fotograficzna ze \u015bw. Miko\u0142ajem.<br \/>\nP\u00f3\u017aniej dowiedzieli\u015bmy si\u0119, \u017ce \u015bw. Miko\u0142aj ma drugie imi\u0119 Krzysio.<\/p>\n<p style=\"text-align: justify;\">U\u015bmiechni\u0119ci i pe\u0142ni wra\u017ce\u0144 rajdowych wr\u00f3cili\u015bmy do swoich dom\u00f3w. W Rajdzie uczestniczy\u0142y 182 osoby.<\/p>\n<p style=\"text-align: justify;\">Dzi\u0119kujemy bardzo Obs\u0142udze Rajdu, Paniom z Wierzchowin i kierowcom autokar\u00f3w za wspania\u0142\u0105 organizacj\u0119 i pomoc.<\/p>\n<p>&nbsp;<\/p>\n<hr \/>\n<p>&nbsp;<\/p>\n<p>[huge_it_slider id=&#8221;53&#8243;]<\/p>\n","protected":false},"excerpt":{"rendered":"<p>Wspomnienia rajdowe W sobot\u0119 5 grudnia tu\u017c przed \u015bw. Miko\u0142ajem wyruszyli\u015bmy na wspania\u0142\u0105 w\u0119dr\u00f3wk\u0119 po Roztoczu.S\u0142oneczko \u015bwieci\u0142o i niebieskie niebo by\u0142o nad nad nami Na trasie I w\u0119drowa\u0142y dru\u017cyny m\u0142odzie\u017cy ze szk\u00f3\u0142 zamojskich: Szko\u0142a Podstawowej Nr 3 Szko\u0142a Podstawowa Nr &hellip; <a class=\"more-link\" href=\"https:\/\/zamosc.pttk.pl\/wordpress\/?page_id=7202\">Czytaj dalej <span class=\"meta-nav\">&rarr;<\/span><\/a><\/p>\n","protected":false},"author":1,"featured_media":0,"parent":0,"menu_order":0,"comment_status":"closed","ping_status":"closed","template":"","meta":{"footnotes":""},"class_list":["post-7202","page","type-page","status-publish","hentry"],"_links":{"self":[{"href":"https:\/\/zamosc.pttk.pl\/wordpress\/index.php?rest_route=\/wp\/v2\/pages\/7202","targetHints":{"allow":["GET"]}}],"collection":[{"href":"https:\/\/zamosc.pttk.pl\/wordpress\/index.php?rest_route=\/wp\/v2\/pages"}],"about":[{"href":"https:\/\/zamosc.pttk.pl\/wordpress\/index.php?rest_route=\/wp\/v2\/types\/page"}],"author":[{"embeddable":true,"href":"https:\/\/zamosc.pttk.pl\/wordpress\/index.php?rest_route=\/wp\/v2\/users\/1"}],"replies":[{"embeddable":true,"href":"https:\/\/zamosc.pttk.pl\/wordpress\/index.php?rest_route=%2Fwp%2Fv2%2Fcomments&post=7202"}],"version-history":[{"count":10,"href":"https:\/\/zamosc.pttk.pl\/wordpress\/index.php?rest_route=\/wp\/v2\/pages\/7202\/revisions"}],"predecessor-version":[{"id":7339,"href":"https:\/\/zamosc.pttk.pl\/wordpress\/index.php?rest_route=\/wp\/v2\/pages\/7202\/revisions\/7339"}],"wp:attachment":[{"href":"https:\/\/zamosc.pttk.pl\/wordpress\/index.php?rest_route=%2Fwp%2Fv2%2Fmedia&parent=7202"}],"curies":[{"name":"wp","href":"https:\/\/api.w.org\/{rel}","templated":true}]}}