{"id":6965,"date":"2015-11-07T19:45:33","date_gmt":"2015-11-07T18:45:33","guid":{"rendered":"http:\/\/www.zamosc.pttk.pl\/wordpress\/?page_id=6965"},"modified":"2015-11-10T20:24:48","modified_gmt":"2015-11-10T19:24:48","slug":"rajd-losiowy-czlapu-czlap","status":"publish","type":"page","link":"https:\/\/zamosc.pttk.pl\/wordpress\/?page_id=6965","title":{"rendered":"Rajd \u0141osiowy Cz\u0142apu cz\u0142ap"},"content":{"rendered":"<p>Organizatorzy PTTK Oddzia\u0142 w Zamo\u015b\u0107, Klub im. M. Pieszki, Grupa Turystyczna Roztocze. Ilo\u015b\u0107 uczestnik\u00f3w 22 z Zamo\u015bcia, Lubaczowa, \u015awidnika, Szczebrzeszyna i Krynic.<\/p>\n<p>7 Listopada 2015 r. Trasa 7,6 km \u0141osiniec &#8211; Znikaj\u0105cy Krzy\u017c -Pomnik J. Pi\u0142sudskiego pod Zawadkami &#8211; \u017ar\u00f3dlisko We\u0142nianki &#8211; W\u00f3lka \u0141osiniecka &#8211; Cyga\u0144skie Ogrody &#8211; Cmentarz wojenny w \u0141osi\u0144cu &#8211; \u0141osiniec &#8211; Karczma Siwa Dolina &#8211; rajdowa biesiada.<\/p>\n<p>W czasie rajdu opowiadali: Edward S\u0142oniewski, Kazimierz Dziok, Krzysztof Malec &#8211; zamojscy przewodnicy PTTK<\/p>\n<p>Czas trwania Rajdu 3 godz. 59 minut 29 sek.<\/p>\n<p>Czas w\u0119dr\u00f3wki 2 godz. 18 minut 11 sek.<\/p>\n<p>Czas postoju 1 godz. 41 minut 18 sek.<\/p>\n<p>\u015arednia pr\u0119dko\u015b\u0107 podr\u00f3\u017cna 1,91 km\/godz.<\/p>\n<p>\u015arednia pr\u0119dko\u015b\u0107 ruchu 3,3 km\/godz<\/p>\n<p>R\u00f3\u017cnica wysoko\u015bci 58 m (od 253 m npm \u0141osiniec do 311 m npm Znikaj\u0105cy Krzy\u017c)<\/p>\n<hr \/>\n<p>&nbsp;<\/p>\n<p>[huge_it_slider id=&#8221;51&#8243;]<\/p>\n","protected":false},"excerpt":{"rendered":"<p>Organizatorzy PTTK Oddzia\u0142 w Zamo\u015b\u0107, Klub im. M. Pieszki, Grupa Turystyczna Roztocze. Ilo\u015b\u0107 uczestnik\u00f3w 22 z Zamo\u015bcia, Lubaczowa, \u015awidnika, Szczebrzeszyna i Krynic. 7 Listopada 2015 r. Trasa 7,6 km \u0141osiniec &#8211; Znikaj\u0105cy Krzy\u017c -Pomnik J. Pi\u0142sudskiego pod Zawadkami &#8211; \u017ar\u00f3dlisko &hellip; <a class=\"more-link\" href=\"https:\/\/zamosc.pttk.pl\/wordpress\/?page_id=6965\">Czytaj dalej <span class=\"meta-nav\">&rarr;<\/span><\/a><\/p>\n","protected":false},"author":1,"featured_media":0,"parent":0,"menu_order":0,"comment_status":"closed","ping_status":"closed","template":"","meta":{"footnotes":""},"class_list":["post-6965","page","type-page","status-publish","hentry"],"_links":{"self":[{"href":"https:\/\/zamosc.pttk.pl\/wordpress\/index.php?rest_route=\/wp\/v2\/pages\/6965","targetHints":{"allow":["GET"]}}],"collection":[{"href":"https:\/\/zamosc.pttk.pl\/wordpress\/index.php?rest_route=\/wp\/v2\/pages"}],"about":[{"href":"https:\/\/zamosc.pttk.pl\/wordpress\/index.php?rest_route=\/wp\/v2\/types\/page"}],"author":[{"embeddable":true,"href":"https:\/\/zamosc.pttk.pl\/wordpress\/index.php?rest_route=\/wp\/v2\/users\/1"}],"replies":[{"embeddable":true,"href":"https:\/\/zamosc.pttk.pl\/wordpress\/index.php?rest_route=%2Fwp%2Fv2%2Fcomments&post=6965"}],"version-history":[{"count":7,"href":"https:\/\/zamosc.pttk.pl\/wordpress\/index.php?rest_route=\/wp\/v2\/pages\/6965\/revisions"}],"predecessor-version":[{"id":7112,"href":"https:\/\/zamosc.pttk.pl\/wordpress\/index.php?rest_route=\/wp\/v2\/pages\/6965\/revisions\/7112"}],"wp:attachment":[{"href":"https:\/\/zamosc.pttk.pl\/wordpress\/index.php?rest_route=%2Fwp%2Fv2%2Fmedia&parent=6965"}],"curies":[{"name":"wp","href":"https:\/\/api.w.org\/{rel}","templated":true}]}}