{"id":6407,"date":"2015-09-19T19:29:04","date_gmt":"2015-09-19T17:29:04","guid":{"rendered":"http:\/\/www.zamosc.pttk.pl\/wordpress\/?page_id=6407"},"modified":"2015-09-20T16:32:14","modified_gmt":"2015-09-20T14:32:14","slug":"41-rajd-milosnikow-roztocza","status":"publish","type":"page","link":"https:\/\/zamosc.pttk.pl\/wordpress\/?page_id=6407","title":{"rendered":"41 Rajd &#8222;Mi\u0142o\u015bnik\u00f3w Roztocza&#8221;"},"content":{"rendered":"<p>Galeria Edwarda<\/p>\n<p>[huge_it_slider id=&#8221;46&#8243;]<\/p>\n<p>&nbsp;<\/p>\n<p>&nbsp;<\/p>\n<p>&nbsp;<\/p>\n<p>&nbsp;<\/p>\n<p>&nbsp;<\/p>\n<p>&nbsp;<\/p>\n<p>&nbsp;<\/p>\n<p>&nbsp;<\/p>\n<p>&nbsp;<\/p>\n<p>&nbsp;<\/p>\n<p>&nbsp;<\/p>\n<p>&nbsp;<\/p>\n<p>&nbsp;<\/p>\n<p>&nbsp;<\/p>\n<p>&nbsp;<\/p>\n<p>&nbsp;<\/p>\n<p>&nbsp;<\/p>\n<p>&nbsp;<\/p>\n<p>&nbsp;<\/p>\n<p>&nbsp;<\/p>\n<p style=\"text-align: left;\">Galeria Janusza<\/p>\n<p style=\"text-align: left;\">[huge_it_slider id=&#8221;47&#8243;]<\/p>\n<p style=\"text-align: left;\"><a href=\"http:\/\/www.zamosc.pttk.pl\/wordpress\/wp-content\/uploads\/2015\/09\/podziekoww.jpg\"><img loading=\"lazy\" decoding=\"async\" class=\" size-thumbnail wp-image-6488 alignleft\" src=\"http:\/\/www.zamosc.pttk.pl\/wordpress\/wp-content\/uploads\/2015\/09\/podziekoww-158x200.jpg\" alt=\"podziekoww\" width=\"158\" height=\"200\" srcset=\"https:\/\/zamosc.pttk.pl\/wordpress\/wp-content\/uploads\/2015\/09\/podziekoww-158x200.jpg 158w, https:\/\/zamosc.pttk.pl\/wordpress\/wp-content\/uploads\/2015\/09\/podziekoww-237x300.jpg 237w, https:\/\/zamosc.pttk.pl\/wordpress\/wp-content\/uploads\/2015\/09\/podziekoww.jpg 800w\" sizes=\"auto, (max-width: 158px) 100vw, 158px\" \/><\/a><a href=\"http:\/\/www.zamosc.pttk.pl\/wordpress\/wp-content\/uploads\/2015\/09\/podziekowds.jpg\"><img loading=\"lazy\" decoding=\"async\" class=\" size-thumbnail wp-image-6489 alignright\" src=\"http:\/\/www.zamosc.pttk.pl\/wordpress\/wp-content\/uploads\/2015\/09\/podziekowds-158x200.jpg\" alt=\"podziekowds\" width=\"158\" height=\"200\" srcset=\"https:\/\/zamosc.pttk.pl\/wordpress\/wp-content\/uploads\/2015\/09\/podziekowds-158x200.jpg 158w, https:\/\/zamosc.pttk.pl\/wordpress\/wp-content\/uploads\/2015\/09\/podziekowds-237x300.jpg 237w, https:\/\/zamosc.pttk.pl\/wordpress\/wp-content\/uploads\/2015\/09\/podziekowds.jpg 800w\" sizes=\"auto, (max-width: 158px) 100vw, 158px\" \/><\/a><\/p>\n<hr \/>\n<p>&nbsp;<\/p>\n<p>&nbsp;<\/p>\n<p>&nbsp;<\/p>\n<p>&nbsp;<\/p>\n<p>&nbsp;<\/p>\n<p>&nbsp;<\/p>\n<p>&nbsp;<\/p>\n<p>&nbsp;<\/p>\n<p>&nbsp;<\/p>\n<p>&nbsp;<\/p>\n<p>&nbsp;<\/p>\n<p>&nbsp;<\/p>\n<p>&nbsp;<\/p>\n<p>&nbsp;<\/p>\n<p>&nbsp;<\/p>\n<p>&nbsp;<\/p>\n<p>&nbsp;<\/p>\n<p style=\"text-align: justify;\">W sobot\u0119 z rana 19 wrze\u015bnia przez Zamo\u015b\u0107 i Roztocze przetacza\u0142 si\u0119 front burzowy &#8211; hucza\u0142o i pada\u0142 rz\u0119sisty deszcz.<\/p>\n<p style=\"text-align: justify;\">Oko\u0142o godz. 8-ej nie\u015bmia\u0142o pokaza\u0142o si\u0119 s\u0142oneczko.<\/p>\n<p style=\"text-align: justify;\">Bardzo sprawnie wsiedli\u015bmy do autokar\u00f3w i pojechali\u015bmy na Roztocze. Po drodze gdzie\u015b pod Tereszpolem jeszcze popada\u0142 deszczyk taki letni jeszcze kapu\u015bniaczek a na starcie ju\u017c by\u0142o fajnie &#8211; chocia\u017c pochmurno ale ciep\u0142o&#8230;<\/p>\n<p style=\"text-align: justify;\">Trasa 1 wyruszy\u0142a na spod kaplicy w Sochach w gm. Zwierzyniec. W czasie w\u0119dr\u00f3wki przez Roztocza\u0144ski Park Narodowy odwiedzili Floriank\u0119, na kt\u00f3rej ro\u015bnie d\u0105b Florian, mieszkaj\u0105 koniki polskie oraz becz\u0105ce owce uhruskie. Uczestnicy w\u0119drowali pod opiek\u0105\u00a0 PTP Andrzeja Dziaduszka i przew. Paw\u0142a Komana<\/p>\n<p style=\"text-align: justify;\">Trasa 2 wyruszy\u0142a spod \u017ar\u00f3de\u0142ka w G\u00f3recku Starym w gm. J\u00f3zef\u00f3w pod opiek\u0105 PTP: Edwarda S\u0142oniewskiego i Kazimierza Dzioka. W\u0119drowali\u015bmy pocz\u0105tkowo szlakiem kraw\u0119dziowym &#8211; czerwonym, p\u00f3\u017aniej wdrapali\u015bmy si\u0119 na Wysok\u0105 G\u00f3r\u0119 &#8211; wspania\u0142y punkt widokowy na Roztoczu \u015arodkowym.<\/p>\n<p style=\"text-align: justify;\">Na wschodzie zobaczyli\u015bmy wysmuk\u0142e jod\u0142y na Kamiennej G\u00f3rze (RPN) . Tam znajduje si\u0119 P\u0142acz\u0105cy Kamie\u0144. Obok obni\u017cenie &#8211; tam jest Florianka, gdzie ro\u015bnie d\u0105b Florian. Bardziej na p\u00f3\u0142noc we mgle majaczy\u0142y wzg\u00f3rza w okolicach Zwierzy\u0144ca. Na zachodzie niewiele zobaczyli\u015bmy, bo mg\u0142a skry\u0142a Puszcz\u0119 Solsk\u0105. Na po\u0142udniu zobaczyli\u015bmy Brzezi\u0144sk\u0105 G\u00f3r\u0119, gdzie kiedy\u015b znaleziono \u015blady roztocza\u0144skich dinozaur\u00f3w.<\/p>\n<p style=\"text-align: justify;\">Z g\u00f3ry poszli\u015bmy na p\u00f3\u0142noc, po drodze kusi\u0142y nas dorodne tarki. Kto spr\u00f3bowa\u0142 to zaraz mia\u0142 nieciekaw\u0105 \u00a0min\u0119, bo owoce s\u0105 cierpkie i j\u0119zyk \u201eko\u0142kiem staje\u201d. Doszli\u015bmy do bia\u0142ej figury znajduj\u0105cej si\u0119 na granicy parafii. Przed chwil\u0105 z tego miejsca odesz\u0142a trasa I. \u00a0Kilku uczestnik\u00f3w szuka\u0142o grzyb\u00f3w &#8211; znaleziono ma\u015blaki i prawdziwki.<\/p>\n<p style=\"text-align: justify;\">Tutaj by\u0142 kr\u00f3tki odpoczynek, z ciekawo\u015bci\u0105 obejrzeli\u015bmy ogromny ja\u0142owiec.\u00a0 Dalej pow\u0119drowali\u015bmy szlakiem pieszym zielonym im. Aleksandry Wachniewskiej na skraj Tereszpola-Jurdygi. Tutaj do naszej grupy do\u0142\u0105czy\u0142 \u00a0przyjazny piesek. Weso\u0142o merda\u0142 ogonkiem, pozwala\u0142 si\u0119 pog\u0142aska\u0107 \u00a0i prowadzi\u0142 nas le\u015bn\u0105 drog\u0105 omijaj\u0105c\u0105 wysok\u0105 wydm\u0119 do Tereszpola-Kukie\u0142ek. Przed sam\u0105 wiosk\u0105 napad\u0142y go 2 psy ale zwyci\u0119sko wyszed\u0142 z opresji. P\u00f3\u017aniej w\u0119drowali\u015bmy drog\u0105 asfaltow\u0105 prowadz\u0105c\u0105 poza op\u0142otkami wioski. By\u0142o tam wiele zakr\u0119t\u00f3w. Przy ko\u0144cu drogi wszyscy zainteresowali si\u0119 lustrem drogowym. Kilka os\u00f3b robi\u0142o sobie zdj\u0119cia &#8211; swoje odbicia w lustrze.<\/p>\n<p style=\"text-align: justify;\">Na mecie \u00a0przy Zespole Szk\u00f3\u0142 Samorz\u0105dowych w Tereszpolu-Kukie\u0142kach uczestnik\u00f3w &#8211; rajdowicz\u00f3w powita\u0142 kol. Janusz Kapecki i przedstawi\u0142 nam gospodarza Gminy Tereszpol pana Jacka Pawluka. Pan W\u00f3jt przywi\u00f3z\u0142 materia\u0142y krajoznawcze o Gminie Tereszpol, drewno na ognisko oraz nag\u0142o\u015bnienie. Serdecznie dzi\u0119kujemy za pomoc w organizacji naszego Rajdu. Pani Dyrektor Szko\u0142y Bogumi\u0142a Kukie\u0142ka udost\u0119pni\u0142a nam sanitariaty i mo\u017cliwo\u015b\u0107 przygotowania napoj\u00f3w. Serdecznie dzi\u0119kujemy.<\/p>\n<p style=\"text-align: justify;\">Nieco zm\u0119czeni uczestnicy chwil\u0119 odpoczywali. Dziewczyny pootwiera\u0142y plecaki i posila\u0142y si\u0119. Chwil\u0119 nieuwagi wykorzysta\u0142 piesek-w\u0119drowniczek i w plecaku znalaz\u0142 kie\u0142bask\u0119, kt\u00f3ra mia\u0142a by\u0107 upieczona na ognisku. Piesek nie chcia\u0142 czeka\u0107 na upieczenie kie\u0142baski tylko natychmiast j\u0105 zjad\u0142 wypluwaj\u0105c reszt\u0119 folii.<\/p>\n<p style=\"text-align: justify;\">By\u0142a w\u0142a\u015bcicielka kie\u0142baski wcale si\u0119 na niego nie pogniewa\u0142a&#8230;<\/p>\n<p style=\"text-align: justify;\">Po chwili rozpocz\u0119\u0142y si\u0119 tradycyjne konkursy. Pierwszy konkurs krajoznawczy prowadzi\u0142 kol. Edward S\u0142oniewski. Pytania dla 10 uczestnik\u00f3w nie by\u0142y trudne chocia\u017c czasami zaskakuj\u0105ce, np. co to jest p\u0142ot?<\/p>\n<p style=\"text-align: justify;\">Konkurs piosenki (indywidualny i grupowy) poprowadzi\u0142a kol. Ala Harkot. \u015apiewano troch\u0119 \u0142adnie a czasem nieco&#8230;jak to bywa na rajdach&#8230;<\/p>\n<p style=\"text-align: justify;\">Du\u017cym powodzeniem cieszy\u0142 si\u0119 konkurs sprawno\u015bciowy &#8211; rzut prawdziw\u0105 podkow\u0105 ko\u0144sk\u0105 na odleg\u0142o\u015b\u0107 8 krok\u00f3w z zadaniem trafienia w kija lub okr\u0105g o \u015brednicy 80 cm. Mimo, \u017ce startowa\u0142o ponad 30 uczestnik\u00f3w tylko 4 osoby trafi\u0142y w okr\u0105g &#8211; w tym 3 dziewczyny.<\/p>\n<p style=\"text-align: justify;\">Kol. Janusz Kapecki wr\u0119czy\u0142 br\u0105zow\u0105 odznak\u0119 OTP kol. Mazepie z Gimnazjum w \u015aredniem Du\u017cem<\/p>\n<p style=\"text-align: justify;\">P\u00f3\u017aniej rozdano zwyci\u0119zcom konkurs\u00f3w nagrody i materia\u0142y krajoznawcze od Pana W\u00f3jta. Wr\u0119czyli\u015bmy podzi\u0119kowania Gospodarzom.<\/p>\n<p style=\"text-align: justify;\">Kierownik Rajdu zaprosi\u0142 uczestnik\u00f3w na nast\u0119pny rajd w pa\u017adzierniku &#8211; Rydz na Patelni z met\u0105 w D\u0142ugim K\u0105cie.<\/p>\n<p style=\"text-align: justify;\">W rajdzie uczestniczy\u0142a m\u0142odzie\u017c wraz z opiekunami z nast\u0119puj\u0105cych szk\u00f3\u0142:<\/p>\n<p style=\"text-align: justify;\">Szko\u0142a Podstawowa Nr 4 w Zamo\u015bciu<\/p>\n<p style=\"text-align: justify;\">Gimnazjum Nr 3 w Zamo\u015bciu<\/p>\n<p style=\"text-align: justify;\">Zesp\u00f3\u0142 Szk\u00f3\u0142 Katolickich w Zamo\u015bciu<\/p>\n<p style=\"text-align: justify;\">Szko\u0142a Podstawowa Nr 3 w Zamo\u015bciu &#8211; najliczniejsza grupa (52 uczestnik\u00f3w)<\/p>\n<p style=\"text-align: justify;\">Szko\u0142a Podstawowa Nr 7 w Zamo\u015bciu<\/p>\n<p style=\"text-align: justify;\">Szko\u0142a Podstawowa Nr 10 w Zamo\u015bciu<\/p>\n<p style=\"text-align: justify;\">Szko\u0142a Podstawowa w Bodaczowie<\/p>\n<p style=\"text-align: justify;\">Szko\u0142a Podstawowa w Szczebrzeszynie<\/p>\n<p style=\"text-align: justify;\">Gimnazjum w \u015aredniem Du\u017cem<\/p>\n<p style=\"text-align: justify;\">Serdecznie dzi\u0119kujemy Paniom i Panom opiekunom m\u0142odzie\u017cy<\/p>\n<p style=\"text-align: justify;\">oraz spora grupka turyst\u00f3w indywidualnych z kijkami \u00a0NW i bez&#8230;starszych i m\u0142odszych przyprowadzonych przez Gienia i Zbyszka.<\/p>\n<p style=\"text-align: justify;\">W rajdzie wzi\u0119\u0142o udzia\u0142 198 os\u00f3b i 2 psy&#8230;<\/p>\n<p style=\"text-align: justify;\">Na rajd zawioz\u0142y nas autokary z firm p. Borka i p. Jezierskiego &#8211; dzi\u0119kujemy.<\/p>\n<p style=\"text-align: justify;\">Serdeczne podzi\u0119kowania dla Kadry obs\u0142uguj\u0105cej\u00a0 41 Rajd \u201eMi\u0142o\u015bnik\u00f3w Roztocza\u201d<\/p>\n","protected":false},"excerpt":{"rendered":"<p>Galeria Edwarda [huge_it_slider id=&#8221;46&#8243;] &nbsp; &nbsp; &nbsp; &nbsp; &nbsp; &nbsp; &nbsp; &nbsp; &nbsp; &nbsp; &nbsp; &nbsp; &nbsp; &nbsp; &nbsp; &nbsp; &nbsp; &nbsp; &nbsp; &nbsp; Galeria Janusza [huge_it_slider id=&#8221;47&#8243;] &nbsp; &nbsp; &nbsp; &nbsp; &nbsp; &nbsp; &nbsp; &nbsp; &nbsp; &nbsp; &nbsp; &nbsp; &hellip; <a class=\"more-link\" href=\"https:\/\/zamosc.pttk.pl\/wordpress\/?page_id=6407\">Czytaj dalej <span class=\"meta-nav\">&rarr;<\/span><\/a><\/p>\n","protected":false},"author":1,"featured_media":0,"parent":0,"menu_order":0,"comment_status":"closed","ping_status":"closed","template":"","meta":{"footnotes":""},"class_list":["post-6407","page","type-page","status-publish","hentry"],"_links":{"self":[{"href":"https:\/\/zamosc.pttk.pl\/wordpress\/index.php?rest_route=\/wp\/v2\/pages\/6407","targetHints":{"allow":["GET"]}}],"collection":[{"href":"https:\/\/zamosc.pttk.pl\/wordpress\/index.php?rest_route=\/wp\/v2\/pages"}],"about":[{"href":"https:\/\/zamosc.pttk.pl\/wordpress\/index.php?rest_route=\/wp\/v2\/types\/page"}],"author":[{"embeddable":true,"href":"https:\/\/zamosc.pttk.pl\/wordpress\/index.php?rest_route=\/wp\/v2\/users\/1"}],"replies":[{"embeddable":true,"href":"https:\/\/zamosc.pttk.pl\/wordpress\/index.php?rest_route=%2Fwp%2Fv2%2Fcomments&post=6407"}],"version-history":[{"count":28,"href":"https:\/\/zamosc.pttk.pl\/wordpress\/index.php?rest_route=\/wp\/v2\/pages\/6407\/revisions"}],"predecessor-version":[{"id":6560,"href":"https:\/\/zamosc.pttk.pl\/wordpress\/index.php?rest_route=\/wp\/v2\/pages\/6407\/revisions\/6560"}],"wp:attachment":[{"href":"https:\/\/zamosc.pttk.pl\/wordpress\/index.php?rest_route=%2Fwp%2Fv2%2Fmedia&parent=6407"}],"curies":[{"name":"wp","href":"https:\/\/api.w.org\/{rel}","templated":true}]}}