{"id":6252,"date":"2015-08-07T07:44:52","date_gmt":"2015-08-07T05:44:52","guid":{"rendered":"http:\/\/www.zamosc.pttk.pl\/wordpress\/?page_id=6252"},"modified":"2015-08-30T21:08:18","modified_gmt":"2015-08-30T19:08:18","slug":"program-sesji-krajoznawczej-2015","status":"publish","type":"page","link":"https:\/\/zamosc.pttk.pl\/wordpress\/?page_id=6252","title":{"rendered":"Program Sesji Krajoznawczej 2015"},"content":{"rendered":"<p><a href=\"http:\/\/www.zamosc.pttk.pl\/wordpress\/wp-content\/uploads\/2015\/08\/logo3kol85.png\"><img loading=\"lazy\" decoding=\"async\" class=\" size-thumbnail wp-image-6255 alignleft\" src=\"http:\/\/www.zamosc.pttk.pl\/wordpress\/wp-content\/uploads\/2015\/08\/logo3kol85-200x200.png\" alt=\"logo3kol85\" width=\"200\" height=\"200\" srcset=\"https:\/\/zamosc.pttk.pl\/wordpress\/wp-content\/uploads\/2015\/08\/logo3kol85-200x200.png 200w, https:\/\/zamosc.pttk.pl\/wordpress\/wp-content\/uploads\/2015\/08\/logo3kol85-300x300.png 300w, https:\/\/zamosc.pttk.pl\/wordpress\/wp-content\/uploads\/2015\/08\/logo3kol85-144x144.png 144w, https:\/\/zamosc.pttk.pl\/wordpress\/wp-content\/uploads\/2015\/08\/logo3kol85.png 770w\" sizes=\"auto, (max-width: 200px) 100vw, 200px\" \/><\/a>Program obchod\u00f3w 85 rocznicy powstania Oddzia\u0142u PTK &#8211; PTTK w Zamo\u015bciu<\/p>\n<p>&nbsp;<\/p>\n<p><strong>Pi\u0105tek 28 sierpnia<\/strong><\/p>\n<p>o godz. 16.30 spotkanie w sali Koncertowej Muzeum Zamojskiego (wej\u015bcie od Rynku Solnego)<\/p>\n<ol>\n<li>Z kart historii Oddzia\u0142u PTTK w Zamo\u015bciu<\/li>\n<li>Wr\u0119czenie dyplom\u00f3w Komisji Krajoznawczej Zarz\u0105du G\u0142\u00f3wnego PTTK<\/li>\n<li>Gaw\u0119da o osobliwo\u015bciach geologicznych w powiecie zamojskim.<\/li>\n<\/ol>\n<p>&nbsp;<\/p>\n<p>&nbsp;<\/p>\n<p><strong>Sobota 29 sierpnia<\/strong><\/p>\n<p>Sesja krajoznawcza \u201eOsobliwo\u015bci geologiczne w powiecie zamojskim\u201d<\/p>\n<p>Wyjazd autokaru o godz. 8.30 (tradycyjnie) z parkingu przy ul. Partyzant\u00f3w w Zamo\u015bciu<\/p>\n<ol>\n<li>Przej\u015bcie piesze ze Starej Huty (\u015bcie\u017ckami spacerowymi &#8211; czerwon\u0105 i niebiesk\u0105) &#8211; tak ok. 5 km. W programie zagl\u0105danie do jam na zewn\u0105trz. Opowie\u015bci o tajemnicach wzg\u00f3rza Senderki i czakramie roztocza\u0144skim.<\/li>\n<\/ol>\n<p>Kole\u017canki b\u0119d\u0105 mog\u0142y nawet ten kamie\u0144 poca\u0142owa\u0107, bo przynosi szcz\u0119\u015bcie w mi\u0142o\u015bci i pozwala na zachowanie m\u0142odzie\u0144czej urody.<\/p>\n<ol start=\"2\">\n<li>Spotkanie z konsumpcj\u0105 jad\u0142a (roztocza\u0144skiego) nad roztocza\u0144skim strumieniem i pogaduszki.<\/li>\n<li>Powr\u00f3t do Zamo\u015bcia w godz. popo\u0142udniowych<\/li>\n<\/ol>\n<p>Koszty autokaru b\u0119d\u0105 sfinansowane z dotacji celowej Powiatu Zamojskiego.<\/p>\n<p>Impreza ma charakter promocyjny i szkoleniowy.<\/p>\n<p><strong>Zapraszamy szczeg\u00f3lnie: Przewodnik\u00f3w PTTK, Kadr\u0119 oraz cz\u0142onk\u00f3w PTTK i ich rodziny,<\/strong><\/p>\n<p>Wspomnienia z Sesji Krajoznawczej<\/p>\n<p>[huge_it_slider id=&#8221;45&#8243;]<\/p>\n","protected":false},"excerpt":{"rendered":"<p>Program obchod\u00f3w 85 rocznicy powstania Oddzia\u0142u PTK &#8211; PTTK w Zamo\u015bciu &nbsp; Pi\u0105tek 28 sierpnia o godz. 16.30 spotkanie w sali Koncertowej Muzeum Zamojskiego (wej\u015bcie od Rynku Solnego) Z kart historii Oddzia\u0142u PTTK w Zamo\u015bciu Wr\u0119czenie dyplom\u00f3w Komisji Krajoznawczej Zarz\u0105du &hellip; <a class=\"more-link\" href=\"https:\/\/zamosc.pttk.pl\/wordpress\/?page_id=6252\">Czytaj dalej <span class=\"meta-nav\">&rarr;<\/span><\/a><\/p>\n","protected":false},"author":1,"featured_media":0,"parent":0,"menu_order":0,"comment_status":"closed","ping_status":"closed","template":"","meta":{"footnotes":""},"class_list":["post-6252","page","type-page","status-publish","hentry"],"_links":{"self":[{"href":"https:\/\/zamosc.pttk.pl\/wordpress\/index.php?rest_route=\/wp\/v2\/pages\/6252","targetHints":{"allow":["GET"]}}],"collection":[{"href":"https:\/\/zamosc.pttk.pl\/wordpress\/index.php?rest_route=\/wp\/v2\/pages"}],"about":[{"href":"https:\/\/zamosc.pttk.pl\/wordpress\/index.php?rest_route=\/wp\/v2\/types\/page"}],"author":[{"embeddable":true,"href":"https:\/\/zamosc.pttk.pl\/wordpress\/index.php?rest_route=\/wp\/v2\/users\/1"}],"replies":[{"embeddable":true,"href":"https:\/\/zamosc.pttk.pl\/wordpress\/index.php?rest_route=%2Fwp%2Fv2%2Fcomments&post=6252"}],"version-history":[{"count":11,"href":"https:\/\/zamosc.pttk.pl\/wordpress\/index.php?rest_route=\/wp\/v2\/pages\/6252\/revisions"}],"predecessor-version":[{"id":6364,"href":"https:\/\/zamosc.pttk.pl\/wordpress\/index.php?rest_route=\/wp\/v2\/pages\/6252\/revisions\/6364"}],"wp:attachment":[{"href":"https:\/\/zamosc.pttk.pl\/wordpress\/index.php?rest_route=%2Fwp%2Fv2%2Fmedia&parent=6252"}],"curies":[{"name":"wp","href":"https:\/\/api.w.org\/{rel}","templated":true}]}}