{"id":5962,"date":"2015-06-26T19:02:58","date_gmt":"2015-06-26T17:02:58","guid":{"rendered":"http:\/\/www.zamosc.pttk.pl\/wordpress\/?page_id=5962"},"modified":"2015-07-12T15:29:53","modified_gmt":"2015-07-12T13:29:53","slug":"wycieczka-po-roztoczu-wschodnim-rawskim","status":"publish","type":"page","link":"https:\/\/zamosc.pttk.pl\/wordpress\/?page_id=5962","title":{"rendered":"Wycieczka po Roztoczu Wschodnim (Rawskim)"},"content":{"rendered":"<p>Termin:<\/p>\n<p><span style=\"text-decoration: underline;\"><span style=\"font-size: 14px;\">11 lipca (sobota)<\/span>\u00a0<\/span><\/p>\n<p><span style=\"font-size: 14px;\">Wspomnienia z wycieczki<\/span><\/p>\n<p>[huge_it_slider id=&#8221;44&#8243;]<\/p>\n<p>&nbsp;<\/p>\n<p>&nbsp;<\/p>\n<p>&nbsp;<\/p>\n<p>&nbsp;<\/p>\n<p>&nbsp;<\/p>\n<p>&nbsp;<\/p>\n<p>&nbsp;<\/p>\n<p>&nbsp;<\/p>\n<p>&nbsp;<\/p>\n<p>&nbsp;<\/p>\n<p>&nbsp;<\/p>\n<p>&nbsp;<\/p>\n<p>&nbsp;<\/p>\n<p><span style=\"font-size: 15px;\">Trasa wycieczki;<\/span><\/p>\n<p><span style=\"font-size: 15px;\">Zamo\u015b\u0107 &#8211; Hrebenne &#8211; Krech\u00f3w &#8211; \u017b\u00f3\u0142kiew &#8211; Magier\u00f3w &#8211; Monastyrek &#8211; \u0179r\u00f3d\u0142o Maruszka &#8211; Potylicz &#8211; Rawa Ruska &#8211; Zamo\u015b\u0107<\/span><\/p>\n<p style=\"text-align: justify;\">W czasie wycieczki zobaczymy: klasztor bazylian\u00f3w w Krechowie &#8211; znajduje si\u0119 tam m.in.cudowna ikona MB Werchrackiej (Opieki) wykonana przez mnicha bazylia\u0144skiego w Zamo\u015bciu &#8211; <a href=\"http:\/\/www.zamosc.pttk.pl\/wordpress\/wp-content\/uploads\/2015\/06\/DSC_8039.jpg\"><img loading=\"lazy\" decoding=\"async\" class=\" size-thumbnail wp-image-5969 alignleft\" src=\"http:\/\/www.zamosc.pttk.pl\/wordpress\/wp-content\/uploads\/2015\/06\/DSC_8039-200x133.jpg\" alt=\"DSC_8039\" width=\"200\" height=\"133\" srcset=\"https:\/\/zamosc.pttk.pl\/wordpress\/wp-content\/uploads\/2015\/06\/DSC_8039-200x133.jpg 200w, https:\/\/zamosc.pttk.pl\/wordpress\/wp-content\/uploads\/2015\/06\/DSC_8039-300x200.jpg 300w, https:\/\/zamosc.pttk.pl\/wordpress\/wp-content\/uploads\/2015\/06\/DSC_8039-451x300.jpg 451w, https:\/\/zamosc.pttk.pl\/wordpress\/wp-content\/uploads\/2015\/06\/DSC_8039.jpg 640w\" sizes=\"auto, (max-width: 200px) 100vw, 200px\" \/><\/a>przej\u015bcie piesze do Ska\u0142y Tymosza i \u017ar\u00f3de\u0142ka z cudown\u0105 wod\u0105 odm\u0142adzaj\u0105c\u0105 cer\u0119 nie tylko pa\u0144\u00a0 (na terenie Jaworowskiego Parku Narodowego).<br \/>\nPrzejazd do \u017b\u00f3\u0142kwi zwiedzanie miasta wzorowanego na renesansowym Zamo\u015bciu \u00a0i zabytk\u00f3w (cerkwi, dworca, c.k. kolei) czas wolny na kaw\u0119, piwo itp.<br \/>\nWyjazd do Magierowa &#8211; zwiedzanie dawnego miasteczka rodu Magier\u00f3w, przejazd do miejscowo\u015bci Monastyrek (drewniana dzwonnica przy dawnym klasztorze bazylian\u00f3w, zabytkowy cmentarz,<a href=\"http:\/\/www.zamosc.pttk.pl\/wordpress\/wp-content\/uploads\/2015\/06\/DSC_8066.jpg\"><img loading=\"lazy\" decoding=\"async\" class=\" size-thumbnail wp-image-5972 alignright\" src=\"http:\/\/www.zamosc.pttk.pl\/wordpress\/wp-content\/uploads\/2015\/06\/DSC_8066-200x133.jpg\" alt=\"DSC_8066\" width=\"200\" height=\"133\" srcset=\"https:\/\/zamosc.pttk.pl\/wordpress\/wp-content\/uploads\/2015\/06\/DSC_8066-200x133.jpg 200w, https:\/\/zamosc.pttk.pl\/wordpress\/wp-content\/uploads\/2015\/06\/DSC_8066-300x200.jpg 300w, https:\/\/zamosc.pttk.pl\/wordpress\/wp-content\/uploads\/2015\/06\/DSC_8066-451x300.jpg 451w, https:\/\/zamosc.pttk.pl\/wordpress\/wp-content\/uploads\/2015\/06\/DSC_8066.jpg 640w\" sizes=\"auto, (max-width: 200px) 100vw, 200px\" \/><\/a> \u017ar\u00f3d\u0142o Samiec.<br \/>\nPrzejazd do cudownego miejsca pielgrzymkowego dla okolicznych mieszka\u0144c\u00f3w \u00a0(podobnie jak Nowiny Horynieckie) &#8211; Maruszka. Po drodze kopalnia odkrywkowa w\u0119gla brunatnego.Przejazd przez Klebany (osadnictwo wo\u0142oskie)\u00a0 drog\u0105 budowan\u0105 przez je\u0144c\u00f3w francuskich do Potylicza.<br \/>\nSpojrzenie na masyw Roztocza -Wo\u0142kowic\u0119 od strony zachodniej. Niegdy\u015b znana z tego, \u017ce b\u0142\u0105ka\u0142y si\u0119 tutaj watahy wilk\u00f3w, kt\u00f3re napada\u0142y na kupc\u00f3w jad\u0105cych do Lwowa.<br \/>\nZwiedzanie zabytk\u00f3w Potylicza &#8211; dawnego miasteczka garncarzy (cerkiew \u015bw. Ducha.<br \/>\n<a href=\"http:\/\/www.zamosc.pttk.pl\/wordpress\/wp-content\/uploads\/2015\/05\/521.jpg\"><img loading=\"lazy\" decoding=\"async\" class=\" size-thumbnail wp-image-5617 alignleft\" src=\"http:\/\/www.zamosc.pttk.pl\/wordpress\/wp-content\/uploads\/2015\/05\/521-200x133.jpg\" alt=\"52\" width=\"200\" height=\"133\" srcset=\"https:\/\/zamosc.pttk.pl\/wordpress\/wp-content\/uploads\/2015\/05\/521-200x133.jpg 200w, https:\/\/zamosc.pttk.pl\/wordpress\/wp-content\/uploads\/2015\/05\/521-300x200.jpg 300w, https:\/\/zamosc.pttk.pl\/wordpress\/wp-content\/uploads\/2015\/05\/521-451x300.jpg 451w, https:\/\/zamosc.pttk.pl\/wordpress\/wp-content\/uploads\/2015\/05\/521.jpg 640w\" sizes=\"auto, (max-width: 200px) 100vw, 200px\" \/><\/a><br \/>\nPrzyjazd do Rawy Ruskiej &#8211; zwiedzanie miasteczka i zachowanych zabytk\u00f3w<\/p>\n<p>Powr\u00f3t do Zamo\u015bcia w godzinach wieczornych.<\/p>\n<p>Zapraszamy<\/p>\n","protected":false},"excerpt":{"rendered":"<p>Termin: 11 lipca (sobota)\u00a0 Wspomnienia z wycieczki [huge_it_slider id=&#8221;44&#8243;] &nbsp; &nbsp; &nbsp; &nbsp; &nbsp; &nbsp; &nbsp; &nbsp; &nbsp; &nbsp; &nbsp; &nbsp; &nbsp; Trasa wycieczki; Zamo\u015b\u0107 &#8211; Hrebenne &#8211; Krech\u00f3w &#8211; \u017b\u00f3\u0142kiew &#8211; Magier\u00f3w &#8211; Monastyrek &#8211; \u0179r\u00f3d\u0142o Maruszka &#8211; Potylicz &hellip; <a class=\"more-link\" href=\"https:\/\/zamosc.pttk.pl\/wordpress\/?page_id=5962\">Czytaj dalej <span class=\"meta-nav\">&rarr;<\/span><\/a><\/p>\n","protected":false},"author":1,"featured_media":0,"parent":0,"menu_order":0,"comment_status":"closed","ping_status":"closed","template":"","meta":{"footnotes":""},"class_list":["post-5962","page","type-page","status-publish","hentry"],"_links":{"self":[{"href":"https:\/\/zamosc.pttk.pl\/wordpress\/index.php?rest_route=\/wp\/v2\/pages\/5962","targetHints":{"allow":["GET"]}}],"collection":[{"href":"https:\/\/zamosc.pttk.pl\/wordpress\/index.php?rest_route=\/wp\/v2\/pages"}],"about":[{"href":"https:\/\/zamosc.pttk.pl\/wordpress\/index.php?rest_route=\/wp\/v2\/types\/page"}],"author":[{"embeddable":true,"href":"https:\/\/zamosc.pttk.pl\/wordpress\/index.php?rest_route=\/wp\/v2\/users\/1"}],"replies":[{"embeddable":true,"href":"https:\/\/zamosc.pttk.pl\/wordpress\/index.php?rest_route=%2Fwp%2Fv2%2Fcomments&post=5962"}],"version-history":[{"count":21,"href":"https:\/\/zamosc.pttk.pl\/wordpress\/index.php?rest_route=\/wp\/v2\/pages\/5962\/revisions"}],"predecessor-version":[{"id":6223,"href":"https:\/\/zamosc.pttk.pl\/wordpress\/index.php?rest_route=\/wp\/v2\/pages\/5962\/revisions\/6223"}],"wp:attachment":[{"href":"https:\/\/zamosc.pttk.pl\/wordpress\/index.php?rest_route=%2Fwp%2Fv2%2Fmedia&parent=5962"}],"curies":[{"name":"wp","href":"https:\/\/api.w.org\/{rel}","templated":true}]}}