{"id":5685,"date":"2015-05-22T17:57:29","date_gmt":"2015-05-22T15:57:29","guid":{"rendered":"http:\/\/www.zamosc.pttk.pl\/wordpress\/?page_id=5685"},"modified":"2015-06-29T14:57:07","modified_gmt":"2015-06-29T12:57:07","slug":"58-rajd-nocny-im-wl-podobinskiej","status":"publish","type":"page","link":"https:\/\/zamosc.pttk.pl\/wordpress\/?page_id=5685","title":{"rendered":"58 Rajd Nocny im. W\u0142. Podobi\u0144skiej"},"content":{"rendered":"<p>&nbsp;<\/p>\n<p><span style=\"font-size: 14px;\">Galeria wspomnie\u0144 Janusza<\/span><\/p>\n<p>&nbsp;<\/p>\n<p>[huge_it_slider id=&#8221;42&#8243;]<\/p>\n<p>&nbsp;<\/p>\n<p>&nbsp;<\/p>\n<p>&nbsp;<\/p>\n<p>&nbsp;<\/p>\n<p>&nbsp;<\/p>\n<p>&nbsp;<\/p>\n<p>&nbsp;<\/p>\n<p>&nbsp;<\/p>\n<p>&nbsp;<\/p>\n<p>&nbsp;<\/p>\n<p>&nbsp;<\/p>\n<p>&nbsp;<\/p>\n<p>&nbsp;<\/p>\n<p>&nbsp;<\/p>\n<p>&nbsp;<\/p>\n<p>&nbsp;<\/p>\n<p>&nbsp;<\/p>\n<p>Rajd odb\u0119dzie si\u0119 w nocy z 20 na 21 czerwca 2015 r.<\/p>\n<p>Planujemy 2 trasy o d\u0142. ok. 10 km z okolic Hutek \u00a0szlakami rowerowymi: niebieskim i zielonym.<\/p>\n<p>Meta rajdu b\u0119dzie zlokalizowana &#8222;Pod \u017burawiem&#8221; w pobli\u017cu le\u015bnej kaplicy \u00a0\u015bw. Rocha<\/p>\n<p>wg GPS \u00a0 N 50 32.037 \u00a0 E 23 11.476<\/p>\n<p>Koszt uczestnictwa 25 z\u0142<\/p>\n<p>Zg\u0142oszenia przyjmujemy w Oddziale PTTK do dnia 12 czerwca.<\/p>\n<p><strong><span style=\"font-size: 17px;\"><a href=\"http:\/\/www.zamosc.pttk.pl\/wordpress\/wp-content\/uploads\/2015\/05\/reg.nocny_.pdf\">Regulamin \u00a0Rajdu do pobrania \u00a0(pdf)\u00a0<\/a><\/span><\/strong><\/p>\n<p>Na znaczku pojawi\u0142 si\u0119 \u015bw. Roch z wiernym psem przy swojej kapliczce pod Krasnobrodem&#8230;<\/p>\n","protected":false},"excerpt":{"rendered":"<p>&nbsp; Galeria wspomnie\u0144 Janusza &nbsp; [huge_it_slider id=&#8221;42&#8243;] &nbsp; &nbsp; &nbsp; &nbsp; &nbsp; &nbsp; &nbsp; &nbsp; &nbsp; &nbsp; &nbsp; &nbsp; &nbsp; &nbsp; &nbsp; &nbsp; &nbsp; Rajd odb\u0119dzie si\u0119 w nocy z 20 na 21 czerwca 2015 r. Planujemy 2 trasy o &hellip; <a class=\"more-link\" href=\"https:\/\/zamosc.pttk.pl\/wordpress\/?page_id=5685\">Czytaj dalej <span class=\"meta-nav\">&rarr;<\/span><\/a><\/p>\n","protected":false},"author":1,"featured_media":0,"parent":0,"menu_order":0,"comment_status":"closed","ping_status":"closed","template":"","meta":{"footnotes":""},"class_list":["post-5685","page","type-page","status-publish","hentry"],"_links":{"self":[{"href":"https:\/\/zamosc.pttk.pl\/wordpress\/index.php?rest_route=\/wp\/v2\/pages\/5685","targetHints":{"allow":["GET"]}}],"collection":[{"href":"https:\/\/zamosc.pttk.pl\/wordpress\/index.php?rest_route=\/wp\/v2\/pages"}],"about":[{"href":"https:\/\/zamosc.pttk.pl\/wordpress\/index.php?rest_route=\/wp\/v2\/types\/page"}],"author":[{"embeddable":true,"href":"https:\/\/zamosc.pttk.pl\/wordpress\/index.php?rest_route=\/wp\/v2\/users\/1"}],"replies":[{"embeddable":true,"href":"https:\/\/zamosc.pttk.pl\/wordpress\/index.php?rest_route=%2Fwp%2Fv2%2Fcomments&post=5685"}],"version-history":[{"count":15,"href":"https:\/\/zamosc.pttk.pl\/wordpress\/index.php?rest_route=\/wp\/v2\/pages\/5685\/revisions"}],"predecessor-version":[{"id":6015,"href":"https:\/\/zamosc.pttk.pl\/wordpress\/index.php?rest_route=\/wp\/v2\/pages\/5685\/revisions\/6015"}],"wp:attachment":[{"href":"https:\/\/zamosc.pttk.pl\/wordpress\/index.php?rest_route=%2Fwp%2Fv2%2Fmedia&parent=5685"}],"curies":[{"name":"wp","href":"https:\/\/api.w.org\/{rel}","templated":true}]}}