{"id":5485,"date":"2015-05-05T20:15:05","date_gmt":"2015-05-05T18:15:05","guid":{"rendered":"http:\/\/www.zamosc.pttk.pl\/wordpress\/?page_id=5485"},"modified":"2015-05-23T16:41:39","modified_gmt":"2015-05-23T14:41:39","slug":"1-rajd-miejski-tajemnice-twierdzy-zamosc","status":"publish","type":"page","link":"https:\/\/zamosc.pttk.pl\/wordpress\/?page_id=5485","title":{"rendered":"1 Rajd Miejski &#8222;Tajemnice Twierdzy Zamo\u015b\u0107&#8221;"},"content":{"rendered":"<p>&nbsp;<\/p>\n<p><span style=\"font-size: 16px;\">Wspomnienia rajdowe&#8230;<\/span><\/p>\n<p>&nbsp;<\/p>\n<p>[huge_it_slider id=&#8221;38&#8243;]<\/p>\n<p>&nbsp;<\/p>\n<p>&nbsp;<\/p>\n<p>&nbsp;<\/p>\n<p>&nbsp;<\/p>\n<p>&nbsp;<\/p>\n<p>&nbsp;<\/p>\n<p>&nbsp;<\/p>\n<p>&nbsp;<\/p>\n<p>&nbsp;<\/p>\n<p>&nbsp;<\/p>\n<p>&nbsp;<\/p>\n<p>&nbsp;<\/p>\n<p>&nbsp;<\/p>\n<p>&nbsp;<\/p>\n<p>&nbsp;<\/p>\n<p>&nbsp;<\/p>\n<p>&nbsp;<\/p>\n<p><span style=\"font-size: 14px;\">Regulamin<\/span><\/p>\n<p style=\"text-align: left;\"><a href=\"http:\/\/www.zamosc.pttk.pl\/wordpress\/wp-content\/uploads\/2015\/05\/Zn.tajemnice-tw..png\"><img loading=\"lazy\" decoding=\"async\" class=\" size-thumbnail wp-image-5479 alignleft\" src=\"http:\/\/www.zamosc.pttk.pl\/wordpress\/wp-content\/uploads\/2015\/05\/Zn.tajemnice-tw.-200x198.png\" alt=\"Zn.tajemnice tw.\" width=\"200\" height=\"198\" srcset=\"https:\/\/zamosc.pttk.pl\/wordpress\/wp-content\/uploads\/2015\/05\/Zn.tajemnice-tw.-200x198.png 200w, https:\/\/zamosc.pttk.pl\/wordpress\/wp-content\/uploads\/2015\/05\/Zn.tajemnice-tw.-300x297.png 300w, https:\/\/zamosc.pttk.pl\/wordpress\/wp-content\/uploads\/2015\/05\/Zn.tajemnice-tw.-303x300.png 303w, https:\/\/zamosc.pttk.pl\/wordpress\/wp-content\/uploads\/2015\/05\/Zn.tajemnice-tw..png 570w\" sizes=\"auto, (max-width: 200px) 100vw, 200px\" \/><\/a>Organizator: PTTK Oddzia\u0142 w Zamo\u015bciu<\/p>\n<p><strong>Cele I Rajdu <\/strong><\/p>\n<p>Poznawanie historii i walor\u00f3w krajoznawczych miasta, zdobywanie punkt\u00f3w do odznak turystyki kwalifikowanej, popularyzacja odznak krajoznawczych, integracja turyst\u00f3w oraz promocja walor\u00f3w miasta.<\/p>\n<p>&nbsp;<\/p>\n<p><strong>Termin i miejsce rajdu: <\/strong><\/p>\n<p>Rajd odb\u0119dzie si\u0119 w dn. <span style=\"font-size: 14px;\"><strong>23 maja 2015 r<\/strong>. (sobota)<\/span> bez wzgl\u0119du na pogod\u0119&#8230;<\/p>\n<p>Startujemy z Rynku Wielkiego o godz. 9-tej.<\/p>\n<p>Meta rajdu przy ul. \u0141ukasi\u0144skiego 2E (Planty, obok dawnych koszar kozackich).<\/p>\n<p>Zako\u0144czenie oko\u0142o godziny 14-tej.<\/p>\n<p>Trasy rajdu b\u0119d\u0105 prowadzi\u0107 wzd\u0142u\u017c kurtyn i bastion\u00f3w, uk\u0142oni si\u0119 nam \u201ekawalier\u201d, zajrzymy do kaponiery, kazamat oraz do obiekt\u00f3w zwi\u0105zanych z histori\u0105 Twierdzy Zamo\u015b\u0107.<\/p>\n<p>Na trasach rajdu b\u0119d\u0105 oprowadza\u0107 przewodnicy z Oddzia\u0142u PTTK w Zamo\u015bciu.<\/p>\n<p>W programie przewidujemy konkurs krajoznawczy \u201eTwierdza zamojska\u201d.<\/p>\n<p>Na mecie zap\u0142onie ognisko z mo\u017cliwo\u015bci\u0105 upieczenia kie\u0142basek (zabezpieczonych we w\u0142asnym zakresie).<\/p>\n<p>&nbsp;<\/p>\n<p><strong>Warunki uczestnictwa: <\/strong><\/p>\n<p>W rajdzie uczestnicz\u0105 dru\u017cyny zg\u0142oszone przez szko\u0142y (1 opiekun na 10 uczestnik\u00f3w). Opiekunowie uczestnicz\u0105 w rajdzie bezp\u0142atnie. Listy zg\u0142osze\u0144 powinni potwierdzi\u0107: Dyrektor i Opiekun. Zapraszamy m\u0142odzie\u017c do lat 18 z opiekunami. Obowi\u0105zuje kolejno\u015b\u0107 zg\u0142osze\u0144 i wpisowego w terminie.<br \/>\nOsoby niezg\u0142oszone nie mog\u0105 bra\u0107 udzia\u0142u w Rajdzie.<\/p>\n<p><span style=\"font-size: 14px;\">Zapraszamy r\u00f3wnie\u017c turyst\u00f3w indywidualnych mieszka\u0144c\u00f3w Zamo\u015bcia i go\u015bci.<\/span><\/p>\n<p>Ilo\u015b\u0107 miejsc ograniczona.<\/p>\n<p><strong>Obowi\u0105zki uczestnik\u00f3w Rajdu: <\/strong><\/p>\n<p>Podporz\u0105dkowanie si\u0119 zarz\u0105dzeniom Kierownictwa Rajdu, przestrzeganie przepis\u00f3w ppo\u017c., ochrony przyrody i Karty Turysty. Uczestnicy powinni posiada\u0107 apteczk\u0119, odpowiedni ubi\u00f3r stosowny do warunk\u00f3w atmosferycznych .<\/p>\n<p>Interpretacja regulaminu nale\u017cy do Kierownictwa Rajdu.<\/p>\n<p><span style=\"font-size: 14px;\"><strong>Zg\u0142oszenia i op\u0142at\u0119 do 15.05.2015 r. przyjmuje: <\/strong><\/span><\/p>\n<p><span style=\"font-size: 14px;\"><strong>Oddzia\u0142 PTTK w Zamo\u015bciu ul. Staszica 31, tel. 84 639 31 43 <\/strong><\/span><\/p>\n<p><span style=\"font-size: 14px;\"><strong>Op\u0142ata za organizacj\u0119 rajdu wynosi &#8211; 9 z\u0142 <\/strong><\/span><\/p>\n<p>W ramach op\u0142aty uczestnicy otrzymuj\u0105: opiek\u0119 kadry PTTK, znaczek rajdowy, nagrody w konkursach.<\/p>\n<p>W przypadku nie wzi\u0119cia udzia\u0142u w Rajdzie op\u0142aty nie\u00a0 zwracamy.<\/p>\n<hr \/>\n<p>&nbsp;<\/p>\n<p><span style=\"font-size: 12px;\">Wsp\u00f3\u0142organizatorzy:<\/span><\/p>\n<p><span style=\"font-size: 12px;\">Wydzia\u0142 Turystyki i Promocji Urz\u0119du Miasta<\/span><\/p>\n<p><span style=\"font-size: 12px;\">Wydzia\u0142 Gospodarki Komunalnej Urz\u0119du Miasta<\/span><\/p>\n<p><span style=\"font-size: 12px;\">Zamojskie Centrum Informacji Turystycznej i Historycznej<\/span><\/p>\n<p><span style=\"font-size: 12px;\">Zak\u0142ad Gospodarki Komunalnej Sp\u00f3\u0142ka z o.o. w Zamo\u015bciu<\/span><\/p>\n<p>Muzeum Zamojskie<\/p>\n","protected":false},"excerpt":{"rendered":"<p>&nbsp; Wspomnienia rajdowe&#8230; &nbsp; [huge_it_slider id=&#8221;38&#8243;] &nbsp; &nbsp; &nbsp; &nbsp; &nbsp; &nbsp; &nbsp; &nbsp; &nbsp; &nbsp; &nbsp; &nbsp; &nbsp; &nbsp; &nbsp; &nbsp; &nbsp; Regulamin Organizator: PTTK Oddzia\u0142 w Zamo\u015bciu Cele I Rajdu Poznawanie historii i walor\u00f3w krajoznawczych miasta, zdobywanie punkt\u00f3w &hellip; <a class=\"more-link\" href=\"https:\/\/zamosc.pttk.pl\/wordpress\/?page_id=5485\">Czytaj dalej <span class=\"meta-nav\">&rarr;<\/span><\/a><\/p>\n","protected":false},"author":1,"featured_media":0,"parent":0,"menu_order":0,"comment_status":"closed","ping_status":"closed","template":"","meta":{"footnotes":""},"class_list":["post-5485","page","type-page","status-publish","hentry"],"_links":{"self":[{"href":"https:\/\/zamosc.pttk.pl\/wordpress\/index.php?rest_route=\/wp\/v2\/pages\/5485","targetHints":{"allow":["GET"]}}],"collection":[{"href":"https:\/\/zamosc.pttk.pl\/wordpress\/index.php?rest_route=\/wp\/v2\/pages"}],"about":[{"href":"https:\/\/zamosc.pttk.pl\/wordpress\/index.php?rest_route=\/wp\/v2\/types\/page"}],"author":[{"embeddable":true,"href":"https:\/\/zamosc.pttk.pl\/wordpress\/index.php?rest_route=\/wp\/v2\/users\/1"}],"replies":[{"embeddable":true,"href":"https:\/\/zamosc.pttk.pl\/wordpress\/index.php?rest_route=%2Fwp%2Fv2%2Fcomments&post=5485"}],"version-history":[{"count":10,"href":"https:\/\/zamosc.pttk.pl\/wordpress\/index.php?rest_route=\/wp\/v2\/pages\/5485\/revisions"}],"predecessor-version":[{"id":5766,"href":"https:\/\/zamosc.pttk.pl\/wordpress\/index.php?rest_route=\/wp\/v2\/pages\/5485\/revisions\/5766"}],"wp:attachment":[{"href":"https:\/\/zamosc.pttk.pl\/wordpress\/index.php?rest_route=%2Fwp%2Fv2%2Fmedia&parent=5485"}],"curies":[{"name":"wp","href":"https:\/\/api.w.org\/{rel}","templated":true}]}}