{"id":520,"date":"2014-02-28T17:50:44","date_gmt":"2014-02-28T16:50:44","guid":{"rendered":"http:\/\/www.zamosc.pttk.pl\/wordpress\/?page_id=520"},"modified":"2024-06-07T16:23:14","modified_gmt":"2024-06-07T14:23:14","slug":"kontakt","status":"publish","type":"page","link":"https:\/\/zamosc.pttk.pl\/wordpress\/?page_id=520","title":{"rendered":"Kontakt"},"content":{"rendered":"<h4><span style=\"color: #003300;\">PTTK Oddzia\u0142 w Zamo\u015bciu, \u00a0ul. St. Staszica 31, 22-400 Zamo\u015b\u0107<\/span><\/h4>\n<p>tel. kom. <strong><span style=\"font-size: 20px;\">+48 516 148 522<\/span><\/strong><\/p>\n<p>e-mail:\u00a0<span style=\"font-size: 15px;\"><a href=\"mailto:pttk.zamosc@pro.onet.pl\">pttk.zamosc@pro.onet.pl<\/a><\/span><\/p>\n<p>Konto: PKO S.A. II O\/Zamo\u015b\u0107 nr \u00a029 1240 2005 1111 0000 1764 7980<\/p>\n<p><strong>NIP<\/strong> 922 000 79 60 \u00a0 <strong>\u00a0Regon<\/strong> 950013582<\/p>\n<p><strong>KRS<\/strong> 0000044143 \u00a0 \u00a0\u00a0 <strong>Zezw. Woj. Lub.<\/strong> \u00a0039<\/p>\n<p><a href=\"http:\/\/www.zamosc.pttk.pl\/wordpress\/wp-content\/uploads\/2019\/08\/witryna.png\"><img loading=\"lazy\" decoding=\"async\" class=\"alignleft size-medium wp-image-14792\" src=\"http:\/\/www.zamosc.pttk.pl\/wordpress\/wp-content\/uploads\/2019\/08\/witryna-300x225.png\" alt=\"\" width=\"300\" height=\"225\" srcset=\"https:\/\/zamosc.pttk.pl\/wordpress\/wp-content\/uploads\/2019\/08\/witryna-300x225.png 300w, https:\/\/zamosc.pttk.pl\/wordpress\/wp-content\/uploads\/2019\/08\/witryna-200x150.png 200w, https:\/\/zamosc.pttk.pl\/wordpress\/wp-content\/uploads\/2019\/08\/witryna-400x300.png 400w, https:\/\/zamosc.pttk.pl\/wordpress\/wp-content\/uploads\/2019\/08\/witryna.png 640w\" sizes=\"auto, (max-width: 300px) 100vw, 300px\" \/><\/a><\/p>\n<p>Biuro Obs\u0142ugi Ruchu Turystycznego:<br \/>\nMagdalena i Joanna<\/p>\n<hr \/>\n<p>Biuro czynne od poniedzia\u0142ku do pi\u0105tku w godz. 9-13. Telefon kom\u00f3rkowy czynny od \u015bwitu do nocy ka\u017cdego dnia.<\/p>\n<p>Zapraszamy do kontaktu telefonicznego pod numerem telefonu\u00a0<strong>516 148 522<\/strong>\u00a0lub poczt\u0105 elektroniczn\u0105:\u00a0<strong>pttk.zamosc@pro.onet.pl<\/strong><\/p>\n<hr \/>\n","protected":false},"excerpt":{"rendered":"<p>PTTK Oddzia\u0142 w Zamo\u015bciu, \u00a0ul. St. Staszica 31, 22-400 Zamo\u015b\u0107 tel. kom. +48 516 148 522 e-mail:\u00a0pttk.zamosc@pro.onet.pl Konto: PKO S.A. II O\/Zamo\u015b\u0107 nr \u00a029 1240 2005 1111 0000 1764 7980 NIP 922 000 79 60 \u00a0 \u00a0Regon 950013582 KRS 0000044143 &hellip; <a class=\"more-link\" href=\"https:\/\/zamosc.pttk.pl\/wordpress\/?page_id=520\">Czytaj dalej <span class=\"meta-nav\">&rarr;<\/span><\/a><\/p>\n","protected":false},"author":1,"featured_media":0,"parent":0,"menu_order":0,"comment_status":"closed","ping_status":"closed","template":"","meta":{"footnotes":""},"class_list":["post-520","page","type-page","status-publish","hentry"],"_links":{"self":[{"href":"https:\/\/zamosc.pttk.pl\/wordpress\/index.php?rest_route=\/wp\/v2\/pages\/520","targetHints":{"allow":["GET"]}}],"collection":[{"href":"https:\/\/zamosc.pttk.pl\/wordpress\/index.php?rest_route=\/wp\/v2\/pages"}],"about":[{"href":"https:\/\/zamosc.pttk.pl\/wordpress\/index.php?rest_route=\/wp\/v2\/types\/page"}],"author":[{"embeddable":true,"href":"https:\/\/zamosc.pttk.pl\/wordpress\/index.php?rest_route=\/wp\/v2\/users\/1"}],"replies":[{"embeddable":true,"href":"https:\/\/zamosc.pttk.pl\/wordpress\/index.php?rest_route=%2Fwp%2Fv2%2Fcomments&post=520"}],"version-history":[{"count":44,"href":"https:\/\/zamosc.pttk.pl\/wordpress\/index.php?rest_route=\/wp\/v2\/pages\/520\/revisions"}],"predecessor-version":[{"id":19873,"href":"https:\/\/zamosc.pttk.pl\/wordpress\/index.php?rest_route=\/wp\/v2\/pages\/520\/revisions\/19873"}],"wp:attachment":[{"href":"https:\/\/zamosc.pttk.pl\/wordpress\/index.php?rest_route=%2Fwp%2Fv2%2Fmedia&parent=520"}],"curies":[{"name":"wp","href":"https:\/\/api.w.org\/{rel}","templated":true}]}}