{"id":514,"date":"2014-02-28T17:47:58","date_gmt":"2014-02-28T16:47:58","guid":{"rendered":"http:\/\/www.zamosc.pttk.pl\/wordpress\/?page_id=514"},"modified":"2015-05-05T16:00:06","modified_gmt":"2015-05-05T14:00:06","slug":"szkolenia","status":"publish","type":"page","link":"https:\/\/zamosc.pttk.pl\/wordpress\/?page_id=514","title":{"rendered":"Szkolenia"},"content":{"rendered":"<p><span style=\"font-size: 16px;\">Informujemy, ze szkolenie dla przewodnik\u00f3w odb\u0119dzie si\u0119 w Arsenale w dniu 7 maja 2015 r. o godz.16-tej.<\/span><\/p>\n<p>&nbsp;<\/p>\n<p>&nbsp;<\/p>\n<p><a href=\"http:\/\/www.zamosc.pttk.pl\/wordpress\/?page_id=1102\">Wspomnienia z wycieczki po Grz\u0119dzie Sokalskiej i R\u00f3wninie Be\u0142skiej w dniu 29 marca 2014<\/a><\/p>\n<p>&nbsp;<\/p>\n","protected":false},"excerpt":{"rendered":"<p>Informujemy, ze szkolenie dla przewodnik\u00f3w odb\u0119dzie si\u0119 w Arsenale w dniu 7 maja 2015 r. o godz.16-tej. &nbsp; &nbsp; Wspomnienia z wycieczki po Grz\u0119dzie Sokalskiej i R\u00f3wninie Be\u0142skiej w dniu 29 marca 2014 &nbsp; &hellip; <a class=\"more-link\" href=\"https:\/\/zamosc.pttk.pl\/wordpress\/?page_id=514\">Czytaj dalej <span class=\"meta-nav\">&rarr;<\/span><\/a><\/p>\n","protected":false},"author":1,"featured_media":0,"parent":0,"menu_order":0,"comment_status":"closed","ping_status":"closed","template":"","meta":{"footnotes":""},"class_list":["post-514","page","type-page","status-publish","hentry"],"_links":{"self":[{"href":"https:\/\/zamosc.pttk.pl\/wordpress\/index.php?rest_route=\/wp\/v2\/pages\/514","targetHints":{"allow":["GET"]}}],"collection":[{"href":"https:\/\/zamosc.pttk.pl\/wordpress\/index.php?rest_route=\/wp\/v2\/pages"}],"about":[{"href":"https:\/\/zamosc.pttk.pl\/wordpress\/index.php?rest_route=\/wp\/v2\/types\/page"}],"author":[{"embeddable":true,"href":"https:\/\/zamosc.pttk.pl\/wordpress\/index.php?rest_route=\/wp\/v2\/users\/1"}],"replies":[{"embeddable":true,"href":"https:\/\/zamosc.pttk.pl\/wordpress\/index.php?rest_route=%2Fwp%2Fv2%2Fcomments&post=514"}],"version-history":[{"count":8,"href":"https:\/\/zamosc.pttk.pl\/wordpress\/index.php?rest_route=\/wp\/v2\/pages\/514\/revisions"}],"predecessor-version":[{"id":5478,"href":"https:\/\/zamosc.pttk.pl\/wordpress\/index.php?rest_route=\/wp\/v2\/pages\/514\/revisions\/5478"}],"wp:attachment":[{"href":"https:\/\/zamosc.pttk.pl\/wordpress\/index.php?rest_route=%2Fwp%2Fv2%2Fmedia&parent=514"}],"curies":[{"name":"wp","href":"https:\/\/api.w.org\/{rel}","templated":true}]}}