{"id":508,"date":"2014-02-28T17:46:11","date_gmt":"2014-02-28T16:46:11","guid":{"rendered":"http:\/\/www.zamosc.pttk.pl\/wordpress\/?page_id=508"},"modified":"2014-08-10T15:57:04","modified_gmt":"2014-08-10T13:57:04","slug":"wiadomosci-dla-kadry","status":"publish","type":"page","link":"https:\/\/zamosc.pttk.pl\/wordpress\/?page_id=508","title":{"rendered":"Wiadomo\u015bci dla Kadry"},"content":{"rendered":"<p>ZARZ\u0104D KLUBU TURYSTYCZNO-KRAJOZNAWCZEGO im. MICHA\u0141A PIESZKI PRZY O\/PTTK W ZAMO\u015aCIU<br \/>\nZ A P R A S Z A<br \/>\nna<br \/>\nsp\u0142yw kajakowy<br \/>\nw dniu 02.08.2013 r. (sobota)<br \/>\nWyjazd z Zamo\u015bcia o godz. 8.30 z parkingu przy PZU<br \/>\nTrasa sp\u0142ywu:<br \/>\nTrasa 1: Osuchy &#8211; Kr\u00f3le (ok. 6 godz.)<br \/>\nTrasa 2: Pisklaki &#8211; Kr\u00f3le (ok. 4 godz.)<br \/>\nW programie: sp\u0142yw zako\u0144czony ogniskiem integracyjnym.<br \/>\nPlanowany powr\u00f3t do Zamo\u015bcia w godz. popo\u0142udniowych<br \/>\nZg\u0142oszenia i op\u0142at\u0119 przyjmujemy w Biurze PTTK<br \/>\ndo dnia 28.07.2014 r.<br \/>\nOp\u0142ata obejmuje: transport bus, za miejsce w kajaku 2-osobowym, drewno i kie\u0142bask\u0119 do ogniska, ubezpieczenie.<br \/>\nInne smako\u0142yki we w\u0142asnym zakresie<br \/>\nZarz\u0105d Klubu<br \/>\n__________________________________________________________<\/p>\n<p>Zapraszamy Kadr\u0119 Oddzia\u0142u PTTK na wycieczk\u0119 krajoznawcz\u0105 po Wo\u0142yniu.<br \/>\nZamo\u015b\u0107 &#8211; Do\u0142hobycz\u00f3w &#8211; W\u0142odzimierz Wo\u0142y\u0144ski &#8211; Zimne &#8211; Tartak\u00f3w &#8211; Sokal &#8211; War\u0119\u017c<br \/>\nTermin 9 sierpnia br. wyjazd o godz 5-tej z parkingu PZU<\/p>\n<p>Koszt uczestnictwa 60 z\u0142\/osob\u0119 (koszty autokaru, ubezpieczenie).<\/p>\n<p><strong>Niezb\u0119dne s\u0105 aktualne paszporty.<\/strong><\/p>\n<p>Termin zg\u0142osze\u0144 do 1 sierpnia br. w Biurze Oddzia\u0142u (szczeg\u00f3\u0142owe informacje)<\/p>\n<p>Galeria wspomnie\u0144 Edwarda <a href=\"http:\/\/www.zamosc.pttk.pl\/wordpress\/?page_id=2304\">&gt;&gt;&gt;&gt;&gt;<\/a><\/p>\n","protected":false},"excerpt":{"rendered":"<p>ZARZ\u0104D KLUBU TURYSTYCZNO-KRAJOZNAWCZEGO im. MICHA\u0141A PIESZKI PRZY O\/PTTK W ZAMO\u015aCIU Z A P R A S Z A na sp\u0142yw kajakowy w dniu 02.08.2013 r. (sobota) Wyjazd z Zamo\u015bcia o godz. 8.30 z parkingu przy PZU Trasa sp\u0142ywu: Trasa 1: &hellip; <a class=\"more-link\" href=\"https:\/\/zamosc.pttk.pl\/wordpress\/?page_id=508\">Czytaj dalej <span class=\"meta-nav\">&rarr;<\/span><\/a><\/p>\n","protected":false},"author":1,"featured_media":0,"parent":0,"menu_order":0,"comment_status":"closed","ping_status":"closed","template":"","meta":{"footnotes":""},"class_list":["post-508","page","type-page","status-publish","hentry"],"_links":{"self":[{"href":"https:\/\/zamosc.pttk.pl\/wordpress\/index.php?rest_route=\/wp\/v2\/pages\/508","targetHints":{"allow":["GET"]}}],"collection":[{"href":"https:\/\/zamosc.pttk.pl\/wordpress\/index.php?rest_route=\/wp\/v2\/pages"}],"about":[{"href":"https:\/\/zamosc.pttk.pl\/wordpress\/index.php?rest_route=\/wp\/v2\/types\/page"}],"author":[{"embeddable":true,"href":"https:\/\/zamosc.pttk.pl\/wordpress\/index.php?rest_route=\/wp\/v2\/users\/1"}],"replies":[{"embeddable":true,"href":"https:\/\/zamosc.pttk.pl\/wordpress\/index.php?rest_route=%2Fwp%2Fv2%2Fcomments&post=508"}],"version-history":[{"count":14,"href":"https:\/\/zamosc.pttk.pl\/wordpress\/index.php?rest_route=\/wp\/v2\/pages\/508\/revisions"}],"predecessor-version":[{"id":2427,"href":"https:\/\/zamosc.pttk.pl\/wordpress\/index.php?rest_route=\/wp\/v2\/pages\/508\/revisions\/2427"}],"wp:attachment":[{"href":"https:\/\/zamosc.pttk.pl\/wordpress\/index.php?rest_route=%2Fwp%2Fv2%2Fmedia&parent=508"}],"curies":[{"name":"wp","href":"https:\/\/api.w.org\/{rel}","templated":true}]}}