{"id":505,"date":"2014-02-28T17:44:57","date_gmt":"2014-02-28T16:44:57","guid":{"rendered":"http:\/\/www.zamosc.pttk.pl\/wordpress\/?page_id=505"},"modified":"2014-04-27T19:52:46","modified_gmt":"2014-04-27T17:52:46","slug":"rajd-spotkanie-z-wiosna","status":"publish","type":"page","link":"https:\/\/zamosc.pttk.pl\/wordpress\/?page_id=505","title":{"rendered":"40 Rajd &#8222;Spotkanie z Wiosn\u0105&#8221;"},"content":{"rendered":"<p><a href=\"http:\/\/www.zamosc.pttk.pl\/wordpress\/wp-content\/uploads\/2014\/02\/reg.-wios1.pdf\">\u00a0<\/a><\/p>\n<p style=\"text-align: center;\"><a href=\"http:\/\/www.zamosc.pttk.pl\/wordpress\/wp-content\/uploads\/2014\/02\/znaczek.png\"><img loading=\"lazy\" decoding=\"async\" class=\"aligncenter size-thumbnail wp-image-1243\" alt=\"znaczek\" src=\"http:\/\/www.zamosc.pttk.pl\/wordpress\/wp-content\/uploads\/2014\/02\/znaczek-200x198.png\" width=\"200\" height=\"198\" srcset=\"https:\/\/zamosc.pttk.pl\/wordpress\/wp-content\/uploads\/2014\/02\/znaczek-200x198.png 200w, https:\/\/zamosc.pttk.pl\/wordpress\/wp-content\/uploads\/2014\/02\/znaczek-300x298.png 300w, https:\/\/zamosc.pttk.pl\/wordpress\/wp-content\/uploads\/2014\/02\/znaczek-301x300.png 301w, https:\/\/zamosc.pttk.pl\/wordpress\/wp-content\/uploads\/2014\/02\/znaczek.png 628w\" sizes=\"auto, (max-width: 200px) 100vw, 200px\" \/><\/a><\/p>\n<address style=\"text-align: center;\">Znaczek rajdowy a na nim wzg\u00f3rze Czubatka roztocza\u0144ska, bocian roztocza\u0144ski i wiatrak roztocza\u0144ski&#8230;.zza kt\u00f3rego wygl\u0105da roztocza\u0144ski diabe\u0142ek&#8230;<\/address>\n<p><strong>Wspomnienia z Rajdu &#8222;Spotkanie z Wiosn\u0105&#8221; &gt;&gt;&gt;\u00a0<a href=\"http:\/\/www.zamosc.pttk.pl\/wordpress\/?page_id=1298 \">tutaj<\/a><\/strong><br \/>\n<a href=\"http:\/\/www.zamosc.pttk.pl\/wordpress\/wp-content\/uploads\/2014\/02\/DSC_6970.jpg\"><img loading=\"lazy\" decoding=\"async\" class=\"size-thumbnail wp-image-1050 alignleft\" alt=\"DSC_6970\" src=\"http:\/\/www.zamosc.pttk.pl\/wordpress\/wp-content\/uploads\/2014\/02\/DSC_6970-200x138.jpg\" width=\"200\" height=\"138\" srcset=\"https:\/\/zamosc.pttk.pl\/wordpress\/wp-content\/uploads\/2014\/02\/DSC_6970-200x138.jpg 200w, https:\/\/zamosc.pttk.pl\/wordpress\/wp-content\/uploads\/2014\/02\/DSC_6970-300x208.jpg 300w, https:\/\/zamosc.pttk.pl\/wordpress\/wp-content\/uploads\/2014\/02\/DSC_6970-432x300.jpg 432w, https:\/\/zamosc.pttk.pl\/wordpress\/wp-content\/uploads\/2014\/02\/DSC_6970.jpg 640w\" sizes=\"auto, (max-width: 200px) 100vw, 200px\" \/><\/a><\/p>\n<address><span style=\"text-decoration: underline;\">Szczeg\u00f3\u0142owy regulamin \u00a0do pobrania<\/span> &gt;&gt;&gt;<a href=\"http:\/\/www.zamosc.pttk.pl\/wordpress\/wp-content\/uploads\/2014\/02\/reg.-wios1.pdf\">reg. wios<\/a><strong><\/strong><\/address>\n<address style=\"text-align: left;\">Byli\u015bmy ju\u017c tam i to zobaczyli\u015bmy: \u00a0<a href=\"http:\/\/www.zamosc.pttk.pl\/wordpress\/?page_id=517\">Osiem \u0142ap cz\u0142apu cz\u0142ap<\/a><\/address>\n<p align=\"center\"><b>Opis krajoznawczy<\/b><\/p>\n<p style=\"text-align: justify;\"><i>\u00a0\u00a0\u00a0\u00a0\u00a0\u00a0\u00a0\u00a0\u00a0\u00a0\u00a0<\/i> W czasie pieszych w\u0119dr\u00f3wek b\u0119dziemy podziwia\u0107 przepi\u0119kne\u00a0krajobrazy Roztocza Zachodniego. B\u0119dziemy w\u0119drowa\u0107 wzg\u00f3rzami i debrami w <a href=\"http:\/\/www.zamosc.pttk.pl\/wordpress\/wp-content\/uploads\/2014\/02\/DSC_6994.jpg\"><img loading=\"lazy\" decoding=\"async\" class=\"size-thumbnail wp-image-1051 alignright\" alt=\"DSC_6994\" src=\"http:\/\/www.zamosc.pttk.pl\/wordpress\/wp-content\/uploads\/2014\/02\/DSC_6994-200x133.jpg\" width=\"200\" height=\"133\" srcset=\"https:\/\/zamosc.pttk.pl\/wordpress\/wp-content\/uploads\/2014\/02\/DSC_6994-200x133.jpg 200w, https:\/\/zamosc.pttk.pl\/wordpress\/wp-content\/uploads\/2014\/02\/DSC_6994-300x199.jpg 300w, https:\/\/zamosc.pttk.pl\/wordpress\/wp-content\/uploads\/2014\/02\/DSC_6994-450x300.jpg 450w, https:\/\/zamosc.pttk.pl\/wordpress\/wp-content\/uploads\/2014\/02\/DSC_6994.jpg 640w\" sizes=\"auto, (max-width: 200px) 100vw, 200px\" \/><\/a>Lesie Cetnar.<br \/>\nZe wzgl\u0119du na labirynty w\u0105woz\u00f3w teren ten nazywany jest przez miejscow\u0105 ludno\u015b\u0107 Piekie\u0142kiem.<br \/>\nNa zach\u00f3d od naszej mety po\u0142o\u017cona jest wioska Gorajec z dzielnicami: Stara Wie\u015b, Zagroble, Zastawie.<br \/>\nW XV wieku osiedlili si\u0119 tutaj Wo\u0142osi. W drugiej po\u0142owie XVII w. okoliczne ziemie nale\u017ca\u0142y do Hieronima \u017baboklickiego towarzysza wypraw wojennych Marcina Zamoyskiego, IV ordynata.<br \/>\nKiedy Marcin wybiera\u0142 si\u0119 na kolejn\u0105 wojn\u0119 z Turcj\u0105 w 1673 r. Hieronim \u017baboklicki ze swoich poddanych, <a href=\"http:\/\/www.zamosc.pttk.pl\/wordpress\/wp-content\/uploads\/2014\/02\/DSC_6946.jpg\"><img loading=\"lazy\" decoding=\"async\" class=\"size-thumbnail wp-image-1057 alignleft\" alt=\"DSC_6946\" src=\"http:\/\/www.zamosc.pttk.pl\/wordpress\/wp-content\/uploads\/2014\/02\/DSC_6946-200x133.jpg\" width=\"200\" height=\"133\" srcset=\"https:\/\/zamosc.pttk.pl\/wordpress\/wp-content\/uploads\/2014\/02\/DSC_6946-200x133.jpg 200w, https:\/\/zamosc.pttk.pl\/wordpress\/wp-content\/uploads\/2014\/02\/DSC_6946-300x199.jpg 300w, https:\/\/zamosc.pttk.pl\/wordpress\/wp-content\/uploads\/2014\/02\/DSC_6946-450x300.jpg 450w, https:\/\/zamosc.pttk.pl\/wordpress\/wp-content\/uploads\/2014\/02\/DSC_6946.jpg 640w\" sizes=\"auto, (max-width: 200px) 100vw, 200px\" \/><\/a>mieszka\u0144c\u00f3w Gorajca, zorganizowa\u0142 chor\u0105giew i na jej czele uda\u0142 si\u0119 pod Chocim. W dzie\u0144 \u015bw. Marcina (11 listopada) odby\u0142a si\u0119 tam bitwa. Wojska polskie pod dow\u00f3dztwem Jana Sobieskiego rozbi\u0142y wojskie tureckie, jednak chor\u0105giew Hieronima \u017baboklickiego zosta\u0142a rozbita, poleg\u0142o wielu mieszka\u0144c\u00f3w Gorajca.\u00a0Wtedy dow\u00f3dca wpad\u0142 na pomys\u0142 &#8211; kaza\u0142 pozosta\u0142ym przy \u017cyciu \u017co\u0142nierzom wy\u0142apywa\u0107 maruder\u00f3w tureckich i zabra\u0142 ich z sob\u0105 do Gorajca rozdaj\u0105c pod opiek\u0119 wd\u00f3w. Na pami\u0105tk\u0119\u00a0 poleg\u0142ych ufundowa\u0142 bia\u0142\u0105 figur\u0119, kt\u00f3ra stoi do dzisiaj w pobli\u017cu ko\u015bcio\u0142a.\u00a0Nazwiska wielu mieszka\u0144c\u00f3w s\u0105 pochodzenia tureckiego.\u00a0\u015awi\u0105tynia wybudowana jest z kamienia j\u00f3zefowskiego w II po\u0142. XX w.<br \/>\nNa rzece Gorajec rozdzielaj\u0105cej cz\u0119\u015bci wioski (Zagroble i Zastawie) by\u0142a historyczna granica Rusi Czerwonej i Ma\u0142opolski.<\/p>\n<p style=\"text-align: justify;\">Wspomnienia z Rajdu &#8222;Spotkanie z Wiosn\u0105&#8221; &gt;&gt;&gt; <a href=\"http:\/\/www.zamosc.pttk.pl\/wordpress\/?page_id=1298 \">tutaj<\/a><\/p>\n","protected":false},"excerpt":{"rendered":"<p>\u00a0 Znaczek rajdowy a na nim wzg\u00f3rze Czubatka roztocza\u0144ska, bocian roztocza\u0144ski i wiatrak roztocza\u0144ski&#8230;.zza kt\u00f3rego wygl\u0105da roztocza\u0144ski diabe\u0142ek&#8230; Wspomnienia z Rajdu &#8222;Spotkanie z Wiosn\u0105&#8221; &gt;&gt;&gt;\u00a0tutaj Szczeg\u00f3\u0142owy regulamin \u00a0do pobrania &gt;&gt;&gt;reg. wios Byli\u015bmy ju\u017c tam i to zobaczyli\u015bmy: \u00a0Osiem \u0142ap cz\u0142apu &hellip; <a class=\"more-link\" href=\"https:\/\/zamosc.pttk.pl\/wordpress\/?page_id=505\">Czytaj dalej <span class=\"meta-nav\">&rarr;<\/span><\/a><\/p>\n","protected":false},"author":1,"featured_media":0,"parent":0,"menu_order":0,"comment_status":"closed","ping_status":"closed","template":"","meta":{"footnotes":""},"class_list":["post-505","page","type-page","status-publish","hentry"],"_links":{"self":[{"href":"https:\/\/zamosc.pttk.pl\/wordpress\/index.php?rest_route=\/wp\/v2\/pages\/505","targetHints":{"allow":["GET"]}}],"collection":[{"href":"https:\/\/zamosc.pttk.pl\/wordpress\/index.php?rest_route=\/wp\/v2\/pages"}],"about":[{"href":"https:\/\/zamosc.pttk.pl\/wordpress\/index.php?rest_route=\/wp\/v2\/types\/page"}],"author":[{"embeddable":true,"href":"https:\/\/zamosc.pttk.pl\/wordpress\/index.php?rest_route=\/wp\/v2\/users\/1"}],"replies":[{"embeddable":true,"href":"https:\/\/zamosc.pttk.pl\/wordpress\/index.php?rest_route=%2Fwp%2Fv2%2Fcomments&post=505"}],"version-history":[{"count":27,"href":"https:\/\/zamosc.pttk.pl\/wordpress\/index.php?rest_route=\/wp\/v2\/pages\/505\/revisions"}],"predecessor-version":[{"id":1424,"href":"https:\/\/zamosc.pttk.pl\/wordpress\/index.php?rest_route=\/wp\/v2\/pages\/505\/revisions\/1424"}],"wp:attachment":[{"href":"https:\/\/zamosc.pttk.pl\/wordpress\/index.php?rest_route=%2Fwp%2Fv2%2Fmedia&parent=505"}],"curies":[{"name":"wp","href":"https:\/\/api.w.org\/{rel}","templated":true}]}}