{"id":500,"date":"2014-02-28T17:43:39","date_gmt":"2014-02-28T16:43:39","guid":{"rendered":"http:\/\/www.zamosc.pttk.pl\/wordpress\/?page_id=500"},"modified":"2014-12-26T18:09:47","modified_gmt":"2014-12-26T17:09:47","slug":"rajd-zimowy-wzgorzami-roztocza-2","status":"publish","type":"page","link":"https:\/\/zamosc.pttk.pl\/wordpress\/?page_id=500","title":{"rendered":"40 Rajd Zimowy Wzg\u00f3rzami Roztocza"},"content":{"rendered":"<p style=\"text-align: justify;\"><a href=\"http:\/\/www.zamosc.pttk.pl\/wordpress\/wp-content\/uploads\/2014\/02\/znbal14c111.png\"><br \/>\n<img loading=\"lazy\" decoding=\"async\" class=\"size-thumbnail wp-image-527 alignleft\" src=\"http:\/\/www.zamosc.pttk.pl\/wordpress\/wp-content\/uploads\/2014\/02\/znbal14c111-200x200.png\" alt=\"znbal14c11\" width=\"200\" height=\"200\" srcset=\"https:\/\/zamosc.pttk.pl\/wordpress\/wp-content\/uploads\/2014\/02\/znbal14c111-200x200.png 200w, https:\/\/zamosc.pttk.pl\/wordpress\/wp-content\/uploads\/2014\/02\/znbal14c111-300x300.png 300w, https:\/\/zamosc.pttk.pl\/wordpress\/wp-content\/uploads\/2014\/02\/znbal14c111.png 513w\" sizes=\"auto, (max-width: 200px) 100vw, 200px\" \/><\/a>Pocz\u0105tek sezonu rajdowego w 2014 roku. Chocia\u017c w kalendarzu jeszcze zima w Zamo\u015bciu jako\u015b jej nie wida\u0107. W sobot\u0119 22 lutego wyruszyli\u015bmy na w\u0119dr\u00f3wk\u0119 po wzg\u00f3rzach Roztocza \u015arodkowego\u00a0a w\u0142a\u015bciwie p\u00f3\u0142nocno-wschodniej cz\u0119\u015bci. Jak zwykle autokarami wyjechali\u015bmy z parkingu przy ul. Partyzant\u00f3w. Policzyli\u015bmy uczestnik\u00f3w by\u0142o 112 os\u00f3b. Dru\u017cyny ze SP w Szczebrzeszynie i \u015aredniem Du\u017cem ju\u017c wcze\u015bniej wsiad\u0142y w Szczebrzeszynie i dojecha\u0142y do Zamo\u015bciaTury\u015bci na trasie 1 wyruszyli z parkingu le\u015bnego na skraju lasu Zimne Do\u0142y a trasa 2 wyruszy\u0142a z okolic Ruszowa. Obie trasy w\u0119drowa\u0142y\u00a0 przede wszystkim przez teren Gminy\u00a0 \u0141abunie w pow. zamojskim.<\/p>\n<p style=\"text-align: justify;\"><a href=\"http:\/\/www.zamosc.pttk.pl\/wordpress\/wp-content\/uploads\/2014\/02\/trasa11.png\"><img loading=\"lazy\" decoding=\"async\" class=\"size-thumbnail wp-image-529 alignleft\" src=\"http:\/\/www.zamosc.pttk.pl\/wordpress\/wp-content\/uploads\/2014\/02\/trasa11-200x119.png\" alt=\"trasa11\" width=\"200\" height=\"119\" srcset=\"https:\/\/zamosc.pttk.pl\/wordpress\/wp-content\/uploads\/2014\/02\/trasa11-200x119.png 200w, https:\/\/zamosc.pttk.pl\/wordpress\/wp-content\/uploads\/2014\/02\/trasa11-300x178.png 300w, https:\/\/zamosc.pttk.pl\/wordpress\/wp-content\/uploads\/2014\/02\/trasa11-500x297.png 500w, https:\/\/zamosc.pttk.pl\/wordpress\/wp-content\/uploads\/2014\/02\/trasa11.png 640w\" sizes=\"auto, (max-width: 200px) 100vw, 200px\" \/><\/a>Na kr\u00f3tkich odcinkach przeszli\u015bmy przez teren gmin Krynice i Adam\u00f3w. Co zobaczyli\u015bmy na trasach: Pi\u0119kny las bukowy &#8211; o tej porze jeszcze \u015bpi, ale ju\u017c pokaza\u0142y si\u0119 listki w podszyciu. Edward z Tomkiem opowiedzieli troch\u0119 o historii Gminy \u0141abunie i o przyrodzie. Zobaczyli\u015bmy w jaki spos\u00f3b powstaj\u0105 naturalne w\u0105wozy lessowe zwane przez mieszka\u0144c\u00f3w debrami oraz wyja\u015bnili\u015bmy jaka jest r\u00f3\u017cnica mi\u0119dzy debr\u0105 a g\u0142\u0119bocznic\u0105. \u015aniegu prawie na razie nie by\u0142o. Babrzyska\u00a0 ju\u017c rozmarz\u0142y i czasami w nich co\u015b pluska\u0142o &#8211; to ucieka\u0142y pobudzone \u017cabki. Uwag\u0119 w\u0119drowc\u00f3w zwr\u00f3ci\u0142y warzywa pozostawione przy \u201ele\u015bnych gospodach\u201d przez my\u015bliwych. Li\u015bci kapusty nikt nie chcia\u0142 je\u015b\u0107 ale marchewka wzbudzi\u0142a zainteresowanie. Wyja\u015bnili\u015bmy, \u017ce to marchew pastewna przeznaczona dla le\u015bnych zwierz\u0105tek wi\u0119c rajdowiczom nie b\u0119dzie smakowa\u0142a. Im dalej szli\u015bmy na zach\u00f3d tym wi\u0119cej by\u0142o \u015bniegu szczeg\u00f3lnie w g\u0142\u0119bokich w\u0105wozach.\u00a0 W jednym miejscu na ods\u0142oni\u0119tej przestrzeni mo\u017cna by\u0142o je\u017adzi\u0107 na nartach &#8211; niestety nikt ich nie mia\u0142. Nawet zobaczyli\u015bmy po\u0142amane drzewo w kszta\u0142cie palmy. Kiedy wyszli\u015bmy z lasu\u00a0 na drog\u0119, kt\u00f3r\u0105 prowadzi granica powiat\u00f3w i gmin\u00a0znale\u017ali\u015bmy prawdziw\u0105 zim\u0119. W pow. tomaszowskim przy\u00a0 przysi\u00f3\u0142ku\u00a0 Namule by\u0142y\u00a0du\u017ce p\u0142achty \u015bniegu . P\u00f3\u017aniej by\u0142o weso\u0142o, bo sapowatka na polnej drodze\u00a0 skutecznie utrudnia\u0142a w\u0119dr\u00f3wk\u0119 &#8211; buty nabiera\u0142y wagi&#8230; Wreszcie dotarli\u015bmy\u00a0 do utwardzonej drogi &#8211; niekt\u00f3rzy ledwie podnosili ci\u0119\u017ckie buty. Powodzenie mia\u0142\u00a0 p\u0142at \u015bniegu, w kt\u00f3rym rozpocz\u0119\u0142o si\u0119 czyszczenie but\u00f3w. W pobli\u017cu ros\u0142y pomnikowe lipy- zapewne pozosta\u0142\u00f3\u015b\u0107 dawnego folwarku. Na horyzoncie od wschodu, pod lasem zamajaczy\u0142y kolorowe ludziki. To z kniei wychodzi\u0142a grupa naszych rajdowicz\u00f3w w\u0119druj\u0105cych pod kierownictwem Adama i Andrzeja na trasie drugiej. Wyruszyli na w\u0119dr\u00f3wk\u0119 z Ruszowa, kt\u00f3ry jest po\u0142o\u017cony na terenie Pado\u0142u Zamojskiego. Tu\u017c przy wiosce znajduj\u0105 si\u0119 \u201eruszaj\u0105ce bagna\u201d, z kt\u00f3rych wyp\u0142ywa rzeka \u0141abu\u0144ka. Mieli te\u017c mn\u00f3stwo atrakcji, g\u0142\u0119bokie w\u0105wozy, \u017cabki i \u015blimaki wzbudza\u0142y zainteresowanie. Po drodze obejrzeli tajemnicz\u0105 budowl\u0119 &#8211; na 25 metrowej wie\u017cy znajduje si\u0119 ogromna kula w kszta\u0142cie pi\u0142ki. Ten obiekt nazywa si\u0119 Backbone. Na po\u0142udniowym skraju lasu w Zamulu doszli do drogi, kt\u00f3r\u0105 w\u0119drowa\u0142a trasa 1. Po lewej na po\u0142udniu by\u0142y widoczne zabudowania Bo\u017cej Woli w Gminie Adam\u00f3w a na p\u00f3\u0142nocy Majdan Ruszowski w gminie \u0141abunie. Do mety coraz bli\u017cej &#8211; s\u0105 tu\u00a0 miejsca znane w historii. T\u0119dy w 1648 roku na Zamo\u015b\u0107 sz\u0142y sotnie Kozak\u00f3w i Tatar\u00f3w pod wodz\u0105 Bohdana Chmielnickiego i odpoczywali na majdanie\u00a0. Z g\u00f3ry by\u0142o wida\u0107 jak na d\u0142oni twierdz\u0119 zamojsk\u0105. Na terenie Zamojszczyzny jest bardzo du\u017co miejscowo\u015bci, kt\u00f3re maj\u0105 2-cz\u0142onow\u0105 nazw\u0119, z kt\u00f3rej jeden wyraz jest Majdanem. By\u0142o to miejsce, gdzie na le\u015bnej polanie mieszka\u0144cy obrabiali drewno z puszczy, produkowano dziegied\u017a &#8211; tak\u0105 past\u0119 do but\u00f3w\u00a0i ko\u0144skich kopyt oraz ma\u017a do smarowania k\u00f3\u0142. W czasie wojen zbiera\u0142o si\u0119 tam pospolite ruszenie. Przez Majdan Ruszowski przebiega\u0142a kolejka w\u0105skotorowa z Tomaszowa Lubelskiego i by\u0142 tutaj\u00a0drewniany wiadukt\u00a0 o d\u0142ugo\u015bci 150 m i wysoko\u015bci 14 m, wybudowany w czasie I wojny \u015bwiatowej. Na mecie powita\u0142 nas Kazio &#8211; kierownik Rajdu i zaprosi\u0142 na kr\u00f3tki odpoczynek, smakowity nap\u00f3j oraz dla doros\u0142ych kaw\u0119 i herbat\u0119 w wiejskiej \u015bwietlicy.\u00a0 W kuchni uwija\u0142y si\u0119 panie z Ko\u0142a Gospody\u0144 Wiejskich z Majdanu Ruszowskiego, kt\u00f3re by\u0142y tu gospodyniami. P\u00f3\u017aniej rozpocz\u0119\u0142y si\u0119 konkursy: krajoznawczy i piosenki turystycznej. Ogromnym zainteresowaniem cieszy\u0142 si\u0119 konkurs lepienia figury \u015bniegowej. Konkurs ten prowadzili Janusz i Tomek. Najwy\u017csza figura mia\u0142a ponad 80 cm. Jak powstawa\u0142y mo\u017cemy zobaczy\u0107 na filmie \u00a0tutaj:<a href=\"https:\/\/www.facebook.com\/pages\/Zamo%C5%9B%C4%87-PTTK\/328234243870049\"> na Facebooku<\/a><\/p>\n<p>\u00a0\u00a0\u00a0 Rajd by\u0142 organizowany pod tegorocznym has\u0142em ZG PTTK \u201eTurystyka \u0142\u0105czy pokolenia\u201d. Uczestnikami by\u0142y nawet przedszkolaki jak r\u00f3wnie\u017c s\u0142uchacze Uniwersytetu Trzeciego Wieku z Zamo\u015bcia. Uczestniczy\u0142y dru\u017cyny ze szk\u00f3l: Zesp\u00f3\u0142 Szk\u00f3\u0142 Nr 6 w Zamo\u015bciu, Szko\u0142a Podstawowa w \u0141abuniach, Szko\u0142a Podstawowa Nr 7 z Zamo\u015bcia, Szko\u0142a Podstawowa ze Szczebrzeszyna, Gimnazjum w \u015aredniem Du\u017cem, i 2 dru\u017cyny ze Szko\u0142y Podstawowej Nr 3 w Zamo\u015bciu oraz tury\u015bci indywidualni z Zamo\u015bcia i Goraja. Podzi\u0119kowania za pomoc w organizacji Rajdu: Dla Pana Antoniego Turczyna w\u00f3jta Gminy \u0141abunie za ufundowanie nagr\u00f3d konkursowych Dla Pani Agnieszki Piela z UG \u0141abunie Dla Pa\u0144 KGW w Majdanie Ruszowskim: Barbary Jastrz\u0119bskiej, Kazimiery Krupa, Ma\u0142gorzaty Bondyra, Marioli Krupa, Anny S\u0142upskiej. Dla Nadle\u015bnictwa Tomaszow za umo\u017cliwienie nam bezpiecznej w\u0119dr\u00f3wki Dla Pa\u0144 i Pan\u00f3w opiekun\u00f3w m\u0142odzie\u017cy Dla Kadry Oddzia\u0142u PTK w Zamo\u015bciu Wkr\u00f3tce spotkamy si\u0119 z wiosn\u0105 w lesie Cetnar w kwietniu br. Do zobaczenia&#8230;<\/p>\n","protected":false},"excerpt":{"rendered":"<p>Pocz\u0105tek sezonu rajdowego w 2014 roku. Chocia\u017c w kalendarzu jeszcze zima w Zamo\u015bciu jako\u015b jej nie wida\u0107. W sobot\u0119 22 lutego wyruszyli\u015bmy na w\u0119dr\u00f3wk\u0119 po wzg\u00f3rzach Roztocza \u015arodkowego\u00a0a w\u0142a\u015bciwie p\u00f3\u0142nocno-wschodniej cz\u0119\u015bci. Jak zwykle autokarami wyjechali\u015bmy z parkingu przy ul. Partyzant\u00f3w. &hellip; <a class=\"more-link\" href=\"https:\/\/zamosc.pttk.pl\/wordpress\/?page_id=500\">Czytaj dalej <span class=\"meta-nav\">&rarr;<\/span><\/a><\/p>\n","protected":false},"author":1,"featured_media":0,"parent":0,"menu_order":0,"comment_status":"closed","ping_status":"closed","template":"","meta":{"footnotes":""},"class_list":["post-500","page","type-page","status-publish","hentry"],"_links":{"self":[{"href":"https:\/\/zamosc.pttk.pl\/wordpress\/index.php?rest_route=\/wp\/v2\/pages\/500","targetHints":{"allow":["GET"]}}],"collection":[{"href":"https:\/\/zamosc.pttk.pl\/wordpress\/index.php?rest_route=\/wp\/v2\/pages"}],"about":[{"href":"https:\/\/zamosc.pttk.pl\/wordpress\/index.php?rest_route=\/wp\/v2\/types\/page"}],"author":[{"embeddable":true,"href":"https:\/\/zamosc.pttk.pl\/wordpress\/index.php?rest_route=\/wp\/v2\/users\/1"}],"replies":[{"embeddable":true,"href":"https:\/\/zamosc.pttk.pl\/wordpress\/index.php?rest_route=%2Fwp%2Fv2%2Fcomments&post=500"}],"version-history":[{"count":8,"href":"https:\/\/zamosc.pttk.pl\/wordpress\/index.php?rest_route=\/wp\/v2\/pages\/500\/revisions"}],"predecessor-version":[{"id":4543,"href":"https:\/\/zamosc.pttk.pl\/wordpress\/index.php?rest_route=\/wp\/v2\/pages\/500\/revisions\/4543"}],"wp:attachment":[{"href":"https:\/\/zamosc.pttk.pl\/wordpress\/index.php?rest_route=%2Fwp%2Fv2%2Fmedia&parent=500"}],"curies":[{"name":"wp","href":"https:\/\/api.w.org\/{rel}","templated":true}]}}