{"id":473,"date":"2014-02-28T17:26:46","date_gmt":"2014-02-28T16:26:46","guid":{"rendered":"http:\/\/www.zamosc.pttk.pl\/wordpress\/?page_id=473"},"modified":"2014-11-06T16:40:21","modified_gmt":"2014-11-06T15:40:21","slug":"zamosc","status":"publish","type":"page","link":"https:\/\/zamosc.pttk.pl\/wordpress\/?page_id=473","title":{"rendered":"Zamo\u015b\u0107"},"content":{"rendered":"<h2 style=\"text-align: center;\"><\/h2>\n<h2 style=\"text-align: center;\"><span style=\"color: #800000;\"><em>Miasto idealne i niezdobyta twierdza<\/em><\/span><\/h2>\n<p style=\"text-align: center;\"><a href=\"http:\/\/www.zamosc.pttk.pl\/wordpress\/wp-content\/uploads\/2014\/02\/starowka2014.png\"><img loading=\"lazy\" decoding=\"async\" class=\"aligncenter size-thumbnail wp-image-901\" src=\"http:\/\/www.zamosc.pttk.pl\/wordpress\/wp-content\/uploads\/2014\/02\/starowka2014-200x40.png\" alt=\"starowka2014\" width=\"200\" height=\"40\" srcset=\"https:\/\/zamosc.pttk.pl\/wordpress\/wp-content\/uploads\/2014\/02\/starowka2014-200x40.png 200w, https:\/\/zamosc.pttk.pl\/wordpress\/wp-content\/uploads\/2014\/02\/starowka2014-300x60.png 300w, https:\/\/zamosc.pttk.pl\/wordpress\/wp-content\/uploads\/2014\/02\/starowka2014-500x100.png 500w, https:\/\/zamosc.pttk.pl\/wordpress\/wp-content\/uploads\/2014\/02\/starowka2014.png 940w\" sizes=\"auto, (max-width: 200px) 100vw, 200px\" \/><\/a><\/p>\n<p style=\"text-align: center;\"><span style=\"color: #993300;\"><em>Zapraszamy do miasta, kt\u00f3re jest fenomenem w historii architektury nie tylko polskiej,<\/em><\/span><br \/>\n<span style=\"color: #993300;\"> <em>ale te\u017c europejskiej.\u00a0<\/em><\/span><br \/>\n<span style=\"color: #993300;\"> <em>Miasto-twierdza za\u0142o\u017cone przez Jana Zamoyskiego, kanclerza i hetmana.<\/em><\/span><br \/>\n<span style=\"color: #993300;\"> <em>Akt nadania praw miejskich podpisa\u0142 kr\u00f3l Stefan Batory 12 czerwca 1580 roku w Wilnie.<\/em><\/span><br \/>\n<span style=\"color: #993300;\"> <em>Zaprojektowane przez w\u0142oskiego architekta Bernardo Morando w oparciu o w\u0142osk\u0105 p\u00f3\u017anorenesansow\u0105 my\u015bl urbanistyczn\u0105.<\/em><\/span><br \/>\n<span style=\"color: #993300;\"> <em>Miasto mia\u0142o charakter wielofunkcyjny: w cz\u0119\u015bci zachodniej znajdowa\u0142y si\u0119 rezydencja ordynata, Kolegiata i Akademia Zamojska. Miasto idealne w swojej strukturze organizacyjnej i przestrzennej, by\u0142o wa\u017cnym o\u015brodkiem handlowym i rzemie\u015blniczym na szlaku handlowym<br \/>\n<\/em><\/span><span style=\"color: #993300;\"><em>w kierunku Lwowa. Mieszkali tu Polacy, Ormianie, Grecy, Rusini, \u017bydzi i Szkoci.<\/em><\/span><\/p>\n<p style=\"text-align: center;\"><span style=\"color: #993300;\"> <em>Twierdza skutecznie obroni\u0142a si\u0119 przed wojskami Bohdana Chmielnickiego (1648 r.) oraz wojskami szwedzkimi pod wodz\u0105 Karola Gustawa (1656 r.).<\/em><\/span><br \/>\n<span style=\"color: #993300;\"> <em>W 1809 r. twierdza zamojska zosta\u0142a zdobyta jedyny raz w swojej historii szturmem przez wojska\u00a0ksi\u0119cia J\u00f3zefa Poniatowskiego.<\/em><\/span><br \/>\n<span style=\"color: #993300;\"> <em>W XIX w. Zamo\u015b\u0107 by\u0142 wa\u017cn\u0105 fortec\u0105 w Kr\u00f3lestwie Polskim. W czasie I i II wojny \u015bwiatowej oraz w 1920 r. w pobli\u017cu Zamo\u015bcia toczy\u0142y si\u0119 ci\u0119\u017ckie boje.<\/em><\/span><br \/>\n<span style=\"color: #993300;\"> <em>W dniu 14 grudnia 1992 roku zamojskie Stare Miasto zosta\u0142o wpisane na list\u0119<\/em><\/span><br \/>\n<span style=\"color: #993300;\"> <em>\u015awiatowego Dziedzictwa Kultury UNESC0<\/em><\/span><\/p>\n<p style=\"text-align: center;\"><strong><span style=\"font-size: 17px;\">Spacerkiem po Zamo\u015bciu z przewodnikiem PTTK<\/span><\/strong><\/p>\n<p style=\"text-align: center;\"><span style=\"font-size: 11px;\">Kol. Bo\u017cena oprowadza wycieczk\u0119 m\u0142odzie\u017cy z SP w Mi\u0105czynie, pow. zamojski<\/span><\/p>\n<p style=\"text-align: center;\">[huge_it_slider id=&#8221;5&#8243;]<\/p>\n<p style=\"text-align: center;\">[huge_it_slider id=&#8221;17&#8243;]<\/p>\n<p style=\"text-align: center;\"><a href=\"https:\/\/www.facebook.com\/video.php?v=999423320084468&amp;set=vb.328234243870049&amp;type=2&amp;theater\"><span style=\"font-size: 14px;\">Filmik na Fecebooku<\/span><\/a><\/p>\n","protected":false},"excerpt":{"rendered":"<p>Miasto idealne i niezdobyta twierdza Zapraszamy do miasta, kt\u00f3re jest fenomenem w historii architektury nie tylko polskiej, ale te\u017c europejskiej.\u00a0 Miasto-twierdza za\u0142o\u017cone przez Jana Zamoyskiego, kanclerza i hetmana. Akt nadania praw miejskich podpisa\u0142 kr\u00f3l Stefan Batory 12 czerwca 1580 roku &hellip; <a class=\"more-link\" href=\"https:\/\/zamosc.pttk.pl\/wordpress\/?page_id=473\">Czytaj dalej <span class=\"meta-nav\">&rarr;<\/span><\/a><\/p>\n","protected":false},"author":1,"featured_media":0,"parent":0,"menu_order":0,"comment_status":"closed","ping_status":"closed","template":"","meta":{"footnotes":""},"class_list":["post-473","page","type-page","status-publish","hentry"],"_links":{"self":[{"href":"https:\/\/zamosc.pttk.pl\/wordpress\/index.php?rest_route=\/wp\/v2\/pages\/473","targetHints":{"allow":["GET"]}}],"collection":[{"href":"https:\/\/zamosc.pttk.pl\/wordpress\/index.php?rest_route=\/wp\/v2\/pages"}],"about":[{"href":"https:\/\/zamosc.pttk.pl\/wordpress\/index.php?rest_route=\/wp\/v2\/types\/page"}],"author":[{"embeddable":true,"href":"https:\/\/zamosc.pttk.pl\/wordpress\/index.php?rest_route=\/wp\/v2\/users\/1"}],"replies":[{"embeddable":true,"href":"https:\/\/zamosc.pttk.pl\/wordpress\/index.php?rest_route=%2Fwp%2Fv2%2Fcomments&post=473"}],"version-history":[{"count":20,"href":"https:\/\/zamosc.pttk.pl\/wordpress\/index.php?rest_route=\/wp\/v2\/pages\/473\/revisions"}],"predecessor-version":[{"id":4009,"href":"https:\/\/zamosc.pttk.pl\/wordpress\/index.php?rest_route=\/wp\/v2\/pages\/473\/revisions\/4009"}],"wp:attachment":[{"href":"https:\/\/zamosc.pttk.pl\/wordpress\/index.php?rest_route=%2Fwp%2Fv2%2Fmedia&parent=473"}],"curies":[{"name":"wp","href":"https:\/\/api.w.org\/{rel}","templated":true}]}}