{"id":4592,"date":"2015-01-29T18:20:41","date_gmt":"2015-01-29T17:20:41","guid":{"rendered":"http:\/\/www.zamosc.pttk.pl\/wordpress\/?page_id=4592"},"modified":"2015-02-16T21:17:16","modified_gmt":"2015-02-16T20:17:16","slug":"wiadomosci","status":"publish","type":"page","link":"https:\/\/zamosc.pttk.pl\/wordpress\/?page_id=4592","title":{"rendered":"Wiadomo\u015bci"},"content":{"rendered":"<p>Dzia\u0142alno\u015b\u0107 Klubu Turystyczno-Krajoznawczego im Micha\u0142a Pieszki w 2015 r.<\/p>\n<p><span style=\"font-size: 14px;\"><a href=\"http:\/\/www.zamosc.pttk.pl\/wordpress\/wp-content\/uploads\/2015\/01\/Plan-klubu-2015-r.pdf\">Plan pracy Klubu 2015 r. &gt;&gt;&gt;&gt;&gt;<\/a><\/span><\/p>\n<p>&nbsp;<\/p>\n<p><span style=\"font-size: 14px;\">Spotkanie rocznicowe w Lasowcach w dniu 14 lutego 2015 r.<\/span><\/p>\n<p>[huge_it_slider id=&#8221;22&#8243;]<\/p>\n<p>&nbsp;<\/p>\n<p>&nbsp;<\/p>\n<p>&nbsp;<\/p>\n<p>&nbsp;<\/p>\n<p>&nbsp;<\/p>\n<p>&nbsp;<\/p>\n<p>&nbsp;<\/p>\n<p>&nbsp;<\/p>\n<p>&nbsp;<\/p>\n<p>&nbsp;<\/p>\n<p>&nbsp;<\/p>\n<p>&nbsp;<\/p>\n<hr \/>\n<p>&nbsp;<\/p>\n<p>&nbsp;<\/p>\n<p><span style=\"font-size: 14px;\"><a href=\"http:\/\/www.zamosc.pttk.pl\/wordpress\/wp-content\/uploads\/2015\/01\/spotkanie-Krasnobrod.pdf\">Spotkanie rocznicowe w Krasnobrodzie 31 stycznia &gt;&gt;&gt;&gt;&gt;<\/a><\/span><\/p>\n<p>&nbsp;<\/p>\n<p>[huge_it_slider id=&#8221;13&#8243;]<\/p>\n","protected":false},"excerpt":{"rendered":"<p>Dzia\u0142alno\u015b\u0107 Klubu Turystyczno-Krajoznawczego im Micha\u0142a Pieszki w 2015 r. Plan pracy Klubu 2015 r. &gt;&gt;&gt;&gt;&gt; &nbsp; Spotkanie rocznicowe w Lasowcach w dniu 14 lutego 2015 r. [huge_it_slider id=&#8221;22&#8243;] &nbsp; &nbsp; &nbsp; &nbsp; &nbsp; &nbsp; &nbsp; &nbsp; &nbsp; &nbsp; &nbsp; &nbsp; &hellip; <a class=\"more-link\" href=\"https:\/\/zamosc.pttk.pl\/wordpress\/?page_id=4592\">Czytaj dalej <span class=\"meta-nav\">&rarr;<\/span><\/a><\/p>\n","protected":false},"author":1,"featured_media":0,"parent":0,"menu_order":0,"comment_status":"closed","ping_status":"closed","template":"","meta":{"footnotes":""},"class_list":["post-4592","page","type-page","status-publish","hentry"],"_links":{"self":[{"href":"https:\/\/zamosc.pttk.pl\/wordpress\/index.php?rest_route=\/wp\/v2\/pages\/4592","targetHints":{"allow":["GET"]}}],"collection":[{"href":"https:\/\/zamosc.pttk.pl\/wordpress\/index.php?rest_route=\/wp\/v2\/pages"}],"about":[{"href":"https:\/\/zamosc.pttk.pl\/wordpress\/index.php?rest_route=\/wp\/v2\/types\/page"}],"author":[{"embeddable":true,"href":"https:\/\/zamosc.pttk.pl\/wordpress\/index.php?rest_route=\/wp\/v2\/users\/1"}],"replies":[{"embeddable":true,"href":"https:\/\/zamosc.pttk.pl\/wordpress\/index.php?rest_route=%2Fwp%2Fv2%2Fcomments&post=4592"}],"version-history":[{"count":12,"href":"https:\/\/zamosc.pttk.pl\/wordpress\/index.php?rest_route=\/wp\/v2\/pages\/4592\/revisions"}],"predecessor-version":[{"id":4840,"href":"https:\/\/zamosc.pttk.pl\/wordpress\/index.php?rest_route=\/wp\/v2\/pages\/4592\/revisions\/4840"}],"wp:attachment":[{"href":"https:\/\/zamosc.pttk.pl\/wordpress\/index.php?rest_route=%2Fwp%2Fv2%2Fmedia&parent=4592"}],"curies":[{"name":"wp","href":"https:\/\/api.w.org\/{rel}","templated":true}]}}