{"id":4458,"date":"2014-12-20T17:02:22","date_gmt":"2014-12-20T16:02:22","guid":{"rendered":"http:\/\/www.zamosc.pttk.pl\/wordpress\/?page_id=4458"},"modified":"2014-12-21T10:42:47","modified_gmt":"2014-12-21T09:42:47","slug":"rajd-do-wojdy","status":"publish","type":"page","link":"https:\/\/zamosc.pttk.pl\/wordpress\/?page_id=4458","title":{"rendered":"Rajd do Wojdy"},"content":{"rendered":"<p>W dniu 20 grudnia 2014 r.<\/p>\n<p>Na trasie zobaczyli\u015bmy nie tylko pi\u0119kne krajobrazy, roztocza\u0144skie potwory oraz powspominali\u015bmy o bitwie w dniu 30 grudnia 1942 r.<\/p>\n<p>[huge_it_slider id=&#8221;9&#8243;]<\/p>\n<p>&nbsp;<\/p>\n<p>Powstanie Zamojskie 1942 -1944<\/p>\n<p>Wojda 30 grudnia 1942 r.<\/p>\n<p style=\"text-align: justify;\">Wobec rozpocz\u0119tych wysiedle\u0144 ludno\u015bci polskiej i nasilenia represji, Komendant G\u0142\u00f3wny BCh Franciszek Kami\u0144ski w trzeciej dekadzie grudnia 1942 r. rozkaza\u0142 komendantom obwod\u00f3w tomaszowskiego i zamojskiego utworzy\u0107 oddzia\u0142 w sile jednej kompanii. Na polecenie komendanta obwodu tomaszowskiego, 26 XII w okolicach Dzier\u0105\u017cni mia\u0142a miejsce koncentracja \u017co\u0142nierzy BCh. Zorganizowano dwa plutony z\u0142o\u017cone z 96 ludzi pochodz\u0105cych ze wsi, kt\u00f3re zosta\u0142y wysiedlone. Dow\u00f3dztwo nad plutonami obj\u0119li: plut. J\u00f3zef Danilewicz ps. \u201eK\u0142oda&#8221; i plut. Aleksander Mys\u0142akowski ps. \u201eJutrzenka&#8221;. Niemal jawne organizowanie oddzia\u0142\u00f3w partyzanckich mia\u0142o na celu pokazanie ludno\u015bci polskiej, \u017ce w\u015br\u00f3d ludu r\u00f3wnie\u017c istniej\u0105 si\u0142y zdolne walczy\u0107 w jej obronie. Oba plutony natychmiast uda\u0142y si\u0119 w lasy kosobudzkie.\u00a0 27 grudnia dotar\u0142y do miejsca koncentracji w Wojdzie. Przyby\u0142 tu r\u00f3wnie\u017c trzeci pluton z obwodu zamojskiego, w sile 34 ludzi pod dow\u00f3dztwem plut. Henryka Dereweckiego ps. \u201eS\u0119p&#8221;. Nad utworzon\u0105 w ten spos\u00f3b I Kompani\u0105 Kadrow\u0105 BCh obj\u0105\u0142 dow\u00f3dztwo por. Jerzy Miller ps. \u201eVis&#8221;, przys\u0142any przez Komend\u0119 G\u0142\u00f3wn\u0105 BCh z Warszawy.<\/p>\n<p style=\"text-align: justify;\">Jerzy Miller, ps. \u201eVis&#8221; lub \u201eFilip&#8221; &#8211; cichociemny, przeszkolony w Anglii zosta\u0142 przerzucony do Polski jako oficer ds. dywersji w KG BCh. Po zorganizowaniu powstania zamojskiego wr\u00f3ci\u0142 do Warszawy. Zgin\u0105\u0142 we wrze\u015bniu 1943 w akcji na restauracj\u0119 niemieck\u0105.<\/p>\n<p style=\"text-align: justify;\">Noc\u0105 28 XII 1942 r. w lasach pod Bli\u017cowem do I Kompanii Kadrowej BCh do\u0142\u0105czy\u0142 37-osobowy radziecki oddzia\u0142 p\u0142k. Wasyla Wo\u0142odina, sk\u0142adaj\u0105cy si\u0119 ze zbieg\u00f3w z oboz\u00f3w jenieckich. Tak du\u017ce zgrupowanie partyzant\u00f3w nie mog\u0142o uj\u015b\u0107 uwadze Niemc\u00f3w. Rozpocz\u0119\u0142a si\u0119 koncentracja ich si\u0142 pod dow\u00f3dztwem kpt. Biskady&#8217;ego. Wiadomo\u015bci o przygotowaniach hitlerowc\u00f3w dotar\u0142y do dow\u00f3dztwa zgrupowania. Partyzanci, wal\u0105c stare drzewa, k\u0142adli przeszkody na drogach wiod\u0105cych do Wojdy. W okolicy czuwa\u0142y patrole.<br \/>\nW budynku na wsch. skraju wsi urz\u0105dzono wartowni\u0119 z broni\u0105 maszynow\u0105.<\/p>\n<p style=\"text-align: justify;\">Do bitwy dosz\u0142o\u00a0 30 grudnia, na trzeci dzie\u0144 po utworzeniu I Kompanii Kadrowej BCh. O \u015bwicie Niemcy rozpocz\u0119li atak od strony Kosobud, Adamowa i Szewni Dolnej. Kilkana\u015bcie godzin trwa\u0142 zaci\u0119ty b\u00f3j. Kilka razy partyzanci odpierali silne ataki hitlerowc\u00f3w zadaj\u0105c im dotkliwe straty. Brawurowo walczy\u0142 cekaemista Pawe\u0142 Dawidenko na skraju lasu od strony Kosobud przep\u0142acaj\u0105c to \u017cyciem. Wieczorem I Kompania Kadrowa BCH wycofa\u0142a si\u0119 w lasy zwierzynieckie nie daj\u0105c si\u0119 zniszczy\u0107. Podzielona na ma\u0142e grupki noc\u0105 powr\u00f3ci\u0142a w okolice Dzier\u0105\u017cni. Niemcy po wkroczeniu wieczorem do Wojdy spalili zabudowania i rozstrzelali 11 mieszka\u0144c\u00f3w. W czasie tej bitwy Niemcy stracili 20 zabitych i 30 rannych \u017candarm\u00f3w. Zgin\u0119\u0142o 6 partyzant\u00f3w BCh i 2 radzieckich, kilku zosta\u0142o rannych.<\/p>\n<p style=\"text-align: justify;\">Dla hitlerowc\u00f3w to by\u0142a pierwsza taka bitwa z le\u015bnymi oddzia\u0142ami partyzanckimi, nie znali jeszcze wtedy taktyki walki partyzanckiej, nie zdo\u0142ali zamkn\u0105\u0107 w okr\u0105\u017ceniu oddzia\u0142u, w kotle. Partyzanci pod ods\u0142on\u0105 nocy wycofali si\u0119 w kierunku zachodnim i po prostu rozp\u0142yn\u0119li si\u0119 w nocy i g\u0119stwinie roztocza\u0144skich las\u00f3w. Hitlerowcy w po\u015bcigu doszli do Zwierzy\u0144ca i nie spotkali po drodze \u017cadnego partyzanta. Bitwa pod Wojd\u0105 by\u0142a pocz\u0105tkiem powstania zamojskiego, w kt\u00f3rym a\u017c do wyzwolenia walczy\u0142o ponad 22 tys. \u017co\u0142nierzy.<\/p>\n<p style=\"text-align: justify;\">Ta bitwa mia\u0142a szczeg\u00f3lne znaczenie polityczno-moralne dla ludno\u015bci Zamojszczyzny. Wykaza\u0142a bowiem zar\u00f3wno mo\u017cliwo\u015b\u0107 jak i skuteczno\u015b\u0107 podejmowania walki zbrojnej z okupantem, mobilizowa\u0142a do zbrojnego oporu.<\/p>\n<p>es<\/p>\n","protected":false},"excerpt":{"rendered":"<p>W dniu 20 grudnia 2014 r. Na trasie zobaczyli\u015bmy nie tylko pi\u0119kne krajobrazy, roztocza\u0144skie potwory oraz powspominali\u015bmy o bitwie w dniu 30 grudnia 1942 r. [huge_it_slider id=&#8221;9&#8243;] &nbsp; Powstanie Zamojskie 1942 -1944 Wojda 30 grudnia 1942 r. Wobec rozpocz\u0119tych wysiedle\u0144 &hellip; <a class=\"more-link\" href=\"https:\/\/zamosc.pttk.pl\/wordpress\/?page_id=4458\">Czytaj dalej <span class=\"meta-nav\">&rarr;<\/span><\/a><\/p>\n","protected":false},"author":1,"featured_media":0,"parent":0,"menu_order":0,"comment_status":"closed","ping_status":"closed","template":"","meta":{"footnotes":""},"class_list":["post-4458","page","type-page","status-publish","hentry"],"_links":{"self":[{"href":"https:\/\/zamosc.pttk.pl\/wordpress\/index.php?rest_route=\/wp\/v2\/pages\/4458","targetHints":{"allow":["GET"]}}],"collection":[{"href":"https:\/\/zamosc.pttk.pl\/wordpress\/index.php?rest_route=\/wp\/v2\/pages"}],"about":[{"href":"https:\/\/zamosc.pttk.pl\/wordpress\/index.php?rest_route=\/wp\/v2\/types\/page"}],"author":[{"embeddable":true,"href":"https:\/\/zamosc.pttk.pl\/wordpress\/index.php?rest_route=\/wp\/v2\/users\/1"}],"replies":[{"embeddable":true,"href":"https:\/\/zamosc.pttk.pl\/wordpress\/index.php?rest_route=%2Fwp%2Fv2%2Fcomments&post=4458"}],"version-history":[{"count":5,"href":"https:\/\/zamosc.pttk.pl\/wordpress\/index.php?rest_route=\/wp\/v2\/pages\/4458\/revisions"}],"predecessor-version":[{"id":4493,"href":"https:\/\/zamosc.pttk.pl\/wordpress\/index.php?rest_route=\/wp\/v2\/pages\/4458\/revisions\/4493"}],"wp:attachment":[{"href":"https:\/\/zamosc.pttk.pl\/wordpress\/index.php?rest_route=%2Fwp%2Fv2%2Fmedia&parent=4458"}],"curies":[{"name":"wp","href":"https:\/\/api.w.org\/{rel}","templated":true}]}}