{"id":4445,"date":"2014-12-17T19:42:51","date_gmt":"2014-12-17T18:42:51","guid":{"rendered":"http:\/\/www.zamosc.pttk.pl\/wordpress\/?page_id=4445"},"modified":"2019-01-03T16:51:39","modified_gmt":"2019-01-03T15:51:39","slug":"wazne-informacja-dla-przewodnikow","status":"publish","type":"page","link":"https:\/\/zamosc.pttk.pl\/wordpress\/?page_id=4445","title":{"rendered":"Wa\u017cne informacje dla przewodnik\u00f3w"},"content":{"rendered":"<p>&nbsp;<\/p>\n<p><strong>Informacja dla przewodnik\u00f3w i pilot\u00f3w PTTK<\/strong><\/p>\n<p>&nbsp;<\/p>\n<p><span style=\"color: #ff0000;\"><strong><span style=\"font-size: 16px;\">Przewodnicy, kt\u00f3rzy mog\u0105 oprowadza\u0107 wycieczki po Roztoczu w maju i czerwcu w dni powszednie proszeni s\u0105 o pilny kontakt z naszym Biurem.<\/span><\/strong><\/span><\/p>\n<p>&nbsp;<\/p>\n<p>Jednocze\u015bnie informujemy, \u017ce osoby, kt\u00f3rym sko\u0144czy\u0142 si\u0119 okres wa\u017cno\u015bci identyfikatora wydanego przez Marsza\u0142ka Wojew\u00f3dztwa pragn\u0105cym zosta\u0107 przewodnikiem PTTK mog\u0105 wnioskowa\u0107 do Zarz\u0105du Oddzia\u0142u PTTK w Zamo\u015bciu o wyst\u0105pienie do ZG PTTK wydania identyfikatora przewodnika\/pilota PTTK. (nale\u017cy dostarczy\u0107 1 zdj\u0119cie, op\u0142ata 10 z\u0142)<\/p>\n<p>Jednym z najwa\u017cniejszych warunk\u00f3w jest ci\u0105g\u0142e op\u0142acanie sk\u0142adek cz\u0142onkowskich i nie prowadzenie dzia\u0142alno\u015bci konkurencyjnej przy wykorzystaniu identyfikatora przewodnika PTTK.<\/p>\n<p>Biuro PTTK b\u0119dzie wsp\u00f3\u0142pracowa\u0142o z przewodnikami posiadaj\u0105cymi identyfikatory PTTK.<\/p>\n<p><strong>Wyci\u0105g z regulaminu dotycz\u0105cego przewodnik\u00f3w turystycznych PTTK<\/strong><br \/>\nUchwa\u0142a Nr 55\/XVIII\/2014 Zarz\u0105du G\u0142\u00f3wnego PTTK z 27 lutego 2014 r.<\/p>\n<p>Przewodnik turystyczny PTTK (zwany dalej przewodnikiem) jest cz\u0142onkiem kadry programowej Polskiego Towarzystwa Turystyczno-Krajoznawczego (PTTK)<\/p>\n<p>Zadania, prawa i obowi\u0105zki przewodnika turystycznego PTTK<\/p>\n<p>Przewodnik wykonuj\u0105c swoje zadania ma obowi\u0105zek realizowania cel\u00f3w statutowych PTTK dzia\u0142aj\u0105c zgodnie z niniejszym Regulaminem i uchwa\u0142ami macierzystego Zarz\u0105du Oddzia\u0142u i Uchwa\u0142ami Zarz\u0105du G\u0142\u00f3wnego PTTK.<\/p>\n<p>Przewodnik ma obowi\u0105zek sta\u0142ego podnoszenia swoich kwalifikacji i umiej\u0119tno\u015bci przez samokszta\u0142cenie, udzia\u0142 we wszelkiego rodzaju szkoleniach, sympozjach, sesjach, sesjach popularnonaukowych i innych formach dokszta\u0142cania, w tym w szczeg\u00f3lno\u015bci organizowanych przez kluby i ko\u0142a przewodnickie oraz Oddzia\u0142y PTTK i Komisj\u0119 przewodnick\u0105 ZG PTTK<\/p>\n<p>Przewodnik bierze czynny udzia\u0142 w \u017cyciu organizacyjnym PTTK, w szczeg\u00f3lno\u015bci w pracach swojego macierzystego Oddzia\u0142u, a tak\u017ce Ko\u0142a\/Klubu Przewodnickiego.<\/p>\n<p>Do zada\u0144 przewodnika turystycznego zgodnie z ustaw\u0105 z 29 sierpnia 1997 r. o us\u0142ugach turystycznych nale\u017cy:<\/p>\n<ol>\n<li>Oprowadzanie turyst\u00f3w lub odwiedzaj\u0105cych. udzielanie fachowej i aktualnej informacji o kraju, odwiedzanych miejscowo\u015bciach, obszarach i obiektach, sprawowanie opieki nad turystami lub odwiedzaj\u0105cymi w okresie wynikaj\u0105cym z umowy.<\/li>\n<li>Popularyzowanie dzia\u0142alno\u015bci PTTK dotycz\u0105cej terenu, po kt\u00f3rym oprowadza, w szczeg\u00f3lno\u015bci szlak\u00f3w i odznak turystycznych.<\/li>\n<\/ol>\n<hr \/>\n<p>&nbsp;<\/p>\n","protected":false},"excerpt":{"rendered":"<p>&nbsp; Informacja dla przewodnik\u00f3w i pilot\u00f3w PTTK &nbsp; Przewodnicy, kt\u00f3rzy mog\u0105 oprowadza\u0107 wycieczki po Roztoczu w maju i czerwcu w dni powszednie proszeni s\u0105 o pilny kontakt z naszym Biurem. &nbsp; Jednocze\u015bnie informujemy, \u017ce osoby, kt\u00f3rym sko\u0144czy\u0142 si\u0119 okres wa\u017cno\u015bci &hellip; <a class=\"more-link\" href=\"https:\/\/zamosc.pttk.pl\/wordpress\/?page_id=4445\">Czytaj dalej <span class=\"meta-nav\">&rarr;<\/span><\/a><\/p>\n","protected":false},"author":1,"featured_media":0,"parent":0,"menu_order":0,"comment_status":"closed","ping_status":"closed","template":"","meta":{"footnotes":""},"class_list":["post-4445","page","type-page","status-publish","hentry"],"_links":{"self":[{"href":"https:\/\/zamosc.pttk.pl\/wordpress\/index.php?rest_route=\/wp\/v2\/pages\/4445","targetHints":{"allow":["GET"]}}],"collection":[{"href":"https:\/\/zamosc.pttk.pl\/wordpress\/index.php?rest_route=\/wp\/v2\/pages"}],"about":[{"href":"https:\/\/zamosc.pttk.pl\/wordpress\/index.php?rest_route=\/wp\/v2\/types\/page"}],"author":[{"embeddable":true,"href":"https:\/\/zamosc.pttk.pl\/wordpress\/index.php?rest_route=\/wp\/v2\/users\/1"}],"replies":[{"embeddable":true,"href":"https:\/\/zamosc.pttk.pl\/wordpress\/index.php?rest_route=%2Fwp%2Fv2%2Fcomments&post=4445"}],"version-history":[{"count":15,"href":"https:\/\/zamosc.pttk.pl\/wordpress\/index.php?rest_route=\/wp\/v2\/pages\/4445\/revisions"}],"predecessor-version":[{"id":14228,"href":"https:\/\/zamosc.pttk.pl\/wordpress\/index.php?rest_route=\/wp\/v2\/pages\/4445\/revisions\/14228"}],"wp:attachment":[{"href":"https:\/\/zamosc.pttk.pl\/wordpress\/index.php?rest_route=%2Fwp%2Fv2%2Fmedia&parent=4445"}],"curies":[{"name":"wp","href":"https:\/\/api.w.org\/{rel}","templated":true}]}}