{"id":442,"date":"2014-02-28T17:06:02","date_gmt":"2014-02-28T16:06:02","guid":{"rendered":"http:\/\/www.zamosc.pttk.pl\/wordpress\/?page_id=442"},"modified":"2019-11-25T10:35:18","modified_gmt":"2019-11-25T09:35:18","slug":"dolacz-do-nas","status":"publish","type":"page","link":"https:\/\/zamosc.pttk.pl\/wordpress\/?page_id=442","title":{"rendered":"Do\u0142\u0105cz do nas"},"content":{"rendered":"<p>Aby zosta\u0107 cz\u0142onkiem Polskiego Towarzystwa Turystyczno-Krajoznawczego nale\u017cy:<\/p>\n<p>1. zg\u0142osi\u0107 si\u0119 do Oddzia\u0142u PTTK w Zamo\u015bciu w godzinach pracy &#8211; pon.-pi\u0105tek od 9.00 &#8211; 13.00.<\/p>\n<p>2. wype\u0142ni\u0107 deklaracj\u0119 cz\u0142onkowsk\u0105 i dostarczy\u0107 zdj\u0119cie w formacie legitymacyjnym,<\/p>\n<p>3. sk\u0142adki cz\u0142onkowskie obowi\u0105zuj\u0105ce w Oddziale PTTK w Zamo\u015bciu \u00a0(2020 rok):<\/p>\n<p>Sk\u0142adka dla pracuj\u0105cych &#8211; 65 z\u0142<\/p>\n<p>sk\u0142adka ulgowa dla emeryt\u00f3w &#8211; 40 z\u0142<\/p>\n<p>Sk\u0142adka ulgowa dla m\u0142odzie\u017cy &#8211; 30 z\u0142<\/p>\n<p>&nbsp;<\/p>\n<p>Uchwa\u0142a Nr 139\/XIX\/2019 Zarz\u0105du G\u0142\u00f3wnego PTTK z 19 pa\u017adziernika 2019 r.<\/p>\n<p>Serdecznie zapraszamy,<\/p>\n<p>Zarz\u0105d Oddzia\u0142u PTTK w Zamo\u015bciu<\/p>\n<p>Wi\u0119cej o cz\u0142onkostwie i rabatach &gt;&gt;&gt; <a href=\"http:\/\/www.pttk.pl\/pttk\/czlonk.php\">przeczytasz tutaj<\/a><\/p>\n","protected":false},"excerpt":{"rendered":"<p>Aby zosta\u0107 cz\u0142onkiem Polskiego Towarzystwa Turystyczno-Krajoznawczego nale\u017cy: 1. zg\u0142osi\u0107 si\u0119 do Oddzia\u0142u PTTK w Zamo\u015bciu w godzinach pracy &#8211; pon.-pi\u0105tek od 9.00 &#8211; 13.00. 2. wype\u0142ni\u0107 deklaracj\u0119 cz\u0142onkowsk\u0105 i dostarczy\u0107 zdj\u0119cie w formacie legitymacyjnym, 3. sk\u0142adki cz\u0142onkowskie obowi\u0105zuj\u0105ce w Oddziale &hellip; <a class=\"more-link\" href=\"https:\/\/zamosc.pttk.pl\/wordpress\/?page_id=442\">Czytaj dalej <span class=\"meta-nav\">&rarr;<\/span><\/a><\/p>\n","protected":false},"author":1,"featured_media":0,"parent":0,"menu_order":0,"comment_status":"closed","ping_status":"closed","template":"","meta":{"footnotes":""},"class_list":["post-442","page","type-page","status-publish","hentry"],"_links":{"self":[{"href":"https:\/\/zamosc.pttk.pl\/wordpress\/index.php?rest_route=\/wp\/v2\/pages\/442","targetHints":{"allow":["GET"]}}],"collection":[{"href":"https:\/\/zamosc.pttk.pl\/wordpress\/index.php?rest_route=\/wp\/v2\/pages"}],"about":[{"href":"https:\/\/zamosc.pttk.pl\/wordpress\/index.php?rest_route=\/wp\/v2\/types\/page"}],"author":[{"embeddable":true,"href":"https:\/\/zamosc.pttk.pl\/wordpress\/index.php?rest_route=\/wp\/v2\/users\/1"}],"replies":[{"embeddable":true,"href":"https:\/\/zamosc.pttk.pl\/wordpress\/index.php?rest_route=%2Fwp%2Fv2%2Fcomments&post=442"}],"version-history":[{"count":9,"href":"https:\/\/zamosc.pttk.pl\/wordpress\/index.php?rest_route=\/wp\/v2\/pages\/442\/revisions"}],"predecessor-version":[{"id":15345,"href":"https:\/\/zamosc.pttk.pl\/wordpress\/index.php?rest_route=\/wp\/v2\/pages\/442\/revisions\/15345"}],"wp:attachment":[{"href":"https:\/\/zamosc.pttk.pl\/wordpress\/index.php?rest_route=%2Fwp%2Fv2%2Fmedia&parent=442"}],"curies":[{"name":"wp","href":"https:\/\/api.w.org\/{rel}","templated":true}]}}