{"id":439,"date":"2014-02-28T17:04:41","date_gmt":"2014-02-28T16:04:41","guid":{"rendered":"http:\/\/www.zamosc.pttk.pl\/wordpress\/?page_id=439"},"modified":"2014-03-06T15:58:34","modified_gmt":"2014-03-06T14:58:34","slug":"odznaka-krajoznawcza-zamojszczyzny","status":"publish","type":"page","link":"https:\/\/zamosc.pttk.pl\/wordpress\/?page_id=439","title":{"rendered":"Odznaka Krajoznawcza Zamojszczyzny"},"content":{"rendered":"<p style=\"text-align: center;\" align=\"center\"><span style=\"color: #000000; font-size: medium;\"><b>Regulamin<\/b><\/span><\/p>\n<p><span style=\"color: #000000; font-size: small;\"><a href=\"http:\/\/www.zamosc.pttk.pl\/wordpress\/wp-content\/uploads\/2014\/02\/reokzzn.gif\"><img loading=\"lazy\" decoding=\"async\" class=\"size-thumbnail wp-image-706 alignleft\" alt=\"reokzzn\" src=\"http:\/\/www.zamosc.pttk.pl\/wordpress\/wp-content\/uploads\/2014\/02\/reokzzn-143x200.gif\" width=\"143\" height=\"200\" \/><\/a>I Postanowienia og\u00f3lne.<\/span><\/p>\n<p><span style=\"color: #000000; font-size: small;\">\u00a7 1 Odznaka Krajoznawcza Zamojszczyzny zwana w skr\u00f3cie OKZ jest Odznak\u0105 Polskiego Towarzystwa Krajoznawczego.<\/span><\/p>\n<p><span style=\"color: #000000; font-size: small;\">\u00a7 2 Celem OKZ jest popularyzacja walor\u00f3w turystyczno-krajoznawczych Zamojszczyzny, jej historii, zabytk\u00f3w kultury i sztuki, miejsc walki i martyrologii.<\/span><\/p>\n<p><span style=\"color: #000000; font-size: small;\">\u00a7 3 OKZ ustanawia si\u0119 w jednym stopniu.<\/span><\/p>\n<ol type=\"a\">\n<li><span style=\"color: #000000; font-size: small;\">Odznak\u0119 przyznaj\u0105 upowa\u017cnione Komisje Oddzia\u0142\u00f3w w Bi\u0142goraju i Zamo\u015bciu.<\/span><\/li>\n<\/ol>\n<p><span style=\"color: #000000; font-size: small;\">\u00a7 4 Nadanie odznaki nast\u0119puje przez dokonanie odpowiedniego wpisu do ksi\u0105\u017ceczki OKZ, wr\u0119czenie odznaki i legitymacji (dla odznaki honorowej)<\/span><\/p>\n<p><span style=\"color: #000000; font-size: small;\">\u00a7 5 Oddzia\u0142y PTTK przyznaj\u0105ce OKZ prowadz\u0105 rejestry przyznawanych odznak.<\/span><\/p>\n<p><span style=\"color: #000000; font-size: small;\">II. Warunki zdobywania OKZ<\/span><\/p>\n<p><span style=\"color: #000000; font-size: small;\">\u00a7 6 OKZ mog\u0105 zdobywa\u0107 osoby, kt\u00f3re uko\u0144czy\u0142y 1O lat. <\/span><\/p>\n<p><span style=\"color: #000000; font-size: small;\">\u00a7 7 OKZ mo\u017ce by\u0107 zdobywana podczas w\u0119dr\u00f3wek indywidualnych, wycieczek oraz imprez turystyczno-krajoznawczych (rajd\u00f3w) na terenie powiat\u00f3w: grodzkiego Zamo\u015b\u0107, ziemskiego zamojskiego, bi\u0142gorajskiego, hrubieszowskiego, tomaszowskiego, janowskiego.<\/span><\/p>\n<p><span style=\"color: #000000; font-size: small;\">\u00a7\u00a08 Turysta ubiegaj\u0105cy si\u0119 o OKZ winien z\u0142o\u017cy\u0107 wniosek w Oddzia\u0142ach PTTK wymienionych w \u00a7 3 pkt a. Wniosek powinien zawiera\u0107 odpowiednie wpisy i potwierdzenia. Uznaje si\u0119 r\u00f3wnie\u017c potwierdzenia znajduj\u0105ce si\u0119 w ksi\u0105\u017ceczkach innych odznak (np. OTP). W takim wypadku nale\u017cy przedstawi\u0107 odpowiedni\u0105 ksi\u0105\u017ceczk\u0119.<\/span><\/p>\n<p><span style=\"color: #000000; font-size: small;\">\u00a7 9\u00a0 OKZ weryfikuj\u0105 osoby upowa\u017cnione przez Zarz\u0105d Oddzia\u0142u.<\/span><\/p>\n<p><span style=\"color: #000000; font-size: small;\">\u00a7 10 Weryfikacja OKZ powinna by\u0107 dokonana w ci\u0105gu 1 miesi\u0105ca od dnia z\u0142o\u017cenia wniosku.<\/span><\/p>\n<p><span style=\"color: #000000; font-size: small;\">\u00a7 11 Do zdobycia\u00a0 OKZ wymagane jest poznanie okre\u015blonej liczby obiekt\u00f3w krajoznawczych oraz odbycie wycieczek zgodnie z za\u0142\u0105cznikiem.<\/span><\/p>\n<p><span style=\"color: #000000; font-size: small;\">\u00a7 12 OKZ przyznana w trybie zwyczajnym jest p\u0142atna, za\u015b przyznana honorowo jest bezp\u0142atna. Wr\u0119czanie odznak mo\u017ce odbywa\u0107 si\u0119 uroczy\u015bcie na imprezach i spotkaniach turystyczno-krajoznawczych.<\/span><\/p>\n<p><span style=\"color: #000000; font-size: small;\">III Postanowienia ko\u0144cowe.<\/span><\/p>\n<p><span style=\"color: #000000; font-size: small;\">\u00a7 13 Interpretacja niniejszego regulaminu nale\u017cy do Zarz\u0105du Oddzia\u0142u.<\/span><\/p>\n<p><span style=\"color: #000000; font-size: small;\">\u00a7 14 Aktualizacja regulaminu obowi\u0105zuje od 15.08.2011 r.<\/span><\/p>\n<p><span style=\"color: #000000; font-size: small;\">Za\u0142\u0105cznik do regulaminu OKZ<\/span><\/p>\n<table width=\"297\" border=\"1\" cellspacing=\"1\" cellpadding=\"4\">\n<tbody>\n<tr>\n<td valign=\"top\" width=\"14%\">\n<p align=\"center\"><span style=\"color: #000000; font-size: small;\">Nr grupy<\/span><\/p>\n<\/td>\n<td valign=\"top\" width=\"35%\">\n<p align=\"center\"><span style=\"color: #000000; font-size: small;\">Obiekty<\/span><\/p>\n<\/td>\n<td valign=\"top\" width=\"16%\">\n<p align=\"center\"><small>Ilo\u015b\u0107<\/small><\/p>\n<p align=\"center\"><small>obiekt\u00f3w<\/small><\/p>\n<\/td>\n<\/tr>\n<tr>\n<td width=\"14%\">\n<p align=\"center\"><span style=\"color: #000000; font-size: small;\">I<\/span><\/p>\n<\/td>\n<td width=\"35%\"><span style=\"color: #000000; font-size: small;\">Miejsca pami\u0119ci narodowej, walk i m\u0119cze\u0144stwa<\/span><\/td>\n<td width=\"16%\">\n<p align=\"center\"><span style=\"color: #000000; font-size: small;\">5<\/span><\/p>\n<\/td>\n<\/tr>\n<tr>\n<td width=\"14%\">\n<p align=\"center\"><span style=\"color: #000000; font-size: small;\">II<\/span><\/p>\n<\/td>\n<td width=\"35%\"><span style=\"color: #000000; font-size: small;\">Zabytki architektury<\/span><\/td>\n<td width=\"16%\">\n<p align=\"center\"><span style=\"color: #000000; font-size: small;\">8<\/span><\/p>\n<\/td>\n<\/tr>\n<tr>\n<td width=\"14%\">\n<p align=\"center\"><span style=\"color: #000000; font-size: small;\">III<\/span><\/p>\n<\/td>\n<td width=\"35%\"><span style=\"color: #000000; font-size: small;\">Roztocza\u0144ski Park Narodowy<\/span><\/td>\n<td width=\"16%\">\n<p align=\"center\">1<\/p>\n<\/td>\n<\/tr>\n<tr>\n<td width=\"14%\">\n<p align=\"center\"><span style=\"color: #000000; font-size: small;\">IV<\/span><\/p>\n<\/td>\n<td width=\"35%\"><span style=\"color: #000000; font-size: small;\">Rezerwaty, pomniki, parki zabytkowe<\/span><\/td>\n<td width=\"16%\">\n<p align=\"center\"><span style=\"color: #000000; font-size: small;\">5<\/span><\/p>\n<\/td>\n<\/tr>\n<tr>\n<td width=\"14%\">\n<p align=\"center\"><span style=\"color: #000000; font-size: small;\">V<\/span><\/p>\n<\/td>\n<td width=\"35%\"><span style=\"color: #000000; font-size: small;\">Miasta i miejscowo\u015bci historyczne<\/span><\/td>\n<td width=\"16%\">\n<p align=\"center\"><span style=\"color: #000000; font-size: small;\">8<\/span><\/p>\n<\/td>\n<\/tr>\n<tr>\n<td width=\"14%\">\n<p align=\"center\"><span style=\"color: #000000; font-size: small;\">VI<\/span><\/p>\n<\/td>\n<td width=\"35%\"><span style=\"color: #000000; font-size: small;\">Muzea<\/span><\/td>\n<td width=\"16%\">\n<p align=\"center\"><span style=\"color: #000000; font-size: small;\">3<\/span><\/p>\n<\/td>\n<\/tr>\n<tr>\n<td width=\"14%\">\n<p align=\"center\"><span style=\"color: #000000; font-size: small;\">VII<\/span><\/p>\n<\/td>\n<td width=\"35%\"><span style=\"color: #000000; font-size: small;\">Imprezy turystyczne-wycieczki<\/span><\/td>\n<td width=\"16%\">\n<p align=\"center\"><span style=\"color: #000000; font-size: small;\">3<\/span><\/p>\n<\/td>\n<\/tr>\n<\/tbody>\n<\/table>\n<p><span style=\"color: #000000; font-size: small;\">Ad I Miejsca upami\u0119tnione i oznaczone.<\/span><\/p>\n<p><span style=\"color: #000000; font-size: small;\">Ad II Zespo\u0142y zabytk\u00f3w architektury zaliczane s\u0105 jako jeden obiekt np. zespo\u0142y dworskie, ko\u015bcielno-klasztorne, pierzeje kamienic itp.<\/span><\/p>\n<p><span style=\"color: #000000; font-size: small;\">Ad V Be\u0142\u017cec, Bi\u0142goraj, Frampol, Goraj, G\u00f3recko Ko\u015bcielne, Grabowiec, Horod\u0142o, Hrebenne, Hrubiesz\u00f3w, J\u00f3zef\u00f3w, Komar\u00f3w, Krasnobr\u00f3d, Kry\u0142\u00f3w, \u0141abunie, Lubycza Kr\u00f3lewska, \u0141aszcz\u00f3w, Radecznica, Rebizanty, S\u0105siadka, Skierbiesz\u00f3w, Szczebrzeszyn, Tarnogr\u00f3d, Tomasz\u00f3w Lubelski, Turobin, Tyszowce, Uchanie, Zwierzyniec.<\/span><\/p>\n","protected":false},"excerpt":{"rendered":"<p>Regulamin I Postanowienia og\u00f3lne. \u00a7 1 Odznaka Krajoznawcza Zamojszczyzny zwana w skr\u00f3cie OKZ jest Odznak\u0105 Polskiego Towarzystwa Krajoznawczego. \u00a7 2 Celem OKZ jest popularyzacja walor\u00f3w turystyczno-krajoznawczych Zamojszczyzny, jej historii, zabytk\u00f3w kultury i sztuki, miejsc walki i martyrologii. \u00a7 3 OKZ &hellip; <a class=\"more-link\" href=\"https:\/\/zamosc.pttk.pl\/wordpress\/?page_id=439\">Czytaj dalej <span class=\"meta-nav\">&rarr;<\/span><\/a><\/p>\n","protected":false},"author":1,"featured_media":0,"parent":0,"menu_order":0,"comment_status":"closed","ping_status":"closed","template":"","meta":{"footnotes":""},"class_list":["post-439","page","type-page","status-publish","hentry"],"_links":{"self":[{"href":"https:\/\/zamosc.pttk.pl\/wordpress\/index.php?rest_route=\/wp\/v2\/pages\/439","targetHints":{"allow":["GET"]}}],"collection":[{"href":"https:\/\/zamosc.pttk.pl\/wordpress\/index.php?rest_route=\/wp\/v2\/pages"}],"about":[{"href":"https:\/\/zamosc.pttk.pl\/wordpress\/index.php?rest_route=\/wp\/v2\/types\/page"}],"author":[{"embeddable":true,"href":"https:\/\/zamosc.pttk.pl\/wordpress\/index.php?rest_route=\/wp\/v2\/users\/1"}],"replies":[{"embeddable":true,"href":"https:\/\/zamosc.pttk.pl\/wordpress\/index.php?rest_route=%2Fwp%2Fv2%2Fcomments&post=439"}],"version-history":[{"count":4,"href":"https:\/\/zamosc.pttk.pl\/wordpress\/index.php?rest_route=\/wp\/v2\/pages\/439\/revisions"}],"predecessor-version":[{"id":708,"href":"https:\/\/zamosc.pttk.pl\/wordpress\/index.php?rest_route=\/wp\/v2\/pages\/439\/revisions\/708"}],"wp:attachment":[{"href":"https:\/\/zamosc.pttk.pl\/wordpress\/index.php?rest_route=%2Fwp%2Fv2%2Fmedia&parent=439"}],"curies":[{"name":"wp","href":"https:\/\/api.w.org\/{rel}","templated":true}]}}