{"id":434,"date":"2014-02-28T17:03:36","date_gmt":"2014-02-28T16:03:36","guid":{"rendered":"http:\/\/www.zamosc.pttk.pl\/wordpress\/?page_id=434"},"modified":"2016-11-09T19:42:14","modified_gmt":"2016-11-09T18:42:14","slug":"milosnik-roztocza","status":"publish","type":"page","link":"https:\/\/zamosc.pttk.pl\/wordpress\/?page_id=434","title":{"rendered":"Odznaka krajoznawcza Mi\u0142o\u015bnik Roztocza"},"content":{"rendered":"<p>Celem ustanowienia odznaki turystycznej \u201eMi\u0142o\u015bnik Roztocza\u201d jest popularyzacja <a href=\"http:\/\/www.zamosc.pttk.pl\/wordpress\/wp-content\/uploads\/2014\/02\/remrzn.jpg\"><img loading=\"lazy\" decoding=\"async\" class=\"size-full wp-image-702 alignleft\" src=\"http:\/\/www.zamosc.pttk.pl\/wordpress\/wp-content\/uploads\/2014\/02\/remrzn.jpg\" alt=\"remrzn\" width=\"82\" height=\"79\" \/><\/a>warto\u015bci krajoznawczych i turystycznych oraz upowszechnianie idei opieki walor\u00f3w naturalnych Roztocza.<\/p>\n<p>* Odznak\u0119 przyznaje Zarz\u0105d Oddzia\u0142u PTTK w Zamo\u015bciu,<\/p>\n<p>*\u00a0Odznaka posiada jeden stopie\u0144. Mo\u017cna j\u0105 zdobywa\u0107 tylko jeden raz,<\/p>\n<p>* Dowodem przyznania odznaki jest legitymacja z kolejnym numerem,<\/p>\n<p>* Warunkiem uzyskania odznaki jest odbycie w dowolnym czasie 3-ch wycieczek po Roztoczu oraz zwiedzanie 2-ch z n\/w miejscowo\u015bci podczas ka\u017cdej wycieczki. Trasy wycieczek i zwiedzanie miejscowo\u015bci nie mog\u0105 by\u0107 powt\u00f3rzone.<\/p>\n<p>*\u00a0 Wycieczki mog\u0105 by\u0107 piesze, rowerowe, motorowe, konne lub inne formy turystyki kwalifikowanej,<\/p>\n<p>* Podstaw\u0105 do stwierdzenia powy\u017cszych warunk\u00f3w jest za\u0142\u0105czony wniosek, na kt\u00f3rym w odpowiednich miejscowo\u015bciach nale\u017cy uzyska\u0107 potwierdzenie pobytu w miejscowo\u015bciach stanowi\u0105cych punkty rozpocz\u0119cia, zwiedzania i zako\u0144czenia etap\u00f3w dziennych wycieczki.<\/p>\n<p>Za potwierdzenia uwa\u017cane b\u0119d\u0105 odciski piecz\u0119ci dowolnych instytucji z nazw\u0105 miejscowo\u015bci lub przed\u0142o\u017cenie \u0142\u0105cznie z wnioskiem ksi\u0105\u017ceczki wycieczek turystycznych (OTP, KOT itp.), w kt\u00f3rej te wycieczki s\u0105 udokumentowane lub uzyskanie potwierdzenia przez Oddzia\u0142 PTTK, kt\u00f3ry organizowa\u0142 rajd turystyczny na Roztoczu z okre\u015bleniem przebiegu trasy,<\/p>\n<p>*\u00a0Odznaka, mo\u017ce by\u0107 przyznawana r\u00f3wnie\u017c jako honorowa w dow\u00f3d uznania za dzia\u0142alno\u015b\u0107 naukow\u0105, popularyzatorsk\u0105, krajoznawcz\u0105 lub turystyczn\u0105 na terenie Roztocza,<\/p>\n<p>*\u00a0Odznaka przyznawana w trybie zwyk\u0142ym jest p\u0142atna, za\u015b honorowa jest bezp\u0142atna.<\/p>\n<p>* Niniejszy regulamin obowi\u0105zuje <big>od 01.04.2011 r.<\/big><\/p>\n<p><strong>Wniosek o przyznanie odznaki &#8222;Mi\u0142o\u015bnik Roztocza&#8221; (pdf)<\/strong> &gt;&gt;&gt; <span style=\"font-size: 17px;\"><a href=\"http:\/\/www.zamosc.pttk.pl\/wordpress\/wp-content\/uploads\/2014\/02\/mil.roztocza.wniosek.pdf\">Wniosek do pobrania kliknij<\/a><\/span><\/p>\n<hr \/>\n<p>Wykaz miejscowo\u015bci do zwiedzania z uwzgl\u0119dnieniem zwiedzanych obiekt\u00f3w:<\/p>\n<p>Batorz, Be\u0142\u017cec, Bli\u017c\u00f3w-Wojda, Frampol, Goraj pow. bi\u0142gorajski, G\u00f3recko Ko\u015bcielne, Horyniec-Zdr\u00f3j, Hrebenne, Huta Lubycka &#8211; wzg. Kr\u0105g\u0142y Goraj, wzg D\u0142ugi Goraj, J\u00f3zef\u00f3w &#8211; rez. Czartowe Pole, Krasnobr\u00f3d, Lasowce (Stara Huta), \u0141uszczacz &#8211; wzg. Wapielnia,\u00a0 Mokrelipie, Narol, Nowiny Horynieckie &#8211; Kaplica \u015bw. Antoniego, \u015awi\u0105tynia s\u0142o\u0144ca, Radecznica, S\u0105siadka, Senderki, Siedliska &#8211; gm.Lubycza Kr\u00f3lewska, Sochy, Stanis\u0142aw\u00f3w &#8211; wzg.Kamie\u0144, Susiec &#8211; rez. Nad Tanwi\u0105, Szczebrzeszyn, Tomasz\u00f3w Lubelski, Trz\u0119siny, Werchrata &#8211; Monastyr, Wola Wielka-wzg Wielki Dzia\u0142, Zwierzyniec &#8211; RPN.<\/p>\n","protected":false},"excerpt":{"rendered":"<p>Celem ustanowienia odznaki turystycznej \u201eMi\u0142o\u015bnik Roztocza\u201d jest popularyzacja warto\u015bci krajoznawczych i turystycznych oraz upowszechnianie idei opieki walor\u00f3w naturalnych Roztocza. * Odznak\u0119 przyznaje Zarz\u0105d Oddzia\u0142u PTTK w Zamo\u015bciu, *\u00a0Odznaka posiada jeden stopie\u0144. Mo\u017cna j\u0105 zdobywa\u0107 tylko jeden raz, * Dowodem przyznania &hellip; <a class=\"more-link\" href=\"https:\/\/zamosc.pttk.pl\/wordpress\/?page_id=434\">Czytaj dalej <span class=\"meta-nav\">&rarr;<\/span><\/a><\/p>\n","protected":false},"author":1,"featured_media":0,"parent":0,"menu_order":0,"comment_status":"closed","ping_status":"closed","template":"","meta":{"footnotes":""},"class_list":["post-434","page","type-page","status-publish","hentry"],"_links":{"self":[{"href":"https:\/\/zamosc.pttk.pl\/wordpress\/index.php?rest_route=\/wp\/v2\/pages\/434","targetHints":{"allow":["GET"]}}],"collection":[{"href":"https:\/\/zamosc.pttk.pl\/wordpress\/index.php?rest_route=\/wp\/v2\/pages"}],"about":[{"href":"https:\/\/zamosc.pttk.pl\/wordpress\/index.php?rest_route=\/wp\/v2\/types\/page"}],"author":[{"embeddable":true,"href":"https:\/\/zamosc.pttk.pl\/wordpress\/index.php?rest_route=\/wp\/v2\/users\/1"}],"replies":[{"embeddable":true,"href":"https:\/\/zamosc.pttk.pl\/wordpress\/index.php?rest_route=%2Fwp%2Fv2%2Fcomments&post=434"}],"version-history":[{"count":8,"href":"https:\/\/zamosc.pttk.pl\/wordpress\/index.php?rest_route=\/wp\/v2\/pages\/434\/revisions"}],"predecessor-version":[{"id":9890,"href":"https:\/\/zamosc.pttk.pl\/wordpress\/index.php?rest_route=\/wp\/v2\/pages\/434\/revisions\/9890"}],"wp:attachment":[{"href":"https:\/\/zamosc.pttk.pl\/wordpress\/index.php?rest_route=%2Fwp%2Fv2%2Fmedia&parent=434"}],"curies":[{"name":"wp","href":"https:\/\/api.w.org\/{rel}","templated":true}]}}