{"id":431,"date":"2014-02-28T17:03:08","date_gmt":"2014-02-28T16:03:08","guid":{"rendered":"http:\/\/www.zamosc.pttk.pl\/wordpress\/?page_id=431"},"modified":"2014-04-16T11:20:54","modified_gmt":"2014-04-16T09:20:54","slug":"odznaki-turystyczne","status":"publish","type":"page","link":"https:\/\/zamosc.pttk.pl\/wordpress\/?page_id=431","title":{"rendered":"Odznaki turystyczne"},"content":{"rendered":"<p>Informacje o odznakach turystycznych PTTK<br \/>\nprzeczytasz na stronie Zarz\u0105du G\u0142\u00f3wnego PTTK &gt;&gt;&gt; <a href=\"http:\/\/pttk.pl\/pttk\/odznaki\/\">tutaj<\/a><\/p>\n<h4>Nasze odznaki regionalne:<\/h4>\n<p><a href=\"http:\/\/www.zamosc.pttk.pl\/wordpress\/?page_id=434\">Mi\u0142o\u015bnik Roztocza<\/a><\/p>\n<p><a href=\"http:\/\/www.zamosc.pttk.pl\/wordpress\/?page_id=439\">Odznaka Krajoznawcza Zamojszczyzny<\/a><\/p>\n","protected":false},"excerpt":{"rendered":"<p>Informacje o odznakach turystycznych PTTK przeczytasz na stronie Zarz\u0105du G\u0142\u00f3wnego PTTK &gt;&gt;&gt; tutaj Nasze odznaki regionalne: Mi\u0142o\u015bnik Roztocza Odznaka Krajoznawcza Zamojszczyzny &hellip; <a class=\"more-link\" href=\"https:\/\/zamosc.pttk.pl\/wordpress\/?page_id=431\">Czytaj dalej <span class=\"meta-nav\">&rarr;<\/span><\/a><\/p>\n","protected":false},"author":1,"featured_media":0,"parent":0,"menu_order":0,"comment_status":"closed","ping_status":"closed","template":"","meta":{"footnotes":""},"class_list":["post-431","page","type-page","status-publish","hentry"],"_links":{"self":[{"href":"https:\/\/zamosc.pttk.pl\/wordpress\/index.php?rest_route=\/wp\/v2\/pages\/431","targetHints":{"allow":["GET"]}}],"collection":[{"href":"https:\/\/zamosc.pttk.pl\/wordpress\/index.php?rest_route=\/wp\/v2\/pages"}],"about":[{"href":"https:\/\/zamosc.pttk.pl\/wordpress\/index.php?rest_route=\/wp\/v2\/types\/page"}],"author":[{"embeddable":true,"href":"https:\/\/zamosc.pttk.pl\/wordpress\/index.php?rest_route=\/wp\/v2\/users\/1"}],"replies":[{"embeddable":true,"href":"https:\/\/zamosc.pttk.pl\/wordpress\/index.php?rest_route=%2Fwp%2Fv2%2Fcomments&post=431"}],"version-history":[{"count":4,"href":"https:\/\/zamosc.pttk.pl\/wordpress\/index.php?rest_route=\/wp\/v2\/pages\/431\/revisions"}],"predecessor-version":[{"id":1291,"href":"https:\/\/zamosc.pttk.pl\/wordpress\/index.php?rest_route=\/wp\/v2\/pages\/431\/revisions\/1291"}],"wp:attachment":[{"href":"https:\/\/zamosc.pttk.pl\/wordpress\/index.php?rest_route=%2Fwp%2Fv2%2Fmedia&parent=431"}],"curies":[{"name":"wp","href":"https:\/\/api.w.org\/{rel}","templated":true}]}}