{"id":424,"date":"2014-02-28T16:55:17","date_gmt":"2014-02-28T15:55:17","guid":{"rendered":"http:\/\/www.zamosc.pttk.pl\/wordpress\/?page_id=424"},"modified":"2015-07-26T21:28:00","modified_gmt":"2015-07-26T19:28:00","slug":"szlaki-piesze","status":"publish","type":"page","link":"https:\/\/zamosc.pttk.pl\/wordpress\/?page_id=424","title":{"rendered":"Szlaki piesze"},"content":{"rendered":"<p align=\"center\"><span style=\"font-size: 12px;\">Szlaki turystyczne piesze na Roztoczu<\/span><\/p>\n<p align=\"center\"><span style=\"font-size: 12px;\">PTTK Oddzia\u0142 w Zamo\u015bciu<\/span><\/p>\n<table border=\"1\" cellspacing=\"0\" cellpadding=\"0\">\n<tbody>\n<tr>\n<td valign=\"top\" width=\"76\">Nr szlaku<\/td>\n<td valign=\"top\" width=\"378\">Nazwa i przebieg szlaku<\/td>\n<td style=\"text-align: center;\" valign=\"top\" width=\"123\">Km<\/td>\n<\/tr>\n<tr>\n<td width=\"76\">LU\/PK-24 n<\/td>\n<td valign=\"top\" width=\"378\"><strong>Centralny<\/strong> Szastarka &#8211; Zwierzyniec &#8211; Wzg. Wapielnia &#8211; Be\u0142\u017cec &#8211; Lubycza Kr\u00f3lewska\u00a0 &#8211; Huta Lubycka &#8211; Wola Wielka &#8211; Horyniec-Zdr\u00f3j<\/td>\n<td style=\"text-align: center;\" width=\"123\">196,4<\/td>\n<\/tr>\n<tr>\n<td width=\"76\">LU-25 s<\/td>\n<td valign=\"top\" width=\"378\"><strong>Walk Partyzanckich<\/strong> Tomasz\u00f3w Lub &#8211; Susiec &#8211; Osuchy &#8211; G\u00f3recko Ko\u015bcielne &#8211; Bidacz\u00f3w<\/td>\n<td style=\"text-align: center;\" width=\"123\">102,3<\/td>\n<\/tr>\n<tr>\n<td width=\"76\">LU-5601 z<\/td>\n<td valign=\"top\" width=\"378\"><strong>Po Dzia\u0142ach Grabowieckich<\/strong> Kornel\u00f3wka &#8211; Skierbiesz\u00f3w &#8211; Wierzba<\/td>\n<td style=\"text-align: center;\" width=\"123\">28,0<\/td>\n<\/tr>\n<tr>\n<td width=\"76\">LU-5602 z<\/td>\n<td valign=\"top\" width=\"378\"><strong>im. W\u0142adys\u0142awy Podobi\u0144skiej<\/strong> Zamo\u015b\u0107 &#8211; Krasnobr\u00f3d &#8211; wzg. Wapielnia &#8211; Susiec<\/td>\n<td style=\"text-align: center;\" width=\"123\">56,5<\/td>\n<\/tr>\n<tr>\n<td width=\"76\">LU-5603 c<\/td>\n<td valign=\"top\" width=\"378\"><strong>Partyzancki<\/strong> \u00a0Szper\u00f3wka &#8211; Kosobudy &#8211; Wojda &#8211; Krasnobr\u00f3d &#8211; Krynice<\/td>\n<td style=\"text-align: center;\" width=\"123\">52,8<\/td>\n<\/tr>\n<tr>\n<td width=\"76\">LU-5604 y<\/td>\n<td valign=\"top\" width=\"378\"><strong>Roztocza\u0144ski<\/strong> Zwierzyniec &#8211; Panas\u00f3wka &#8211; Trz\u0119siny &#8211; Bi\u0142goraj &#8211; Bidacz\u00f3w<\/td>\n<td style=\"text-align: center;\" width=\"123\">52,9<\/td>\n<\/tr>\n<tr>\n<td width=\"76\">LU-5605 z<\/td>\n<td valign=\"top\" width=\"378\"><strong>im. Aleksandry Wachniewskiej<\/strong> \u00a0Zwierzyniec &#8211; Szewnia Dolna &#8211; Wojda &#8211; Bondyrz &#8211; Lasowce &#8211; G\u00f3recko Ko\u015bcielne &#8211; Florianka<\/td>\n<td style=\"text-align: center;\" width=\"123\">67,2<\/td>\n<\/tr>\n<tr>\n<td width=\"76\">LU-5606 s<\/td>\n<td valign=\"top\" width=\"378\"><strong>\u0141\u0105cznikowy<\/strong> \u00a0Zwierzyniec &#8211; wzg. D\u0105browa &#8211; Lipowiec<\/td>\n<td style=\"text-align: center;\" width=\"123\">11,8<\/td>\n<\/tr>\n<tr>\n<td width=\"76\">LU-5607 c<\/td>\n<td valign=\"top\" width=\"378\"><strong>Kraw\u0119dziowy<\/strong> Zwierzyniec &#8211; Florianka &#8211; G\u00f3recko Ko\u015bcielne &#8211; J\u00f3zef\u00f3w &#8211; Susiec<\/td>\n<td style=\"text-align: center;\" width=\"123\">55,4<\/td>\n<\/tr>\n<tr>\n<td width=\"76\">LU-5608 s<\/td>\n<td valign=\"top\" width=\"378\"><strong>\u0141\u0105cznikowy<\/strong> Krasnobr\u00f3d &#8211;\u00a0 Husiny &#8211; Majdan Sopocki &#8211; Nowiny<\/td>\n<td style=\"text-align: center;\" width=\"123\">16,1<\/td>\n<\/tr>\n<tr>\n<td width=\"76\">LU-5609 n<\/td>\n<td valign=\"top\" width=\"378\"><strong>\u015acie\u017cka spacerowa<\/strong> \u00a0Krasnobr\u00f3d \u2013 rez. \u015aw. Roch \u2013 Krasnobr\u00f3d \u2013 Majdan Wielki<\/td>\n<td style=\"text-align: center;\" width=\"123\">14,4<\/td>\n<\/tr>\n<tr>\n<td width=\"76\">LU-5610 y<\/td>\n<td width=\"378\"><strong>\u015acie\u017cka spacerowa<\/strong> do SzuruPodklasztor \u2013 Borki &#8211; Szur<\/td>\n<td style=\"text-align: center;\" width=\"123\">3,9<\/td>\n<\/tr>\n<tr>\n<td width=\"76\">LU-5611 c<\/td>\n<td valign=\"top\" width=\"378\"><strong>Wolno\u015bciowy<\/strong> Tomasz\u00f3w Lub. &#8211; Be\u0142\u017cec &#8211; Huta Lubycka &#8211; Siedliska -Hrebenne<\/td>\n<td style=\"text-align: center;\" width=\"123\">49,7<\/td>\n<\/tr>\n<tr>\n<td width=\"76\">LU-5613 z<\/td>\n<td valign=\"top\" width=\"378\"><strong>Historyczny<\/strong> Tomasz\u00f3w Lub. &#8211; rez. Piekie\u0142ko &#8211; rez. Skrzypny Ostr\u00f3w &#8211; Tyszowce &#8211; Turkowice<\/td>\n<td style=\"text-align: center;\" width=\"123\">66,2<\/td>\n<\/tr>\n<tr>\n<td width=\"76\">LU-5614 z<\/td>\n<td valign=\"top\" width=\"378\"><strong>Ziemi J\u00f3zefowskiej<\/strong> \u00a0J\u00f3zef\u00f3w &#8211; Osuchy &#8211; Nowiny &#8211; Siedliska<\/td>\n<td style=\"text-align: center;\" width=\"123\">41,8<\/td>\n<\/tr>\n<tr>\n<td width=\"76\">LU-5615 s<\/td>\n<td valign=\"top\" width=\"378\"><strong>\u0141\u0105cznikowy<\/strong> J\u00f3zef\u00f3w &#8211; Potok Senderki<\/td>\n<td style=\"text-align: center;\" width=\"123\">9,4<\/td>\n<\/tr>\n<tr>\n<td width=\"76\">LU-5616 n<\/td>\n<td valign=\"top\" width=\"378\"><strong>Szum\u00f3w<\/strong> \u00a0Susiec \u2013 Rebizanty \u2013 wzg. Ko\u015bci\u00f3\u0142ek &#8211; Susiec<\/td>\n<td style=\"text-align: center;\" width=\"123\">16,9<\/td>\n<\/tr>\n<tr>\n<td width=\"76\">LU\/PK-5617 y<\/td>\n<td valign=\"top\" width=\"378\"><strong>Po\u0142udniowy<\/strong> \u00a0Susiec &#8211; wodospad na Jeleniu &#8211; Rebizanty &#8211; Narol<\/td>\n<td style=\"text-align: center;\" width=\"123\">17,2<\/td>\n<\/tr>\n<tr>\n<td width=\"76\">LU-5618 n<\/td>\n<td width=\"378\"><strong>\u015acie\u017cka spacerowa<\/strong> \u00a0Rez. \u201eCzartowe Pole<\/td>\n<td style=\"text-align: center;\" width=\"123\">1,3<\/td>\n<\/tr>\n<tr>\n<td width=\"76\">LU\/PK-5619 s<\/td>\n<td valign=\"top\" width=\"378\"><strong>\u0141\u0105cznikowy<\/strong> \u00a0Be\u0142\u017cec &#8211; Narol<\/td>\n<td style=\"text-align: center;\" width=\"123\">12,4<\/td>\n<\/tr>\n<tr>\n<td>LU-5620 y<\/td>\n<td><strong><small><span style=\"font-size: 12px;\">p.o. Goraje\u00a0<\/span><br \/>\n<\/small><\/strong><span style=\"font-size: 10px;\">Huta Lubycka &#8211; Pawliszcze<\/span><\/td>\n<td style=\"text-align: center;\"><span style=\"font-size: 10px;\"><big>10,3<\/big><\/span><\/td>\n<\/tr>\n<tr>\n<td width=\"76\">LU-5621 n<\/td>\n<td width=\"378\"><strong>\u015acie\u017cka spacerowa<\/strong>\u00a0\u00a0Na Kamienn\u0105 G\u00f3r\u0119 \u00a0w Zwie- rzy\u0144cu<\/td>\n<td style=\"text-align: center;\" width=\"123\">10,8<\/td>\n<\/tr>\n<tr>\n<td width=\"76\">LU-5622 n<\/td>\n<td width=\"378\"><strong>\u015acie\u017cka spacerowa<\/strong> \u00a0Przez rez. \u201eSzum\u201d<\/td>\n<td style=\"text-align: center;\" width=\"123\">3,0<\/td>\n<\/tr>\n<tr>\n<td width=\"76\">LU-5623 n<\/td>\n<td width=\"378\"><strong>Szlak Gocki<\/strong><b>\u00a0\u00a0<\/b>Mas\u0142om\u0119cz &#8211; Kry\u0142\u00f3w<\/td>\n<td style=\"text-align: center;\" width=\"123\">23,2<\/td>\n<\/tr>\n<tr>\n<td width=\"76\">PK-8521 z<\/td>\n<td valign=\"top\" width=\"378\"><strong>im. \u015bw. Brata Alberta\u00a0 <\/strong>Narol &#8211; wzg. Wielki Dzia\u0142 &#8211; Werchrata &#8211; Horyniec Zdr\u00f3j<\/td>\n<td style=\"text-align: center;\" width=\"123\">47,0<\/td>\n<\/tr>\n<tr>\n<td><span style=\"font-size: 12px;\"><small>\u00a0LU -5625 n<\/small><\/span><\/td>\n<td><small><span style=\"font-size: 12px;\"><strong>Wzg\u00f3rzami Roztocza \u00a0<\/strong><\/span><br \/>\n<\/small>Szewnia Dolna &#8211; Suchowola &#8211; Grabnik &#8211; Krasnobr\u00f3d Podklasztor<\/td>\n<td style=\"text-align: center;\"><big><span style=\"font-size: 11px;\">22,0<\/span><br \/>\n<\/big><\/td>\n<\/tr>\n<tr>\n<td colspan=\"2\" width=\"454\">\u00a0\u00a0\u00a0\u00a0\u00a0\u00a0\u00a0\u00a0\u00a0\u00a0\u00a0\u00a0\u00a0\u00a0\u00a0\u00a0\u00a0\u00a0\u00a0\u00a0\u00a0\u00a0\u00a0\u00a0\u00a0\u00a0\u00a0\u00a0\u00a0\u00a0\u00a0\u00a0\u00a0\u00a0\u00a0\u00a0\u00a0\u00a0\u00a0\u00a0\u00a0\u00a0\u00a0\u00a0\u00a0\u00a0\u00a0\u00a0\u00a0\u00a0\u00a0\u00a0\u00a0\u00a0\u00a0\u00a0\u00a0\u00a0\u00a0\u00a0\u00a0\u00a0\u00a0\u00a0\u00a0\u00a0\u00a0\u00a0\u00a0\u00a0\u00a0\u00a0\u00a0\u00a0\u00a0\u00a0\u00a0\u00a0\u00a0\u00a0\u00a0\u00a0\u00a0\u00a0\u00a0\u00a0 Razem<\/td>\n<td style=\"text-align: center;\" width=\"123\"><b> 988,9<\/b><\/td>\n<\/tr>\n<\/tbody>\n<\/table>\n<p>&nbsp;<\/p>\n<hr \/>\n<p>&nbsp;<\/p>\n<p><strong><span style=\"font-size: 14px;\">Prace znakarskie 2015<\/span><\/strong><\/p>\n<p><span style=\"font-size: 12px;\">Dotacja\u00a0 Powiatu Zamojskiego<\/span><br \/>\n<span style=\"font-size: 12px;\"> 1, Odnowienie szlaku im. Al. Wachniewskiej LU-5605 z na odc. Wojda \u2013 Bli\u017c\u00f3w \u2013 Bondyrz \u2013 Lasowce \u2013 Senderki &#8211; granica powiat\u00f3w w okolicach Majdanu Kasztela\u0144skiego &#8211; 22 km <\/span><br \/>\n<span style=\"font-size: 12px;\"> 2. Odnowienie \u015bcie\u017cki spacerowej wok\u00f3\u0142 Krasnobrodu LU \u2013 5609 n odcinek Krasnobr\u00f3d Podklasztor \u2013 rez. \u015aw. Roch \u2013 Krasnobr\u00f3d Podzamek &#8211; 8 km<\/span><br \/>\n<span style=\"font-size: 12px;\"> 3. Odnowienie \u015bcie\u017cek spacerowych w okolicach Senderek (niebieska i czerwona) &#8211; 5,5 km<\/span><\/p>\n<p><span style=\"font-size: 12px;\">Dotacja Wojew\u00f3dztwa Lubelskiego<\/span><br \/>\n<span style=\"font-size: 12px;\"> 1, Odnowienie znak\u00f3w szlaku \u0142\u0105cznikowego czarnego na odcinku Turzyniec &#8211; wzg.<\/span><br \/>\n<span style=\"font-size: 12px;\"> D\u0105browa &#8211; Lipowiec G\u00f3ry &#8211; 6 km<\/span><\/p>\n<ol start=\"2\">\n<li style=\"text-align: left;\"><span style=\"font-size: 12px;\"><span style=\"font-size: 12px;\">Odnowienie znak\u00f3w szlaku im. W\u0142. Podobi\u0144skiej (LU 5602 z) na odc. wzg. Wapielnia &#8211; \u0141asochy &#8211; 3 km<br \/>\n<\/span><\/span>Zobacz aktualny przebieg szlaku &gt;&gt;&gt;<br \/>\n<a href=\"http:\/\/www.zamosc.pttk.pl\/wordpress\/wp-content\/uploads\/2015\/07\/wapielnia2015.png\"><img loading=\"lazy\" decoding=\"async\" class=\" size-thumbnail wp-image-6243 alignleft\" src=\"http:\/\/www.zamosc.pttk.pl\/wordpress\/wp-content\/uploads\/2015\/07\/wapielnia2015-184x200.png\" alt=\"wapielnia2015\" width=\"184\" height=\"200\" srcset=\"https:\/\/zamosc.pttk.pl\/wordpress\/wp-content\/uploads\/2015\/07\/wapielnia2015-184x200.png 184w, https:\/\/zamosc.pttk.pl\/wordpress\/wp-content\/uploads\/2015\/07\/wapielnia2015-276x300.png 276w, https:\/\/zamosc.pttk.pl\/wordpress\/wp-content\/uploads\/2015\/07\/wapielnia2015-942x1024.png 942w, https:\/\/zamosc.pttk.pl\/wordpress\/wp-content\/uploads\/2015\/07\/wapielnia2015-900x978.png 900w, https:\/\/zamosc.pttk.pl\/wordpress\/wp-content\/uploads\/2015\/07\/wapielnia2015.png 1920w\" sizes=\"auto, (max-width: 184px) 100vw, 184px\" \/><\/a><\/li>\n<li><span style=\"font-size: 12px;\">Odnowienie szlaku Szum\u00f3w (LU &#8211; 5616 n) &#8211; Wodospad na Jeleniu &#8211; Rebizanty <\/span><br \/>\n<span style=\"font-size: 12px;\"> &#8211; 7 km<\/span><\/li>\n<li><span style=\"font-size: 12px;\">Odnowienie szlaku w rez. Szum (LU &#8211; 5622 n) &#8211; 3 km<\/span><\/li>\n<li><span style=\"font-size: 12px;\">Oznakowanie szlaku rowerowego: Siwa Dolina &#8211; Susiec &#8211; 16 km<\/span><\/li>\n<\/ol>\n<p><span style=\"font-size: 12px;\">Prace znakarskie trwaj\u0105.<\/span><\/p>\n<p><span style=\"font-size: 14px;\">W ramach wolontariatu wykonano niezb\u0119dne prace:<\/span><\/p>\n<ol>\n<li><span style=\"font-size: 12px;\">na szlaku kraw\u0119dziowym mi\u0119dzy Pardys\u00f3wk\u0105 Du\u017c\u0105 i Hamerni\u0105 (uzupe\u0142niono oznakowanie).<\/span><\/li>\n<li><span style=\"font-size: 12px;\">udro\u017cniono i usuni\u0119to zaro\u015bla oraz pokrzywy na szlaku im Aleksandry Wachniewskiej w okolicach Czarnego Wygonu<\/span><\/li>\n<\/ol>\n<p><span style=\"font-size: 12px;\">\u00a0<\/span><\/p>\n<p>&nbsp;<\/p>\n<hr \/>\n<p>&nbsp;<\/p>\n<p><span style=\"font-size: 18px;\">Wykonane prace znakarskie przez Oddzia\u0142 PTTK w Zamo\u015bciu w 2014 r. z dotacji:<\/span><\/p>\n<p><strong>Ministerstwo Sportu i Turtystyki\u00a0za po\u015brednictwem ZG PTTK<\/strong><\/p>\n<p><a href=\"http:\/\/www.zamosc.pttk.pl\/wordpress\/wp-content\/uploads\/2014\/02\/bezpieczneszlaki2014.png\"><img loading=\"lazy\" decoding=\"async\" class=\"size-thumbnail wp-image-3639 alignleft\" src=\"http:\/\/www.zamosc.pttk.pl\/wordpress\/wp-content\/uploads\/2014\/02\/bezpieczneszlaki2014-200x200.png\" alt=\"bezpieczneszlaki2014\" width=\"200\" height=\"200\" srcset=\"https:\/\/zamosc.pttk.pl\/wordpress\/wp-content\/uploads\/2014\/02\/bezpieczneszlaki2014-200x200.png 200w, https:\/\/zamosc.pttk.pl\/wordpress\/wp-content\/uploads\/2014\/02\/bezpieczneszlaki2014-300x300.png 300w, https:\/\/zamosc.pttk.pl\/wordpress\/wp-content\/uploads\/2014\/02\/bezpieczneszlaki2014.png 640w\" sizes=\"auto, (max-width: 200px) 100vw, 200px\" \/><\/a>Odnowiono \u00a0szlaku pieszego LU\/PK 24 n na d\u0142ugo\u015bci 31 km odc. na terenie woj. podkarpackiego: Wola Du\u017ca (gran.wojew.) &#8211; Wielki Dzia\u0142 &#8211; Huta Z\u0142omy &#8211; Polanka Horyniecka &#8211; Brusno Nowe &#8211; Podemszczyzna &#8211; Puchacze &#8211; \u015awidnica &#8211; Horyniec-Zdr\u00f3j dw.kol. oraz szlaki na wsp\u00f3lnych przebiegach, w tym w\u0119z\u0142y ze szlakami (LU 5611 c, LU\/PK 5629 y i PK 8521 z).<\/p>\n<p><strong>Wojew\u00f3dztwo lubelskie<\/strong><\/p>\n<p>1. Odnowienie szlaku Centralnego niebieskiego (og\u00f3lnopolskiego) LU- 24 n na odcinku Be\u0142\u017cec \u2013 okolice Huty Lubyckiej (do granicy woj. lubelskiego i podkarpackiego) &#8211; 23 km<br \/>\n2. Odnowienie szlaku Wolno\u015bciowego &#8211; czerwonego LU-5611 c na odcinku:Brzeziny \u2013 Hrebenne &#8211; 16 km<br \/>\n3. Odnowienie \u0142\u0105cznikowego Krasnobr\u00f3d \u2013 Majdan Sopocki \u2013 Nowiny \u2013 5 km<\/p>\n<p>Razem 44 km<\/p>\n<p><strong>Powiat zamojski<\/strong><\/p>\n<p>1. Odnowienie szlaku pieszego \u201eim. W\u0142. Podobi\u0144skiej\u201d LU-5605 z (zielony) na odcinku \u017bdan\u00f3w &#8211; w\u0119ze\u0142 szlak\u00f3w pod Kasjer\u00f3wk\u0105 &#8211; 12 km<br \/>\n2. Odnowienie szlaku im. Al. Wachniewskiej LU-5605 z na odc. Zwierzyniec \u2013 Czarny Wygon &#8211; Skarasz\u00f3w \u2013 23 km<\/p>\n<p>Razem 35 km<\/p>\n<p>&nbsp;<\/p>\n","protected":false},"excerpt":{"rendered":"<p>Szlaki turystyczne piesze na Roztoczu PTTK Oddzia\u0142 w Zamo\u015bciu Nr szlaku Nazwa i przebieg szlaku Km LU\/PK-24 n Centralny Szastarka &#8211; Zwierzyniec &#8211; Wzg. Wapielnia &#8211; Be\u0142\u017cec &#8211; Lubycza Kr\u00f3lewska\u00a0 &#8211; Huta Lubycka &#8211; Wola Wielka &#8211; Horyniec-Zdr\u00f3j 196,4 LU-25 &hellip; <a class=\"more-link\" href=\"https:\/\/zamosc.pttk.pl\/wordpress\/?page_id=424\">Czytaj dalej <span class=\"meta-nav\">&rarr;<\/span><\/a><\/p>\n","protected":false},"author":1,"featured_media":0,"parent":0,"menu_order":0,"comment_status":"closed","ping_status":"closed","template":"","meta":{"footnotes":""},"class_list":["post-424","page","type-page","status-publish","hentry"],"_links":{"self":[{"href":"https:\/\/zamosc.pttk.pl\/wordpress\/index.php?rest_route=\/wp\/v2\/pages\/424","targetHints":{"allow":["GET"]}}],"collection":[{"href":"https:\/\/zamosc.pttk.pl\/wordpress\/index.php?rest_route=\/wp\/v2\/pages"}],"about":[{"href":"https:\/\/zamosc.pttk.pl\/wordpress\/index.php?rest_route=\/wp\/v2\/types\/page"}],"author":[{"embeddable":true,"href":"https:\/\/zamosc.pttk.pl\/wordpress\/index.php?rest_route=\/wp\/v2\/users\/1"}],"replies":[{"embeddable":true,"href":"https:\/\/zamosc.pttk.pl\/wordpress\/index.php?rest_route=%2Fwp%2Fv2%2Fcomments&post=424"}],"version-history":[{"count":26,"href":"https:\/\/zamosc.pttk.pl\/wordpress\/index.php?rest_route=\/wp\/v2\/pages\/424\/revisions"}],"predecessor-version":[{"id":709,"href":"https:\/\/zamosc.pttk.pl\/wordpress\/index.php?rest_route=\/wp\/v2\/pages\/424\/revisions\/709"}],"wp:attachment":[{"href":"https:\/\/zamosc.pttk.pl\/wordpress\/index.php?rest_route=%2Fwp%2Fv2%2Fmedia&parent=424"}],"curies":[{"name":"wp","href":"https:\/\/api.w.org\/{rel}","templated":true}]}}