{"id":404,"date":"2014-02-28T16:32:10","date_gmt":"2014-02-28T15:32:10","guid":{"rendered":"http:\/\/www.zamosc.pttk.pl\/wordpress\/?page_id=404"},"modified":"2017-03-06T17:58:01","modified_gmt":"2017-03-06T16:58:01","slug":"klub-turystyczno-krajoznawczy-im-michala-pieszki","status":"publish","type":"page","link":"https:\/\/zamosc.pttk.pl\/wordpress\/?page_id=404","title":{"rendered":"Klub Turystyczno-Krajoznawczy im. Micha\u0142a Pieszki"},"content":{"rendered":"<p><span style=\"font-size: 15px;\">Wycieczka do Senderek<\/span><\/p>\n<p>Na Kazimierza zima do morza zmierza ale na Roztoczu jeszcze sobie odpoczywa&#8230;chocia\u017c \u017cmije si\u0119 ju\u017c obudzi\u0142y&#8230;<br \/>\nW dniu 4 marca 2017 r. grupka turyst\u00f3w w\u0119drowa\u0142a i nawet czakram ca\u0142owa\u0142a&#8230;<\/p>\n<p>[huge_it_slider id=&#8221;92&#8243;]<\/p>\n<p>&nbsp;<\/p>\n<hr \/>\n<p><a href=\"http:\/\/www.zamosc.pttk.pl\/wordpress\/wp-content\/uploads\/2016\/12\/DSCN9717aa.jpg\" rel=\"attachment wp-att-10022\"><img loading=\"lazy\" decoding=\"async\" class=\"size-medium wp-image-10022 alignleft\" src=\"http:\/\/www.zamosc.pttk.pl\/wordpress\/wp-content\/uploads\/2016\/12\/DSCN9717aa-300x225.jpg\" alt=\"dscn9717aa\" width=\"300\" height=\"225\" srcset=\"https:\/\/zamosc.pttk.pl\/wordpress\/wp-content\/uploads\/2016\/12\/DSCN9717aa-300x225.jpg 300w, https:\/\/zamosc.pttk.pl\/wordpress\/wp-content\/uploads\/2016\/12\/DSCN9717aa-200x150.jpg 200w, https:\/\/zamosc.pttk.pl\/wordpress\/wp-content\/uploads\/2016\/12\/DSCN9717aa-400x300.jpg 400w, https:\/\/zamosc.pttk.pl\/wordpress\/wp-content\/uploads\/2016\/12\/DSCN9717aa.jpg 640w\" sizes=\"auto, (max-width: 300px) 100vw, 300px\" \/><\/a>W dniu 7 grudnia 2016 r. odby\u0142o si\u0119 zebranie sprawozdawczo-wyborcze Klubu Turystyczno-Krajoznawczego im Micha\u0142a Pieszki<\/p>\n<p>W wyniku glosowania wybrano nowy Zarz\u0105d Klubu w sk\u0142adzie 4-osobowym oraz 25 delegat\u00f3w na XXXV Zjazd Oddzia\u0142u.<\/p>\n<p>Prezesem Klubu zosta\u0142 wybrany kol. Andrzej Dziaduszek.<\/p>\n<p><a href=\"http:\/\/www.zamosc.pttk.pl\/wordpress\/wp-content\/uploads\/2016\/12\/DSCN9716a.jpg\" rel=\"attachment wp-att-10021\"><img loading=\"lazy\" decoding=\"async\" class=\"size-medium wp-image-10021 alignnone\" src=\"http:\/\/www.zamosc.pttk.pl\/wordpress\/wp-content\/uploads\/2016\/12\/DSCN9716a-300x225.jpg\" alt=\"dscn9716a\" width=\"300\" height=\"225\" srcset=\"https:\/\/zamosc.pttk.pl\/wordpress\/wp-content\/uploads\/2016\/12\/DSCN9716a-300x225.jpg 300w, https:\/\/zamosc.pttk.pl\/wordpress\/wp-content\/uploads\/2016\/12\/DSCN9716a-200x150.jpg 200w, https:\/\/zamosc.pttk.pl\/wordpress\/wp-content\/uploads\/2016\/12\/DSCN9716a-400x300.jpg 400w, https:\/\/zamosc.pttk.pl\/wordpress\/wp-content\/uploads\/2016\/12\/DSCN9716a.jpg 640w\" sizes=\"auto, (max-width: 300px) 100vw, 300px\" \/><\/a><\/p>\n<hr \/>\n<p>&nbsp;<\/p>\n<p>Klub Turystyczno-Krajoznawczy im. Micha\u0142a Pieszki przy O\/PPTK w Zamo\u015bciu<br \/>\nzaprasza<\/p>\n<p>19.11.2016 r (sobota) godz. 9.30 na spotkanie w Zwierzy\u0144cu (parking k. Browaru)<\/p>\n<p>\u201eROCZNICA POWSTANIA LISTOPADOWEGO\u201d<\/p>\n<p>Program:<br \/>\n\u2013 powitanie uczestnik\u00f3w i kilka ciekawostek historycznych,<br \/>\n<a href=\"http:\/\/www.zamosc.pttk.pl\/wordpress\/wp-content\/uploads\/2016\/11\/kon.jpg\" rel=\"attachment wp-att-9916\"><img loading=\"lazy\" decoding=\"async\" class=\"alignleft size-medium wp-image-9916\" src=\"http:\/\/www.zamosc.pttk.pl\/wordpress\/wp-content\/uploads\/2016\/11\/kon-300x225.jpg\" sizes=\"auto, (max-width: 300px) 100vw, 300px\" srcset=\"http:\/\/www.zamosc.pttk.pl\/wordpress\/wp-content\/uploads\/2016\/11\/kon-200x150.jpg 200w, http:\/\/www.zamosc.pttk.pl\/wordpress\/wp-content\/uploads\/2016\/11\/kon-300x225.jpg 300w, http:\/\/www.zamosc.pttk.pl\/wordpress\/wp-content\/uploads\/2016\/11\/kon-400x300.jpg 400w, http:\/\/www.zamosc.pttk.pl\/wordpress\/wp-content\/uploads\/2016\/11\/kon.jpg 640w\" alt=\"kon\" width=\"300\" height=\"225\" \/><\/a>\u2013 zwiedzanie wybranych obiekt\u00f3w w Zwierzy\u0144cu,<br \/>\n\u2013 zapalenie zniczy,<br \/>\n\u2013 spacer ok. 8 km w okolicach Zwierzy\u0144ca:<br \/>\n\u2013 ognisko<\/p>\n<p>Na zdj\u0119ciu duch powsta\u0144ca listopadowego ukazuj\u0105cy si\u0119 cz\u0119sto pod Piaseczn\u0105 G\u00f3r\u0105.<\/p>\n<p>Dojazd we w\u0142asnym zakresie.<br \/>\nKa\u017cdy zabezpiecza wszystko to, co mo\u017ce mu by\u0107 potrzebne.<br \/>\nImpreza odbywa si\u0119 bez op\u0142at i na odpowiedzialno\u015b\u0107 uczestnik\u00f3w.<\/p>\n<p>Zapraszamy \u00a0przewodnik\u00f3w, turyst\u00f3w i mi\u0142o\u015bnik\u00f3w Roztocza.<br \/>\nZarz\u0105d Klubu<\/p>\n<p>&nbsp;<\/p>\n<p><a href=\"https:\/\/www.facebook.com\/profile.php?id=100002498960874\">Wspomnienia z Rajdu tutaj &gt;&gt;&gt;<\/a><\/p>\n<p style=\"text-align: justify;\">Dawniej Ko\u0142o Terenowe przy Oddziale PTTK Zamo\u015b\u0107 w latach 2005 \u2013 2006 zrzesza\u0142o \u0142\u0105cznie 40 cz\u0142onk\u00f3w pochodz\u0105cych z Zamojszczyzny. Na mocy uchwa\u0142y walnego zebrania z lutego 2002 r., funkcj\u0119 prezesa Ko\u0142a w\u00a0wymienionym okresie pe\u0142ni\u0142 Zbigniew Pietrynko, w sk\u0142ad prezydium Ko\u0142a weszli: skarbnik Maria Kabaczy\u0144ska i cz\u0142onek Zofia Kapecka.<\/p>\n<p style=\"text-align: justify;\">W swoich szeregach skupia:<\/p>\n<p style=\"text-align: justify;\">&#8211; Przodownik\u00f3w Turystyki Pieszej<\/p>\n<p style=\"text-align: justify;\">&#8211; Przewodnik\u00f3w Terenowych<\/p>\n<p style=\"text-align: justify;\">&#8211; Kolarzy<\/p>\n<p style=\"text-align: justify;\">&#8211; Znakarzy<\/p>\n<p style=\"text-align: justify;\">&#8211; Innych cz\u0142onk\u00f3w O\/PTTK\u00a0 nie nale\u017c\u0105cych do innych k\u00f3\u0142.<\/p>\n<p style=\"text-align: justify;\">G\u0142\u00f3wnym celem dzia\u0142alno\u015bci Ko\u0142a by\u0142a popularyzacja walor\u00f3w turystyczno-krajoznawczych Roztocza i Zamojszczyzny. Dlatego przynale\u017cno\u015b\u0107 do tej organizacji mia\u0142a charakter spo\u0142eczny i by\u0142a dost\u0119pna dla szerokiego grona cz\u0142onk\u00f3w PTTK, nieograniczona w \u017caden spos\u00f3b ich statusem spo\u0142ecznym i materialnym.<\/p>\n<p style=\"text-align: justify;\">Cz\u0142onkowie Ko\u0142a, wspierani z bud\u017cetu PTTK O\/Zamo\u015b\u0107, realizowali\u00a0 zadania zmierzaj\u0105ce do upowszechnienia wiedzy o regionie, jego historii, kulturze, tradycjach, przyrodzie, a tak\u017ce poszerzania wiadomo\u015bci krajoznawczych w odniesieniu do pozosta\u0142ych teren\u00f3w kraju.<\/p>\n<p style=\"text-align: justify;\">W zakres aktywno\u015bci cz\u0142onk\u00f3w wesz\u0142a organizacja i wsp\u00f3\u0142organizacja licznych imprez i przedsi\u0119wzi\u0119\u0107 turystycznych w tym: rajd\u00f3w, wycieczek, slajdowisk oraz spotka\u0144 o charakterze szkoleniowym i integracyjnym, skupiaj\u0105cych mi\u0142o\u015bnik\u00f3w i sympatyk\u00f3w krajoznawstwa.<\/p>\n<p style=\"text-align: justify;\">Do imprez zorganizowanych przez Ko\u0142o Terenowe nale\u017c\u0105:<\/p>\n<p style=\"text-align: justify;\">Wycieczka autokarowa na Roztocze Wschodnie \u201ePo bunkrach linii Mo\u0142otowa\u201d z dnia 17 kwietnia 2005 r. Wzi\u0119\u0142o w niej udzia\u0142 47 os\u00f3b. Trasa rozpoczynaj\u0105ce si\u0119 w Zamo\u015bciu i biegn\u0105ca przez Z\u0142omy Ruskie, Star\u0105 Hut\u0105, Wol\u0119 Wielk\u0105, Dziewi\u0119cierz Moczary, Polank\u0119 Horynieck\u0105, Brusno Stare i Horyniec poprowadzi\u0142a przez ma\u0142o znane tereny Roztocza Po\u0142udniowego, pokazuj\u0105ce osobliwo\u015bci przyrodnicze i historyczne. Uczestnicy zobaczyli m.in.: Rezerwat \u0179r\u00f3d\u0142a Tanwi i unikatow\u0105, obj\u0119t\u0105 ochron\u0105 rosiczk\u0105 okr\u0105g\u0142olistn\u0105, dawny cmentarz Unicki w Starej Hucie z\u00a0nagrobki bru\u015bnie\u0144skimi, siedem schron\u00f3w linii Mo\u0142otowa,<br \/>\nw tym jeden z najwi\u0119kszych \u201eTradytor\u201d na po\u0142udniowym stoku Wielkiego Dzia\u0142u.<\/p>\n<p style=\"text-align: justify;\">Wycieczka autokarowo-piesza po Roztoczu Zachodnim w dniu 19 listopad 2005 r. Liczba uczestnik\u00f3w wynios\u0142a 42 osoby. Trasa obejmowa\u0142a miejscowo\u015bci: Koloni\u0119 Wiel\u0105cza, Michal\u00f3w, Deszkowice, Czerni\u0119cin, Turobin, Polesie Ma\u0142e, Radecznic\u0119 i\u00a0Mokrelipie. Wyprawa po\u015bwi\u0119cona by\u0142a celom poznawczym kultury i zabudowie architektonicznej zwiedzanych miejsc.<\/p>\n<p style=\"text-align: justify;\">Wycieczka autokarowa \u201eDo Bukowiny i Tarnogrodu\u201d w dniu 23 kwietnia 2006 r. 45 os\u00f3b zwiedzi\u0142o pami\u0105tki historii na obszarze R\u00f3wniny Bi\u0142gorajskiej. Trasa prowadzi\u0142a przez Osuchy, Bukowin\u0119, Tarnogr\u00f3d, Tarnogrodzie, Zamch, Lubliniec Stary i Nowy, Kowal\u00f3wk\u0119, a\u017c do wa\u0142u Huty R\u00f3\u017canieckiej.<\/p>\n<p style=\"text-align: justify;\">Wycieczka autokarowa \u201eZa Bugiem i So\u0142okij\u0105\u201d w dniu 9 wrze\u015bnia 2006 r. Uczestniczy\u0142o w niej 24 osoby. Trasa bieg\u0142a przez: Zosin, U\u015bci\u0142ug, W\u0142odzimierz Wo\u0142y\u0144ski, Zimno, Nowowo\u0142y\u0144sk, War\u0119\u017c, Sokal, Czerwonograd, Be\u0142z, Raw\u0119 Rusk\u0105 i Hrebenne, ods\u0142aniaj\u0105c histori\u0119 dawnych kres\u00f3w Rzeczypospolitej.<\/p>\n<p style=\"text-align: justify;\">Slajdowisko, czyli multimedialne wspomnienia z w\u0119dr\u00f3wek cz\u0142onk\u00f3w PTTK O\/Zamo\u015b\u0107 i Grupy Turystycznej Roztocze, po Roztoczu i\u00a0okolicach, odby\u0142o si\u0119 w zaprzyja\u017anionym lokalu \u201eWiatraku przy Trakcie Lwowskim\u201d. Swoje wspomnienia przedstawiali Edward S\u0142oniewski, Krzysztof Zdeb oraz Artur Paw\u0142owski.<\/p>\n<p style=\"text-align: justify;\">Cz\u0142onkowie Ko\u0142a czynnie uczestniczyli w wydarzeniach turystycznych i\u00a0promuj\u0105cych region, a organizowanych przez PTTK O\/Zamo\u015b\u0107, Grup\u0119 Turystyczn\u0105 Roztocze, Gmin\u0119 Zamo\u015b\u0107, Gmin\u0119 Nielisz, Gmin\u0119 Lubycza Kr\u00f3lewska:<\/p>\n<p style=\"text-align: justify;\">Ko\u0142o w roku 2007\u00a0 zrzesza\u0142o \u0142\u0105cznie 53 cz\u0142onk\u00f3w pochodz\u0105cych z Zamojszczyzny. By\u0142 to pierwszy rok dzia\u0142alno\u015bci Klubu. Powsta\u0142 on 28 lutego 2007 roku, kiedy to na mocy uchwa\u0142y walnego zebrania zmieniono nazw\u0119 z \u201eKo\u0142a Terenowego\u201d na Klub Turystyczno &#8211; Krajoznawczy im. Micha\u0142a Pieszki. Klub przej\u0105\u0142 tradycje i warto\u015bci kultywowane\u00a0 podczas wieloletniej dzia\u0142alno\u015bci Ko\u0142a Terenowego oraz Staromiejskiego Klubu im. Micha\u0142a Pieszki<\/p>\n<p style=\"text-align: justify;\">Cz\u0142onkowie Klubu, realizuj\u0105\u00a0 zadania zmierzaj\u0105ce do upowszechnienia wiedzy o regionie, jego historii, kulturze, tradycjach, przyrodzie, a tak\u017ce poszerzania wiadomo\u015bci krajoznawcze w odniesieniu do pozosta\u0142ych teren\u00f3w kraju.<\/p>\n<p style=\"text-align: justify;\">W zakres aktywno\u015bci cz\u0142onk\u00f3w wesz\u0142a organizacja i wsp\u00f3\u0142organizacja imprez i przedsi\u0119wzi\u0119\u0107 turystycznych w tym: rajd\u00f3w, wycieczek, slajdowisk oraz spotka\u0144 o charakterze szkoleniowym i integracyjnym, skupiaj\u0105cych mi\u0142o\u015bnik\u00f3w i sympatyk\u00f3w krajoznawstwa.<\/p>\n<p style=\"text-align: justify;\">W szczeg\u00f3lno\u015bci by\u0142y to:<\/p>\n<p style=\"text-align: justify;\">27.04.2007 wycieczka autokarowa \u201eNad Sinioch\u0105, Huczw\u0105 i Bugiem\u201d na trasie Jaros\u0142awiec, Cze\u015bniki, Niewirk\u00f3w, Kotlice, Honiatycze, Turkowice, Horod\u0142o, Szpiko\u0142osy, Hrubiesz\u00f3w, Grabowiec, Zamo\u015b\u0107. W wycieczce tej uczestniczy\u0142a nawet mieszkanka dalekiej Japonii\u00a0 &#8211; Sakie Hijoshi \u2013 wolontariuszka pracuj\u0105ca w Wysokiem k\/Zamo\u015bcia<\/p>\n<p style=\"text-align: justify;\">W dniu 9 wrze\u015bnia 2007 r. wycieczka autokarowa &#8222;Za Bugiem i So\u0142okij\u0105&#8221;. Uczestniczy\u0142o w niej 24 osoby. Trasa bieg\u0142a przez: Zosin, U\u015bci\u0142ug, W\u0142odzimierz Wo\u0142y\u0144ski, Zimno, Nowowo\u0142y\u0144sk, War\u0119\u017c, Sokal, Czerwonograd, Be\u0142z, Raw\u0119 Rusk\u0105 i Hrebenne, ods\u0142aniaj\u0105c histori\u0119 dawnych kres\u00f3w Rzeczypospolitej.<\/p>\n<p style=\"text-align: justify;\">Kwiecie\u0144 2008 \u2013 spore zainteresowanie wycieczk\u0105 Klubow\u0105 na trasie: Osuchy, Lubliniec, Gorajec, Brusno,\u00a0 Horyniec by\u0142o te\u017c i ognisko kt\u00f3ro przygotowali cz\u0142onkowie Ko\u0142a PTTK z Hory\u0144ca.<\/p>\n<p style=\"text-align: justify;\">Slajdowisko &#8211; czyli multimedialne wspomnienia z w\u0119dr\u00f3wek cz\u0142onk\u00f3w PTTK O\/Zamo\u015b\u0107 i Grupy Turystycznej Roztocze, po Roztoczu i okolicach, odby\u0142o si\u0119 w \u015bwietlicy Urz\u0119du Gminy Zamo\u015b\u0107, w Kole Zamojskich Przewodnik\u00f3w i w Karczmie Szum na zako\u0144czeniu rajdu Zimowego GTR\u00a0 w G\u00f3recku Ko\u015bcielnym.<\/p>\n<p style=\"text-align: justify;\">Cz\u0142onkowie Klubu aktywnie uczestniczyli w \u017cyciu i pracy PTTK Odzia\u0142 Zamo\u015b\u0107, przygotowuj\u0105c i przeprowadzaj\u0105c cykliczne rajdy turystyczne. Zarz\u0105d i cz\u0142onkowie Klubu zaanga\u017cowa\u0142 si\u0119 w organizacj\u0119 wydarze\u0144 turystycznych<br \/>\ni promuj\u0105cych region.<\/p>\n<p style=\"text-align: justify;\">Cz\u0142onkowie Klubu dziel\u0105 si\u0119 w\u0142asn\u0105 wiedz\u0105 o regionie na forum internetowym Grupy Turystycznej Roztocze, uczestnicz\u0105c w wielu wyprawach turystycznych, poznaj\u0105c nieodkryte i ma\u0142o znane zak\u0105tki Roztocza. W dniach 10-12 sierpnia 2007 r,uczestniczyli\u015bmy w wycieczce na Podole. Zwiedzali\u015bmy pi\u0119kne miejsca i miejscowo\u015bci tak bardzo zwi\u0105zane z histori\u0105 naszej Ojczyzny. A by\u0142y to Olesko, Poczaj\u00f3w Krzemieniec, Chocim,\u00a0 Z\u0142ocz\u00f3w,\u00a0 Podkamie\u0144, Wi\u015bniowiec, Ska\u0142a Podolska, Tarnopol, Lw\u00f3w.<\/p>\n<p style=\"text-align: justify;\">Te same osoby by\u0142y organizatorami wycieczki na S\u0142owacj\u0119 w 2008 \u2013 prze\u0142om Dunajca, Jaskinia Bieli\u0144ska, spacer po p\u00f3\u0142kach nad rzek\u0105 Hornad, spacer po \u0141omnicy pozostan\u0105 na d\u0142ugo w naszej pami\u0119ci<\/p>\n<p style=\"text-align: justify;\">Podczas\u00a0 dzia\u0142alno\u015bci Klub Turystyczno \u2013 Krajoznawczego wsp\u00f3\u0142pracowano z Zarz\u0105dem PTTK O\/Zamo\u015b\u0107, Ko\u0142em Przewodnik\u00f3w przy PTTK O\/Zamo\u015b\u0107, Roztocza\u0144skim Parkiem Narodowym, Parkami Krajobrazowymi Roztocza z siedzib\u0105 w Zamo\u015bciu oraz Gmin\u0105 Zamo\u015b\u0107 (O\u015brodkiem Promocji, Turystyki i Sportu Gminy Zamo\u015b\u0107). Wsp\u00f3\u0142praca ta w g\u0142\u00f3wnej mierze opiera\u0142a si\u0119 na przyjaznych i otwartych kontaktach umo\u017cliwiaj\u0105cych poszerzenie wiadomo\u015bci krajoznawczo &#8211; przyrodniczych i zdobycie nowych do\u015bwiadcze\u0144 przez cz\u0142onk\u00f3w Klubu.<\/p>\n<p style=\"text-align: justify;\">Szkolenia praktyczne odbywaj\u0105 si\u0119 podczas organizowanych wycieczek w okresie wiosny i jesieni w terenie.<\/p>\n<p style=\"text-align: justify;\">Pozosta\u0142e szkolenia odbywaj\u0105 si\u0119 we w\u0142asnym zakresie.<\/p>\n<p style=\"text-align: justify;\">Zgodnie ze swoimi uprawnieniami cz\u0142onkowie Klubu organizuj\u0105 i oprowadzaj\u0105 wycieczki i rajdy.<\/p>\n<p style=\"text-align: justify;\">Maluj\u0105 i odnawiaj\u0105 szlaki turystyczne, bior\u0105 udzia\u0142 w krajowych i mi\u0119dzynarodowych rajdach rowerowych.<\/p>\n<p style=\"text-align: justify;\">W chwili obecnej Klub skupia 65 cz\u0142onk\u00f3w i wszyscy s\u0105 cz\u0142onkami PTTK.<\/p>\n<p style=\"text-align: justify;\">Obecnie funkcj\u0119 prezesa pe\u0142ni kol. Kazimierz Dziok &#8211; przewodnik i przodownik TP.<\/p>\n","protected":false},"excerpt":{"rendered":"<p>Wycieczka do Senderek Na Kazimierza zima do morza zmierza ale na Roztoczu jeszcze sobie odpoczywa&#8230;chocia\u017c \u017cmije si\u0119 ju\u017c obudzi\u0142y&#8230; W dniu 4 marca 2017 r. grupka turyst\u00f3w w\u0119drowa\u0142a i nawet czakram ca\u0142owa\u0142a&#8230; [huge_it_slider id=&#8221;92&#8243;] &nbsp; W dniu 7 grudnia 2016 &hellip; <a class=\"more-link\" href=\"https:\/\/zamosc.pttk.pl\/wordpress\/?page_id=404\">Czytaj dalej <span class=\"meta-nav\">&rarr;<\/span><\/a><\/p>\n","protected":false},"author":1,"featured_media":0,"parent":0,"menu_order":0,"comment_status":"closed","ping_status":"closed","template":"","meta":{"footnotes":""},"class_list":["post-404","page","type-page","status-publish","hentry"],"_links":{"self":[{"href":"https:\/\/zamosc.pttk.pl\/wordpress\/index.php?rest_route=\/wp\/v2\/pages\/404","targetHints":{"allow":["GET"]}}],"collection":[{"href":"https:\/\/zamosc.pttk.pl\/wordpress\/index.php?rest_route=\/wp\/v2\/pages"}],"about":[{"href":"https:\/\/zamosc.pttk.pl\/wordpress\/index.php?rest_route=\/wp\/v2\/types\/page"}],"author":[{"embeddable":true,"href":"https:\/\/zamosc.pttk.pl\/wordpress\/index.php?rest_route=\/wp\/v2\/users\/1"}],"replies":[{"embeddable":true,"href":"https:\/\/zamosc.pttk.pl\/wordpress\/index.php?rest_route=%2Fwp%2Fv2%2Fcomments&post=404"}],"version-history":[{"count":10,"href":"https:\/\/zamosc.pttk.pl\/wordpress\/index.php?rest_route=\/wp\/v2\/pages\/404\/revisions"}],"predecessor-version":[{"id":10388,"href":"https:\/\/zamosc.pttk.pl\/wordpress\/index.php?rest_route=\/wp\/v2\/pages\/404\/revisions\/10388"}],"wp:attachment":[{"href":"https:\/\/zamosc.pttk.pl\/wordpress\/index.php?rest_route=%2Fwp%2Fv2%2Fmedia&parent=404"}],"curies":[{"name":"wp","href":"https:\/\/api.w.org\/{rel}","templated":true}]}}