{"id":398,"date":"2014-02-28T16:29:27","date_gmt":"2014-02-28T15:29:27","guid":{"rendered":"http:\/\/www.zamosc.pttk.pl\/wordpress\/?page_id=398"},"modified":"2026-03-27T13:45:12","modified_gmt":"2026-03-27T12:45:12","slug":"wladze-oddzialu","status":"publish","type":"page","link":"https:\/\/zamosc.pttk.pl\/wordpress\/?page_id=398","title":{"rendered":"W\u0142adze Oddzia\u0142u"},"content":{"rendered":"<p>W dniu 21 marca 2026 r. na XXXVII Zje\u017adzie Oddzia\u0142u wybrano Zarz\u0105d Oddzia\u0142u PTTK w Zamo\u015b\u0107iu<br \/>\nw sk\u0142adzie:<\/p>\n<p>1. Renata Agnieszka Linek\u00a0 &#8211; Prezes Zarz\u0105du Oddzia\u0142u<br \/>\n2. Bogumi\u0142a Zdzioch &#8211; Wiceprezes Zarz\u0105du Oddzia\u0142u<br \/>\n3. Pawe\u0142 Koman &#8211; Skarbnik Zarz\u0105du Oddzia\u0142u<br \/>\n4. Jadwiga Smyk &#8211; Sekretarz Zarz\u0105du Oddzia\u0142u<br \/>\n5. Robert Kowalski &#8211; Cz\u0142onek Zarz\u0105du Oddzia\u0142u<\/p>\n<p>&#8212;&#8212;&#8212;&#8212;&#8212;&#8212;&#8212;&#8212;&#8212;&#8212;&#8212;&#8212;&#8212;&#8212;&#8212;&#8212;&#8212;&#8212;&#8212;&#8212;&#8212;&#8212;&#8212;&#8212;&#8212;&#8212;&#8212;&#8212;<\/p>\n<p>W dniu 26 wrze\u015bnia 2022 roku odby\u0142y si\u0119 wybory uzupe\u0142niaj\u0105ce do Zarz\u0105du Oddzia\u0142u:<\/p>\n<ol>\n<li>Renata Agnieszka Linek \u2013 Prezes Zarz\u0105du Oddzia\u0142u<\/li>\n<li>Robert Kowalski \u2013 Wiceprezes Zarz\u0105du Oddzia\u0142u<\/li>\n<li>Pawe\u0142 Koman \u2013 Skarbnik Zarz\u0105du Oddzia\u0142u<\/li>\n<li>Magdalena Mielnicka \u2013 Sekretarz Zarz\u0105du Oddzia\u0142u<\/li>\n<li>Bogumi\u0142a Zdzioch \u2013 Cz\u0142onek Zarz\u0105du Oddzia\u0142u<\/li>\n<\/ol>\n<p>W\u0142adze Oddzia\u0142u PTTK w Zamo\u015bciu wybrane na XXXV Zje\u017adzie<\/p>\n<p>w dniu 25.02.2017 r.<\/p>\n<p><strong>Zarz\u0105d Oddzia\u0142u<\/strong><\/p>\n<ol>\n<li>Edward S\u0142oniewski \u2013 prezes<\/li>\n<li>Andrzej Bober \u2013 wiceprezes<\/li>\n<li>Agnieszka Biernacka \u2013 wiceprezes<\/li>\n<li>Renata Linek \u2013 skarbnik<\/li>\n<li>Alina Harkot \u2013 sekretarz<\/li>\n<li>Jaros\u0142aw Lalik \u2013 cz\u0142onek<\/li>\n<li>Pawe\u0142 Koman \u2013 cz\u0142onek<\/li>\n<\/ol>\n<p><strong>Komisja Rewizyjna<\/strong><\/p>\n<ol>\n<li>Kazimierz Wysocki \u2013 prezes<\/li>\n<li>Wies\u0142awa Zborowska-Po\u017adzik \u2013 wiceprezes<\/li>\n<li>Zofia Kapecka \u2013 sekretarz<\/li>\n<li>Bogumi\u0142a Zdzioch \u2013 cz\u0142onek<\/li>\n<li>Tadeusz Bieganowski \u2013 cz\u0142onek<\/li>\n<\/ol>\n<p><strong>Oddzia\u0142owy S\u0105d Kole\u017ce\u0144ski<\/strong><\/p>\n<ol>\n<li>Bo\u017cena Kamaszyn-Gonciarz \u2013 prezes<\/li>\n<li>Bo\u017cena Smutniak \u2013 wiceprezes<\/li>\n<li>Krzysztof Malec \u2013 sekretarz<\/li>\n<li>Maria Rze\u017aniak \u2013 cz\u0142onek<\/li>\n<li>Zbigniew Cholewa \u2013 cz\u0142onek<\/li>\n<\/ol>\n<h3><\/h3>\n","protected":false},"excerpt":{"rendered":"<p>W dniu 21 marca 2026 r. na XXXVII Zje\u017adzie Oddzia\u0142u wybrano Zarz\u0105d Oddzia\u0142u PTTK w Zamo\u015b\u0107iu w sk\u0142adzie: 1. Renata Agnieszka Linek\u00a0 &#8211; Prezes Zarz\u0105du Oddzia\u0142u 2. Bogumi\u0142a Zdzioch &#8211; Wiceprezes Zarz\u0105du Oddzia\u0142u 3. Pawe\u0142 Koman &#8211; Skarbnik Zarz\u0105du Oddzia\u0142u &hellip; <a class=\"more-link\" href=\"https:\/\/zamosc.pttk.pl\/wordpress\/?page_id=398\">Czytaj dalej <span class=\"meta-nav\">&rarr;<\/span><\/a><\/p>\n","protected":false},"author":1,"featured_media":0,"parent":0,"menu_order":0,"comment_status":"closed","ping_status":"closed","template":"","meta":{"footnotes":""},"class_list":["post-398","page","type-page","status-publish","hentry"],"_links":{"self":[{"href":"https:\/\/zamosc.pttk.pl\/wordpress\/index.php?rest_route=\/wp\/v2\/pages\/398","targetHints":{"allow":["GET"]}}],"collection":[{"href":"https:\/\/zamosc.pttk.pl\/wordpress\/index.php?rest_route=\/wp\/v2\/pages"}],"about":[{"href":"https:\/\/zamosc.pttk.pl\/wordpress\/index.php?rest_route=\/wp\/v2\/types\/page"}],"author":[{"embeddable":true,"href":"https:\/\/zamosc.pttk.pl\/wordpress\/index.php?rest_route=\/wp\/v2\/users\/1"}],"replies":[{"embeddable":true,"href":"https:\/\/zamosc.pttk.pl\/wordpress\/index.php?rest_route=%2Fwp%2Fv2%2Fcomments&post=398"}],"version-history":[{"count":5,"href":"https:\/\/zamosc.pttk.pl\/wordpress\/index.php?rest_route=\/wp\/v2\/pages\/398\/revisions"}],"predecessor-version":[{"id":20636,"href":"https:\/\/zamosc.pttk.pl\/wordpress\/index.php?rest_route=\/wp\/v2\/pages\/398\/revisions\/20636"}],"wp:attachment":[{"href":"https:\/\/zamosc.pttk.pl\/wordpress\/index.php?rest_route=%2Fwp%2Fv2%2Fmedia&parent=398"}],"curies":[{"name":"wp","href":"https:\/\/api.w.org\/{rel}","templated":true}]}}