{"id":395,"date":"2014-02-28T16:23:59","date_gmt":"2014-02-28T15:23:59","guid":{"rendered":"http:\/\/www.zamosc.pttk.pl\/wordpress\/?page_id=395"},"modified":"2014-03-17T17:28:10","modified_gmt":"2014-03-17T16:28:10","slug":"o-nas","status":"publish","type":"page","link":"https:\/\/zamosc.pttk.pl\/wordpress\/?page_id=395","title":{"rendered":"O nas"},"content":{"rendered":"<p style=\"text-align: justify;\">Historia Oddzia\u0142u PTK -PTTK w Zamo\u015bciu<\/p>\n<p style=\"text-align: justify;\"><a href=\"http:\/\/www.zamosc.pttk.pl\/wordpress\/wp-content\/uploads\/2014\/02\/hist.h2.jpg\"><img loading=\"lazy\" decoding=\"async\" class=\"size-thumbnail wp-image-881 alignleft\" alt=\"hist.h2\" src=\"http:\/\/www.zamosc.pttk.pl\/wordpress\/wp-content\/uploads\/2014\/02\/hist.h2-200x99.jpg\" width=\"200\" height=\"99\" srcset=\"https:\/\/zamosc.pttk.pl\/wordpress\/wp-content\/uploads\/2014\/02\/hist.h2-200x99.jpg 200w, https:\/\/zamosc.pttk.pl\/wordpress\/wp-content\/uploads\/2014\/02\/hist.h2-300x149.jpg 300w, https:\/\/zamosc.pttk.pl\/wordpress\/wp-content\/uploads\/2014\/02\/hist.h2.jpg 390w\" sizes=\"auto, (max-width: 200px) 100vw, 200px\" \/><\/a>Powo\u0142anie w 1906 roku w Warszawie Polskiego Towarzystwa Krajoznawczego odbi\u0142o si\u0119 echem na Zamojszczy\u017anie. Ju\u017c w 1907 roku kilku dzia\u0142aczy spo\u0142ecznych zg\u0142osi\u0142o ch\u0119\u0107 wst\u0105pienia do PTK. Byli to z Zamo\u015bcia : Romuald Ja\u015bkiewicz, Zdzis\u0142aw K\u0142osowski i Jan Sajkiewicz, ze Zwierzy\u0144ca: Stanis\u0142aw Moskalewski i Karol Czarnowski &#8211; pracownicy Ordynacji Zamojskiej, Tadeusz \u0141uczycki z J\u00f3zefowa Ordynackiego i Wiktor Krzywdzi\u0144ski z Frampola. Jednak garstka dzia\u0142aczy nie zdo\u0142a\u0142a powo\u0142a\u0107 Oddzia\u0142u PTK w Zamo\u015bciu. Wybuch I wojny \u015bwiatowej oraz niespokojne pierwsze lata II Rzeczypospolitej nie sprzyja\u0142y rozwojowi krajoznawstwa. W tym okresie ani Zarz\u0105d G\u0142\u00f3wny ani Oddzia\u0142 Lubelski nie rozpocz\u0119\u0142y dzia\u0142alno\u015bci zainicjowanej w okresie zabor\u00f3w. W roku 1929 powsta\u0142y mo\u017cliwo\u015bci rozwoju krajoznawstwa w woj. lubelskim. Stanowisko Kuratora Okr\u0119gu Szkolnego obj\u0105\u0142 Eustachy Nowicki- do\u015bwiadczony pedagog i dzia\u0142acz spo\u0142eczny. Doceni\u0142 on wychowawczo-dydaktyczne znaczenie krajoznawstwa dla rozbudzenia patriotyzmu w\u015br\u00f3d m\u0142odzie\u017cy szkolnej i zainicjowa\u0142 powstanie Zarz\u0105du Okr\u0119gowego PTK w Lublinie. Po obj\u0119ciu funkcji prezesa zwr\u00f3ci\u0142 szczeg\u00f3ln\u0105 uwag\u0119 na miasto Zamo\u015b\u0107 &#8211; wa\u017cny o\u015brodek spo\u0142eczny i kulturalny. Na jego polecenie przyby\u0142 do Zamo\u015bcia dr Feliks Araszkiewicz &#8211; wizytator Kuratorium pe\u0142ni\u0105cy r\u00f3wnie\u017c funkcj\u0119 sekretarza Okr\u0119gu PTK. W wyniku spotkania z gronem zaanga\u017cowanych spo\u0142ecznie pedagog\u00f3w powsta\u0142a w \u015brodowisku zamojskim inicjatywa powo\u0142ania PTK. Inicjatorem i gor\u0105cym or\u0119downikiem rozwoju PTK na Zamojszczy\u017anie sta\u0142 si\u0119 prof. Gimnazjum im. Jana Zamoyskiego Micha\u0142 Pieszko. 24 lutego 1930 r. z grona zg\u0142aszaj\u0105cych si\u0119 powo\u0142any zosta\u0142 Komitet Organizacyjny Oddzia\u0142u, a ju\u017c w dniu 10 kwietnia tego roku w obecno\u015bci 23 kandydat\u00f3w na cz\u0142onk\u00f3w uchwalono za\u0142o\u017cenie Oddzia\u0142u PTK i powo\u0142ania pierwszego Zarz\u0105du. W sk\u0142ad Zarz\u0105du weszli: Micha\u0142 Pieszko &#8211; prezes, Walery H\u0142y\u0144 &#8211; wiceprezes, Stefan Miler &#8211; skarbnik, Franciszek Buszek &#8211; sekretarz. Zarz\u0105d od razu przyst\u0105pi\u0142 do pracy spo\u0142ecznej i przygotowa\u0144 do obchodu 350 rocznicy za\u0142o\u017cenia miasta. Zarz\u0105d Oddzia\u0142u by\u0142 inicjatorem tablic reklamuj\u0105cych zabytki miasta renesansu, kt\u00f3re umieszczono na dworcach PKP w Lublinie i Warszawie. Podj\u0119to r\u00f3wnie\u017c inicjatyw\u0119 powo\u0142ania muzeum regionalnego. Niestety w 1931 roku dzia\u0142alno\u015b\u0107 Oddzia\u0142u PTK uleg\u0142a ograniczeniu. Zebrane eksponaty dla przysz\u0142ego muzeum zdeponowano w Gimnazjum im. Jana Zamoyskiego. W czasie czteroletniej przerwy w dzia\u0142alno\u015bci Oddzia\u0142u prof. Micha\u0142 Pieszko zajmowa\u0142 si\u0119 opracowaniem pierwszego przewodnika po Zamo\u015bciu i okolicy, kt\u00f3ry zosta\u0142 wydany przez PTK w 1934 roku. Dzi\u0119ki inicjatywie miejscowej inteligencji w 1934 r. reaktywowano Oddzia\u0142 PTK. Na czele Zarz\u0105du stan\u0105\u0142 s\u0119dzia Leon Mir\u017ca Kryczy\u0144ski, a w jego sk\u0142ad ponadto weszli: Tadeusz Przestalski- inspektor szkolny, Stanis\u0142aw Przyby\u0142owicz &#8211; kierownik szko\u0142y z pobliskiego Sita\u0144ca oraz Stefan Miler &#8211; profesor zamojskiego gimnazjum. Wiele pracy i inicjatywy w\u0142o\u017cyli w celu reaktywowania Oddzia\u0142u starosta zamojski Leon Zamecznik i znany lekarz, spo\u0142ecznik dr Zygmunt Klukowski ze Szczebrzeszyna. Wa\u017cnym wydarzeniem dla rozwoju ruchu turystycznego w Zamo\u015bciu by\u0142o zorganizowanie w domu Sejmiku Powiatowego schroniska o 20 miejscach noclegowych. Biuro Zarz\u0105du Oddzia\u0142u znajdowa\u0142o si\u0119 w gmachu Gimnazjum. Prof. Micha\u0142 Pieszko oraz pracownik Zarz\u0105du Miejskiego W\u0142adys\u0142aw Kabat rozpocz\u0119li gromadzenie eksponat\u00f3w dla muzeum. Muzeum Ziemi Zamojskiej zosta\u0142o powo\u0142ane jeszcze w 1926 roku jednak r\u00f3\u017cne koleje losu spowodowa\u0142y, \u017ce zebrane eksponaty uleg\u0142y rozproszeniu. Dzi\u0119ki prof. M. Pieszce zosta\u0142y one powt\u00f3rnie zgromadzone i przekazane do muzeum reaktywowanego pod patronatem PTK. Opracowany program dzia\u0142alno\u015bci muzeum zak\u0142ada\u0142, \u017ce swoj\u0105 dzia\u0142alno\u015bci\u0105 mia\u0142o obejmowa\u0107 5 po\u0142udniowo-wschodnich powiat\u00f3w woj. lubelskiego. W grudniu 1936 r. Zarz\u0105d Oddzia\u0142u PTK powo\u0142a\u0142 formalnie Muzeum Regionalne i rozpocz\u0105\u0142 gromadzenie eksponat\u00f3w w jednej z sal Ratusza. W nast\u0119pnym roku Oddzia\u0142 liczy\u0142 ju\u017c 73 cz\u0142onk\u00f3w. W wi\u0119kszo\u015bci by\u0142a to miejscowa inteligencja zainteresowana rozwojem krajoznawstwa i turystyki w mie\u015bcie. W czerwcu 1937 r. odby\u0142a si\u0119 pierwsza masowa wycieczka na Roztocze poci\u0105giem. Uczestnicy jej poznawali urocze zak\u0105tki okolic Su\u015bca i wzi\u0119li udzia\u0142 w uroczysto\u015bci otwarcia stanicy &#8222;Knieja Harcerska&#8221; w Rebizantach nad Tanwi\u0105. Na wiosn\u0119 1938 roku zorganizowano pierwszy kurs przewodnik\u00f3w. Zorganizowano 10 wycieczek krajoznawczych oraz przyj\u0119to ok. 15 tys. uczestnik\u00f3w wycieczek szkolnych. Spo\u015br\u00f3d dzia\u0142aczy zamojskich PTK lat trzydziestych najbardziej aktywn\u0105 osob\u0105 by\u0142 rejent Henryk Rosi\u0144ski, kt\u00f3ry rozwin\u0105\u0142 wszechstronn\u0105 dzia\u0142alno\u015b\u0107 krajoznawcz\u0105 i niejednokrotnie wspiera\u0142 finansowo Oddzia\u0142. Dzia\u0142acze Oddzia\u0142u zajmowali si\u0119 opiek\u0105 nad zabytkami historycznymi na Zamojszczy\u017anie. Wykazywano trosk\u0119 m.in. o zesp\u00f3\u0142 zabytkowy w Udryczach, zachowanie kurhan\u00f3w i mogi\u0142y powsta\u0144c\u00f3w na wzg\u00f3rzu Polak pod Panas\u00f3wk\u0105. Domagano si\u0119 te\u017c o opiek\u0119 nad archiwum i bibliotek\u0105 poklasztorn\u0105 w Krasnobrodzie. W 1936 roku z\u0142o\u017cono memoria\u0142 do Zarz\u0105du Miejskiego o zachowanie historycznych nazw plac\u00f3w i ulic w mie\u015bcie oraz zaniechanie poczynionych ju\u017c nies\u0142usznie zmian. Niestety zbli\u017caj\u0105ca si\u0119 zawiechura wojenna przerwa\u0142a prac\u0119 Oddzia\u0142u i uniemo\u017cliwi\u0142a zrealizowania szeregu zamierze\u0144. Zamojszczyzna zosta\u0142a poddana okrutnej akcji wysiedle\u0144czej i pacyfikacyjnej. Hitlerowcy likwidowali kolejno wybitnych dzia\u0142aczy spo\u0142ecznych. W\u015br\u00f3d nich znale\u017ali si\u0119 cz\u0142onkowie Zarz\u0105du PTK &#8211; Henryk Rosi\u0144ski i Stanis\u0142aw Przyby\u0142owicz, kt\u00f3rych zamordowano w obozach zag\u0142ady. Na szczeg\u00f3lne podkre\u015blenie zas\u0142uguje post\u0119powanie w trudnych latach okupacji niekt\u00f3rych dzia\u0142aczy PTK. Kiedy hitlerowcy niszczyli wsz\u0119dzie kultur\u0119 polsk\u0105, W\u0142adys\u0142awowi Kabatowi uda\u0142o si\u0119 zabezpieczy\u0107 zbiory muzealne w Ratuszu a tak\u017ce zebrane przez prof. M. Pieszk\u0119 eksponaty wyrzucone z gmachu gimnazjum, umie\u015bci\u0107 w budynku przy ul. Ormia\u0144skiej. Zbiory te sta\u0142y si\u0119 zacz\u0105tkiem przysz\u0142ego Muzeum. Wielka w tym zas\u0142uga W\u0142adys\u0142awa Kabata i zamojskiego architekta Tadeusza Zaremby.<\/p>\n<p><!--nextpage--><\/p>\n<p style=\"text-align: justify;\">Historia Oddzia\u0142u PTTK w Zamo\u015bciu cz. II<\/p>\n<p style=\"text-align: justify;\">Po zako\u0144czeniu wojny dopiero w dniu 14 listopada 1948 zosta\u0142 powo\u0142any Zarz\u0105d Oddzia\u0142u PTK. Od 1949 roku funkcj\u0119 prezesa pe\u0142ni\u0142 W\u0142adys\u0142aw Koz\u0142owski. W dniu 17 grudnia 1950 r. odby\u0142 si\u0119 w Warszawie Zjazd Po\u0142\u0105czeniowy Polskiego Towarzystwa Tatrza\u0144skiego i Polskiego Towarzystwa Krajoznawczego. Zjednoczenie ruchu turystyczno-krajoznawczego w kraju nie mia\u0142o istotnego wp\u0142ywu na rozw\u00f3j szereg\u00f3w cz\u0142onkowskich Oddzia\u0142u Zamojskiego, poniewa\u017c w Zamo\u015bciu nie by\u0142o ogniw PTT. W 1952 r. z inicjatywy Zarz\u0105du Oddzia\u0142u a szczeg\u00f3lnie dzi\u0119ki staraniom arch. Tadeusza Zaremby podj\u0119to starania o przyj\u0119cie od Zarz\u0105du Miejskiego domu pokahalnego przy bo\u017cnicy z przeznaczeniem na Dom Wycieczkowy. Starania te zosta\u0142y uwie\u0144czone sukcesem i w 1953 r. Zamo\u015b\u0107 mia\u0142 Dom Wycieczkowy PTTK o 100 miejscach noclegowych. W odbudowanym obiekcie urz\u0105dzono r\u00f3wnie\u017c biuro Oddzia\u0142u. W latach pi\u0119\u0107dziesi\u0105tych nast\u0119powa\u0142 bardzo powolny wzrost cz\u0142onk\u00f3w zamojskiego Oddzia\u0142u PTTK. W 1952 roku powo\u0142ano przy Oddziale ko\u0142o terenowe, kt\u00f3re zrzesza\u0142o cz\u0142onk\u00f3w z terenu miasta Zamo\u015bcia oraz ko\u0142o zak\u0142adowe przy Zamojskich Fabrykach Mebli. Nast\u0119pnie w 1954 r. powo\u0142ano ko\u0142o przy Biurze Mierniczym w Zamo\u015bciu. Dwa lata p\u00f3\u017aniej dzia\u0142a\u0142y ju\u017c nast\u0119pne ko\u0142a zak\u0142adowe przy Zak\u0142adzie Energetycznym i Pa\u0144stwowej Komunikacji Samochodowej. W 1961 roku grupa dzia\u0142aczy z powiatu bi\u0142gorajskiego podj\u0119\u0142a uchwa\u0142\u0119 o powo\u0142aniu Oddzia\u0142u PTTK w Bi\u0142goraju. Nast\u0119pnie w 1964 powo\u0142ano oddzia\u0142 hrubieszowski a w 1966 r. Oddzia\u0142 w Tomaszowie Lubelskim. Zarz\u0105d Oddzia\u0142u zamojskiego kontynuowa\u0142 dotychczasowe prace w do\u015b\u0107 skromnym zakresie, poniewa\u017c sta\u0142e trudno\u015bci finansowe i brak dotacji na rozw\u00f3j organizacyjny czy imprezy nie pozwala\u0142 na \u015bmielsze posuni\u0119cia. W tym czasie o\u017cywi\u0142a si\u0119 jednak dzia\u0142alno\u015b\u0107 sekcji: pieszej, motorowej i wodniackiej. Nast\u0105pi\u0142 wzrost ilo\u015bci wycieczek krajoznawczych. Petycje o pomoc finansow\u0105 dla o\u017cywienia dzia\u0142alno\u015bci organizacyjnej by\u0142y uwzgl\u0119dniane w ograniczonym zakresie. Kontynuowano dzia\u0142alno\u015b\u0107 us\u0142ugow\u0105 na rzecz licznych wycieczek krajoznawczych wyjazdowych i przyjazdowych. Nowo\u015bci\u0105 w dotychczasowej pracy by\u0142o o\u017cywienie dzia\u0142alno\u015bci odczytowej. Cykl odczyt\u00f3w prowadzi\u0142 niezmordowany &#8222;Marsza\u0142ek&#8221; &#8211; prof. Micha\u0142 Pieszko. Na walnym zebraniu w dniu 11 marca 1956 powo\u0142ano nowy Zarz\u0105d. Funkcje prezesa powierzono niestrudzonej &#8222;Mamie&#8221; &#8211; W\u0142adys\u0142awie Podobi\u0144skiej &#8211; kierowniczce Domu Wycieczkowego. Sze\u015bcioletni okres jej prezesury (1956-1962) to czas intensywnej dzia\u0142alno\u015bci Oddzia\u0142u w wielu kierunkach, zdobycie samodzielno\u015bci finansowej i postawienie w rz\u0119dzie najaktywniejszych Oddzia\u0142\u00f3w PTTK na Lubelszczy\u017anie. W 1956 r. W\u0142adys\u0142awa Podobi\u0144ska zainicjowa\u0142a utworzenie w Oddziale o\u015brodka ruchu turystycznego, kt\u00f3ry organizowa\u0142 dla zak\u0142ad\u00f3w pracy wiele wycieczek krajoznawczych w r\u00f3\u017cne regiony kraju zabezpieczaj\u0105c fachowych przewodnik\u00f3w. Na pocz\u0105tku lat sze\u015b\u0107dziesi\u0105tych nast\u0105pi\u0142 zauwa\u017calny wzrost ruchu turystycznego na terenie Zamo\u015bcia, Roztocza i postawi\u0142 przed Towarzystwem nowe trudniejsze zadania. Zarz\u0105d Oddzia\u0142u zwr\u00f3ci\u0142 szczeg\u00f3ln\u0105 uwag\u0119 na rozw\u00f3j bazy noclegowej, wytyczanie szlak\u00f3w turystycznych oraz kompleksow\u0105 obs\u0142ug\u0119 wycieczek przyjazdowych i wyjazdowych. Powa\u017cne o\u017cywienie ruchu turystycznego zmusi\u0142o do powo\u0142ania w dniu 30 maja 1962 r. Biura Obs\u0142ugi Ruchu Turystycznego PTTK. Z obs\u0142ug\u0105 wycieczek nierozerwalnie wi\u0105\u017ce si\u0119 dzia\u0142alno\u015b\u0107 Ko\u0142a Przewodnik\u00f3w Zamojskich. Historia zamojskiego przewodnictwa na Zamojszczy\u017anie si\u0119ga roku 1930. To cz\u0142onkowie PTK od pocz\u0105tku swej dzia\u0142alno\u015bci zacz\u0119li zajmowa\u0107 si\u0119 przewodnictwem. W tym okresie zorganizowano pierwsze kursy przewodnickie dla m\u0142odzie\u017cy szkolnej klas starszych V-VII. Po uko\u0144czeniu kursu m\u0142odzi przewodnicy oprowadzali przybywaj\u0105ce do Zamo\u015bcia wycieczki m\u0142odzie\u017cy ze szk\u00f3l powszechnych. Po wojnie r\u00f3wnie\u017c grupa os\u00f3b-dzia\u0142aczy PTK z zami\u0142owania oprowadza\u0142a wycieczki. Przyk\u0142adem takiego przewodnika by\u0142 niezapomniany prof. Micha\u0142 Pieszko a nast\u0119pnie architekci zamojscy Tadeusz Zaremba i Adam Klimek. Od roku 1960 datuje si\u0119 dalszy rozw\u00f3j przewodnictwa w ramach Polskiego Towarzystwa Turystyczno-Krajoznawczego. W 1961 r. przeprowadzono weryfikacje zamojskich przewodnik\u00f3w i ko\u0142o skupia\u0142o 28 os\u00f3b, w tym 24 to wyszkoleni nowi przewodnicy, kt\u00f3rym nadano tzw. Patent Przewodnicki. W okresie od 1960 r. w kole by\u0142o zrzeszonych ponad 200 przewodnik\u00f3w. W br. zgodnie z ustaw\u0105 o turystyce 59 przewodnik\u00f3w otrzyma\u0142o uprawnienia przewodnickie wydane przez Wojewod\u0119 Lubelskiego. Cz\u0119\u015b\u0107 os\u00f3b otrzyma\u0142o r\u00f3wnie\u017c uprawnienia pilot\u00f3w wycieczek krajowych. Najliczniejsz\u0105 grup\u0119 aktywnych tworz\u0105 przewodnicy, kt\u00f3rzy uko\u0144czyli kurs w 1980 roku. Nasi przewodnicy posiadaj\u0105 uprawnienia na Zamo\u015b\u0107, Roztocze oraz licencje na oprowadzanie po Roztocza\u0144skim Parku Narodowym. Ko\u0142o prowadzi cykliczne szkolenia w r\u00f3\u017cnych atrakcyjnych formach: spotkania z naukowcami, dziennikarzami, ciekawymi lud\u017ami. Organizujemy wyjazdy na Ukrain\u0119, aby pozna\u0107 ciekawe zabytki oraz pami\u0105tki historyczne na kresach II Rzeczypospolitej i ich zwi\u0105zki z Zamojszczyzn\u0105. Opr\u00f3cz oprowadzania wycieczek nasi przewodnicy s\u0105 inicjatorami wielu akcji, np. w 1997 zorganizowali pomoc przewodnikom dotkni\u0119tym kl\u0119sk\u0105 powodzi. Cyklicznie organizowane s\u0105 Sejmiki Przewodnickie, kt\u00f3re wzbogacaj\u0105 wiedz\u0119 o tak pi\u0119knym regionie jakim jest Roztocze. Przy Oddziale najd\u0142u\u017cej dzia\u0142a Komisja Turystyki Pieszej. Planujemy powo\u0142anie r\u00f3wnie\u017c Komisji Turystyki Kolarskiej. Komisja Turystyki Pieszej organizuje tradycyjne rajdy piesze po Ziemi Zamojskiej: Rajd Zimowy &#8222;Wzg\u00f3rzami Roztocza&#8221;, Rajd &#8222;Spotkanie z Wiosn\u0105&#8221;, Rajd dla najm\u0142odszych turyst\u00f3w &#8222;Czerwony Kapturek&#8221;, Rajd Nocny im. W\u0142adys\u0142awy Podobi\u0144skiej, Rajd &#8222;Mi\u0142o\u015bnik\u00f3w Roztocza&#8221; i jesienne rajdy &#8222;Rydz na patelni&#8221; oraz &#8222;Pieczony Ziemniak&#8221;. Rajdy te na sta\u0142e wesz\u0142y do kalendarza imprez naszego Oddzia\u0142u i ciesz\u0105 si\u0119 znowu coraz wi\u0119ksz\u0105 popularno\u015bci\u0105. Najcz\u0119\u015bciej uczestniczy w nich m\u0142odzie\u017c ze szk\u00f3\u0142 podstawowych, gimnazj\u00f3w i szk\u00f3\u0142 \u015brednich z Zamo\u015bcia i powiatu zamojskiego. Corocznie przy wsp\u00f3\u0142pracy z Wydzia\u0142em Kultury, Sportu i Turystyki Urz\u0119du Miejskiego w Zamo\u015bciu organizujemy obchody Tygodnia Turystyki M\u0142odzie\u017cowej, w czasie kt\u00f3rego m\u0142odzie\u017c szkolna korzysta z bezp\u0142atnych wycieczek po Zamo\u015bciu i autokarowych po Roztoczu. Komisja Turystyki Pieszej Oddzia\u0142u PTTK opiekuje si\u0119 sieci\u0105 szlak\u00f3w turystycznych pieszych na terenie Roztocza. W latach 1995-97 na Roztoczu przeprowadzono modernizacj\u0119 i rozbudow\u0119 sieci znakowanych szlak\u00f3w turystycznych. Trasy szlak\u00f3w zosta\u0142y tak zaprojektowane, aby turysta m\u00f3g\u0142 w ci\u0105gu dnia w\u0119drowa\u0107 r\u00f3\u017cnymi szlakami wg uznania nie powtarzaj\u0105c tych samych odcink\u00f3w. Wi\u0119kszo\u015b\u0107 szlak\u00f3w mo\u017cna pokona\u0107 r\u00f3wnie\u017c na rowerach g\u00f3rskich. Obecnie na terenie Roztocza mamy pod opiek\u0105 866,3 km szlak\u00f3w. Znakarze z Oddzia\u0142u zamojskiego opiekuj\u0105 si\u0119 szlakami od Szastarki do Hory\u0144ca Zdroju w woj. podkarpackim. W okolicach miejscowo\u015bci turystycznych tj.: Zwierzy\u0144ca, Krasnobrodu i Su\u015bca wyznakowano kr\u00f3tkie \u015bcie\u017cki spacerowe prowadz\u0105ce przez tereny rezerwat\u00f3w przyrody. Nazwy niekt\u00f3rych szlak\u00f3w upami\u0119tniaj\u0105 naszych dzia\u0142aczy: Szlak zielony Zamo\u015b\u0107 &#8211; Susiec nazwali\u015bmy im. W\u0142adys\u0142awy Podobi\u0144skiej, a szlak prowadz\u0105cy wok\u00f3\u0142 RPN Zwierzyniec &#8211; Florianka &#8211; im. Aleksandry Wachniewskiej. W 2003 r. oznakowali\u015bmy na zlecenie Urz\u0119du Marsza\u0142kowskiego w Lublinie I odc. Szlaku Centralnego Kra\u015bnik Zwierzyniec. Wydane zosta\u0142y przewodniki &#8222;W\u0119dr\u00f3wki po szlakach turystycznych Roztocza&#8221;- wyd. O\/PTTK w Zamo\u015bciu i &#8222;Roztocze&#8221; &#8211; wyd. PTTK &#8222;Kraj&#8221;. Wojskowe Zak\u0142ady Kartograficzne wyda\u0142y mapy turystyczne regionu w skali 1:100 000 z aktualnymi przebiegami szlak\u00f3w i opisami krajoznawczymi oraz foldery dla turyst\u00f3w &#8222;jednodniowych&#8221;: Susiec i okolice, Majdan Sopocki i okolice, Zwierzyniec i Roztocza\u0144ski Park Narodowy, Zamo\u015b\u0107 &#8211; miejski szlak turystyczny, Turystyczny Plan Zamo\u015bcia. Ostatnie 20 lecie Oddzia\u0142u (od 1980 roku) to okres bardzo trudny. Mimo wielu k\u0142opot\u00f3w w dzia\u0142alno\u015bci spo\u0142eczni dzia\u0142acze potrafili ocali\u0107 Oddzia\u0142 od likwidacji. Transformacja ustrojowa mia\u0142a bardzo du\u017cy wp\u0142yw na nasze szeregi. Wielu aktywnych dzia\u0142aczy i przewodnik\u00f3w odesz\u0142o, ale pozosta\u0142a m\u0142odzie\u017c, z kt\u00f3r\u0105 wi\u0105\u017cemy du\u017ce nadzieje. Przy wielkim zaanga\u017cowaniu grona os\u00f3b uda\u0142o si\u0119 przej\u015b\u0107 przez najtrudniejsze chyba w historii Oddzia\u0142u chwile. Du\u017c\u0105 pomoc w tym czasie otrzymali\u015bmy od przyjaci\u00f3\u0142 w wielu instytucjach i urz\u0119dach. Nie opu\u015bcili nas wypr\u00f3bowani przyjaciele &#8211; wsp\u00f3\u0142organizatorzy naszych imprez i sponsorzy. Nasza dzia\u0142alno\u015b\u0107 programowa obecnie opiera si\u0119 w du\u017cej mierze na dzia\u0142alno\u015bci Ko\u0142a Przewodnik\u00f3w, K\u00f3\u0142 Terenowych i SKKT. Szczeg\u00f3lny wk\u0142ad pracy spo\u0142ecznej wnie\u015bli opiekunowie SKKT-PTTK z terenu miasta i okolic. Ich fachowo\u015b\u0107 w przekazywaniu wiedzy krajoznawczej i turystycznej m\u0142odzie\u017cy zas\u0142uguje na szczeg\u00f3lne wyr\u00f3\u017cnienie. Bardzo aktywnie dzia\u0142a w \u015brodowisku Ko\u0142o Terenowe PTTK w Lubyczy Kr\u00f3lewskiej i \u201eZiemia Janowska\u201d w Janowie Lubelskim . Oddzia\u0142 prowadzi r\u00f3wnie\u017c dzia\u0142alno\u015b\u0107 zwi\u0105zan\u0105 z obs\u0142ug\u0105 ruchu turystycznego. Organizujemy wycieczki krajowe oraz ciesz\u0105ce si\u0119 do\u015b\u0107 du\u017cym zainteresowaniem wycieczki do Lwowa. Sprzedajemy imprezy organizowane przez inne biura turystyczne oraz bilety lotnicze i autokarowe. Obs\u0142ugujemy r\u00f3wnie\u017c wycieczki przyje\u017cd\u017caj\u0105ce do Zamo\u015bcia i na Roztocze.<\/p>\n<p style=\"text-align: justify;\">Jeste\u015bmy cz\u0142onkami Lokalnej Organizacji Turystycznej \u201eZamo\u015b\u0107 i Roztocze\u201d oraz Lokalnej Grupy Dzia\u0142ania \u201eNasze Roztocze\u201d.<\/p>\n","protected":false},"excerpt":{"rendered":"<p>Historia Oddzia\u0142u PTK -PTTK w Zamo\u015bciu Powo\u0142anie w 1906 roku w Warszawie Polskiego Towarzystwa Krajoznawczego odbi\u0142o si\u0119 echem na Zamojszczy\u017anie. Ju\u017c w 1907 roku kilku dzia\u0142aczy spo\u0142ecznych zg\u0142osi\u0142o ch\u0119\u0107 wst\u0105pienia do PTK. Byli to z Zamo\u015bcia : Romuald Ja\u015bkiewicz, Zdzis\u0142aw &hellip; <a class=\"more-link\" href=\"https:\/\/zamosc.pttk.pl\/wordpress\/?page_id=395\">Czytaj dalej <span class=\"meta-nav\">&rarr;<\/span><\/a><\/p>\n","protected":false},"author":1,"featured_media":0,"parent":0,"menu_order":0,"comment_status":"closed","ping_status":"closed","template":"","meta":{"footnotes":""},"class_list":["post-395","page","type-page","status-publish","hentry"],"_links":{"self":[{"href":"https:\/\/zamosc.pttk.pl\/wordpress\/index.php?rest_route=\/wp\/v2\/pages\/395","targetHints":{"allow":["GET"]}}],"collection":[{"href":"https:\/\/zamosc.pttk.pl\/wordpress\/index.php?rest_route=\/wp\/v2\/pages"}],"about":[{"href":"https:\/\/zamosc.pttk.pl\/wordpress\/index.php?rest_route=\/wp\/v2\/types\/page"}],"author":[{"embeddable":true,"href":"https:\/\/zamosc.pttk.pl\/wordpress\/index.php?rest_route=\/wp\/v2\/users\/1"}],"replies":[{"embeddable":true,"href":"https:\/\/zamosc.pttk.pl\/wordpress\/index.php?rest_route=%2Fwp%2Fv2%2Fcomments&post=395"}],"version-history":[{"count":10,"href":"https:\/\/zamosc.pttk.pl\/wordpress\/index.php?rest_route=\/wp\/v2\/pages\/395\/revisions"}],"predecessor-version":[{"id":882,"href":"https:\/\/zamosc.pttk.pl\/wordpress\/index.php?rest_route=\/wp\/v2\/pages\/395\/revisions\/882"}],"wp:attachment":[{"href":"https:\/\/zamosc.pttk.pl\/wordpress\/index.php?rest_route=%2Fwp%2Fv2%2Fmedia&parent=395"}],"curies":[{"name":"wp","href":"https:\/\/api.w.org\/{rel}","templated":true}]}}