{"id":2196,"date":"2014-07-16T18:38:23","date_gmt":"2014-07-16T16:38:23","guid":{"rendered":"http:\/\/www.zamosc.pttk.pl\/wordpress\/?page_id=2196"},"modified":"2014-09-25T16:45:17","modified_gmt":"2014-09-25T14:45:17","slug":"czlapu-czlap","status":"publish","type":"page","link":"https:\/\/zamosc.pttk.pl\/wordpress\/?page_id=2196","title":{"rendered":"Cz\u0142apu cz\u0142ap jesienn\u0105 por\u0105"},"content":{"rendered":"<p>&nbsp;<\/p>\n<p>Program:<br \/>\nTrasa Rajdu Cz\u0142apu Cz\u0142ap: Szper\u00f3wka G\u00f3rna \u00a0&#8211; \u015awiniarki &#8211; Kopiec Zaburski &#8211; Zaburze<br \/>\nCzas przej\u015bcia ok 2 godz.w zale\u017cno\u015bci od kondycji wi\u0119kszo\u015bci uczestnik\u00f3w<\/p>\n<p style=\"text-align: left;\"><a href=\"http:\/\/www.zamosc.pttk.pl\/wordpress\/wp-content\/uploads\/2014\/07\/DSC_8986.jpg\"><img loading=\"lazy\" decoding=\"async\" class=\"size-thumbnail wp-image-2207\" src=\"http:\/\/www.zamosc.pttk.pl\/wordpress\/wp-content\/uploads\/2014\/07\/DSC_8986-200x133.jpg\" alt=\"DSC_8986\" width=\"200\" height=\"133\" srcset=\"https:\/\/zamosc.pttk.pl\/wordpress\/wp-content\/uploads\/2014\/07\/DSC_8986-200x133.jpg 200w, https:\/\/zamosc.pttk.pl\/wordpress\/wp-content\/uploads\/2014\/07\/DSC_8986-300x199.jpg 300w, https:\/\/zamosc.pttk.pl\/wordpress\/wp-content\/uploads\/2014\/07\/DSC_8986-450x300.jpg 450w, https:\/\/zamosc.pttk.pl\/wordpress\/wp-content\/uploads\/2014\/07\/DSC_8986.jpg 640w\" sizes=\"auto, (max-width: 200px) 100vw, 200px\" \/><\/a><a href=\"http:\/\/www.zamosc.pttk.pl\/wordpress\/wp-content\/uploads\/2014\/07\/DSC_8976.jpg\"><img loading=\"lazy\" decoding=\"async\" class=\"size-thumbnail wp-image-2211\" src=\"http:\/\/www.zamosc.pttk.pl\/wordpress\/wp-content\/uploads\/2014\/07\/DSC_8976-200x133.jpg\" alt=\"DSC_8976\" width=\"200\" height=\"133\" srcset=\"https:\/\/zamosc.pttk.pl\/wordpress\/wp-content\/uploads\/2014\/07\/DSC_8976-200x133.jpg 200w, https:\/\/zamosc.pttk.pl\/wordpress\/wp-content\/uploads\/2014\/07\/DSC_8976-300x199.jpg 300w, https:\/\/zamosc.pttk.pl\/wordpress\/wp-content\/uploads\/2014\/07\/DSC_8976-450x300.jpg 450w, https:\/\/zamosc.pttk.pl\/wordpress\/wp-content\/uploads\/2014\/07\/DSC_8976.jpg 640w\" sizes=\"auto, (max-width: 200px) 100vw, 200px\" \/><\/a><a href=\"http:\/\/www.zamosc.pttk.pl\/wordpress\/wp-content\/uploads\/2014\/07\/DSC_8984.jpg\"><img loading=\"lazy\" decoding=\"async\" class=\"size-thumbnail wp-image-2214\" src=\"http:\/\/www.zamosc.pttk.pl\/wordpress\/wp-content\/uploads\/2014\/07\/DSC_8984-200x133.jpg\" alt=\"DSC_8984\" width=\"200\" height=\"133\" srcset=\"https:\/\/zamosc.pttk.pl\/wordpress\/wp-content\/uploads\/2014\/07\/DSC_8984-200x133.jpg 200w, https:\/\/zamosc.pttk.pl\/wordpress\/wp-content\/uploads\/2014\/07\/DSC_8984-300x199.jpg 300w, https:\/\/zamosc.pttk.pl\/wordpress\/wp-content\/uploads\/2014\/07\/DSC_8984-450x300.jpg 450w, https:\/\/zamosc.pttk.pl\/wordpress\/wp-content\/uploads\/2014\/07\/DSC_8984.jpg 640w\" sizes=\"auto, (max-width: 200px) 100vw, 200px\" \/><\/a><\/p>\n<p style=\"text-align: left;\">zwiedzanie skansenu\u00a0i spotkanie integracyjne przy modnym grillu i 300-letniej lipie.<br \/>\nNa tras\u0119 warto zabiera\u0107 z sob\u0105 domowe smako\u0142yki, w tym og\u00f3rki kiszone &#8211; mog\u0105 by\u0107 korniszony. Napoje wg w\u0142asnego uznania&#8230;<\/p>\n<p>Powr\u00f3t przed zachodem s\u0142o\u0144ca.<\/p>\n<p style=\"text-align: right;\">\n","protected":false},"excerpt":{"rendered":"<p>&nbsp; Program: Trasa Rajdu Cz\u0142apu Cz\u0142ap: Szper\u00f3wka G\u00f3rna \u00a0&#8211; \u015awiniarki &#8211; Kopiec Zaburski &#8211; Zaburze Czas przej\u015bcia ok 2 godz.w zale\u017cno\u015bci od kondycji wi\u0119kszo\u015bci uczestnik\u00f3w zwiedzanie skansenu\u00a0i spotkanie integracyjne przy modnym grillu i 300-letniej lipie. Na tras\u0119 warto zabiera\u0107 z &hellip; <a class=\"more-link\" href=\"https:\/\/zamosc.pttk.pl\/wordpress\/?page_id=2196\">Czytaj dalej <span class=\"meta-nav\">&rarr;<\/span><\/a><\/p>\n","protected":false},"author":1,"featured_media":0,"parent":0,"menu_order":0,"comment_status":"closed","ping_status":"closed","template":"","meta":{"footnotes":""},"class_list":["post-2196","page","type-page","status-publish","hentry"],"_links":{"self":[{"href":"https:\/\/zamosc.pttk.pl\/wordpress\/index.php?rest_route=\/wp\/v2\/pages\/2196","targetHints":{"allow":["GET"]}}],"collection":[{"href":"https:\/\/zamosc.pttk.pl\/wordpress\/index.php?rest_route=\/wp\/v2\/pages"}],"about":[{"href":"https:\/\/zamosc.pttk.pl\/wordpress\/index.php?rest_route=\/wp\/v2\/types\/page"}],"author":[{"embeddable":true,"href":"https:\/\/zamosc.pttk.pl\/wordpress\/index.php?rest_route=\/wp\/v2\/users\/1"}],"replies":[{"embeddable":true,"href":"https:\/\/zamosc.pttk.pl\/wordpress\/index.php?rest_route=%2Fwp%2Fv2%2Fcomments&post=2196"}],"version-history":[{"count":29,"href":"https:\/\/zamosc.pttk.pl\/wordpress\/index.php?rest_route=\/wp\/v2\/pages\/2196\/revisions"}],"predecessor-version":[{"id":2808,"href":"https:\/\/zamosc.pttk.pl\/wordpress\/index.php?rest_route=\/wp\/v2\/pages\/2196\/revisions\/2808"}],"wp:attachment":[{"href":"https:\/\/zamosc.pttk.pl\/wordpress\/index.php?rest_route=%2Fwp%2Fv2%2Fmedia&parent=2196"}],"curies":[{"name":"wp","href":"https:\/\/api.w.org\/{rel}","templated":true}]}}