{"id":20547,"date":"2026-02-07T11:35:58","date_gmt":"2026-02-07T10:35:58","guid":{"rendered":"https:\/\/zamosc.pttk.pl\/wordpress\/?page_id=20547"},"modified":"2026-02-07T12:08:03","modified_gmt":"2026-02-07T11:08:03","slug":"pielgrzymka-przewodnikow-2026","status":"publish","type":"page","link":"https:\/\/zamosc.pttk.pl\/wordpress\/?page_id=20547","title":{"rendered":"Pielgrzymka przewodnik\u00f3w 2026"},"content":{"rendered":"\n<p>Kole\u017canki i Koledzy!<\/p>\n\n\n\n<p>W za\u0142\u0105czeniu przesy\u0142am program XXXXI Og\u00f3lnopolskiej Pielgrzymki Przewodnik\u00f3w Turystycznych na Jasn\u0105 G\u00f3r\u0119 w dniach 7-8.03.2026 r. oraz program pielgrzymki naszej zamojskiej grupy przewodnickiej w dniach 6-8.03.2026 r.<\/p>\n\n\n\n<p>Prosz\u0119 o zg\u0142aszanie si\u0119 na wyjazd oraz wp\u0142at\u0119 kwoty&nbsp;<strong>440 z\u0142<\/strong>&nbsp;w nieprzekraczalnym terminie do dnia 28.02.2026 r. Kwota ta nie ulega zwrotowi w zwi\u0105zku rezygnacj\u0105 (z wyj\u0105tkiem wypadk\u00f3w losowych). W przypadku rezygnacji prosz\u0119&nbsp; o znalezienie na swoje miejsce innej osoby. Kwota 440 z\u0142 jest obliczona w oparciu o uczestnictwo 20 os\u00f3b, w przypadku wi\u0119kszej ilo\u015bci uczestnik\u00f3w koszty mog\u0105 ulec zmianie. Przy kosztach noclegu uwzgl\u0119dniono cen\u0119 pokoju trzyosobowego, do pokoju dwuosobowego dop\u0142ata wynosi 21 z\u0142 za dob\u0119, czyli 42 z\u0142 za pobyt: 440&nbsp;+ 42 =&nbsp;<strong>482 z\u0142.<\/strong><\/p>\n\n\n\n<p>B\u0119dziemy zakwaterowani w Domu Pielgrzyma na Jasnej G\u00f3rze. Do dyspozycji mamy: 8&nbsp;pokoi&nbsp;dwuosobowych z \u0142azienkami w cenie 110 z\u0142 za osob\u0119 za dob\u0119 i 4 pokoje trzyosobowe z \u0142azienkami w cenie 84 z\u0142 za dob\u0119 za osob\u0119. Mo\u017cliwe&nbsp;jest te\u017c wykupienie wy\u017cywienia: \u015bniadania w cenie 25,50 z\u0142 oraz obiadu w cenie 48,50 z\u0142 (w pi\u0105tek) i 45,50 z\u0142 w sobot\u0119. Przy zg\u0142oszeniu udzia\u0142u prosz\u0119 o informacje dotycz\u0105ce rodzaju pokoju i ewentualnego wy\u017cywienia (42 z\u0142 &#8211; dop\u0142ata do pokoju dwuosobowego oraz 145 z\u0142 za wy\u017cywienie &#8211; 2 obiady i 2 \u015bniadania).<\/p>\n\n\n\n<p>Zg\u0142oszenia i wp\u0142aty do kole\u017canki Zuzanny Gardias w Muzeum Zamojskim i Agnieszki Linek (tel. 510&nbsp;582&nbsp;242).<\/p>\n\n\n\n<p>W ramach wpisowego uczestnicy maj\u0105 op\u0142acone: transport, ubezpieczenie, 2 noclegi, wst\u0119py, oprowadzanie przez przewodnik\u00f3w, obiad w Gidlach w niedziel\u0119 w drodze powrotnej. Pozosta\u0142e posi\u0142ki we w\u0142asnym zakresie. Przy wi\u0119kszej ilo\u015bci ch\u0119tnych mo\u017cemy zam\u00f3wi\u0107 posi\u0142ki dla grupy. Nale\u017cno\u015b\u0107 za materia\u0142y promocyjne (20 z\u0142) organizatorom pielgrzymki ka\u017cdy uczestnik mo\u017ce uregulowa\u0107 przy rejestracji uczestnictwa podczas wej\u015bcia na sal\u0119, gdzie b\u0119dzie rejestracja uczestnik\u00f3w i obrady.&nbsp;Do ubezpieczenia potrzebne b\u0119d\u0105 dodatkowe dane: data urodzenia. Dla cel\u00f3w kontaktowych prosz\u0119 r\u00f3wnie\u017c o podanie numeru telefonu.<\/p>\n\n\n\n<p>W tym roku chcemy wzi\u0105\u0107 sztandar naszego Oddzia\u0142u PTTK, wi\u0119c prosz\u0119 o zg\u0142aszanie si\u0119 os\u00f3b ch\u0119tnych do pocztu sztandarowego.&nbsp;<\/p>\n\n\n\n<p>Po Drodze Krzy\u017cowej na Wa\u0142ach drugiego dnia spotykamy si\u0119 pod pomnikiem \u015bw. Jana Paw\u0142a II w celu zrobienia zdj\u0119cia uczestnik\u00f3w.<\/p>\n\n\n\n<p>Uwaga: w miar\u0119 mo\u017cliwo\u015bci uczestnicy ubieraj\u0105 si\u0119 w stroje przewodnickie, czerwone swetry i kurtki. Nie zapominajmy o odznace przewodnickiej, tabliczce z nazw\u0105 miejscowo\u015bci i \u015bwiecach na drog\u0119 krzy\u017cow\u0105. Prosz\u0119 te\u017c wzi\u0105\u0107 legitymacj\u0119 emeryta lub inwalidy czy studenta uprawniaj\u0105ce do zni\u017cek.<\/p>\n\n\n\n<p>Szczeg\u00f3\u0142owych informacji udziela kol. Agnieszka Linek, tel. 510&nbsp;582&nbsp;242.<\/p>\n\n\n\n<p>Z przewodnickim pozdrowieniem,<\/p>\n\n\n\n<p>Bo\u017cena Kamaszyn-Gonciarz i Agnieszka Linek<\/p>\n\n\n\n<hr class=\"wp-block-separator has-alpha-channel-opacity\"\/>\n\n\n\n<p><strong>Zamojski program XXXXI Og\u00f3lnopolskiej Pielgrzymki Przewodnik\u00f3w Turystycznych <\/strong><br \/><strong>na Jasn\u0105 G\u00f3r\u0119<\/strong><\/p>\n\n\n\n<p><strong>w dniach 6 &#8211; 8 marca 2026 r.<\/strong><\/p>\n\n\n\n<p><strong>1 dzie\u0144 \u2013 6 marca 2026 r. (pi\u0105tek)<\/strong><\/p>\n\n\n\n<p>Godz. <strong>6.00<\/strong> &#8211; <strong>zbi\u00f3rka uczestnik\u00f3w pielgrzymki<\/strong> na parkingu przy Lunecie i wyjazd.<\/p>\n\n\n\n<p>Ok. godz. <strong>11.30 <\/strong>spotkanie z <strong>przewodnikiem Andrzejem Feliksiakiem<\/strong> Prezesem Ko\u0142a Przewodnik\u00f3w Ilkussia PTTK o\/Olkusz.<\/p>\n\n\n\n<p>Przejazd do<strong> Nieporazu, <\/strong>zwiedzanie:<strong> Alvernia Planet<\/strong><\/p>\n\n\n\n<p>Unikalny kompleks kopu\u0142 filmowych i centrum wydarze\u0144. Alvernia Planet \u0142\u0105czy \u015bwiat filmu, technologii i edukacji. Kopu\u0142y Alvetnia Planet goszcz\u0105 eventy, produkcje filmowe i immersyjne atrakcje dla odwiedzaj\u0105cych.<\/p>\n\n\n\n<p>Wyj\u0105tkowe miejsce w \u015brodku Europy<\/p>\n\n\n\n<p>G\u0142\u00f3wny kompleks Alvernia Planet sk\u0142ada si\u0119 z budynk\u00f3w o \u0142\u0105cznej powierzchni 17 425 m\u00b2, w tym 13 kopu\u0142 po\u0142\u0105czonych przeszklonymi pasa\u017cami i drugim kompleksem budynk\u00f3w. \u0141\u0105czna powierzchnia terenu Alvernia Planet wynosi 14,21 ha.<\/p>\n\n\n\n<p>Przejazd do <strong>Alwerni<\/strong><\/p>\n\n\n\n<p>Alwernia (3400 mieszka\u0144c\u00f3w), miasto w powiecie chrzanowskim, po\u0142o\u017cone na terenie Grzbietu Tenczy\u0144skiego. Historia Alwerni jest \u015bci\u015ble zwi\u0105zana z histori\u0105 klasztoru bernardyn\u00f3w. Nazwa miejscowo\u015bci odnosi\u0142a si\u0119 bowiem pierwotnie do samego klasztoru, kt\u00f3ry zbudowano na zalesionym wzg\u00f3rzu o nazwie Podskale. Klasztor zosta\u0142 ufundowany na pocz\u0105tku XVII w. przez kasztelana wojnickiego oraz starost\u0119 gniewkowskiego, Krzysztofa Koryci\u0144skiego herbu Top\u00f3r, kt\u00f3ry podczas swojego pobytu we W\u0142oszech przebywa\u0142 w pustelni La Verna nad rzek\u0105 Arno w Toskanii. W tym miejscu \u015bw. Franciszek z Asy\u017cu otrzyma\u0142 w 1224 roku stygmaty. Alwernia wzmiankowana po raz pierwszy w XVIII w., rozwija\u0142a si\u0119 pocz\u0105tkowo jako osada obs\u0142uguj\u0105ca klasztor i pielgrzym\u00f3w. Dwukrotnie otrzymywa\u0142a prawa miejskie: w 1903 r. oraz w 1993 r.<\/p>\n\n\n\n<p>Zwiedzaj\u0105c <strong>barokowy klasztor i ko\u015bci\u00f3\u0142 pw. Stygmat\u00f3w \u015bw. Franciszka <\/strong>warto zatrzyma\u0107 si\u0119 tutaj na d\u0142u\u017cej i odwiedzi\u0107 <strong>Muzeum Po\u017carnictwa<\/strong> oraz niewielki rynek. W miejscowo\u015bci znajduje si\u0119 tak\u017ce o\u015brodek rekreacyjny nad Zalewem Skowronek. Miasto jest jednym z punkt\u00f3w na Szlaku Miejsc Papieskich na Ziemi Chrzanowskiej.<\/p>\n\n\n\n<p>Niezwykle malowniczy&nbsp;<strong>Rynek w Alwerni<\/strong>&nbsp;porastaj\u0105 stare drzewa, w tym grupa d\u0119b\u00f3w \u2013 pomnik\u00f3w przyrody, otaczaj\u0105ca murowan\u0105 kapliczk\u0119 z obrazem Przemienienia Pa\u0144skiego wzniesion\u0105 oko\u0142o 1859 r. Obok kapliczki znajduje si\u0119 pomnik poleg\u0142ych za Ojczyzn\u0119. Przy rynku zachowa\u0142y si\u0119 pojedyncze, drewniane, podcieniowe domy o konstrukcji zr\u0119bowej, nakryte czterospadowymi dachami, pochodz\u0105ce z XVIII w. Jeden z dom\u00f3w, wybudowany w 1825 r, zosta\u0142 przeniesiony do Nadwi\u015bla\u0144skiego Parku Etnograficznego w Wygie\u0142zowie. <strong>Zabytkowy zesp\u00f3\u0142 urbanistyczny Alwerni&nbsp;<\/strong>jest obiektem Ekomuzeum Alwernia. W Ekomuzeum Alwernia eksponatami s\u0105 tak\u017ce: \u017ar\u00f3d\u0142o w Regulicach, Gaudynowskie Ska\u0142y, arkoza kwaczalska, warsztat rzemios\u0142a garncarskiego wraz z Izb\u0105 Tradycji Regionalnych Alwerni.<\/p>\n\n\n\n<p>Zwiedzanie<strong> Ma\u0142opolskiego Muzeum Po\u017carnictwa w Alwerni<\/strong><\/p>\n\n\n\n<p>Najstarsze, dost\u0119pne do zwiedzania, muzeum po\u017carnictwa w Polsce.<\/p>\n\n\n\n<p>Ma\u0142opolskie Muzeum Po\u017carnictwa powsta\u0142o 4 maja 1953 roku z inicjatywy farmaceuty kpt. Zbigniewa Konrada G\u0119sikowskiego. Przez ponad 70 lat dzia\u0142a\u0142o pod opiek\u0105 ochotnik\u00f3w Stra\u017cy Po\u017carnej w Alwerni. Przez dziesi\u0119ciolecia spo\u0142eczn\u0105 prac\u0105 cz\u0142onk\u00f3w stra\u017cy, Muzeum zgromadzi\u0142o ponad 4000 eksponat\u00f3w. Kolekcja muzealna sk\u0142ada si\u0119 z: stra\u017cackich woz\u00f3w konnych i samochod\u00f3w po\u017carniczych, zbioru medali, odznacze\u0144, pami\u0105tkowych plakietek i fotografii, a tak\u017ce zwi\u0105zanych tematycznie z dzia\u0142alno\u015bci\u0105 stra\u017cy po\u017carnej zbior\u00f3w filumenistycznych i filatelistycznych oraz licznych dokument\u00f3w i publikacji. Najcenniejsz\u0105 cz\u0119\u015bci\u0105 zbior\u00f3w jest licz\u0105ca si\u0119 w skali europejskiej kolekcja dawnych pojazd\u00f3w stra\u017cackich.<\/p>\n\n\n\n<p>Na szczeg\u00f3ln\u0105 uwag\u0119 zas\u0142uguje konserwacja tych unikalnych zabytk\u00f3w prowadzona w\u0142asnymi si\u0142ami przez stra\u017cak\u00f3w z Alwerni. Ich wysi\u0142ek zosta\u0142 doceniony przyznan\u0105 w 1999 roku doroczn\u0105 nagrod\u0105 Ministra Kultury i Dziedzictwa Narodowego \u201cSybilla\u201d za dokonania w dziedzinie konserwacji unikalnego samochodu stra\u017cackiego Mercedes z 1926 roku. Jest to bodaj\u017ce najcenniejszy, sprawny technicznie i najlepiej zachowany zabytek tego typu w Polsce.<\/p>\n\n\n\n<p>Zwiedzanie<strong> Zespo\u0142u Klasztornego Bernardyn\u00f3w w Alwerni<\/strong><\/p>\n\n\n\n<p>Barokowy klasztor i ko\u015bci\u00f3\u0142 oo. Bernardyn\u00f3w w Alwerni pw. Stygmat\u00f3w \u015bw. Franciszka z lat 1630-1676 jest najbardziej znanym zabytkiem gminy, miejscem pielgrzymkowym kultu obrazu Pana Jezusa Ecce Homo, s\u0142yn\u0105cego z licznych przypadk\u00f3w \u0142ask i cud\u00f3w. Obraz ofiarowany w 1686 roku, przyozdobiony srebrn\u0105 sukienk\u0105 z ok. 1700 roku, znajduje si\u0119 na marmurowym o\u0142tarzu z 1712 roku w bocznej kaplicy ko\u015bcio\u0142a, nakrytej kopu\u0142\u0105 z latarni\u0105.<\/p>\n\n\n\n<p>Na uwag\u0119 zas\u0142uguj\u0105 p\u00f3\u017anobarokowe o\u0142tarze: o\u0142tarz g\u0142\u00f3wny, w kt\u00f3rym umieszczony jest krucyfiks z 1624 roku oraz 6 bocznych z obrazami z XVII i XVIII wieku, w tym Matki Boskiej z Dzieci\u0105tkiem sprzed 1616 roku oraz \u015bw. Antoniego Padewskiego z 1633 roku.<\/p>\n\n\n\n<p>Ciekawymi obiektami zabytkowymi s\u0105 rze\u017aby z XVII w. oraz organy i ambona z II po\u0142owy XVIII wieku. Mo\u017cna tu podziwia\u0107 interesuj\u0105c\u0105 p\u0142askorze\u017ab\u0119 \u015bw. Anny Samotrze\u0107 podarowan\u0105 ko\u015bcio\u0142owi w 1742 roku, stacje drogi krzy\u017cowej z XVII wieku, zachowane nagrobki z XVII i XIX wieku m.in. Krzysztofa Koryci\u0144skiego.<\/p>\n\n\n\n<p>Budynki klasztorne zgrupowane s\u0105 wok\u00f3\u0142 otoczonego kru\u017cgankami wirydarza, przy bramie umieszczono pos\u0105gi ewangelist\u00f3w.<\/p>\n\n\n\n<p><strong>Historia cudownego obrazu<\/strong><\/p>\n\n\n\n<p><strong>Pana Jezusa cierpi\u0105cego ,,ECCE HOMO,,<\/strong><\/p>\n\n\n\n<p>Jak zapisano w Kronice klasztornej, pierwsza wzmianka o cudownym obrazie pochodzi z roku 1453. Wizerunek mia\u0142 wtedy zas\u0142yn\u0105\u0107 \u0142askami w kaplicy cesarskiej Konstantyna XI (1405 \u2013 1453). Po upadku Konstantynopola obraz dosta\u0142 si\u0119 w r\u0119ce su\u0142tana Mehmeda II (1432 \u2013 1481), kt\u00f3ry umie\u015bci\u0142 go wraz z innymi pami\u0105tkami po cesarzach w konstantynopolita\u0144skim skarbcu.<\/p>\n\n\n\n<p>Dla katolik\u00f3w obraz pozyska\u0142 cesarz austriacki z dynastii Habsburg\u00f3w Ferdynand II (1619 \u2013 1637) lub Ferdynand III (1637 \u2013 1657). Pewne jest, \u017ce przekaza\u0142 ten obraz katolikom su\u0142tan Amurat IV (1623 \u2013 1640). Pobo\u017cny kr\u00f3l umie\u015bci\u0142 obraz w swojej kaplicy, gdzie doznawa\u0142 wielkiej czci. Przed swoj\u0105 \u015bmierci\u0105 podarowa\u0142 go nadwornemu kapelanowi, polecaj\u0105c mu trosk\u0119 o ten obraz. Z r\u0105k \u00f3wczesnego ksi\u0119dza kapelana zosta\u0142 on przekazany wysokiemu urz\u0119dnikowi cesarskiemu Zygmuntowi Hollo. Przez niego zosta\u0142 ofiarowany ko\u015bcio\u0142owi w Koszycach na S\u0142owacji. Dla cel\u00f3w kultowych ks. Jan Michlajski postanowi\u0142 naby\u0107 ten obraz dla klasztoru w Alwerni, w pobli\u017cu kt\u00f3rego le\u017ca\u0142a parafia Babice, w kt\u00f3rej pos\u0142ugiwa\u0142. Wspomniany kap\u0142an uda\u0142 si\u0119 z obrazem do Krakowa, gdzie bp Miko\u0142aj Oborski, sufragan krakowski, po\u015bwi\u0119ci\u0142 ikon\u0119. Uroczyste przekazanie obrazu ks. Michlajski urz\u0105dzi\u0142 2.08.1686 r., w \u015bwi\u0119to NMP Anielskiej, w otoczeniu ksi\u0119\u017cy, szlachty, cz\u0142onk\u00f3w bractw religijnych i licznie zgromadzonych wiernych.<\/p>\n\n\n\n<p>W roku 1700 obraz otrzyma\u0142 srebrn\u0105 sukienk\u0119 jako wotum pielgrzym\u00f3w. Niestety w nocy z 12 na 13 stycznia 1984 r. pad\u0142a ona ofiarn\u0105 rabunku zorganizowanego przez nieznanych sprawc\u00f3w, kt\u00f3rzy opr\u00f3cz niej ukradli tak\u017ce poz\u0142acan\u0105 koron\u0119 oraz poz\u0142acan\u0105 trzcin\u0119.<\/p>\n\n\n\n<p>Cudowny Obraz Pana Jezusa Cierpi\u0105cego, od momentu przybycia do alwernijskiego ko\u015bcio\u0142a, by\u0142 i jest otaczany przez wiernych szczeg\u00f3ln\u0105 czci\u0105. Przez wieki przybywali tu pielgrzymi nie tylko z Polski, ale tak\u017ce z Czech, S\u0142owacji a nawet z W\u0119gier.<\/p>\n\n\n\n<p>O nies\u0142abn\u0105cej pobo\u017cno\u015bci wiernych \u015bwiadcz\u0105 licznie gromadzone wota oraz systematycznie wzrastaj\u0105ca liczba podzi\u0119kowa\u0144 i pr\u00f3\u015bb, kt\u00f3re sk\u0142adaj\u0105 wierni, tak z okolicy, jak i z najdalszych zak\u0105tk\u00f3w kraju. Pro\u015bby i podzi\u0119kowania odczytywane s\u0105 w ka\u017cdy pi\u0105tek podczas nabo\u017ce\u0144stwa ku czci Pana Jezusa Cierpi\u0105cego.<\/p>\n\n\n\n<p><strong>Wyjazd do Cz\u0119stochowy.<\/strong><\/p>\n\n\n\n<p>Ok. godz. <strong>18.30 zakwaterowanie<\/strong> w Cz\u0119stochowie <strong>w Domu Pielgrzyma<\/strong>, <strong>ul. Kardyna\u0142a Stefana Wyszy\u0144skiego 1\/31<\/strong><\/p>\n\n\n\n<p><strong>Obiadokolacja<\/strong><\/p>\n\n\n\n<p><strong>2 dzie\u0144 \u2013 7 marca 2026 r. (sobota)<\/strong><\/p>\n\n\n\n<p><strong>\u015aniadanie<\/strong><\/p>\n\n\n\n<p><strong>Godz.<\/strong> <strong>9.30 \u2013 12.00 zwiedzanie Cz\u0119stochowy <\/strong>(zbi\u00f3rka przed Domem Pielgrzyma przy pomniku rodzic\u00f3w Jana Paw\u0142a II)<\/p>\n\n\n\n<p>Zwiedzanie miasta z przewodniczk\u0105 Magd\u0105 Osuch: spacer Alej\u0105 NMP od Jasnej G\u00f3ry w kierunku ko\u015bcio\u0142a \u015bw. Zygmunta, Starego Rynku i Starego Ratusza.<\/p>\n\n\n\n<p>Aleja Naj\u015bwi\u0119tszej Maryi Panny, zwana tak\u017ce po prostu \u201eAlejami\u201d, to g\u0142\u00f3wna i reprezentacyjna ulica Cz\u0119stochowy. Tradycyjnie dzieli si\u0119 ca\u0142\u0105 t\u0119 arteri\u0119 na Alej\u0119 Pierwsz\u0105, Drug\u0105 i Trzeci\u0105. Pomi\u0119dzy dwupasmow\u0105 jezdni\u0105 poprowadzony jest bulwar dla pieszych, kt\u00f3rym do klasztoru jasnog\u00f3rskiego zmierzaj\u0105 liczne pielgrzymki. Wzd\u0142u\u017c alei zobaczymy szereg starych kamienic, w\u015br\u00f3d kt\u00f3rych przewa\u017caj\u0105 budowle w stylu klasycystycznym. To w\u0142a\u015bnie tutaj przycupn\u0119li sobie na \u0142aweczkach Halina Po\u015bwiatowska, Marek Perepeczko, Piotr Machalica i W\u0142adys\u0142aw Biega\u0144ski, kt\u00f3rzy dyskretnie przygl\u0105daj\u0105 si\u0119 przechodniom. W alei znajduj\u0105 si\u0119 tak\u017ce fontanny: Dziewczynka z Go\u0142\u0119biami oraz Amonit.<\/p>\n\n\n\n<p>Aleja Naj\u015bwi\u0119tszej Maryi Panny ma d\u0142ugo\u015b\u0107 p\u00f3\u0142tora kilometra i szeroko\u015b\u0107 44 m. Jej przebieg zaplanowany zosta\u0142 na pocz\u0105tku XIX w., kiedy to po\u0142\u0105czy\u0142a w\u0142a\u015bciw\u0105 Cz\u0119stochow\u0119 z Now\u0105 Cz\u0119stochow\u0105 (formalnie te dwie miejscowo\u015bci po\u0142\u0105czono w jeden organizm miejski w 1826 r.). Dzi\u015b aleja \u0142\u0105czy Stare Miasto z dzielnic\u0105 Podjasnog\u00f3rsk\u0105.<\/p>\n\n\n\n<p>Po zwiedzaniu <strong>uczestnictwo w XXXXI Og\u00f3lnopolskiej Pielgrzymce Przewodnik\u00f3w Turystycznych<\/strong> <strong>na Jasnej G\u00f3rze wed\u0142ug programu organizator\u00f3w<\/strong><\/p>\n\n\n\n<p><strong>W trakcie mo\u017cliwy obiad w Domu Pielgrzyma<\/strong><\/p>\n\n\n\n<p><strong>3 dzie\u0144 \u2013 8 marca 2026 r. (niedziela)<\/strong><\/p>\n\n\n\n<p><strong>\u015aniadanie<\/strong><\/p>\n\n\n\n<p><strong>Wykwaterowanie do godz. 10.00<\/strong><\/p>\n\n\n\n<p>Uczestnictwo wed\u0142ug programu og\u00f3lnego organizator\u00f3w pielgrzymki <strong>do godz. 12.00.<\/strong><\/p>\n\n\n\n<p><strong>O godz. 12.00 <\/strong>wyjazd do <strong>Gidli<\/strong><\/p>\n\n\n\n<p>Zwiedzanie<strong> Sanktuarium Matki Bo\u017cej Uzdrowienie Chorych w Gidlach<\/strong><\/p>\n\n\n\n<p>Gidle to wie\u015b po\u0142o\u017cona w wojew\u00f3dztwie \u0142\u00f3dzkim, w powiecie radomszcza\u0144skim. Istniej\u0105ce od XVII wieku dominika\u0144skie sanktuarium Matki Bo\u017cej Gidelskiej s\u0142ynie z cud\u00f3w male\u0144kiej figurki Matki Bo\u017cej.<\/p>\n\n\n\n<p>Jak g\u0142osi tradycja w 1516 roku rolnik Jan Czeczek pracuj\u0105c na swej roli, w miejscu gdzie dzi\u015b wznosi si\u0119 klasztor, wykopa\u0142 ma\u0142\u0105 dziewi\u0119ciocentymetrow\u0105 kamienn\u0105 figurk\u0119 Matki Bo\u017cej z Dzieci\u0105tkiem. Zabra\u0142 j\u0105 do domu i przechowywa\u0142 w skrzyni. Wszyscy zapomnieli o niej, do czasu odnalezienia je przez kobiet\u0119 opiekuj\u0105c\u0105 si\u0119 rolnikiem i jego rodzin\u0105, kt\u00f3rzy to stracili wzrok. Figurk\u0119 obmyto z piasku i przeniesiono do ko\u015bcio\u0142a. Wod\u0105, kt\u00f3ra zosta\u0142a po czyszczeniu, rolnik wraz z rodzin\u0105 obmyli oczy. Gdy to zrobili, wszyscy odzyskali wzrok. Kolejne cudowne znaki sprawi\u0142y, \u017ce figurk\u0119 przeniesiono w miejsce jej odnalezienia i umieszczono w kapliczce.<\/p>\n\n\n\n<p>W 1615 roku w\u0142a\u015bcicielka Gidel &#8211; Anna z Rosocic D\u0105browska, sprowadzi\u0142a dominikan\u00f3w, kt\u00f3rzy mieli g\u0142osi\u0107 s\u0142aw\u0119 Maryi oraz strzec miejsca Jej cudownego wizerunku. Przyst\u0105piono do budowy barokowego ko\u015bcio\u0142a, kt\u00f3ry zosta\u0142 konsekrowany w 1656 roku. Figurk\u0119 Matki Bo\u017cej z Dzieci\u0105tkiem umieszczono w pi\u0119knie rze\u017abionym o\u0142tarzu, w bocznej kaplicy po prawej stronie nawy g\u0142\u00f3wnej. Matka Boska Gidelska uznawana jest za Uzdrowicielk\u0119 chorych, o czym \u015bwiadcz\u0105 tablice wieszane na \u015bcianach kaplicy. Jest Patronk\u0105 ludzi ci\u0119\u017ckiej pracy na ziemi i pod ziemi\u0105 \u2013 rolnik\u00f3w i g\u00f3rnik\u00f3w.<\/p>\n\n\n\n<p><strong>Godz. 14.00 \u2013 15.00 obiad<\/strong><\/p>\n\n\n\n<p><strong>Bistro Gidlanka Gidle<\/strong><\/p>\n\n\n\n<p>Menu: zupa pomidorowa z makaronem, pol\u0119dwiczka wieprzowa w sosie pieczeniowym, puree ziemniaczane, buraczki na ciep\u0142o, kompot<\/p>\n\n\n\n<p>Godz.<strong> 15.00 &#8211; wyjazd w drog\u0119 powrotn\u0105<\/strong><\/p>\n\n\n\n<p>Ok. godz. <strong>21.30<\/strong> <strong>przyjazd do Zamo\u015bcia<\/strong><\/p>\n\n\n\n\n\n<div data-wp-interactive=\"core\/file\" class=\"wp-block-file\"><object data-wp-bind--hidden=\"!state.hasPdfPreview\" hidden class=\"wp-block-file__embed\" data=\"https:\/\/zamosc.pttk.pl\/wordpress\/wp-content\/uploads\/2026\/02\/pielgrzymka_41.PPTur_.kop02.pdf\" type=\"application\/pdf\" style=\"width:100%;height:600px\" aria-label=\"Osadzone z pielgrzymka_41.PPTur.kop02.\"><\/object><a id=\"wp-block-file--media-739c4231-27c6-4fd8-93aa-b4303a9c6ac2\" href=\"https:\/\/zamosc.pttk.pl\/wordpress\/wp-content\/uploads\/2026\/02\/pielgrzymka_41.PPTur_.kop02.pdf\">pielgrzymka_41.PPTur.kop02<\/a><a href=\"https:\/\/zamosc.pttk.pl\/wordpress\/wp-content\/uploads\/2026\/02\/pielgrzymka_41.PPTur_.kop02.pdf\" class=\"wp-block-file__button wp-element-button\" download aria-describedby=\"wp-block-file--media-739c4231-27c6-4fd8-93aa-b4303a9c6ac2\">Pobierz<\/a><\/div>\n\n\n\n<p><\/p>\n","protected":false},"excerpt":{"rendered":"<p>Kole\u017canki i Koledzy! W za\u0142\u0105czeniu przesy\u0142am program XXXXI Og\u00f3lnopolskiej Pielgrzymki Przewodnik\u00f3w Turystycznych na Jasn\u0105 G\u00f3r\u0119 w dniach 7-8.03.2026 r. oraz program pielgrzymki naszej zamojskiej grupy przewodnickiej w dniach 6-8.03.2026 r. Prosz\u0119 o zg\u0142aszanie si\u0119 na wyjazd oraz wp\u0142at\u0119 kwoty&nbsp;440 z\u0142&nbsp;w &hellip; <a class=\"more-link\" href=\"https:\/\/zamosc.pttk.pl\/wordpress\/?page_id=20547\">Czytaj dalej <span class=\"meta-nav\">&rarr;<\/span><\/a><\/p>\n","protected":false},"author":1,"featured_media":0,"parent":0,"menu_order":0,"comment_status":"closed","ping_status":"closed","template":"","meta":{"footnotes":""},"class_list":["post-20547","page","type-page","status-publish","hentry"],"_links":{"self":[{"href":"https:\/\/zamosc.pttk.pl\/wordpress\/index.php?rest_route=\/wp\/v2\/pages\/20547","targetHints":{"allow":["GET"]}}],"collection":[{"href":"https:\/\/zamosc.pttk.pl\/wordpress\/index.php?rest_route=\/wp\/v2\/pages"}],"about":[{"href":"https:\/\/zamosc.pttk.pl\/wordpress\/index.php?rest_route=\/wp\/v2\/types\/page"}],"author":[{"embeddable":true,"href":"https:\/\/zamosc.pttk.pl\/wordpress\/index.php?rest_route=\/wp\/v2\/users\/1"}],"replies":[{"embeddable":true,"href":"https:\/\/zamosc.pttk.pl\/wordpress\/index.php?rest_route=%2Fwp%2Fv2%2Fcomments&post=20547"}],"version-history":[{"count":4,"href":"https:\/\/zamosc.pttk.pl\/wordpress\/index.php?rest_route=\/wp\/v2\/pages\/20547\/revisions"}],"predecessor-version":[{"id":20559,"href":"https:\/\/zamosc.pttk.pl\/wordpress\/index.php?rest_route=\/wp\/v2\/pages\/20547\/revisions\/20559"}],"wp:attachment":[{"href":"https:\/\/zamosc.pttk.pl\/wordpress\/index.php?rest_route=%2Fwp%2Fv2%2Fmedia&parent=20547"}],"curies":[{"name":"wp","href":"https:\/\/api.w.org\/{rel}","templated":true}]}}