{"id":19133,"date":"2023-03-06T16:42:12","date_gmt":"2023-03-06T15:42:12","guid":{"rendered":"https:\/\/zamosc.pttk.pl\/wordpress\/?page_id=19133"},"modified":"2023-03-06T17:32:08","modified_gmt":"2023-03-06T16:32:08","slug":"49-rajd-zimowy-wzgorzami-roztocza","status":"publish","type":"page","link":"https:\/\/zamosc.pttk.pl\/wordpress\/?page_id=19133","title":{"rendered":"49 Rajd Zimowy &#8222;Wzg\u00f3rzami Roztocza&#8221;"},"content":{"rendered":"\n<p>Wspomnienia<\/p>\n\n\n\n<p>Dzie\u0144 by\u0142 ponury i niezwykle zimny &#8211; wia\u0142 marcowy lodowaty wiatr w sobot\u0119 4 marca 2023 r.. Nic to&#8230; na rajd wybra\u0142o si\u0119 117 mi\u0142o\u015bnik\u00f3w wycieczek pieszych po Roztoczu. W\u0119drowa\u0142a m\u0142odzie\u017c ze szk\u00f3\u0142 w Nieliszu, Z\u0142ojcu i Szczebrzeszynie oraz tury\u015bci indywidualni z daleka i bliska. Pierwszy raz na naszym rajdzie pojawili si\u0119 s\u0142uchacze kursu przewodnickiego organizowanego przez Oddzia\u0142 PTTK z Zamo\u015bcia oczywi\u015bcie z rodzinami. Uczestnik\u00f3w Rajdu przy Zaje\u017adzie Gaj\u00f3wka powita\u0142 kol. Andrzej Dziaduszek kierownik Rajdu oraz kol. Agnieszka Linek &#8211; prezes ZO PTTK. Trasa nie by\u0142a d\u0142uga &#8211; prowadzi\u0142a skrajem Roztocza\u0144skiego Parku Narodowego na wzg\u00f3rze Polak &#8211; miejsca powsta\u0144czej bitwy w dniu 3 wrze\u015bnia 1863 r. Do boju poprowadzi\u0142 \u201eLelewel\u201d Marcin Borelowski. W miejscu zaci\u0119tych walk stoj\u0105 pomniki i cz\u0119sto pal\u0105 si\u0119 znicze. W pobli\u017cu wzg\u00f3rza w zacisznym miejscu kol. Darek S\u0142upski- zamojski przewodnik PTTK. Chwil\u0105 ciszy uczcili\u015bmy pami\u0119\u0107 bohater\u00f3w przy pomniku. P\u00f3\u017aniej jeszcze troch\u0119 w\u0119drowali\u015bmy przez las. Nast\u0119pnie weszli\u015bmy na roztocza\u0144skie pole. Teraz by\u0142o gorzej. Mro\u017any wiatr wsz\u0119dzie si\u0119 wpycha\u0142. Nikt si\u0119 tym nie przejmowa\u0142. Gdzie\u015b na po\u0142udniu by\u0142a widoczna \u201esosna\u201d kom\u00f3rkowa (wie\u017ca udaj\u0105ca sosn\u0119) na G\u00f3rze Marchwianego na \u0141ysych Bykach. Weszli\u015bmy na wiadukt nad kanionem LHS. Niekt\u00f3rzy pierwszy raz widzieli taki g\u0142\u0119boki wykop kolejowy na Roztoczu. Po lewej min\u0119li\u015bmy wzg\u00f3rze Ho\u0142da i doszli\u015bmy do Tereszpola Zaorendy. Chodnikiem doszli\u015bmy do ul. Szkolnej i \u015bwietlicy przy remizie. Mieli\u015bmy w nogach ok. 7 km. Mo\u017cna by\u0142o si\u0119 ogrza\u0107 i odpocz\u0105\u0107. Na dworze pali\u0142o si\u0119 ognisko.<br \/>Ze wzgl\u0119du na lodowaty wiatr szybko odby\u0142y si\u0119 tradycyjne konkursy. Sal\u0119 udost\u0119pni\u0142 nam pan Jacek Pawluk W\u00f3jt Gminy Tereszpol. W imieniu Organizator\u00f3w i Uczestnik\u00f3w serdecznie dzi\u0119kujemy. &nbsp;&nbsp;&nbsp;&nbsp;&nbsp;&nbsp;&nbsp;&nbsp;&nbsp;&nbsp;&nbsp;&nbsp;&nbsp;&nbsp;&nbsp;&nbsp;&nbsp;&nbsp;&nbsp;<\/p>\n\n\n\n<p><em>Wspomina kol. Karol Ja\u0144czuk przysz\u0142y przewodnik PTTK. Dzi\u015b w\u0119drowali\u015bmy na Wzg\u00f3rze Polak. Mia\u0142em niew\u0105tpliwy zaszczyt w\u0119drowa\u0107 z przewodnikami Oddzia\u0142u PTTK w Zamo\u015bciu poprzez wzg\u00f3rza i doliny pogranicza Roztocza \u015arodkowego i Zachodniego. To w\u0142a\u015bnie dzi\u015b mia\u0142 miejsce 49. Rajd Zimowy &#8222;Wzg\u00f3rzami Roztocza&#8221;.<br \/>Trzeba przyzna\u0107, \u017ce pogoda by\u0142a udana. No, mo\u017ce troch\u0119 wia\u0142o. Ale ten wiatr nie da\u0142 rady rozwia\u0107 naszych u\u015bmiech\u00f3w!<br \/>A kubek kawy i pieczona kie\u0142baska na zako\u0144czeniu wyprawy by\u0142a najlepsz\u0105 nagrod\u0105, jak\u0105 ka\u017cdy w\u0142\u00f3czykij m\u00f3g\u0142 sobie wymarzy\u0107!<br \/>Dzi\u0119kuj\u0119 wszystkim, kt\u00f3rych pozna\u0142em, wszystkich, z kt\u00f3rymi wsp\u00f3lnie dzielili\u015bmy te kilometry wietrznej w\u0119dr\u00f3wki.<br \/>W podzi\u0119ce daj\u0119 kr\u00f3tk\u0105 fotorelacj\u0119. Aby\u015bmy prze\u017cyli to jeszcze raz&#8230;<br \/>A tym, kt\u00f3rzy nie byli powiem, \u017ce naprawd\u0119 warto!!!<\/em><\/p>\n\n\n<p>[huge_it_slider id=&#8221;294                                        &#8222;]<\/p>\n\n\n\n<figure class=\"wp-block-image size-large\"><img loading=\"lazy\" decoding=\"async\" width=\"722\" height=\"1024\" src=\"https:\/\/zamosc.pttk.pl\/wordpress\/wp-content\/uploads\/2023\/02\/reg-.-zimowy-jp-722x1024.png\" alt=\"\" class=\"wp-image-19062\" srcset=\"https:\/\/zamosc.pttk.pl\/wordpress\/wp-content\/uploads\/2023\/02\/reg-.-zimowy-jp-722x1024.png 722w, https:\/\/zamosc.pttk.pl\/wordpress\/wp-content\/uploads\/2023\/02\/reg-.-zimowy-jp-212x300.png 212w, https:\/\/zamosc.pttk.pl\/wordpress\/wp-content\/uploads\/2023\/02\/reg-.-zimowy-jp-141x200.png 141w, https:\/\/zamosc.pttk.pl\/wordpress\/wp-content\/uploads\/2023\/02\/reg-.-zimowy-jp-768x1089.png 768w, https:\/\/zamosc.pttk.pl\/wordpress\/wp-content\/uploads\/2023\/02\/reg-.-zimowy-jp-1084x1536.png 1084w, https:\/\/zamosc.pttk.pl\/wordpress\/wp-content\/uploads\/2023\/02\/reg-.-zimowy-jp-1445x2048.png 1445w\" sizes=\"auto, (max-width: 722px) 100vw, 722px\" \/><\/figure>\n\n\n\n<figure class=\"wp-block-image size-large\"><img loading=\"lazy\" decoding=\"async\" width=\"733\" height=\"1024\" src=\"https:\/\/zamosc.pttk.pl\/wordpress\/wp-content\/uploads\/2023\/03\/podzwojt-733x1024.jpg\" alt=\"\" class=\"wp-image-19164\" srcset=\"https:\/\/zamosc.pttk.pl\/wordpress\/wp-content\/uploads\/2023\/03\/podzwojt-733x1024.jpg 733w, https:\/\/zamosc.pttk.pl\/wordpress\/wp-content\/uploads\/2023\/03\/podzwojt-215x300.jpg 215w, https:\/\/zamosc.pttk.pl\/wordpress\/wp-content\/uploads\/2023\/03\/podzwojt-143x200.jpg 143w, https:\/\/zamosc.pttk.pl\/wordpress\/wp-content\/uploads\/2023\/03\/podzwojt-768x1073.jpg 768w, https:\/\/zamosc.pttk.pl\/wordpress\/wp-content\/uploads\/2023\/03\/podzwojt-1099x1536.jpg 1099w, https:\/\/zamosc.pttk.pl\/wordpress\/wp-content\/uploads\/2023\/03\/podzwojt-1466x2048.jpg 1466w, https:\/\/zamosc.pttk.pl\/wordpress\/wp-content\/uploads\/2023\/03\/podzwojt-scaled.jpg 1832w\" sizes=\"auto, (max-width: 733px) 100vw, 733px\" \/><\/figure>\n","protected":false},"excerpt":{"rendered":"<p>Wspomnienia Dzie\u0144 by\u0142 ponury i niezwykle zimny &#8211; wia\u0142 marcowy lodowaty wiatr w sobot\u0119 4 marca 2023 r.. Nic to&#8230; na rajd wybra\u0142o si\u0119 117 mi\u0142o\u015bnik\u00f3w wycieczek pieszych po Roztoczu. W\u0119drowa\u0142a m\u0142odzie\u017c ze szk\u00f3\u0142 w Nieliszu, Z\u0142ojcu i Szczebrzeszynie oraz &hellip; <a class=\"more-link\" href=\"https:\/\/zamosc.pttk.pl\/wordpress\/?page_id=19133\">Czytaj dalej <span class=\"meta-nav\">&rarr;<\/span><\/a><\/p>\n","protected":false},"author":1,"featured_media":0,"parent":0,"menu_order":0,"comment_status":"closed","ping_status":"closed","template":"","meta":{"footnotes":""},"class_list":["post-19133","page","type-page","status-publish","hentry"],"_links":{"self":[{"href":"https:\/\/zamosc.pttk.pl\/wordpress\/index.php?rest_route=\/wp\/v2\/pages\/19133","targetHints":{"allow":["GET"]}}],"collection":[{"href":"https:\/\/zamosc.pttk.pl\/wordpress\/index.php?rest_route=\/wp\/v2\/pages"}],"about":[{"href":"https:\/\/zamosc.pttk.pl\/wordpress\/index.php?rest_route=\/wp\/v2\/types\/page"}],"author":[{"embeddable":true,"href":"https:\/\/zamosc.pttk.pl\/wordpress\/index.php?rest_route=\/wp\/v2\/users\/1"}],"replies":[{"embeddable":true,"href":"https:\/\/zamosc.pttk.pl\/wordpress\/index.php?rest_route=%2Fwp%2Fv2%2Fcomments&post=19133"}],"version-history":[{"count":5,"href":"https:\/\/zamosc.pttk.pl\/wordpress\/index.php?rest_route=\/wp\/v2\/pages\/19133\/revisions"}],"predecessor-version":[{"id":19165,"href":"https:\/\/zamosc.pttk.pl\/wordpress\/index.php?rest_route=\/wp\/v2\/pages\/19133\/revisions\/19165"}],"wp:attachment":[{"href":"https:\/\/zamosc.pttk.pl\/wordpress\/index.php?rest_route=%2Fwp%2Fv2%2Fmedia&parent=19133"}],"curies":[{"name":"wp","href":"https:\/\/api.w.org\/{rel}","templated":true}]}}