{"id":18730,"date":"2022-10-02T17:01:53","date_gmt":"2022-10-02T15:01:53","guid":{"rendered":"http:\/\/zamosc.pttk.pl\/wordpress\/?page_id=18730"},"modified":"2022-10-02T17:48:46","modified_gmt":"2022-10-02T15:48:46","slug":"53-rajd-rydz-na-patelni","status":"publish","type":"page","link":"https:\/\/zamosc.pttk.pl\/wordpress\/?page_id=18730","title":{"rendered":"53 Rajd &#8222;Rydz na patelni&#8221;"},"content":{"rendered":"\n<p>Wspomnienia<\/p>\n\n\n\n<p>W sobot\u0119 1 pa\u017adziernika br. odby\u0142 si\u0119 ju\u017c 53 Rajd \u201eRydz na Patelni\u201d.<br \/>Tym razem ponad 100 turyst\u00f3w ma\u0142ych i du\u017cych w\u0119drowa\u0142o pod opiek\u0105 m\u0142odych przewodnik\u00f3w: Darka, kt\u00f3ry zna w okolicy ka\u017cd\u0105 \u015bcie\u017ck\u0119. Na ko\u0144cu w\u0119drowa\u0142y te\u017c m\u0142ode przewodniczki Ania i Dorota z Oddzia\u0142u PTTK w Zamo\u015bciu. Pieczo\u0142owicie opiekowa\u0142y si\u0119 w\u0119drowcami, nikt nie zgubi\u0142 si\u0119 w g\u0119stym lesie. Darek opowiada\u0142 ciekawostki. Przez G\u00f3rniki prowadzi\u0142 dawny trakt historyczny z Zamo\u015bcia do Zamchu oraz dalej do Lwowa. By\u0142a tam karczma. Kilkadziesi\u0105t lat temu znaleziono tak skarb. Monety zakopane w garnku glinianym. Niestety by\u0142y to fa\u0142szywki. Kupcy oszukiwali karczmarza. Skarb by\u0142 zakopany ko\u0142o kapliczki. Kiedy\u015b pod G\u00f3rnikami by\u0142y trz\u0119sawiska, z kt\u00f3rych wyp\u0142ywa\u0142 niegdy\u015b \u015awierz, dop\u0142yw Szumu. Trz\u0119sawiska by\u0142y okropne, bo czasami krowy si\u0119 topi\u0142y. Mieszka\u0144cy wioski po morowym powietrzu w XIX w. przenie\u015bli si\u0119 na bardziej dogodne miejsce, z daleka od trz\u0119sawisk, za\u0142o\u017cyli G\u00f3rniki Nowe. Mieszka\u0144cy ci\u0119\u017cko pracowali w pobliskich kamienio\u0142omach. W lesie na rozstajnych drogach znajduje si\u0119 gr\u00f3b powsta\u0144ca styczniowego, kt\u00f3ry zmar\u0142 w czasie ucieczki powsta\u0144c\u00f3w po bitwie pod \u015bw. Rochem na skraju Krasnobrodu.<br \/>Wi\u0119kszo\u015b\u0107 w\u0119drowc\u00f3w szuka\u0142o jesiennych grzyb\u00f3w. Ros\u0142y podgrzybki, ogromne prawdziwki i oczywi\u015bcie rydze.<br \/>Na mecie pali\u0142o si\u0119 ognisko i obs\u0142uga Rajdu, Andrzej, Marian i Edward czekali na uczestnik\u00f3w Rajdu. By\u0142o pieczenie kie\u0142basek, a cz\u0119\u015b\u0107 niestrudzonych rajdowicz\u00f3w ugania\u0142o si\u0119 za pi\u0142kami.<br \/>Po zjedzeniu kie\u0142basek i odpoczynku odby\u0142y si\u0119 tradycyjne konkursy: rzut podkow\u0105, skakanka, konkurs krajoznawczy.<br \/>P\u00f3\u017aniej odby\u0142 si\u0119 najwa\u017cniejszy konkurs tego rajdu na kr\u00f3low\u0105 i kr\u00f3la grzybobrania.&nbsp; Kr\u00f3lowa znalaz\u0142a wraz z siostrzyczk\u0105 pi\u0119kne rydze a kr\u00f3l dorodnego prawdziwka. Otrzymali plecaki i pi\u0119kne korony.<br \/>Na zako\u0144czenie Rajdu kol. Andrzej wr\u0119czy\u0142 odznaki \u201eSiedmiomilowe Buty\u201d dla tr\u00f3jki turyst\u00f3w ze Szko\u0142y nr 3 z Zamo\u015bcia.<br \/>W Rajdzie uczestniczy\u0142a m\u0142odzie\u017c ze Szk\u00f3\u0142: Nr 3 i 7 z Zamo\u015bcia, SP Nr 1 w Szczebrzeszynie, Nielisza, Z\u0142ojca. Serdecznie dzi\u0119kujemy Opiekunom za wsp\u00f3lne w\u0119drowanie i opiek\u0119 nad m\u0142odymi turystami.<br \/>Dzi\u0119kujemy Kadrze za przygotowanie i obs\u0142ug\u0119 Rajdu.<br \/>Stra\u017cakom z OSP G\u00f3rniki za udost\u0119pnienie miejsca na met\u0119 Rajdu.<br \/>Trasa w\u0119dr\u00f3wki mia\u0142a d\u0142ugo\u015b\u0107 ok.7,5 km<\/p>\n\n\n\n<p>Do spotkania jeszcze w pa\u017adzierniku na Rajdzie \u201ePieczony Ziemniak\u201d<\/p>\n\n\n\n<figure class=\"wp-block-image size-full\"><img loading=\"lazy\" decoding=\"async\" width=\"640\" height=\"481\" src=\"https:\/\/zamosc.pttk.pl\/wordpress\/wp-content\/uploads\/2022\/10\/01.jpg\" alt=\"\" class=\"wp-image-18734\" srcset=\"https:\/\/zamosc.pttk.pl\/wordpress\/wp-content\/uploads\/2022\/10\/01.jpg 640w, https:\/\/zamosc.pttk.pl\/wordpress\/wp-content\/uploads\/2022\/10\/01-300x225.jpg 300w, https:\/\/zamosc.pttk.pl\/wordpress\/wp-content\/uploads\/2022\/10\/01-200x150.jpg 200w, https:\/\/zamosc.pttk.pl\/wordpress\/wp-content\/uploads\/2022\/10\/01-399x300.jpg 399w\" sizes=\"auto, (max-width: 640px) 100vw, 640px\" \/><\/figure>\n\n\n\n<p><\/p>\n\n\n<p>[huge_it_slider id=&#8221;287                                        &#8222;]<\/p>\n<p>Zdj\u0119cia Darka<\/p>\n\n\n\n<p><\/p>\n\n\n<p>[huge_it_slider id=&#8221;288                                        &#8222;]<\/p>\n<p>Zdj\u0119cia Edwarda<\/p>\n\n\n<p>[huge_it_slider id=&#8221;289                                        &#8222;]<\/p>\n<p>Zdj\u0119cia Edwarda<\/p>\n","protected":false},"excerpt":{"rendered":"<p>Wspomnienia W sobot\u0119 1 pa\u017adziernika br. odby\u0142 si\u0119 ju\u017c 53 Rajd \u201eRydz na Patelni\u201d.Tym razem ponad 100 turyst\u00f3w ma\u0142ych i du\u017cych w\u0119drowa\u0142o pod opiek\u0105 m\u0142odych przewodnik\u00f3w: Darka, kt\u00f3ry zna w okolicy ka\u017cd\u0105 \u015bcie\u017ck\u0119. Na ko\u0144cu w\u0119drowa\u0142y te\u017c m\u0142ode przewodniczki Ania &hellip; <a class=\"more-link\" href=\"https:\/\/zamosc.pttk.pl\/wordpress\/?page_id=18730\">Czytaj dalej <span class=\"meta-nav\">&rarr;<\/span><\/a><\/p>\n","protected":false},"author":1,"featured_media":0,"parent":0,"menu_order":0,"comment_status":"closed","ping_status":"closed","template":"","meta":{"footnotes":""},"class_list":["post-18730","page","type-page","status-publish","hentry"],"_links":{"self":[{"href":"https:\/\/zamosc.pttk.pl\/wordpress\/index.php?rest_route=\/wp\/v2\/pages\/18730","targetHints":{"allow":["GET"]}}],"collection":[{"href":"https:\/\/zamosc.pttk.pl\/wordpress\/index.php?rest_route=\/wp\/v2\/pages"}],"about":[{"href":"https:\/\/zamosc.pttk.pl\/wordpress\/index.php?rest_route=\/wp\/v2\/types\/page"}],"author":[{"embeddable":true,"href":"https:\/\/zamosc.pttk.pl\/wordpress\/index.php?rest_route=\/wp\/v2\/users\/1"}],"replies":[{"embeddable":true,"href":"https:\/\/zamosc.pttk.pl\/wordpress\/index.php?rest_route=%2Fwp%2Fv2%2Fcomments&post=18730"}],"version-history":[{"count":8,"href":"https:\/\/zamosc.pttk.pl\/wordpress\/index.php?rest_route=\/wp\/v2\/pages\/18730\/revisions"}],"predecessor-version":[{"id":18795,"href":"https:\/\/zamosc.pttk.pl\/wordpress\/index.php?rest_route=\/wp\/v2\/pages\/18730\/revisions\/18795"}],"wp:attachment":[{"href":"https:\/\/zamosc.pttk.pl\/wordpress\/index.php?rest_route=%2Fwp%2Fv2%2Fmedia&parent=18730"}],"curies":[{"name":"wp","href":"https:\/\/api.w.org\/{rel}","templated":true}]}}