{"id":18533,"date":"2022-05-29T18:55:18","date_gmt":"2022-05-29T16:55:18","guid":{"rendered":"http:\/\/zamosc.pttk.pl\/wordpress\/?page_id=18533"},"modified":"2022-05-29T20:11:09","modified_gmt":"2022-05-29T18:11:09","slug":"48-rajd-czerwony-kapturek","status":"publish","type":"page","link":"https:\/\/zamosc.pttk.pl\/wordpress\/?page_id=18533","title":{"rendered":"48 Rajd &#8222;Czerwony Kapturek&#8221;"},"content":{"rendered":"\n<p>Wspomnienia rajdowe.<\/p>\n\n\n\n<p>W sobot\u0119 28 maja 2022 r. odby\u0142 si\u0119 kolejny, bo ju\u017c 48 Rajd \u201eCzerwony Kapturek\u201d organizowany przez Klub Turystyczno-Krajoznawczy im. Micha\u0142a Pieszki \u00a0PTTK O\/Zamo\u015b\u0107.<br \/>O godz. 8.30 wyruszyli\u015bmy 3 autokarami z Zamo\u015bcia na Dzia\u0142y Grabowieckie. W Da\u0144czypolu do\u0142\u0105czy\u0142a gromadka uczestnik\u00f3w, kt\u00f3rzy dojechali w\u0142asnymi samochodami.<br \/>Pojechali\u015bmy do Skibic w gminie Grabowiec. Na starcie przywita\u0142 nas pot\u0119\u017cny wiatr zachodni. Zbo\u017ca falowa\u0142y jak wzburzone morze.<br \/>Z przodu prowadzili Andrzej i Edward przewodnicy i przodownicy PTTK o na ko\u0144cu w\u0119drowali Dominka i Pawe\u0142, przewodnicy PTTK \u00a0i bacznie patrzyli, by si\u0119 nikt nie zagubi\u0142. Niekt\u00f3rzy doszli do wniosku, \u017ce lepiej i\u015b\u0107 z go\u0142\u0105 g\u0142ow\u0105 ni\u017c \u0142apa\u0107 czapk\u0119 czy kapelusz. Kol. Andrzej i Edward powiedzieli kilka s\u0142\u00f3w o okolicy <br \/>i grodach czerwie\u0144skich. Taki gr\u00f3d czerwie\u0144ski jest na p\u00f3\u0142noc od Skibic.\u00a0 Z okolicznych bagien wyp\u0142ywa rzeka Kalin\u00f3wka, kt\u00f3ra p\u00f3\u017aniej zwie si\u0119 Wolic\u0105- jest prawym dop\u0142ywem Wieprza. Pocz\u0105tkowo szli\u015bmy dolin\u0105 na po\u0142udnie zmagaj\u0105c si\u0119 z zachodni\u0105 wichur\u0119. Na niebie szybko p\u0119dzi\u0142y ob\u0142oki o dziwnych i tajemniczych kszta\u0142tach. Nawet spad\u0142o kilka kropli deszczu. Kiedy doszli\u015bmy do skraju lasu po prawej przywita\u0142y nas swoim dono\u015bnym \u015bpiewem skowronki. \u00a0Na ca\u0142ym odcinku mimo silnej wichury towarzyszy\u0142 nam wiosenny \u015bpiew skowronk\u00f3w. Na drodze by\u0142o coraz wi\u0119cej b\u0142otka i wysoka trawa. Czasami musieli\u015bmy omija\u0107 g\u0142\u0119bokie jamy. Musieli\u015bmy uwa\u017ca\u0107, bo po naszej drodze w\u0119drowa\u0142y \u015blimaki winniczki. Po drodze by\u0142o kilka odpoczynk\u00f3w. W\u015br\u00f3d mokrade\u0142 p\u0142yn\u0119\u0142a Kalin\u00f3wka otoczona k\u0119pami wierzb.\u00a0 <br \/>W oddali w parku majaczy\u0142 ukryty w\u015br\u00f3d drzew, pa\u0142ac w Szystowicach wybudowanych przez Wejchert\u00f3w. Obecnie po latach zn\u00f3w jest w\u0142asno\u015bci\u0105 prywatn\u0105. D\u0142u\u017cszy odpoczynek by\u0142 w Kol. Szystowice. Zamiast \u0142aweczek by\u0142 \u015bwie\u017co wykoszony r\u00f3w. By\u0142 wreszcie czas na spo\u017cycie kanapek. P\u00f3\u017aniej poszli\u015bmy ju\u017c utwardzon\u0105 drog\u0105 na zach\u00f3d. Po prawej stronie zobaczyli\u015bmy zabudowania wioski Szystowice. Gdzie\u015b nad Kalin\u00f3wk\u0105 stoi kapliczka \u015bw. Jana wybudowana przez mieszka\u0144c\u00f3w z inicjatywy pana Mame\u0142ki. Zobaczyli\u015bmy zabudowania gorzelni, kt\u00f3ra przynosi\u0142a du\u017ce profity w\u0142a\u015bcicielom. Po wschodniej stronie by\u0142y wysokie skarpy lessowe, u g\u00f3ry zobaczyli\u015bmy liczne otwory, w kt\u00f3rych mieszkaj\u0105 jask\u00f3\u0142ki. Edward zaprosi\u0142 do g\u0142\u0119bocznicy o wysokich pionowych zboczach. Tam zobaczyli\u015bmy pi\u0119kne, ogromne, bia\u0142e kwiaty zawilca wielkokwiatowego. Kwiaty te na naszym terenie s\u0105 rzadko\u015bci\u0105. Przeszli\u015bmy jeszcze kilkaset metr\u00f3w drog\u0105 asfaltow\u0105 i poszli\u015bmy pi\u0119knie wij\u0105c\u0105 si\u0119 drog\u0105 na zach\u00f3d. Przed nami sz\u0142y t\u0119dy sarenki, gdy\u017c by\u0142y ich tropy. Mimo, \u017ce wiatr by\u0142 s\u0142abszy, ale zobaczyli\u015bmy fale na pszenicy jak na morzu. Doszli\u015bmy do rozstajnych dr\u00f3g i wysokiego drewnianego krzy\u017ca. Takie krzy\u017ce stoj\u0105 od wiek\u00f3w na rozstajnych drogach. Tutaj w\u0119drowiec m\u00f3g\u0142 si\u0119 pomodli\u0107 i odpocz\u0105\u0107 w cieniu drzew. Wok\u00f3\u0142 by\u0142y pi\u0119kne widoki Dzia\u0142\u00f3w Grabowieckich, p\u00f3l z kwitn\u0105cym rzepakiem i zieleni\u0105 pszenicy. Przy krzy\u017cu Andrzej i Edward opowiedzieli o okolicy. Doszli\u015bmy na skraj Da\u0144czypola, przywita\u0142y nas g\u0142o\u015bnym szczekaniem miejscowe pieski a bia\u0142a suczka do\u0142\u0105czy\u0142a do nas i doprowadzi\u0142a met\u0119. Po lewej stronie min\u0119li\u015bmy posiad\u0142o\u015b\u0107 Czeremisa, zapewne potomka sienkiewiczowskiej postaci z \u201eOgniem i mieczem\u201d.<br \/>Na mecie powita\u0142 nas so\u0142tys Da\u0144czypola pan Zbyszek Czerwonka. Teraz by\u0142a przerwa na odpoczynek\u00a0<br \/>i pieczenie kie\u0142basek. Wszystkim smakowa\u0142a zimna \u017ar\u00f3dlana woda. Obfite \u017ar\u00f3d\u0142o daje pocz\u0105tek strumieniowi Horpynka , kt\u00f3ra jest dop\u0142ywem Kalin\u00f3wki.<br \/>P\u00f3\u017aniej by\u0142y konkursy: rzut podkow\u0105 i skakanka te\u017c oczywi\u015bcie najwa\u017cniejszy na najpi\u0119kniejszy str\u00f3j Czerwonego Kapturka. P\u00f3\u017aniej wr\u0119czyli\u015bmy odznaki Turystyki Pieszej \u201eSiedmiomilowe Buty\u201d dla uczestnik\u00f3w Rajdu ze Szko\u0142y Nr 3 w Zamo\u015bciu.<br \/>Zacz\u0105\u0142 pada\u0107 deszczyk, wi\u0119c skryli\u015bmy si\u0119 w autokarach i pojechali\u015bmy do Zamo\u015bcia.<br \/>A teraz podzi\u0119kowania: Dla Opiekun\u00f3w m\u0142odzie\u017cy ze szk\u00f3\u0142 podstawowych z Zamo\u015bcia Nr 3 i Nr 7, z Nielisza i Z\u0142ojca.<br \/>Szczeg\u00f3lne podzi\u0119kowania dla pana Zbyszka Czerwonki so\u0142tysa Da\u0144czypola za pomoc przy organizacji mety oraz pomys\u0142 malowniczej trasy po Dzia\u0142ach Grabowieckich; Kadry Oddzia\u0142u: Andrzeja, Dominiki, Edwarda, Paw\u0142a, Marian\u00f3w dw\u00f3ch; kierowc\u00f3w z firmy pana Krzysztofa Borka.<br \/>W Rajdzie uczestniczy\u0142o prawie 150 m\u0142odych i starszych turyst\u00f3w mi\u0142o\u015bnik\u00f3w turystyki pieszej.<br \/>Rajd chyba by\u0142 udany, nikt nie marudzi\u0142, opr\u00f3cz tradycyjnego pytania na ka\u017cdym rajdzie: prosz\u0119 pana daleko jeszcze?&#8230;<br \/>Dla os\u00f3b zainteresowanych histori\u0105 Da\u0144czypola polecamy stron\u0119: Zapomniana Dolina.<br \/>Zapraszamy na nast\u0119pne spotkania z histori\u0105 podczas naszych rajd\u00f3w&#8230;<\/p>\n\n\n\n<p><em>Wspomina\u0142 Edward<\/em><\/p>\n\n\n<p>[huge_it_slider id=&#8221;281                                        &#8222;]<\/p>\n\n\n\n<p><\/p>\n","protected":false},"excerpt":{"rendered":"<p>Wspomnienia rajdowe. W sobot\u0119 28 maja 2022 r. odby\u0142 si\u0119 kolejny, bo ju\u017c 48 Rajd \u201eCzerwony Kapturek\u201d organizowany przez Klub Turystyczno-Krajoznawczy im. Micha\u0142a Pieszki \u00a0PTTK O\/Zamo\u015b\u0107.O godz. 8.30 wyruszyli\u015bmy 3 autokarami z Zamo\u015bcia na Dzia\u0142y Grabowieckie. W Da\u0144czypolu do\u0142\u0105czy\u0142a gromadka &hellip; <a class=\"more-link\" href=\"https:\/\/zamosc.pttk.pl\/wordpress\/?page_id=18533\">Czytaj dalej <span class=\"meta-nav\">&rarr;<\/span><\/a><\/p>\n","protected":false},"author":1,"featured_media":0,"parent":0,"menu_order":0,"comment_status":"closed","ping_status":"closed","template":"","meta":{"footnotes":""},"class_list":["post-18533","page","type-page","status-publish","hentry"],"_links":{"self":[{"href":"https:\/\/zamosc.pttk.pl\/wordpress\/index.php?rest_route=\/wp\/v2\/pages\/18533","targetHints":{"allow":["GET"]}}],"collection":[{"href":"https:\/\/zamosc.pttk.pl\/wordpress\/index.php?rest_route=\/wp\/v2\/pages"}],"about":[{"href":"https:\/\/zamosc.pttk.pl\/wordpress\/index.php?rest_route=\/wp\/v2\/types\/page"}],"author":[{"embeddable":true,"href":"https:\/\/zamosc.pttk.pl\/wordpress\/index.php?rest_route=\/wp\/v2\/users\/1"}],"replies":[{"embeddable":true,"href":"https:\/\/zamosc.pttk.pl\/wordpress\/index.php?rest_route=%2Fwp%2Fv2%2Fcomments&post=18533"}],"version-history":[{"count":5,"href":"https:\/\/zamosc.pttk.pl\/wordpress\/index.php?rest_route=\/wp\/v2\/pages\/18533\/revisions"}],"predecessor-version":[{"id":18543,"href":"https:\/\/zamosc.pttk.pl\/wordpress\/index.php?rest_route=\/wp\/v2\/pages\/18533\/revisions\/18543"}],"wp:attachment":[{"href":"https:\/\/zamosc.pttk.pl\/wordpress\/index.php?rest_route=%2Fwp%2Fv2%2Fmedia&parent=18533"}],"curies":[{"name":"wp","href":"https:\/\/api.w.org\/{rel}","templated":true}]}}