{"id":18473,"date":"2022-04-24T17:55:53","date_gmt":"2022-04-24T15:55:53","guid":{"rendered":"http:\/\/zamosc.pttk.pl\/wordpress\/?page_id=18473"},"modified":"2022-04-24T18:17:32","modified_gmt":"2022-04-24T16:17:32","slug":"48-rajd-spotkanie-z-wiosna","status":"publish","type":"page","link":"https:\/\/zamosc.pttk.pl\/wordpress\/?page_id=18473","title":{"rendered":"48 Rajd &#8222;Spotkanie z Wiosn\u0105&#8221;"},"content":{"rendered":"\n<p><\/p>\n\n\n\n<p>Wspomnienia rajdowe<\/p>\n\n\n\n<p>Ok. godz. 10-tej przyjecha\u0142y 3 autokary m\u0142odzie\u017cy i starszych os\u00f3b na start rajdu w Siedliskach przy Muzeum Skamienia\u0142ych Drzew. Tury\u015bci indywidualni dojechali w\u0142asnymi samochodami. &nbsp;M\u0142odzi tury\u015bci byli z Zamo\u015bcia&nbsp; SP Nr 3 , SP nr 7, Szczebrzeszyna, Nielisza, Z\u0142ojca, indywidualni z Zamo\u015bcia, Tomaszowa Lubelskiego, Krasnegostawu, Lubaczowa i Rzeszowa oraz gm. Lubycza kr\u00f3lewska.<\/p>\n\n\n\n<p>By\u0142a spora grupka uczestnik\u00f3w ok. 180 os\u00f3b. Na starcie powitali uczestnik\u00f3w prezes Klubu Turystyczno-Krajoznawczego im Micha\u0142a Pieszki O\/PTTK w Zamo\u015bciu przewodnik PTTK i przodownik turystyki pieszej i kolarskiej &nbsp;kol. Andrzej Dziaduszek. &nbsp;<\/p>\n\n\n\n<p>W\u015br\u00f3d go\u015bci byli m.in. przewodnicz\u0105cy Rady Lubyczy Kr\u00f3lewskiej kol. Mariusz Lewko, regionali\u015bci i redaktorzy wydawnictwa \u201ePrzestrze\u0144 Pogranicza\u201d pan Robert Gmiterek, pani Anna Roci, p.Pawe\u0142 Nied\u017awied\u017a i p. S\u0142awomir Litkowiec oraz pracownicy Urz\u0119du Miasta w Lubyczy Kr\u00f3lewskiej.<\/p>\n\n\n\n<p>O dobr\u0105 organizacj\u0119 Rajdu dba\u0142 kol. Pawe\u0142 Borowiec opiekun Muzeum Skamienia\u0142ych Drzew&nbsp; przewodnik PTTK.<\/p>\n\n\n\n<p>Pan Marek \u0141uszczy\u0144ski serdecznie powita\u0142 uczestnik\u00f3w i \u017cyczy\u0142 im wspania\u0142ej w\u0119dr\u00f3wki. Kol. Edward S\u0142oniewski pokr\u00f3tce opowiedzia\u0142 o trasie rajdu i przestrzeg\u0142 przed koleinami i b\u0142otem wszak jeszcze rano pada\u0142 deszcz.<\/p>\n\n\n\n<p>Wyruszyli\u015bmy na tras\u0119 Rajdu. Min\u0119li\u015bmy du\u017cy kamienny krzy\u017c przy trakcie potylickim. Dawno, dawno&nbsp; temu kupcy jad\u0105cy do Lwowa omijali t\u0119dy Raw\u0119 Rusk\u0105, aby nie p\u0142aci\u0107 kopytkowego na mo\u015bcie w Rawie Ruskiej. Doszli\u015bmy do kopca tatarskiego. Kol. Edward opowiedzia\u0142 o najazdach Tatar\u00f3w na te ziemie zamieszka\u0142e przez Wo\u0142och\u00f3w w XVI i XVII w. Tutaj by\u0142a jedna z bitew z naje\u017ad\u017acami. Tatarzy zostali pochowanie w kurhanie w kszta\u0142cie p\u00f3\u0142ksi\u0119\u017cyca.<\/p>\n\n\n\n<p>P\u00f3\u017cniej doszli\u015bmy do \u017ar\u00f3de\u0142ka Paw\u0142a Sapiehy i do pot\u0119\u017cnego d\u0119bu kawa\u0142k\u00f3w skamienia\u0142ego drewna, kt\u00f3ry ro\u015bnie w dawnym parku Sapieh\u00f3w. Tutaj zrobili\u015bmy wsp\u00f3lne zdj\u0119cie (kto chcia\u0142). P\u00f3\u017aniej podziwiali\u015bmy wysokie daglezje. Przeszli\u015bmy obok kapliczki \u015bw. Antoniego nad \u017ar\u00f3de\u0142kiem, zasilacym strumie\u0144 Prutnik (Pru\u015bnik) dop\u0142yw So\u0142okiji. Za chwil\u0119 znowu znale\u017ali\u015bmy si\u0119 na trakcie potylickim i min\u0119li\u015bmy kolejny krzy\u017c kamienny &nbsp;(bru\u015bnie\u0144ski). Doszli\u015bmy na skraj lasu i teraz rozpocz\u0119\u0142a si\u0119&nbsp; wspania\u0142a rajdowa &#8211; wspinaczka na wzg\u00f3rze. Odwa\u017cni pr\u00f3bowali i\u015b\u0107 po b\u0142ocie w g\u00f3r\u0119, ale nie da\u0142o si\u0119 , bo 1 krok do przodu a dwa do ty\u0142u. Wreszcie wdrapali\u015bmy si\u0119 na wzg\u00f3rze i zasapani &nbsp;chwil\u0119 odpocz\u0119li\u015bmy. Przed nami jeszcze kawa\u0142 drogi, wi\u0119c ruszyli\u015bmy i doszli\u015bmy do starych d\u0119b\u00f3w. Pot\u0119\u017cne d\u0119by rosn\u0105 w miejscu dawnego przysi\u00f3\u0142ka Bo\u017cyki. \u015alady dawnej wioski to kwitn\u0105cy barwinek. Cz\u0119\u015b\u0107 posz\u0142o w d\u00f3\u0142, gdzie r\u00f3wnie\u017c ro\u015bnie ogromny d\u0105b, s\u0105 r\u00f3wnie\u017c \u015blady bajorka, w kt\u00f3rym pojono zwierz\u0119ta.<\/p>\n\n\n\n<p>Teraz rozpocz\u0119\u0142a si\u0119 kolejna przygoda, droga, kt\u00f3r\u0105 prowadzi zielona \u015bcie\u017cka przyrodnicza by\u0142a rozje\u017cd\u017cona przez ci\u0105gniki, gdy\u017c prowadzono \u015bcinanie drzew. Robotnicy le\u015bni &nbsp;(zule) nie uprz\u0105tn\u0119li r\u00f3wnie\u017c ga\u0142\u0119zi. Sporo trudu kosztowa\u0142o nas przej\u015bcie ok. 1 km, ale nikt si\u0119 sk\u0105pa\u0142 w koleinach nape\u0142nionych wod\u0105. Po drodze spojrzeli\u015bmy na po\u0142udnie. Zobaczyli\u015bmy kopu\u0142\u0119 cerkwi w Siedliskach i dalej las na Ukrainie. Nie wida\u0107 niestety wzg\u00f3rza &#8211; grodziska w Potyliczu. Dalej trasa prowadzi\u0142a g\u0142\u0119bocznic\u0105 (w\u0105wozem). By\u0142o troch\u0119 mokro, ale uda\u0142o si\u0119 przej\u015b\u0107. Po pokonaniu g\u0142\u0119bokich kolein doszli\u015bmy do kolejnego w\u0105wozu. Teraz juz by\u0142o fajnie, po prawej by\u0142a wysoka g\u00f3ra (dawne grodzisko) Siedlisko. Tak doszli\u015bmy do czerwonego (wolno\u015bciowego) szlaku pieszego prowadz\u0105cego z Tomaszowa Lubelskiego do Lubyczy Kr\u00f3lewskiej. Szlak opu\u015bcili\u015bmy i dalej \u015bcie\u017ck\u0105 przyrodnicz\u0105 poszli\u015bmy do Siedlisk.&nbsp; Podziwiali\u015bmy dorodny \u017carnowiec. T\u0119 ro\u015blin\u0119 posadzono na pocz\u0105tku XX w., aby chroni\u0142a zim\u0105 i na wiosn\u0119 zasiewy. Zwierzyna ch\u0119tnie j\u0105 jad\u0142a i ju\u017c nie robi\u0142a szk\u00f3d na polach. By\u0142 to pomys\u0142 le\u015bnika Romana Gesinga, kt\u00f3ry opiekowa\u0142 si\u0119 lasami Sapieh\u00f3w.<\/p>\n\n\n\n<p>Wreszcie zobaczyli\u015bmy kopu\u0142\u0119 cerkwi siedliskiej i doszli\u015bmy do mety.&nbsp; Tutaj powita\u0142 nas kol. Pawe\u0142 Borowiec i wiele innych os\u00f3b z Panem Burmistrzem na czele. Teraz by\u0142a chwila czasu na odpoczynek, potwierdzenie ksi\u0105\u017ceczek OTP, pieczenie kie\u0142basek i zabawy zr\u0119czno\u015bciowe.<\/p>\n\n\n\n<p>Doro\u015bli zostali zaproszeni do sali na promocj\u0119 wydawnictwa \u201ePrzestrze\u0144 Pogranicza\u201d a m\u0142odzie\u017c z ciekawo\u015bci\u0105 ogl\u0105da\u0142a wystawy w muzeum.<\/p>\n\n\n\n<p>Na spotkaniu pan Robert Gmiterek opowiada\u0142 ciekawostki i om\u00f3wi\u0142 artyku\u0142y w wydawnictwie oraz przedstawi\u0142 autor\u00f3w artyku\u0142\u00f3w. Pani Anna Roci &#8211; naczelna redaktor opowiedzia\u0142a te\u017c wiele ciekawostek.<\/p>\n\n\n\n<p>Min\u0119\u0142a 14-ta i ze smutkiem musieli\u015bmy wraca\u0107 do dom\u00f3w. Wszyscy byli zadowolenie z w\u0119dr\u00f3wki i go\u015bcinno\u015bci gospodarzy.<\/p>\n\n\n\n<p>Jeszcze raz dzi\u0119kujemy gospodarzom i organizatorom z Lubyczy Kr\u00f3lewskiej za wspania\u0142e przyj\u0119cie, ognisko i napoje. Wida\u0107 by\u0142o, \u017ce Pan Burmistrz Marek jest mi\u0142o\u015bnikom turystyki, historii i przyrody ma\u0142ej Ojczyzny &#8211; Ziemi Lubyckiej.<\/p>\n\n\n\n<p>Do zobaczenia wkr\u00f3tce na Dzia\u0142ach Grabowieckich na \u201eCzerwonym Kapturku\u201d&#8230;<\/p>\n\n\n\n<p>Wspomina\u0142: Edward S\u0142oniewski przewodnik PTTK.<\/p>\n\n\n\n<p><\/p>\n\n\n<p>[huge_it_slider id=&#8221;279                                        &#8222;]<\/p>\n\n\n<p>[huge_it_slider id=&#8221;280                                        &#8222;]<\/p>\n","protected":false},"excerpt":{"rendered":"<p>Wspomnienia rajdowe Ok. godz. 10-tej przyjecha\u0142y 3 autokary m\u0142odzie\u017cy i starszych os\u00f3b na start rajdu w Siedliskach przy Muzeum Skamienia\u0142ych Drzew. Tury\u015bci indywidualni dojechali w\u0142asnymi samochodami. &nbsp;M\u0142odzi tury\u015bci byli z Zamo\u015bcia&nbsp; SP Nr 3 , SP nr 7, Szczebrzeszyna, Nielisza, &hellip; <a class=\"more-link\" href=\"https:\/\/zamosc.pttk.pl\/wordpress\/?page_id=18473\">Czytaj dalej <span class=\"meta-nav\">&rarr;<\/span><\/a><\/p>\n","protected":false},"author":1,"featured_media":0,"parent":0,"menu_order":0,"comment_status":"closed","ping_status":"closed","template":"","meta":{"footnotes":""},"class_list":["post-18473","page","type-page","status-publish","hentry"],"_links":{"self":[{"href":"https:\/\/zamosc.pttk.pl\/wordpress\/index.php?rest_route=\/wp\/v2\/pages\/18473","targetHints":{"allow":["GET"]}}],"collection":[{"href":"https:\/\/zamosc.pttk.pl\/wordpress\/index.php?rest_route=\/wp\/v2\/pages"}],"about":[{"href":"https:\/\/zamosc.pttk.pl\/wordpress\/index.php?rest_route=\/wp\/v2\/types\/page"}],"author":[{"embeddable":true,"href":"https:\/\/zamosc.pttk.pl\/wordpress\/index.php?rest_route=\/wp\/v2\/users\/1"}],"replies":[{"embeddable":true,"href":"https:\/\/zamosc.pttk.pl\/wordpress\/index.php?rest_route=%2Fwp%2Fv2%2Fcomments&post=18473"}],"version-history":[{"count":3,"href":"https:\/\/zamosc.pttk.pl\/wordpress\/index.php?rest_route=\/wp\/v2\/pages\/18473\/revisions"}],"predecessor-version":[{"id":18477,"href":"https:\/\/zamosc.pttk.pl\/wordpress\/index.php?rest_route=\/wp\/v2\/pages\/18473\/revisions\/18477"}],"wp:attachment":[{"href":"https:\/\/zamosc.pttk.pl\/wordpress\/index.php?rest_route=%2Fwp%2Fv2%2Fmedia&parent=18473"}],"curies":[{"name":"wp","href":"https:\/\/api.w.org\/{rel}","templated":true}]}}