{"id":18351,"date":"2022-03-27T14:16:11","date_gmt":"2022-03-27T12:16:11","guid":{"rendered":"http:\/\/zamosc.pttk.pl\/wordpress\/?page_id=18351"},"modified":"2022-04-01T13:37:03","modified_gmt":"2022-04-01T11:37:03","slug":"spacer-po-jelicznym-dole","status":"publish","type":"page","link":"https:\/\/zamosc.pttk.pl\/wordpress\/?page_id=18351","title":{"rendered":"Spacer po Jelicznym Dole"},"content":{"rendered":"\n<p>Wspomnienia ze spaceru po Jelicznym Dole<\/p>\n\n\n\n<p>Tu\u017c po godz. 9-tej 26 marca 2022 r. na parking przy cmentarzu w Top\u00f3lczy (d. prawos\u0142awnym) zacz\u0119\u0142y przyje\u017cd\u017ca\u0107 samochody z u\u015bmiechni\u0119tymi uczestnikami. Po 9.30 Edward powita\u0142 w\u0119drowc\u00f3w w imieniu Oddzia\u0142u PTTK w Zamo\u015bciu oraz Klubu Turystyczno-Krajoznawczego im. Micha\u0142a Pieszki w Zamo\u015bciu. Przekaza\u0142 r\u00f3wnie\u017c pozdrowienia od kol. Andrzeja &nbsp;prezesa Klubu, kt\u00f3ry przebywa w sanatorium. Janusz naliczy\u0142 59 uczestnik\u00f3w spaceru w wieku od 3 miesi\u0119cy do 77 lat.<\/p>\n\n\n\n<p>Edward powiedzia\u0142 kilka s\u0142\u00f3w o miejscu gdzie si\u0119 spotkali\u015bmy i zaprosi\u0142 na cmentarz, gdzie zachowa\u0142o si\u0119 kilka nagrobk\u00f3w z XIX w. Na tym cmentarzu spoczywa ostatni plenipotent hr. Tomasza Zamoyskiego Modest Laurysiewicz.<\/p>\n\n\n\n<p>By\u0142 nietuzinkow\u0105 postaci\u0105. Urodzi\u0142 si\u0119 w roku 1830 w rodzinie duchownego grekokatolickiego, gdzie\u015b pod Hrubieszowem. Z tej rodziny pochodzi\u0142o 5 duchownych.&nbsp; Rodzina zapewne by\u0142a pochodzenia ormia\u0144skiego.<\/p>\n\n\n\n<p>Od 1857 r. studiowa\u0142 na Akademii Medyko-Chirurgicznej w Warszawie, kt\u00f3rej z niewiadomych powod\u00f3w nie sko\u0144czy\u0142. Dopiero 1862 r. na Uniwersytecie Wroc\u0142awskim uzyska\u0142 tytu\u0142 doktora medycyny i chirurgii. W latach 1863-65 pracowa\u0142&nbsp; jako lekarz w G\u00f3rze Kalwarii. W 1875 r. przeszed\u0142 na prawos\u0142awie. Porzuci\u0142 wyuczony zaw\u00f3d i gospodarowa\u0142 we w\u0142asnym maj\u0105tku, p\u00f3\u017aniej zamieszka\u0142 w Warszawie. Zaj\u0105\u0142 si\u0119 t\u0142umaczeniami dzie\u0142 zagranicznych z dziedziny rolnictwa. Tam pozna\u0142 Tomasza Zamoyskiego XIV ordynata, kt\u00f3ry w 1880 zatrudni\u0142 go na stanowisku plenipotenta generalnego Ordynacji Zamojskiej w Zwierzy\u0144cu. Zmar\u0142 w listopadzie 1889 r. w Zwierzy\u0144cu. &nbsp;Zosta\u0142 pochowany na nowym cmentarzu prawos\u0142awnym, parafialnym. Nieliczni mieszka\u0144cy wyznania prawos\u0142awnego ze Zwierzy\u0144ca nale\u017celi do parafii w Top\u00f3lczy. &nbsp;Ordynacja ufundowa\u0142a mu okaza\u0142y pomnik.<\/p>\n\n\n\n<p>Nast\u0119pnie wyszli\u015bmy na tras\u0119 w\u0119dr\u00f3wki. Troch\u0119 wia\u0142 wiatr dolin\u0105 i ni\u00f3s\u0142 tumany lessu.&nbsp; Kiedy weszli\u015bmy do lasu w g\u0142\u0119boki w\u0105w\u00f3z by\u0142o ju\u017c przyjemnie, s\u0142ycha\u0107 by\u0142o \u015bpiewy ptak\u00f3w. Zobaczyli\u015bmy wiosenne kwiatki i rozwijaj\u0105ce si\u0119 ro\u015blinki: przylaszczki, \u015bledziennice i kokorycz. Na kwitn\u0105cych miodunkach siedzia\u0142y ju\u017c pszczo\u0142y. Tydzie\u0144 wcze\u015bniej le\u017ca\u0142 tam jeszcze zmro\u017cony \u015bnieg. Po prawej i lewej by\u0142y strome zbocza. Nikt nie mia\u0142 ochoty wchodzi\u0107 na nie. Las tworzy\u0142y niebotyczne jod\u0142y i buki. Ze starych pni powsta\u0142y tajemnicze potwory, kt\u00f3re by\u0142y niezwykle fotogeniczne.<\/p>\n\n\n\n<p>Doszli\u015bmy do bocznego w\u0105wozu &#8211; to jakby \u015blepa kiszka w Jelicznym Dole. Edward zaproponowa\u0142 przej\u015bcie kilkaset metr\u00f3w. Nie by\u0142o \u0142atwo nim przej\u015b\u0107, gdy\u017c less ju\u017c rozmarz\u0142 i by\u0142o b\u0142otko. Wi\u0119kszo\u015b\u0107 os\u00f3b skorzysta\u0142a z propozycji.<\/p>\n\n\n\n<p>Zrobili\u015bmy wsp\u00f3lne zdj\u0119cie.<\/p>\n\n\n\n<p>P\u00f3\u017aniej w\u0119druj\u0105c w\u0105skim w\u0105wozem musieli\u015bmy si\u0119 2 razy mija\u0107 z ci\u0105gnikiem, kt\u00f3ry wi\u00f3z\u0142 szczapy bukowe. Par\u0119 minut odpocz\u0119li\u015bmy, kilku ciekawskich posz\u0142o jeszcze dalej, ale w\u0105w\u00f3z si\u0119 sko\u0144czy\u0142 i trzeba by\u0142o wraca\u0107.<\/p>\n\n\n\n<p>Wr\u00f3cili\u015bmy do swoich samochod\u00f3w i pojechali\u015bmy na parking przy ko\u015bciele w Top\u00f3lczy. Nast\u0119pnym etapem by\u0142a w\u0119dr\u00f3wka niezwykle malowniczym korzeniowym w\u0105wozem. Zbierali\u015bmy ga\u0142\u0105zki na ognisko, kt\u00f3re rozpalili\u015bmy w bezpiecznym miejscu na glebie lessowej. By\u0142o pieczenie kie\u0142basek i pianek. Wreszcie by\u0142 czas na pogaduszki. Niebo ju\u017c stawa\u0142o si\u0119 zachmurzone i nawet zacz\u0105\u0142 pada\u0107 drobny deszczyk. Pojechali\u015bmy do swoich dom\u00f3w zadowoleni i pe\u0142ni wra\u017ce\u0144. Wi\u0119kszo\u015b\u0107 os\u00f3b pierwszy raz zobaczy\u0142o takie pi\u0119kne w\u0105wozy w Turzynieckich Do\u0142ach na Roztoczu Zachodnim. Do spotkania na w\u0119dr\u00f3wkach po pi\u0119knym Roztoczu jeszcze wiosn\u0105.<\/p>\n\n\n\n<p><\/p>\n\n\n<p>[huge_it_slider id=&#8221;276                                        &#8222;]<\/p>\n\n\n\n<p><\/p>\n\n\n<p>[huge_it_slider id=&#8221;277                                        &#8222;]<\/p>\n\n\n\n<p><\/p>\n\n\n<p>[huge_it_slider id=&#8221;278                                        &#8222;]<\/p>\n","protected":false},"excerpt":{"rendered":"<p>Wspomnienia ze spaceru po Jelicznym Dole Tu\u017c po godz. 9-tej 26 marca 2022 r. na parking przy cmentarzu w Top\u00f3lczy (d. prawos\u0142awnym) zacz\u0119\u0142y przyje\u017cd\u017ca\u0107 samochody z u\u015bmiechni\u0119tymi uczestnikami. Po 9.30 Edward powita\u0142 w\u0119drowc\u00f3w w imieniu Oddzia\u0142u PTTK w Zamo\u015bciu oraz &hellip; <a class=\"more-link\" href=\"https:\/\/zamosc.pttk.pl\/wordpress\/?page_id=18351\">Czytaj dalej <span class=\"meta-nav\">&rarr;<\/span><\/a><\/p>\n","protected":false},"author":1,"featured_media":0,"parent":0,"menu_order":0,"comment_status":"closed","ping_status":"closed","template":"","meta":{"footnotes":""},"class_list":["post-18351","page","type-page","status-publish","hentry"],"_links":{"self":[{"href":"https:\/\/zamosc.pttk.pl\/wordpress\/index.php?rest_route=\/wp\/v2\/pages\/18351","targetHints":{"allow":["GET"]}}],"collection":[{"href":"https:\/\/zamosc.pttk.pl\/wordpress\/index.php?rest_route=\/wp\/v2\/pages"}],"about":[{"href":"https:\/\/zamosc.pttk.pl\/wordpress\/index.php?rest_route=\/wp\/v2\/types\/page"}],"author":[{"embeddable":true,"href":"https:\/\/zamosc.pttk.pl\/wordpress\/index.php?rest_route=\/wp\/v2\/users\/1"}],"replies":[{"embeddable":true,"href":"https:\/\/zamosc.pttk.pl\/wordpress\/index.php?rest_route=%2Fwp%2Fv2%2Fcomments&post=18351"}],"version-history":[{"count":6,"href":"https:\/\/zamosc.pttk.pl\/wordpress\/index.php?rest_route=\/wp\/v2\/pages\/18351\/revisions"}],"predecessor-version":[{"id":18421,"href":"https:\/\/zamosc.pttk.pl\/wordpress\/index.php?rest_route=\/wp\/v2\/pages\/18351\/revisions\/18421"}],"wp:attachment":[{"href":"https:\/\/zamosc.pttk.pl\/wordpress\/index.php?rest_route=%2Fwp%2Fv2%2Fmedia&parent=18351"}],"curies":[{"name":"wp","href":"https:\/\/api.w.org\/{rel}","templated":true}]}}