{"id":18098,"date":"2022-01-30T14:00:34","date_gmt":"2022-01-30T13:00:34","guid":{"rendered":"http:\/\/zamosc.pttk.pl\/wordpress\/?page_id=18098"},"modified":"2022-01-30T17:27:39","modified_gmt":"2022-01-30T16:27:39","slug":"wycieczka-zimowa-do-katka","status":"publish","type":"page","link":"https:\/\/zamosc.pttk.pl\/wordpress\/?page_id=18098","title":{"rendered":"Wycieczka zimowa do K\u0105tka"},"content":{"rendered":"<p>Pisz\u0119 wspomnienia w niedziel\u0119, wygl\u0105dam za okno i ciesz\u0119 si\u0119, \u017ce wczoraj mieli\u015bmy szcz\u0119\u015bcie do pogody.<\/p>\n<p style=\"text-align: justify;\">Lekki mrozik, pod nogami chrz\u0119\u015bci\u0142 zmro\u017cony \u015bnieg i l\u00f3d \u00a0a nawet ka\u0142u\u017ce zamarz\u0142y i w w\u0105wozie nie dokucza\u0142 wiatr. Pogoda wymarzona na zimow\u0105 w\u0119dr\u00f3wk\u0119.\u00a0 Tylko na chwil\u0119 przenie\u015b\u0107 si\u0119 w otch\u0142a\u0144 historii i wyobrazi\u0107 sobie jak po pobliskim trakcie krasnobrodzkim wlok\u0142y si\u0119 tabory kr\u00f3la szwedzkiego Karola Gustawa, a by\u0142o to 366 lat temu. Pi\u0119knie opisa\u0142 Bohdan Kr\u00f3\u0142ikowski w ksi\u0105\u017cce \u201eB\u0142a\u017ceja Siennickiego raptularz z wojny szwedzkiej\u201d.<\/p>\n<p style=\"text-align: justify;\">Tu\u017c przed godz. 9.30 na parking przy ko\u015bciele w Bondyrzu zacz\u0119\u0142y zaje\u017cd\u017ca\u0107 samochody &#8211; nie tylko z Zamo\u015bcia, ale te\u017c z dalsza i bli\u017csza. Rejestracje by\u0142y z pow. tomaszowskiego, bi\u0142gorajskiego, zamojskiego a nawet \u0141\u0119cznej.<\/p>\n<p style=\"text-align: justify;\">Nazbiera\u0142a si\u0119 nawet spora grupka 21 os\u00f3b i piesek.<\/p>\n<p style=\"text-align: justify;\">Przyby\u0142ych przywita\u0142 kol. Andrzej Dziaduszek prezes Klubu Turystyczno-Krajoznawczego PTTK im. Micha\u0142a Pieszki w Zamo\u015bciu, kt\u00f3ry opowiedzia\u0142 kilka s\u0142\u00f3w o Bondyrzu i okolicy oraz o celu naszej wycieczki.<\/p>\n<p style=\"text-align: justify;\">Obecnie wioska jest w innym miejscu ni\u017c w XVIII i XIX w. Domy znajdowa\u0142y na zboczu ze wzgl\u0119du, \u017ce Wieprz szczeg\u00f3lnie wiosn\u0105 toczy\u0142 ogromne ilo\u015bci wody po roztopach i zalewana by\u0142a ca\u0142a dolina.<\/p>\n<p style=\"text-align: justify;\">Uczcili\u015bmy 79 rocznic\u0119 bitwy pod Lasowcami i 159 rocznic\u0119 wybuchu powstania styczniowego. Nast\u0119pnie weszli\u015bmy do ko\u015bcio\u0142a parafialnego. Pi\u0119kna \u015bwi\u0105tynia wybudowana zosta\u0142a w po\u0142owie XX w. w stylu zakopia\u0144skim. \u015awi\u0105tynia zosta\u0142a zaprojektowana przez zamojskiego architekta Adama Kilimka a miejscowi stolarze przyozdobili \u015bwi\u0105tyni\u0119 wewn\u0105trz.<\/p>\n<p style=\"text-align: justify;\">P\u00f3\u017aniej rozpocz\u0119li\u015bmy zimowe w\u0119drowanie. Szli\u015bmy coraz g\u0142\u0119bszym w\u0105wozem, kt\u00f3ry naukowcy nazywaj\u0105 g\u0142\u0119bocznic\u0105, poniewa\u017c t\u0119dy prowadzi droga i nie ko\u0144czy si\u0119 pionow\u0105 \u015bcian\u0105. W\u0105w\u00f3z jest niezwykle fotogeniczny &#8211; jest rajem dla fotograf\u00f3w.<\/p>\n<p style=\"text-align: justify;\">Za zagajnikiem \u015bwierkowym znajduje si\u0119 dwugaj\u00f3wka wraz zabudowaniami gospodarczymi. Od ponad 40 lat tutaj ju\u017c nikt nie mieszka. Na zdj\u0119ciach wida\u0107 obej\u015bcie. Budynek powoli odchodzi do przesz\u0142o\u015bci. Powsta\u0142 zapewne na pocz\u0105tku XX w. lub wcze\u015bniej. Tutaj odpoczywali partyzanci wycofuj\u0105cy si\u0119 z Lasowiec. St\u0105d doszli do Bondyrza. Rozpalili\u015bmy ognisko, piekli\u015bmy kie\u0142baski i chleb. P\u00f3\u017aniej wspominali\u015bmy mieszka\u0144c\u00f3w Bondyrza, kt\u00f3rzy s\u0105 w pami\u0119ci tubylc\u00f3w. Edward powiedzia\u0142 o kilku ciekawostkach. Ognisko i wspominki trwa\u0142y ok. 1 godziny. S\u0142oneczko nam przygrzewa\u0142o i le\u015bna cisza nas otacza\u0142a. W pewnym momencie szczekaniem odezwa\u0142 si\u0119 kozio\u0142ek (m\u0105\u017c sarny). Dawa\u0142 nam zna\u0107, \u017ceby\u015bmy ju\u017c sobie poszli st\u0105d. \u00a0Poszli\u015bmy na rozstajne drogi. W lewo droga prowadzi do rezerwatu Debry w prawo do Lasowiec, a na po\u0142udnie do Starej Huty. Doszli\u015bmy na niewielk\u0105 polank\u0119, na kt\u00f3rej jest babrzysko (kopi\u0105 si\u0119 tutaj dziki). Miejsce to jest szczeg\u00f3lnie, niegdy\u015b op\u0119ta\u0142 nas tutaj b\u0142\u0105d na rajdzie nocnym. W ulewie prawie ca\u0142\u0105 noc \u0142azili\u015bmy po jarach i zaro\u015blach. Wydawa\u0142o si\u0119, \u017ce za ka\u017cdym krzakiem czai si\u0119 wilko\u0142ak. GPS wskaza\u0142, \u017ce musimy i\u015b\u0107 na p\u00f3\u0142noc. Widoczna droga z koleinami doprowadzi\u0142a nas do kapliczki na s\u0142upku. Dooko\u0142a wida\u0107 zdzicza\u0142e drzewa owocowe i niewielkie zaro\u015bla. Tutaj znajdowa\u0142y si\u0119 2 domy. Zapewne m\u0142ode ma\u0142\u017ce\u0144stwa uciek\u0142y od gderliwych te\u015bciowych i tutaj wybudowali domy. Zosta\u0142y teraz tylko pozosta\u0142o\u015bci dom\u00f3w &#8211; kamienie z pieca. Mieszka\u0144cy korzystali z wody ze \u017ar\u00f3d\u0142a przy gaj\u00f3wce. Chwila odpoczynku i schodzimy kr\u0119t\u0105, w\u0105sk\u0105 drog\u0105 do w\u0105wozu. W drodze powrotnej 2 uczestnik\u00f3w wesz\u0142o po stromym stoku w g\u00f3r\u0119. Zej\u015bcie by\u0142o nieco trudniejsze.Stamt\u0105d jest wspania\u0142y widok na w\u0105w\u00f3z, oczywi\u015bcie jak nie ma li\u015bci na zaro\u015blach. Doszli\u015bmy do miejsca wyj\u015bcia, ale nie by\u0142 to koniec wycieczki. Poszli\u015bmy na zach\u00f3d i p\u00f3\u0142noc nad Wieprz. Tutaj stoi stary m\u0142yn, ju\u017c nieczynny. M\u0142yn zosta\u0142 wybudowany w 1917 r. na miejscu starego. Mo\u017ce tutaj jeszcze ukrywaj\u0105 si\u0119 m\u0142y\u0144skie czarty. W tym miejscu od wiek\u00f3w znajdowa\u0142y si\u0119 m\u0142yny nap\u0119dzane energi\u0105 spadaj\u0105cej wody na ko\u0142o m\u0142y\u0144skie.\u00a0 Nie ma ju\u017c niestety ko\u0142a, mo\u017ce jest w naprawie&#8230;<\/p>\n<p style=\"text-align: justify;\">Wszystkich zainteresowa\u0142y ruiny tajemniczego budynku &#8211; by\u0142a to \u0142a\u017ania. Budynek zosta\u0142 wybudowany z miejscowego kamienia (opoki) i naro\u017cniki z czerwonej ceg\u0142y. Wiele budynk\u00f3w zosta\u0142o tak wybudowanych w Ordynacji Zamojskiej. Powr\u00f3cili\u015bmy do samochod\u00f3w, tutaj Andrzej po\u017cegna\u0142 uczestnik\u00f3w oraz zaprosi\u0142 na nast\u0119pn\u0105 wycieczk\u0119. Pojechali\u015bmy p\u00f3\u017aniej do mogi\u0142y powsta\u0144ca z 1863 roku przy trakcie krasnobrodzkim na wsch\u00f3d od Bondyrza. Zapalony znicz postawi\u0142 najm\u0142odszy turysta.<\/p>\n<p>Po kilku informacjach o samotnych mogi\u0142ach powsta\u0144czych w okolicy z \u017calem si\u0119 po\u017cegnali\u015bmy.<\/p>\n<p>Dzi\u0119kujemy za uczestnictwo i do spotkania na nast\u0119pnej wycieczce po pi\u0119knym Roztoczu z przewodnikami PTTK z Oddzia\u0142u w Zamo\u015bciu.<\/p>\n<p>Wspomnienia i zdj\u0119cia Edwarda S\u0142oniewskiego.<\/p>\n<hr \/>\n<p>[huge_it_slider id=&#8221;268 &#8222;]<\/p>\n<hr \/>\n<p>[huge_it_slider id=&#8221;270 &#8222;]<\/p>\n<hr \/>\n<p>[huge_it_slider id=&#8221;271 &#8222;]<\/p>\n","protected":false},"excerpt":{"rendered":"<p>Pisz\u0119 wspomnienia w niedziel\u0119, wygl\u0105dam za okno i ciesz\u0119 si\u0119, \u017ce wczoraj mieli\u015bmy szcz\u0119\u015bcie do pogody. Lekki mrozik, pod nogami chrz\u0119\u015bci\u0142 zmro\u017cony \u015bnieg i l\u00f3d \u00a0a nawet ka\u0142u\u017ce zamarz\u0142y i w w\u0105wozie nie dokucza\u0142 wiatr. Pogoda wymarzona na zimow\u0105 w\u0119dr\u00f3wk\u0119.\u00a0 &hellip; <a class=\"more-link\" href=\"https:\/\/zamosc.pttk.pl\/wordpress\/?page_id=18098\">Czytaj dalej <span class=\"meta-nav\">&rarr;<\/span><\/a><\/p>\n","protected":false},"author":1,"featured_media":0,"parent":0,"menu_order":0,"comment_status":"closed","ping_status":"closed","template":"","meta":{"footnotes":""},"class_list":["post-18098","page","type-page","status-publish","hentry"],"_links":{"self":[{"href":"https:\/\/zamosc.pttk.pl\/wordpress\/index.php?rest_route=\/wp\/v2\/pages\/18098","targetHints":{"allow":["GET"]}}],"collection":[{"href":"https:\/\/zamosc.pttk.pl\/wordpress\/index.php?rest_route=\/wp\/v2\/pages"}],"about":[{"href":"https:\/\/zamosc.pttk.pl\/wordpress\/index.php?rest_route=\/wp\/v2\/types\/page"}],"author":[{"embeddable":true,"href":"https:\/\/zamosc.pttk.pl\/wordpress\/index.php?rest_route=\/wp\/v2\/users\/1"}],"replies":[{"embeddable":true,"href":"https:\/\/zamosc.pttk.pl\/wordpress\/index.php?rest_route=%2Fwp%2Fv2%2Fcomments&post=18098"}],"version-history":[{"count":7,"href":"https:\/\/zamosc.pttk.pl\/wordpress\/index.php?rest_route=\/wp\/v2\/pages\/18098\/revisions"}],"predecessor-version":[{"id":18170,"href":"https:\/\/zamosc.pttk.pl\/wordpress\/index.php?rest_route=\/wp\/v2\/pages\/18098\/revisions\/18170"}],"wp:attachment":[{"href":"https:\/\/zamosc.pttk.pl\/wordpress\/index.php?rest_route=%2Fwp%2Fv2%2Fmedia&parent=18098"}],"curies":[{"name":"wp","href":"https:\/\/api.w.org\/{rel}","templated":true}]}}