{"id":18002,"date":"2022-01-11T15:59:16","date_gmt":"2022-01-11T14:59:16","guid":{"rendered":"http:\/\/zamosc.pttk.pl\/wordpress\/?page_id=18002"},"modified":"2022-01-11T15:59:43","modified_gmt":"2022-01-11T14:59:43","slug":"rajdy-w-2022-roku","status":"publish","type":"page","link":"https:\/\/zamosc.pttk.pl\/wordpress\/?page_id=18002","title":{"rendered":"Rajdy w 2022 roku"},"content":{"rendered":"<p><a href=\"https:\/\/zamosc.pttk.pl\/wordpress\/wp-content\/uploads\/2022\/01\/kalendarz-1.jpg\"><img loading=\"lazy\" decoding=\"async\" class=\"alignleft size-medium wp-image-18000\" src=\"https:\/\/zamosc.pttk.pl\/wordpress\/wp-content\/uploads\/2022\/01\/kalendarz-1-215x300.jpg\" alt=\"\" width=\"215\" height=\"300\" \/><\/a>\u00a0Kliknij na zdj\u0119cie, aby powi\u0119kszy\u0107.<\/p>\n<p><a href=\"https:\/\/zamosc.pttk.pl\/wordpress\/wp-content\/uploads\/2022\/01\/kalendarz-2022b.pdf\"><span style=\"font-size: 16px;\">Kalendarz Rajd\u00f3w w 2022 r. (pdf) &gt;&gt;&gt;<\/span><\/a><\/p>\n","protected":false},"excerpt":{"rendered":"<p>\u00a0Kliknij na zdj\u0119cie, aby powi\u0119kszy\u0107. Kalendarz Rajd\u00f3w w 2022 r. (pdf) &gt;&gt;&gt; &hellip; <a class=\"more-link\" href=\"https:\/\/zamosc.pttk.pl\/wordpress\/?page_id=18002\">Czytaj dalej <span class=\"meta-nav\">&rarr;<\/span><\/a><\/p>\n","protected":false},"author":1,"featured_media":0,"parent":0,"menu_order":0,"comment_status":"closed","ping_status":"closed","template":"","meta":{"footnotes":""},"class_list":["post-18002","page","type-page","status-publish","hentry"],"_links":{"self":[{"href":"https:\/\/zamosc.pttk.pl\/wordpress\/index.php?rest_route=\/wp\/v2\/pages\/18002","targetHints":{"allow":["GET"]}}],"collection":[{"href":"https:\/\/zamosc.pttk.pl\/wordpress\/index.php?rest_route=\/wp\/v2\/pages"}],"about":[{"href":"https:\/\/zamosc.pttk.pl\/wordpress\/index.php?rest_route=\/wp\/v2\/types\/page"}],"author":[{"embeddable":true,"href":"https:\/\/zamosc.pttk.pl\/wordpress\/index.php?rest_route=\/wp\/v2\/users\/1"}],"replies":[{"embeddable":true,"href":"https:\/\/zamosc.pttk.pl\/wordpress\/index.php?rest_route=%2Fwp%2Fv2%2Fcomments&post=18002"}],"version-history":[{"count":2,"href":"https:\/\/zamosc.pttk.pl\/wordpress\/index.php?rest_route=\/wp\/v2\/pages\/18002\/revisions"}],"predecessor-version":[{"id":18005,"href":"https:\/\/zamosc.pttk.pl\/wordpress\/index.php?rest_route=\/wp\/v2\/pages\/18002\/revisions\/18005"}],"wp:attachment":[{"href":"https:\/\/zamosc.pttk.pl\/wordpress\/index.php?rest_route=%2Fwp%2Fv2%2Fmedia&parent=18002"}],"curies":[{"name":"wp","href":"https:\/\/api.w.org\/{rel}","templated":true}]}}