{"id":17560,"date":"2021-12-08T09:57:31","date_gmt":"2021-12-08T08:57:31","guid":{"rendered":"http:\/\/zamosc.pttk.pl\/wordpress\/?page_id=17560"},"modified":"2021-12-12T18:41:36","modified_gmt":"2021-12-12T17:41:36","slug":"23-rajd-mikolajkowy","status":"publish","type":"page","link":"https:\/\/zamosc.pttk.pl\/wordpress\/?page_id=17560","title":{"rendered":"23 Rajd Miko\u0142ajkowy"},"content":{"rendered":"<p><a href=\"https:\/\/zamosc.pttk.pl\/wordpress\/wp-content\/uploads\/2021\/12\/znaczek-jp.jpg\"><img loading=\"lazy\" decoding=\"async\" class=\"size-medium wp-image-17579 alignleft\" src=\"https:\/\/zamosc.pttk.pl\/wordpress\/wp-content\/uploads\/2021\/12\/znaczek-jp-300x300.jpg\" alt=\"\" width=\"300\" height=\"300\" srcset=\"https:\/\/zamosc.pttk.pl\/wordpress\/wp-content\/uploads\/2021\/12\/znaczek-jp-300x300.jpg 300w, https:\/\/zamosc.pttk.pl\/wordpress\/wp-content\/uploads\/2021\/12\/znaczek-jp-200x200.jpg 200w, https:\/\/zamosc.pttk.pl\/wordpress\/wp-content\/uploads\/2021\/12\/znaczek-jp-768x768.jpg 768w, https:\/\/zamosc.pttk.pl\/wordpress\/wp-content\/uploads\/2021\/12\/znaczek-jp-144x144.jpg 144w, https:\/\/zamosc.pttk.pl\/wordpress\/wp-content\/uploads\/2021\/12\/znaczek-jp.jpg 857w\" sizes=\"auto, (max-width: 300px) 100vw, 300px\" \/><\/a><\/p>\n<p style=\"text-align: justify;\">Wspomnienia<\/p>\n<p style=\"text-align: justify;\">23 Rajd Miko\u0142ajkowy w tym roku odby\u0142 si\u0119w okolicach Szewni Dolnej w Lasach Komisarskich. Spotkali\u015bmy si\u0119 przy pomniku powstania zamojskiego na skraju Szewni Dolnej, gdzie Andrzej opowiedzia\u0142 o wydarzeniach historycznych z grudnia 1942 &#8211; tzn. o pierwszej otwartej bitwie BCh z hitlerowcami w dniu 30 grudnia 1942 r. Nast\u0119pnie wyruszyli\u015bmy liczn\u0105 grup\u0105 (ponad stu uczestnik\u00f3w) pod g\u00f3r\u0119 szlakiem zielonym im. Aleksandry Wachniewskiej. Cz\u0119\u015b\u0107 os\u00f3b na start przyjecha\u0142o swoimi samochodami. Najm\u0142odszy uczestnik jecha\u0142 w\u00f3zkiem popychanym przez dziadka. Pogoda by\u0142a pi\u0119kna, by\u0142 lekki mrozik i s\u0142oneczko wygl\u0105da\u0142o zza chmur. Po prawej towarzyszy\u0142y nam malownicze jary i przestoje buk\u00f3w o dziwnych kszta\u0142tach pokryte szadzi\u0105. W\u0119dr\u00f3wka pod g\u00f3r\u0119 rozgrza\u0142a uczestnik\u00f3w i niekt\u00f3rzy zacz\u0119li zdejmowa\u0107 kurtki. Pierwszy d\u0142u\u017cszy post\u00f3j i odpoczynek odby\u0142 si\u0119 na malowniczej polance przy szlaku niebieskim \u201eWzg\u00f3rzami Roztocza\u201d. Tutaj wszyscy podziwiali pi\u0119kn\u0105 kapliczk\u0119 le\u015bn\u0105 niedawno ustawion\u0105 zapewne przez my\u015bliwych.<br \/>\nNiekt\u00f3rzy niecierpliwi w\u0119drowcy zacz\u0119li si\u0119 dopytywa\u0107 o \u015bw. Miko\u0142aja, cz\u0119sto pada\u0142o pytanie \u201edaleko jeszcze\u201d. Po drodze odwiedzili\u015bmy stary cmentarz prawos\u0142awny. Jest tam gr\u00f3b nieznanego polskiego \u017co\u0142nierza. Dalej szli\u015bmy g\u0142\u0119bocznic\u0105 do Szewni Dolnej. Zobaczyli\u015bmy ko\u015bci\u00f3\u0142ek filialny, kiedy\u015b to by\u0142a cerkiewka.<br \/>\nPrzed wiejsk\u0105 \u015bwietlic\u0105 oczekiwa\u0142 na nas \u015bw. Miko\u0142aj i druhowie z OSP Szewnia Dolna. Poszli\u015bmy do pal\u0105cego si\u0119 ogniska.<br \/>\nPo upieczeniu kie\u0142basek i pianek \u015bwi\u0119ty Miko\u0142aj rozdawa\u0142 dla wszystkich s\u0142odkie smako\u0142yki. P\u00f3\u017aniej kol. Andrzej ze \u015bw. Miko\u0142ajem wr\u0119czyli m\u0142odym turystom odznaki turystyki pieszej (OTP) za aktywne uczestnictwo w w\u0119dr\u00f3wkach. Nast\u0119pnie rozpocz\u0119\u0142a si\u0119 sesja zdj\u0119ciowa ze \u015bw. Miko\u0142ajem, kt\u00f3ra trwa\u0142a do\u015b\u0107 d\u0142ugo i nie zosta\u0142o czasu na konkursy. S\u0142oneczko ju\u017c si\u0119 schowa\u0142o za chmurki i stawa\u0142o si\u0119 coraz ciemnej. Czas wraca\u0107 do domu. Najliczniejsza grupa by\u0142a z SP w Nieliszu, by\u0142y te\u017c grupy z SP nr 3 w Zamo\u015bciu i SP Nr 7 oraz ca\u0142e rodzinki.<br \/>\nPogoda nam sprzyja, wi\u0119c zapraszamy na kolejne spotkania w przysz\u0142ym roku.<br \/>\nWspomina\u0142 prowadz\u0105cy PTP Andrzej, \u015bw. Miko\u0142aj na drugie te\u017c mia\u0142 Andrzej&#8230;<\/p>\n<p><a href=\"https:\/\/www.facebook.com\/profile.php?id=100002498960874\">Wspomnienia z Rajdu na FB &gt;&gt;&gt;&gt;<\/a><\/p>\n<p>[huge_it_slider id=&#8221;254 &#8222;]<\/p>\n","protected":false},"excerpt":{"rendered":"<p>Wspomnienia 23 Rajd Miko\u0142ajkowy w tym roku odby\u0142 si\u0119w okolicach Szewni Dolnej w Lasach Komisarskich. Spotkali\u015bmy si\u0119 przy pomniku powstania zamojskiego na skraju Szewni Dolnej, gdzie Andrzej opowiedzia\u0142 o wydarzeniach historycznych z grudnia 1942 &#8211; tzn. o pierwszej otwartej bitwie &hellip; <a class=\"more-link\" href=\"https:\/\/zamosc.pttk.pl\/wordpress\/?page_id=17560\">Czytaj dalej <span class=\"meta-nav\">&rarr;<\/span><\/a><\/p>\n","protected":false},"author":1,"featured_media":0,"parent":0,"menu_order":0,"comment_status":"closed","ping_status":"closed","template":"","meta":{"footnotes":""},"class_list":["post-17560","page","type-page","status-publish","hentry"],"_links":{"self":[{"href":"https:\/\/zamosc.pttk.pl\/wordpress\/index.php?rest_route=\/wp\/v2\/pages\/17560","targetHints":{"allow":["GET"]}}],"collection":[{"href":"https:\/\/zamosc.pttk.pl\/wordpress\/index.php?rest_route=\/wp\/v2\/pages"}],"about":[{"href":"https:\/\/zamosc.pttk.pl\/wordpress\/index.php?rest_route=\/wp\/v2\/types\/page"}],"author":[{"embeddable":true,"href":"https:\/\/zamosc.pttk.pl\/wordpress\/index.php?rest_route=\/wp\/v2\/users\/1"}],"replies":[{"embeddable":true,"href":"https:\/\/zamosc.pttk.pl\/wordpress\/index.php?rest_route=%2Fwp%2Fv2%2Fcomments&post=17560"}],"version-history":[{"count":9,"href":"https:\/\/zamosc.pttk.pl\/wordpress\/index.php?rest_route=\/wp\/v2\/pages\/17560\/revisions"}],"predecessor-version":[{"id":17917,"href":"https:\/\/zamosc.pttk.pl\/wordpress\/index.php?rest_route=\/wp\/v2\/pages\/17560\/revisions\/17917"}],"wp:attachment":[{"href":"https:\/\/zamosc.pttk.pl\/wordpress\/index.php?rest_route=%2Fwp%2Fv2%2Fmedia&parent=17560"}],"curies":[{"name":"wp","href":"https:\/\/api.w.org\/{rel}","templated":true}]}}