{"id":17557,"date":"2021-12-08T09:56:53","date_gmt":"2021-12-08T08:56:53","guid":{"rendered":"http:\/\/zamosc.pttk.pl\/wordpress\/?page_id=17557"},"modified":"2021-12-12T12:09:19","modified_gmt":"2021-12-12T11:09:19","slug":"52-rajd-pieczony-ziemniak","status":"publish","type":"page","link":"https:\/\/zamosc.pttk.pl\/wordpress\/?page_id=17557","title":{"rendered":"52 Rajd &#8222;Pieczony Ziemniak&#8221;"},"content":{"rendered":"<p><a href=\"https:\/\/zamosc.pttk.pl\/wordpress\/wp-content\/uploads\/2021\/12\/znaczek21.png\"><img loading=\"lazy\" decoding=\"async\" class=\"size-medium wp-image-17576 alignnone alignleft\" src=\"https:\/\/zamosc.pttk.pl\/wordpress\/wp-content\/uploads\/2021\/12\/znaczek21-300x300.png\" alt=\"\" width=\"300\" height=\"300\" srcset=\"https:\/\/zamosc.pttk.pl\/wordpress\/wp-content\/uploads\/2021\/12\/znaczek21-300x300.png 300w, https:\/\/zamosc.pttk.pl\/wordpress\/wp-content\/uploads\/2021\/12\/znaczek21-200x200.png 200w, https:\/\/zamosc.pttk.pl\/wordpress\/wp-content\/uploads\/2021\/12\/znaczek21-768x766.png 768w, https:\/\/zamosc.pttk.pl\/wordpress\/wp-content\/uploads\/2021\/12\/znaczek21-144x144.png 144w, https:\/\/zamosc.pttk.pl\/wordpress\/wp-content\/uploads\/2021\/12\/znaczek21-301x300.png 301w, https:\/\/zamosc.pttk.pl\/wordpress\/wp-content\/uploads\/2021\/12\/znaczek21.png 772w\" sizes=\"auto, (max-width: 300px) 100vw, 300px\" \/><\/a>Wspomnienia<\/p>\n<p style=\"text-align: justify;\">Trzy autokary przywioz\u0142y uczestnik\u00f3w na jesienny Rajd. Pogoda wprost wymarzona jak na t\u0105 por\u0119 roku. Wspania\u0142e widoki i cudowne kolory jesieni i li\u015bci buk\u00f3w i grab\u00f3w na Roztoczu Zachodnim.<br \/>\nTrasa I wyruszy\u0142a ze Szper\u00f3wki G\u00f3rnej prowadzi\u0142 i opowiada\u0142 Adam Przodownik Turystyki Pieszej z naszego Oddzia\u0142u. Na ko\u0144cu pilnowali, aby nikt si\u0119 zgubi\u0142 w w\u0105wozach zwanych debrami, Agnieszka -Przewodnik PTTK i Marian Przodownik Turystyki Pieszej. Uczestnicy przeszli przez niewielki przysi\u00f3\u0142ek po\u0142o\u017cony na wzg\u00f3rzu \u015awiniarki. P\u00f3\u017aniej poszli g\u0142\u0119bokim w\u0105wozem przez Las Zaburski. Tam obejrzeli pomnik upami\u0119tniaj\u0105cy wydarzenie z dn. 29 maja 1944 r. Tutaj partyzanci AK i BCh w ci\u0119\u017ckich czasach okupacji niemieckiej obchodzili tradycyjne \u015awi\u0119to Ludowe na Zielone \u015awi\u0105tki. W tym spotkaniu wzi\u0119\u0142o udzia\u0142 setki mieszka\u0144c\u00f3w okolicznych wiosek i partyzant\u00f3w. Tury\u015bci w\u0119drowali dalej w\u0105wozem\u00a0 na wsch\u00f3d. Wszyscy byli zauroczeni ogl\u0105danymi widokami. Kiedy wyszli z lasu zobaczyli uczestnik\u00f3w trasy II.<br \/>\nTrasa II wyrusza\u0142a z mety w S\u0105siadce. Prowadzili : Edward PTP oraz Joasia i Darek przewodnicy PTTK. Na trasie te\u017c w\u0119drowa\u0142 Janusz PTP. Wi\u0119kszo\u015b\u0107 drogi wspinali\u015bmy si\u0119 g\u0142\u0119bocznic\u0105 na wzg\u00f3rze, kt\u00f3ra do granicy gmin jest utwardzona p\u0142ytami betonowymi. Po drodze mijali\u015bmy wa\u0142y grodziska Sutiejsk.<br \/>\nWszystkich zainteresowa\u0142a kapliczka w pniu z drewna z postaci\u0105 \u015bw. biskupa. Niekt\u00f3rzy my\u015bleli, \u017ce to \u015bw. Miko\u0142aj, inni, \u017ce \u015bw. Stanis\u0142aw, a to by\u0142 \u015bw. Ambro\u017cy patron pszczelarzy. Na wzg\u00f3rzu zobaczyli\u015bmy samotny krzy\u017c na polu. Edward wyt\u0142umaczy\u0142, \u017ce w tym miejscu by\u0142o samotne gospodarstwo. Mieszka\u0144cy wyprowadzili si\u0119 na d\u00f3\u0142 do wioski, bo tu nie by\u0142o studni. Budynki rozebrali i na pami\u0105tk\u0119 postawili krzy\u017c. Doszli\u015bmy do rozstajnych dr\u00f3g sko\u0144czy\u0142y si\u0119 p\u0142yty i dalej by\u0142a droga gruntowa.<br \/>\nEdward wskaza\u0142, gdzie s\u0105 w\u0105wozy, lasy i wzg\u00f3rza, kt\u00f3re maj\u0105 miejscowe nazwy: Jar \u015aredni, Cuple, Wyr\u0105b, Kucowizna, Kamienny D\u00f3\u0142, Las Zaburski i Las Roz\u0142opski, Zadolinie, Pole Babiuszki, Martyna.<br \/>\nW prawo prowadzi\u0142a droga do Po\u017carek i \u015awiniarek, a w lewo szlak centralny prowadzi do Doroszewczyzny i Szper\u00f3wki. Teraz w\u0105wozem doszli\u015bmy do g\u0142\u0119bokiej doliny i pola uprawnego. Kr\u00f3tka przerwa na odpoczynek i posilenie si\u0119 kanapkami. Nie by\u0142o wida\u0107 w okolicy \u017cadnego zwierza tylko \u015blady dzik\u00f3w i saren. Tutaj znowu w dolinie dmucha\u0142 wiaterek, ale s\u0142oneczko nas ogrzewa\u0142o. W\u0119drowcom podoba\u0142y si\u0119 przecudne kolorowe li\u015bcie i krajobraz. Poszli\u015bmy jeszcze ok. jednego kilometra i zatrzymali\u015bmy si\u0119 na odpoczynek na skraju lasu. Maluchy mia\u0142y fajn\u0105 zabaw\u0119 biegaj\u0105c pod g\u00f3r\u0119 i z g\u00f3ry. Chocia\u017c z zasi\u0119giem telefon\u00f3w nie by\u0142o za dobrze, ale otrzymali\u015bmy wiadomo\u015b\u0107 od koleg\u00f3w, \u017ce grupa pierwsza jest tu\u017c, tu\u017c&#8230; Kiedy wyszli g\u0119siego z lasu, wyruszyli\u015bmy im na spotkanie.\u00a0 Os\u0142oni\u0119ci od wiatru czekali\u015bmy na nich. Wracamy na met\u0119.<br \/>\nPo drodze by\u0142o wspinanie si\u0119 pod g\u00f3r\u0119, a dalej wspania\u0142e widoki na Pad\u00f3\u0142 Zamojski i dolin\u0119 Poru.<br \/>\nKiedy dochodzili\u015bmy na met\u0119 poczuli\u015bmy zapach ogniska i piek\u0105cych si\u0119 ziemniak\u00f3w.\u00a0 Na mecie by\u0142o moc atrakcji. Koledzy dwaj Andrzeje zastosowali ciekaw\u0105 metod\u0119 pieczenia. Ka\u017cdy ziemniak by\u0142 okr\u0119cony w foli\u0119.<br \/>\nPo odpoczynku rozpocz\u0119\u0142y si\u0119 konkursy: krajoznawczy, rzut podkow\u0105, najpi\u0119kniejszy bukiet jesieni ni rze\u017aby w ziemniaku. Komisje mia\u0142y problem wybrania najpi\u0119kniejszych bukiet\u00f3w i rze\u017ab, wi\u0119c wszyscy otrzymali I miejsce i jednakowe nagrody.<br \/>\nNajwi\u0119ksz\u0105 atrakcj\u0105\u00a0 na Rajdzie by\u0142o spotkanie z rycerzem Krzysztofem z grupy rekonstrukcyjnej\u00a0 Grodu Sutiejsk i pani\u0105 Sabin\u0105 ze Stowarzyszenia Grodzisko S\u0105siadka\u00a0 Dawny Sutiejsk.<br \/>\nUczestnicy z ciekawo\u015bci\u0105 ogl\u0105dali ich ubiory i r\u00f3\u017cne akcesoria. Pan Krzysztof pokazywa\u0142 sk\u00f3ry, \u0142uki, strza\u0142y, tarcze i garnki z gliny. Pani Sabina pokaza\u0142a zabaw\u0119 z zrzucaniem z \u0142awki.\u00a0 Zabawa cieszy\u0142a si\u0119 ogromnym powodzeniem w\u015br\u00f3d m\u0142odzie\u017cy. Mo\u017cna by\u0142o te\u017c zakupi\u0107 starodawny \u015bwie\u017co wybity pieni\u0105\u017cek. W imieniu uczestnik\u00f3w serdecznie dzi\u0119kujemy gospodarzom za atrakcje i mi\u0142e przyj\u0119cie.<br \/>\nDu\u017c\u0105 atrakcj\u0105 by\u0142o zwiedzanie grodziska oraz turlanie si\u0119 po zboczu.<br \/>\nM\u0142odzi piechurzy, kt\u00f3rzy w\u0119druj\u0105 na naszych rajdach otrzymali zdobyte odznaki turystyki pieszej.<br \/>\nTo nic, \u017ce troszk\u0119 pokropi\u0142 jesienny deszczyk, nikomu nie chcia\u0142o si\u0119 wraca\u0107 do domu.<br \/>\nPrawie wszystkie pieczone ziemniaki zosta\u0142y zjedzone.<br \/>\nW Rajdzie uczestniczy\u0142y (170 os\u00f3b) dru\u017cyny ze szk\u00f3\u0142: Nr 3 w Zamo\u015bciu, Nr 7 w Zamo\u015bciu, SP w Szczebrzeszynie, SP w Nieliszu i SP w Z\u0142ojcu. Przyby\u0142a te\u017c grupa m\u0142odzie\u017cy student\u00f3w z Akademii Zamojskiej, w tym z Ukrainy, kt\u00f3rzy studiuj\u0105 turystyk\u0119 i rekreacj\u0119. By\u0142a r\u00f3wnie\u017c spora grupka turyst\u00f3w indywidualnych w tym senior\u00f3w z kijkami.<br \/>\nPodzi\u0119kowania: dla Opiekun\u00f3w m\u0142odzie\u017cy, rodzic\u00f3w, kadry Oddzia\u0142u PTTK w Zamo\u015bciu:<br \/>\nAdamowi, Marianowi, Agnieszce, Darkowi, Joasi, dwom Andrzejom za smakowicie upieczone ziemniaki, Januszowi.<br \/>\nKierowcom z firmy przewozowej p. Krzysztofa Borka za bezpieczn\u0105 jazd\u0119.<\/p>\n<p style=\"text-align: justify;\">52 Rajd \u201ePieczony Ziemniak\u201d by\u0142 w tym roku kolejnym, trzecim z cyklu \u201eSztafeta Mi\u0119dzypokoleniowa\u201d zaproponowanym przez Zarz\u0105d G\u0142\u00f3wny PTTK.<\/p>\n<p>[huge_it_slider id=&#8221;252 &#8222;]<\/p>\n","protected":false},"excerpt":{"rendered":"<p>Wspomnienia Trzy autokary przywioz\u0142y uczestnik\u00f3w na jesienny Rajd. Pogoda wprost wymarzona jak na t\u0105 por\u0119 roku. Wspania\u0142e widoki i cudowne kolory jesieni i li\u015bci buk\u00f3w i grab\u00f3w na Roztoczu Zachodnim. Trasa I wyruszy\u0142a ze Szper\u00f3wki G\u00f3rnej prowadzi\u0142 i opowiada\u0142 Adam &hellip; <a class=\"more-link\" href=\"https:\/\/zamosc.pttk.pl\/wordpress\/?page_id=17557\">Czytaj dalej <span class=\"meta-nav\">&rarr;<\/span><\/a><\/p>\n","protected":false},"author":1,"featured_media":0,"parent":0,"menu_order":0,"comment_status":"closed","ping_status":"closed","template":"","meta":{"footnotes":""},"class_list":["post-17557","page","type-page","status-publish","hentry"],"_links":{"self":[{"href":"https:\/\/zamosc.pttk.pl\/wordpress\/index.php?rest_route=\/wp\/v2\/pages\/17557","targetHints":{"allow":["GET"]}}],"collection":[{"href":"https:\/\/zamosc.pttk.pl\/wordpress\/index.php?rest_route=\/wp\/v2\/pages"}],"about":[{"href":"https:\/\/zamosc.pttk.pl\/wordpress\/index.php?rest_route=\/wp\/v2\/types\/page"}],"author":[{"embeddable":true,"href":"https:\/\/zamosc.pttk.pl\/wordpress\/index.php?rest_route=\/wp\/v2\/users\/1"}],"replies":[{"embeddable":true,"href":"https:\/\/zamosc.pttk.pl\/wordpress\/index.php?rest_route=%2Fwp%2Fv2%2Fcomments&post=17557"}],"version-history":[{"count":6,"href":"https:\/\/zamosc.pttk.pl\/wordpress\/index.php?rest_route=\/wp\/v2\/pages\/17557\/revisions"}],"predecessor-version":[{"id":17843,"href":"https:\/\/zamosc.pttk.pl\/wordpress\/index.php?rest_route=\/wp\/v2\/pages\/17557\/revisions\/17843"}],"wp:attachment":[{"href":"https:\/\/zamosc.pttk.pl\/wordpress\/index.php?rest_route=%2Fwp%2Fv2%2Fmedia&parent=17557"}],"curies":[{"name":"wp","href":"https:\/\/api.w.org\/{rel}","templated":true}]}}