{"id":17550,"date":"2021-12-08T09:54:40","date_gmt":"2021-12-08T08:54:40","guid":{"rendered":"http:\/\/zamosc.pttk.pl\/wordpress\/?page_id=17550"},"modified":"2021-12-12T10:49:01","modified_gmt":"2021-12-12T09:49:01","slug":"47-rajd-milosnikow-roztocza","status":"publish","type":"page","link":"https:\/\/zamosc.pttk.pl\/wordpress\/?page_id=17550","title":{"rendered":"47 Rajd &#8222;Mi\u0142o\u015bnik\u00f3w Roztocza&#8221;"},"content":{"rendered":"<p>Wspomnienia rajdowe<\/p>\n<p style=\"text-align: justify;\"><a href=\"https:\/\/zamosc.pttk.pl\/wordpress\/wp-content\/uploads\/2021\/12\/zna.jpg\"><img loading=\"lazy\" decoding=\"async\" class=\"size-medium wp-image-17568 alignnone alignleft\" src=\"https:\/\/zamosc.pttk.pl\/wordpress\/wp-content\/uploads\/2021\/12\/zna-300x300.jpg\" alt=\"\" width=\"300\" height=\"300\" srcset=\"https:\/\/zamosc.pttk.pl\/wordpress\/wp-content\/uploads\/2021\/12\/zna-300x300.jpg 300w, https:\/\/zamosc.pttk.pl\/wordpress\/wp-content\/uploads\/2021\/12\/zna-200x200.jpg 200w, https:\/\/zamosc.pttk.pl\/wordpress\/wp-content\/uploads\/2021\/12\/zna-768x769.jpg 768w, https:\/\/zamosc.pttk.pl\/wordpress\/wp-content\/uploads\/2021\/12\/zna-144x144.jpg 144w, https:\/\/zamosc.pttk.pl\/wordpress\/wp-content\/uploads\/2021\/12\/zna.jpg 773w\" sizes=\"auto, (max-width: 300px) 100vw, 300px\" \/><\/a>W sobot\u0119 18 wrze\u015bnia by\u0142o deszczowo, ponuro i pocz\u0105tkowo smutno. W czasie jazdy na start do \u0141asoch pada\u0142o a czasami la\u0142o. Nawet taka pogoda dla prawdziwych mi\u0142o\u015bnik\u00f3w Roztocza nie by\u0142a przeszkod\u0105.<\/p>\n<p style=\"text-align: justify;\">Na starcie przy \u015bwietlicy w \u0141asochach by\u0142a spora gromadka, przybyli te\u017c tury\u015bci indywidualni w\u0142asnymi samochodami. Andrzej przewodnik i przodownik turystyki pieszej pokr\u00f3tce opowiedzia\u0142 o trasie w\u0119dr\u00f3wki. 47 Rajd \u201eMi\u0142o\u015bnik\u00f3w Roztocza\u201d rozpocz\u0105\u0142 cykl jesiennych imprez pod has\u0142em \u201eVIII Mi\u0119dzypokoleniowa Sztafeta turystyczna\u201d. W rajdzie uczestniczy\u0142y z I klasy szko\u0142y podstawowej oraz osoby po siedemdziesi\u0105tce.\u00a0 Trasa w\u0119dr\u00f3wki dla wszystkich by\u0142a odpowiednia.<\/p>\n<p style=\"text-align: justify;\">Wyruszyli\u015bmy na w\u0119dr\u00f3wk\u0119 z ochot\u0105. Prowadzili Andrzej i Edward a na ko\u0144cu szli m\u0142odzi przewodnicy i Janusz przodownik turystyki pieszej. Wida\u0107 by\u0142o jesienn\u0105 mg\u0142\u0119 na wzg\u00f3rzach i czasem pojawia\u0142a si\u0119 m\u017cawka. W stron\u0119 najwy\u017cszego wzg\u00f3rza Roztocza w\u0119drowali\u015bmy szlakiem zielonym im. W\u0142adys\u0142awy Podobi\u0144skiej. Szlak zosta\u0142 w tym roku odnowiony, wida\u0107 by\u0142o nowiutkie znaki na drzewach. Dzi\u0119ki przej\u015bciu tak du\u017cej grupy zosta\u0142a wydeptana \u015bcie\u017cka, innym turystom b\u0119dzie \u0142atwiej w\u0119drowa\u0107. Po drodze mijali\u015bmy g\u0142\u0119bokie ka\u0142u\u017ce i zwalon\u0105 jod\u0142\u0119.<\/p>\n<p style=\"text-align: justify;\">W dolince by\u0142 kr\u00f3tki odpoczynek. Nast\u0119pnie szli\u015bmy pod g\u00f3r\u0119. R\u00f3\u017cnica wysoko\u015bci mi\u0119dzy \u0141asochami a szczytem Wapielni wynosi 190 m. Nieco sapi\u0105c doszli\u015bmy do w\u0119z\u0142a szlak\u00f3w niebieskiego &#8211; centralnego i zielonego &#8211; W\u0142. Podobi\u0144skiej. Edward opowiedzia\u0142 o tych szlakach. Nast\u0119pnie poszli\u015bmy szlakiem niebieskim do kapliczki na drzewie i skrzy\u017cowania dr\u00f3g. Tutaj jest granica powiat\u00f3w: zamojskiego i tomaszowskiego, granica gmin Krasnobr\u00f3d i Susiec oraz granica parafii Krasnobr\u00f3d i \u0141osiniec, dekanat\u00f3w Krasnobr\u00f3d i J\u00f3zef\u00f3w.<\/p>\n<p style=\"text-align: justify;\">Nast\u0119pnie wspinali\u015bmy si\u0119 na Wapielni\u0119. Edward opowiedzia\u0142 o wzg\u00f3rzu najwy\u017cszym na Roztoczu \u015arodkowym &#8211; 385 m. Wzg\u00f3rz jest widoczne a ponad 30 km. Zobaczyli\u015bmy znak wysoko\u015bciowy, niekt\u00f3rzy robili sobie zdj\u0119cia na pami\u0105tk\u0119 przy tym znaku.<\/p>\n<p style=\"text-align: justify;\">Schodzimy na d\u00f3\u0142 do wiaty na skraju lasu. Tutaj zg\u0142odniali mieli chwil\u0119 na drugie \u015bniadanie.<\/p>\n<p style=\"text-align: justify;\">Na p\u00f3\u0142nocy we mgle majaczy\u0142y maszty tel. kom\u00f3rkowych w \u0141uszczaczu. Wiata nie pomie\u015bci\u0142a wszystkich, pojawi\u0142 si\u0119 wiatr i zacz\u0105\u0142 pada\u0107 deszcz. Ruszyli\u015bmy w drog\u0119 powrotn\u0105. Po przej\u015bciu kilkuset metr\u00f3w ucich\u0142 wiatr i deszcz ju\u017c nie pada\u0142. Szli\u015bmy juz w drog\u0119 powrotn\u0105 tym razem w d\u00f3\u0142. By\u0142o troch\u0119 \u015blisko i by\u0142y koleiny tak, wi\u0119c nieuwa\u017cni sprawdzili jak si\u0119 jedzie po b\u0142ocie roztocza\u0144skim. Odwa\u017cni w gumiaczkach sprawdzali g\u0142\u0119boko\u015b\u0107 ka\u0142u\u017cy. Kto chcia\u0142 to krzakach wyszuka\u0142 kijek do pieczenia kie\u0142basy. Doszli\u015bmy na met\u0119 po 6.8 km w\u0119dr\u00f3wki. Ciekawe, \u017ce nikt nie marudzi\u0142. W \u0141asochach p\u0142on\u0119\u0142o ju\u017c ognisko. Marian musia\u0142 z trudem rozpali\u0107 ogie\u0144. S\u0105siad da\u0142 mu suche szczypki. \u00a0\u00a0Znowu od czasu do czasu zacz\u0105\u0142 pada\u0107 deszcz, dlatego rozpocz\u0119li\u015bmy tradycyjne konkursy. Krajoznawczy prowadzili Edward i Ewa, piosenki Monika\u00a0 i Kasia a rzut podkow\u0105 Darek.<\/p>\n<p style=\"text-align: left;\">Wr\u0119czono nast\u0119pnie nagrody i uczestnicy skryli si\u0119 przed deszczem w autokarach.<\/p>\n<p style=\"text-align: left;\">Podzi\u0119kowania za organizacje 47 Rajdu \u201eMi\u0142o\u015bnik\u00f3w Roztocza\u201d dla:<\/p>\n<p style=\"text-align: left;\">Pana Jana Kudyby so\u0142tysa \u0141asoch za udost\u0119pnienie \u015bwietlicy i drewno na ognisko.<\/p>\n<p style=\"text-align: left;\">Przodownikom TP Andrzejowi i Marianowi,<\/p>\n<p style=\"text-align: left;\">za pomoc w prowadzeniu trasy:<\/p>\n<p style=\"text-align: left;\">Przodownikowi turystyki pieszej Januszowi, Przewodnikom zamojskim: Darkowi, Asi, Ewie, Monice, Kasi.<\/p>\n<p style=\"text-align: left;\">Opiekunom grup szkolnych z SP Nr 3 w Zamo\u015bciu &#8211; najwi\u0119ksza grupa, szczeg\u00f3lne podzi\u0119kowania dla Pani Danusi, SP \u017bdan\u00f3w, SP Szczebrzeszyn i SP Z\u0142ojec i za udzia\u0142 w Rajdzie turystom indywidualnym.<\/p>\n<p style=\"text-align: left;\">Do spotkania w dniu 2 pa\u017adziernika na Rajdzie \u201eRydz na Patelni\u201d w Kaw\u0119czynku na terenie Roztocza Zachodniego. Tym razem rydz\u00f3w b\u0119dziemy poszukiwa\u0107 w Lesie Cetnar.<\/p>\n<p style=\"text-align: left;\">Wspomnienia napisa\u0142 i wykona\u0142 zdj\u0119cia Edward.<\/p>\n<p>[huge_it_slider id=&#8221;250 &#8222;]<\/p>\n","protected":false},"excerpt":{"rendered":"<p>Wspomnienia rajdowe W sobot\u0119 18 wrze\u015bnia by\u0142o deszczowo, ponuro i pocz\u0105tkowo smutno. W czasie jazdy na start do \u0141asoch pada\u0142o a czasami la\u0142o. Nawet taka pogoda dla prawdziwych mi\u0142o\u015bnik\u00f3w Roztocza nie by\u0142a przeszkod\u0105. Na starcie przy \u015bwietlicy w \u0141asochach by\u0142a &hellip; <a class=\"more-link\" href=\"https:\/\/zamosc.pttk.pl\/wordpress\/?page_id=17550\">Czytaj dalej <span class=\"meta-nav\">&rarr;<\/span><\/a><\/p>\n","protected":false},"author":1,"featured_media":0,"parent":0,"menu_order":0,"comment_status":"closed","ping_status":"closed","template":"","meta":{"footnotes":""},"class_list":["post-17550","page","type-page","status-publish","hentry"],"_links":{"self":[{"href":"https:\/\/zamosc.pttk.pl\/wordpress\/index.php?rest_route=\/wp\/v2\/pages\/17550","targetHints":{"allow":["GET"]}}],"collection":[{"href":"https:\/\/zamosc.pttk.pl\/wordpress\/index.php?rest_route=\/wp\/v2\/pages"}],"about":[{"href":"https:\/\/zamosc.pttk.pl\/wordpress\/index.php?rest_route=\/wp\/v2\/types\/page"}],"author":[{"embeddable":true,"href":"https:\/\/zamosc.pttk.pl\/wordpress\/index.php?rest_route=\/wp\/v2\/users\/1"}],"replies":[{"embeddable":true,"href":"https:\/\/zamosc.pttk.pl\/wordpress\/index.php?rest_route=%2Fwp%2Fv2%2Fcomments&post=17550"}],"version-history":[{"count":8,"href":"https:\/\/zamosc.pttk.pl\/wordpress\/index.php?rest_route=\/wp\/v2\/pages\/17550\/revisions"}],"predecessor-version":[{"id":17714,"href":"https:\/\/zamosc.pttk.pl\/wordpress\/index.php?rest_route=\/wp\/v2\/pages\/17550\/revisions\/17714"}],"wp:attachment":[{"href":"https:\/\/zamosc.pttk.pl\/wordpress\/index.php?rest_route=%2Fwp%2Fv2%2Fmedia&parent=17550"}],"curies":[{"name":"wp","href":"https:\/\/api.w.org\/{rel}","templated":true}]}}