{"id":17547,"date":"2021-12-08T09:53:36","date_gmt":"2021-12-08T08:53:36","guid":{"rendered":"http:\/\/zamosc.pttk.pl\/wordpress\/?page_id=17547"},"modified":"2021-12-12T09:54:52","modified_gmt":"2021-12-12T08:54:52","slug":"64-rajd-nocny-im-wladyslawy-podobinskiej","status":"publish","type":"page","link":"https:\/\/zamosc.pttk.pl\/wordpress\/?page_id=17547","title":{"rendered":"64 Rajd Nocny im. W\u0142adys\u0142awy Podobi\u0144skiej"},"content":{"rendered":"<p><a href=\"https:\/\/zamosc.pttk.pl\/wordpress\/wp-content\/uploads\/2021\/12\/znacz-str.jpg\"><img loading=\"lazy\" decoding=\"async\" class=\"size-medium wp-image-17563 alignleft\" src=\"https:\/\/zamosc.pttk.pl\/wordpress\/wp-content\/uploads\/2021\/12\/znacz-str-300x300.jpg\" alt=\"\" width=\"300\" height=\"300\" srcset=\"https:\/\/zamosc.pttk.pl\/wordpress\/wp-content\/uploads\/2021\/12\/znacz-str-300x300.jpg 300w, https:\/\/zamosc.pttk.pl\/wordpress\/wp-content\/uploads\/2021\/12\/znacz-str-200x200.jpg 200w, https:\/\/zamosc.pttk.pl\/wordpress\/wp-content\/uploads\/2021\/12\/znacz-str-768x765.jpg 768w, https:\/\/zamosc.pttk.pl\/wordpress\/wp-content\/uploads\/2021\/12\/znacz-str-144x144.jpg 144w, https:\/\/zamosc.pttk.pl\/wordpress\/wp-content\/uploads\/2021\/12\/znacz-str-301x300.jpg 301w, https:\/\/zamosc.pttk.pl\/wordpress\/wp-content\/uploads\/2021\/12\/znacz-str.jpg 821w\" sizes=\"auto, (max-width: 300px) 100vw, 300px\" \/><\/a><\/p>\n<p>Trudne czasy dla zamojskich turyst\u00f3w jeszcze nie min\u0119\u0142y&#8230;<\/p>\n<p style=\"text-align: justify;\">W dniu 19 czerwca w sobot\u0119 wyruszamy na bezdro\u017ca Roztocza\u2026<br \/>\nTym razem b\u0119dzie to spacer nocny po Roztoczu \u015arodkowym.<br \/>\n<u>Zasady uczestnictwa:<br \/>\n<\/u>Uczestnicy rajdu w\u0119druj\u0105 indywidualnie, tzn. rodzinami w odleg\u0142o\u015bci zasi\u0119gu wzroku.<br \/>\nUczestnictwo na w\u0142asn\u0105 odpowiedzialno\u015b\u0107 i w\u0142asne ubezpieczenie. Nie przyjmujemy wcze\u015bniejszych zg\u0142osze\u0144.<br \/>\nUczestnicy musz\u0105 dostosowa\u0107 si\u0119 do obowi\u0105zuj\u0105cych w dniu 19\/20 czerwca br. przepis\u00f3w sanitarnych.<br \/>\nDojazd we w\u0142asnym zakresie, ilo\u015b\u0107 miejsc mo\u017ce by\u0107 ograniczona, ale wiek uczestnik\u00f3w nieograniczony. Mo\u017cna nawet zabra\u0107 kijki NW, mog\u0105 si\u0119 przyda\u0107 do odp\u0119dzania z\u0142ych mocy i wilk\u00f3w roztocza\u0144skich. Ubranie musi dostosowane do warunk\u00f3w atmosferycznych.<br \/>\nDodatkowymi warunkami uczestnictwa w rajdzie b\u0119dzie posiadanie element\u00f3w odblaskowych i dobrej latarki. Trzeba pami\u0119ta\u0107 i co\u015b zabra\u0107 na drug\u0105 nocn\u0105 kolacj\u0119 w puszczy.<br \/>\nProgram indywidualnego 64 Rajdu Nocnego im. W\u0142adys\u0142awy Podobi\u0144skiej<br \/>\n1. Dojazd na start w miejscowo\u015bci D\u0142ugi K\u0105t gm. J\u00f3zef\u00f3w (wygon na wschodnim skraju) do godz. 20-tej, wsp\u00f3\u0142rz\u0119dne wg \u201eprawdziwego\u201d GPS \u00a0N 50<sup>0<\/sup> 29.017\u00a0 E 23<sup>0<\/sup> 07.774.<br \/>\n2. Zostawiamy samochody, po kilkukilometrowej w\u0119dr\u00f3wce tutaj wr\u00f3cimy oko\u0142o p\u00f3\u0142nocy. Nasi przodownicy turystyki pieszej i przewodnicy PTTK od godz. 20-ej poprowadz\u0105 po lasach roztocza\u0144skich.<br \/>\n3. Pos\u0142uchamy nocnych odg\u0142os\u00f3w roztocza\u0144skiej puszczy.<br \/>\n4. D\u0142ugo\u015b\u0107 trasy ok. 10 km, czas w\u0119dr\u00f3wki ok. 3 godz.<br \/>\n5. Ognisko rajdowe mo\u017ce p\u0142on\u0105\u0107 nawet do \u015bwitu wg \u017cyczenia uczestnik\u00f3w.<br \/>\n6. Na mecie b\u0119dzie mo\u017cliwo\u015b\u0107 upieczenia zakupionych przez siebie kie\u0142basek.<br \/>\n7. Uczestnicy otrzymaj\u0105 potwierdzenie na punkty do odznak turystycznych i pami\u0105tkow\u0105 naklejk\u0119.<br \/>\n8. Zam\u00f3wili\u015bmy pogod\u0119 rajdow\u0105, jednak pami\u0119tajmy, \u017ce jest to czas sianokos\u00f3w&#8230;<br \/>\n9. Uczestnicy Rajdu musz\u0105 si\u0119 podporz\u0105dkowa\u0107 zarz\u0105dzeniom organizator\u00f3w.<br \/>\nOrganizator: PTTK Oddzia\u0142 w Zamo\u015bciu Klub Turystyczno-Krajoznawczy im Micha\u0142a Pieszki<br \/>\n<a href=\"https:\/\/rejestr.io\/krs\/300236\/stowarzyszenie-rozwoju-wsi-dlugi-kat-zakatek-roztocze\">Stowarzyszenie Rozwoju Wsi D\u0142ugi K\u0105t \u201eZak\u0105tek Roztocze&#8221;<\/a><br \/>\nZapraszamy odwa\u017cnych turyst\u00f3w na nocn\u0105 w\u0119dr\u00f3wk\u0119 po le\u015bnych dzikich ost\u0119pach.<\/p>\n<p style=\"text-align: justify;\">Ograniczenia wynikaj\u0105ce z pandemii Coronavirusa, postawi\u0142y ca\u0142\u0105 bran\u017c\u0119 turystyczn\u0105 w bardzo trudnej i skomplikowanej sytuacji. Dotyczy to r\u00f3wnie\u017c Oddzia\u0142u PTTK w Zamo\u015bciu. Aby nasze wsp\u00f3lne w\u0119dr\u00f3wki mog\u0142y si\u0119 nadal odbywa\u0107 prosimy uczestnik\u00f3w rajd\u00f3w o dokonywanie symbolicznych wp\u0142at w wysoko\u015bci 5 z\u0142.\/os. z przeznaczeniem na cele statutowe. Prosimy o wp\u0142aty got\u00f3wkowe podczas trwania rajdu.<\/p>\n<p style=\"text-align: justify;\">Wspomnienia z rajdu<\/p>\n<p>[huge_it_slider id=&#8221;247 &#8222;]<\/p>\n","protected":false},"excerpt":{"rendered":"<p>Trudne czasy dla zamojskich turyst\u00f3w jeszcze nie min\u0119\u0142y&#8230; W dniu 19 czerwca w sobot\u0119 wyruszamy na bezdro\u017ca Roztocza\u2026 Tym razem b\u0119dzie to spacer nocny po Roztoczu \u015arodkowym. Zasady uczestnictwa: Uczestnicy rajdu w\u0119druj\u0105 indywidualnie, tzn. rodzinami w odleg\u0142o\u015bci zasi\u0119gu wzroku. Uczestnictwo &hellip; <a class=\"more-link\" href=\"https:\/\/zamosc.pttk.pl\/wordpress\/?page_id=17547\">Czytaj dalej <span class=\"meta-nav\">&rarr;<\/span><\/a><\/p>\n","protected":false},"author":1,"featured_media":0,"parent":0,"menu_order":0,"comment_status":"closed","ping_status":"closed","template":"","meta":{"footnotes":""},"class_list":["post-17547","page","type-page","status-publish","hentry"],"_links":{"self":[{"href":"https:\/\/zamosc.pttk.pl\/wordpress\/index.php?rest_route=\/wp\/v2\/pages\/17547","targetHints":{"allow":["GET"]}}],"collection":[{"href":"https:\/\/zamosc.pttk.pl\/wordpress\/index.php?rest_route=\/wp\/v2\/pages"}],"about":[{"href":"https:\/\/zamosc.pttk.pl\/wordpress\/index.php?rest_route=\/wp\/v2\/types\/page"}],"author":[{"embeddable":true,"href":"https:\/\/zamosc.pttk.pl\/wordpress\/index.php?rest_route=\/wp\/v2\/users\/1"}],"replies":[{"embeddable":true,"href":"https:\/\/zamosc.pttk.pl\/wordpress\/index.php?rest_route=%2Fwp%2Fv2%2Fcomments&post=17547"}],"version-history":[{"count":6,"href":"https:\/\/zamosc.pttk.pl\/wordpress\/index.php?rest_route=\/wp\/v2\/pages\/17547\/revisions"}],"predecessor-version":[{"id":17636,"href":"https:\/\/zamosc.pttk.pl\/wordpress\/index.php?rest_route=\/wp\/v2\/pages\/17547\/revisions\/17636"}],"wp:attachment":[{"href":"https:\/\/zamosc.pttk.pl\/wordpress\/index.php?rest_route=%2Fwp%2Fv2%2Fmedia&parent=17547"}],"curies":[{"name":"wp","href":"https:\/\/api.w.org\/{rel}","templated":true}]}}