{"id":17446,"date":"2021-05-30T19:32:31","date_gmt":"2021-05-30T17:32:31","guid":{"rendered":"http:\/\/zamosc.pttk.pl\/wordpress\/?page_id=17446"},"modified":"2021-05-30T19:38:09","modified_gmt":"2021-05-30T17:38:09","slug":"47-rajd-czerwony-kapturek","status":"publish","type":"page","link":"https:\/\/zamosc.pttk.pl\/wordpress\/?page_id=17446","title":{"rendered":"47 Rajd &#8222;Czerwony Kapturek&#8221;"},"content":{"rendered":"<p style=\"text-align: justify;\">W sobot\u0119 29 maja o godz. 9.30 rozpoczeli\u015bmy 47 Rajd \u201eCzerwony Kapturek\u201d. W Lasowcach dawno nie by\u0142o tyle samochod\u00f3w i takiej gromadki ma\u0142ych i du\u017cych turyst\u00f3w ponad 50 os\u00f3b. Najm\u0142odszy uczestnik mia\u0142 1,5 roku i dzielnie pokonywa\u0142 b\u0142oto w debrach.<br \/>\nNa rozpocz\u0119cie g\u0142os zabra\u0142 kol Andrzej prezes Klubu turystyczno-Krajoznawczego im Micha\u0142a Pieszki PTTK\/Odzia\u0142 w Zamo\u015bciu. Przywita\u0142 uczestnik\u00f3w Rajdu i opowiedzia\u0142 o okolicy. Kol. Edward opowiedzia\u0142 o historii miejscowo\u015bci i tragicznych wydarzeniach w dniu 4 lutego 1943 r., kiedy wioska zosta\u0142a spalona i wymordowani partyzanci z oddzia\u0142u AK \u201ePodlaskiego\u201d oraz mieszka\u0144cy.<br \/>\nNast\u0119pnie kol. Andrzej zaproponowa\u0142 uczestnikom do wyboru 2 trasy: na Pyszczek i do debr.<br \/>\nWi\u0119ksza grupa posz\u0142a do debr. Oj nie \u0142atwo mieli, nie \u0142atwo.\u00a0 Z Edwardem poszli\u015bmy przez Czerkies szlakiem centralnym, niebieskim. Po drodze podziwiali\u015bmy wspania\u0142e przestoje buk\u00f3w. Obok miejsca dawnej gaj\u00f3wki znajduje si\u0119 drewniany s\u0142up z krzy\u017cem prawos\u0142awnym, kt\u00f3ry upami\u0119tnia \u017co\u0142nierza radzieckiego poleg\u0142ego w 1944 r. i tu spoczywaj\u0105cego. Obejrzeli\u015bmy ogromne babrzysko, takie jeziorko dla zwierz\u0105t le\u015bnych pokryte rz\u0119s\u0105 i pozosta\u0142o\u015bci fundament\u00f3w gaj\u00f3wki ordynackiej. Na dawnym polu gajowego jest teraz \u0142\u0105ka i rosn\u0105 jab\u0142onie wygl\u0105daj\u0105 na dzikie. Po drodze przewodnik Darek opowiada\u0142 o ro\u015blinkach. Bardzo podoba\u0142 si\u0119 nam kwitn\u0105cy czworolist pospolity. Na zachodnim skraju pola ro\u015bnie okaza\u0142y klon.<br \/>\nKiedy weszli\u015bmy na drog\u0119 dziel\u0105c\u0105 Nart i Czerkies zacz\u0105\u0142 pada\u0107 majowy kapu\u015bniaczek, ale nam nie dokucza\u0142 pod li\u015b\u0107mi bukowymi. Teraz podziwiali\u015bmy wspania\u0142e okazy buk\u00f3w i ogromne huby. Tak doszli\u015bmy do Pyszczka. Jest to nazwa miejscowa p\u00f3l nale\u017c\u0105cych do mieszka\u0144c\u00f3w Obroczy o kszta\u0142cie wilczego pyska. Cze\u015b\u0107 poro\u015bni\u0119te jest krzakami. Deszcz stawa\u0142 si\u0119 coraz wi\u0119kszy, wi\u0119c powr\u00f3cili\u015bmy. Oczywi\u015bcie droga powrotna wyda\u0142a nam si\u0119 inna. Powr\u00f3cili\u015bmy do Lasowiec, m\u0142odzi zmienili skarpetki. Wyruszyli\u015bmy na drug\u0105 cz\u0119\u015b\u0107 trasy, przeszli\u015bmy na skraj Lasowc\u00f3w Szlacheckichi piaszczyst\u0105 drog\u0105 prowadz\u0105c\u0105 do Bondyrza. Naszym celem by\u0142y okolice wzg\u00f3rza Dach najwy\u017cszego na terenie RPN (366 m. npm.) Troch\u0119 si\u0119 zasapali\u015bmy si\u0119 id\u0105c pod g\u00f3r\u0119. Kazio pilnowa\u0142 z ty\u0142u, \u017ceby nikogo nie porwa\u0142y z\u0142e moce. Po drodze po lewej zobaczyli\u015bmy miejsce dawnych \u017ar\u00f3de\u0142 rzeki \u015awierszcz, kt\u00f3ry jest dop\u0142ywem Wieprza. W tej chwili rzeka wyp\u0142ywa kilka kilometr\u00f3w na zach\u00f3d, pod Floriank\u0105.\u201d<br \/>\nWreszcie doszli\u015bmy do miejsca, sk\u0105d wida\u0107 wzg\u00f3rze Dach, nazwa po dawnych w\u0142a\u015bcicielach tego terenu. W kierunku wschodnim jest wspania\u0142y widok na wzg\u00f3rza w okolicach rezerwatu Debry. Nast\u0119pnie poszli\u015bmy na po\u0142udnie i przy szlaku zielonym im. Aleksandry Wachniewskiej spotkali\u015bmy lekko ob\u0142ocon\u0105 tras\u0119 wracaj\u0105c\u0105 z debr. Opowiadali, \u017ce by\u0142o trudno, musieli zawr\u00f3ci\u0107, bo w\u0105wozy zwane debrami by\u0142y zawalone drzewami. Chyba to zrobi\u0142y diab\u0142y roztocza\u0144skie przebrane za le\u015bnik\u00f3w. Razem wracali\u015bmy przez Lasowce Szlacheckie do Pa\u0144skich. Niegdy\u015b mieszkali tu lasowi pilnuj\u0105cy granic posiad\u0142o\u015bci ordynackich i szlacheckich. Doszli\u015bmy do swoich samochod\u00f3w i kawalkada wyruszy\u0142a do Starej Huty. Tutaj by\u0142a meta naszego rajdu. Andrzej weryfikowa\u0142 ksi\u0105\u017ceczki na odznaki turystyczne a Edward rozda\u0142 naklejki ze znaczkiem rajdowym. Po upieczeniu kie\u0142basek rozpocz\u0119\u0142y si\u0119 konkursy.\u00a0 Konkurs skakanki prowadzi\u0142a Joasia, konkurs rzut podkow\u0105 Darek a konkurs krajoznawczy Edward i Pawe\u0142. Wszyscy uczestnicy dostali nagrody.\u00a0 Konkurs na posta\u0107 bajki cieszy\u0142 ogromn\u0105 popularno\u015bci\u0105. Najpi\u0119kniejszym Czerwonym Kapturkiem by\u0142a Dominka w pi\u0119knym stroju, niezwykle fotogenicznym. Komisja konkursowa w sk\u0142adzie Ewa, Ania i Kasia przyzna\u0142a jej pierwsze miejsce. Zacz\u0119\u0142y spada\u0107 krople deszczu, wi\u0119c czas wraca\u0107 do domu&#8230;<\/p>\n<p style=\"text-align: justify;\">Podzi\u0119kowania, podzi\u0119kowania za pomoc przy organizacji Rajdu i ciekawe pomys\u0142y&#8230;<br \/>\nDla Przewodnik\u00f3w z Zamojsko-Roztocza\u0144skiego Ko\u0142a Przewodnik\u00f3w PTTK: Dominice. Joasi, Darkowi, Ani, Kasi i Ewie, Przodownikom turystyki pieszej i przewodnikom PTTK: Andrzejowi, Paw\u0142owi, Kaziowi i Edwardowi.<\/p>\n<p style=\"text-align: justify;\">Gor\u0105ce podzi\u0119kowania w imieniu uczestnik\u00f3w Rajdu przekazujemy druhom stra\u017cakom z OSP Stara Huta za przygotowanie ogniska rajdowego i terenu przy \u015bwietlicy wiejskiej &#8211; dzi\u0119kujemy serdecznie&#8230;<\/p>\n<p>Do spotkania w czerwcu na Rajdzie Nocnym &#8211; szczeg\u00f3\u0142y wkr\u00f3tce&#8230;<\/p>\n<p>[huge_it_slider id=&#8221;245 &#8222;]<\/p>\n<p>es<\/p>\n","protected":false},"excerpt":{"rendered":"<p>W sobot\u0119 29 maja o godz. 9.30 rozpoczeli\u015bmy 47 Rajd \u201eCzerwony Kapturek\u201d. W Lasowcach dawno nie by\u0142o tyle samochod\u00f3w i takiej gromadki ma\u0142ych i du\u017cych turyst\u00f3w ponad 50 os\u00f3b. Najm\u0142odszy uczestnik mia\u0142 1,5 roku i dzielnie pokonywa\u0142 b\u0142oto w debrach. &hellip; <a class=\"more-link\" href=\"https:\/\/zamosc.pttk.pl\/wordpress\/?page_id=17446\">Czytaj dalej <span class=\"meta-nav\">&rarr;<\/span><\/a><\/p>\n","protected":false},"author":1,"featured_media":0,"parent":0,"menu_order":0,"comment_status":"closed","ping_status":"closed","template":"","meta":{"footnotes":""},"class_list":["post-17446","page","type-page","status-publish","hentry"],"_links":{"self":[{"href":"https:\/\/zamosc.pttk.pl\/wordpress\/index.php?rest_route=\/wp\/v2\/pages\/17446","targetHints":{"allow":["GET"]}}],"collection":[{"href":"https:\/\/zamosc.pttk.pl\/wordpress\/index.php?rest_route=\/wp\/v2\/pages"}],"about":[{"href":"https:\/\/zamosc.pttk.pl\/wordpress\/index.php?rest_route=\/wp\/v2\/types\/page"}],"author":[{"embeddable":true,"href":"https:\/\/zamosc.pttk.pl\/wordpress\/index.php?rest_route=\/wp\/v2\/users\/1"}],"replies":[{"embeddable":true,"href":"https:\/\/zamosc.pttk.pl\/wordpress\/index.php?rest_route=%2Fwp%2Fv2%2Fcomments&post=17446"}],"version-history":[{"count":3,"href":"https:\/\/zamosc.pttk.pl\/wordpress\/index.php?rest_route=\/wp\/v2\/pages\/17446\/revisions"}],"predecessor-version":[{"id":17450,"href":"https:\/\/zamosc.pttk.pl\/wordpress\/index.php?rest_route=\/wp\/v2\/pages\/17446\/revisions\/17450"}],"wp:attachment":[{"href":"https:\/\/zamosc.pttk.pl\/wordpress\/index.php?rest_route=%2Fwp%2Fv2%2Fmedia&parent=17446"}],"curies":[{"name":"wp","href":"https:\/\/api.w.org\/{rel}","templated":true}]}}