{"id":16996,"date":"2021-01-11T18:13:09","date_gmt":"2021-01-11T17:13:09","guid":{"rendered":"http:\/\/www.zamosc.pttk.pl\/wordpress\/?page_id=16996"},"modified":"2021-01-11T18:53:58","modified_gmt":"2021-01-11T17:53:58","slug":"lyse-byki-czesc-druga","status":"publish","type":"page","link":"https:\/\/zamosc.pttk.pl\/wordpress\/?page_id=16996","title":{"rendered":"\u0141yse Byki cz\u0119\u015b\u0107 druga"},"content":{"rendered":"<div dir=\"auto\" style=\"text-align: justify;\">Rozpocz\u0119cie sezonu turystycznego 2021&#8230; 9 stycznia 2021 r.<\/div>\n<div dir=\"auto\" style=\"text-align: justify;\">48 turyst\u00f3w malutkich, wi\u0119kszych i starszych w\u0119drowa\u0142o po \u0141ysych Bykach z G\u00f3recka Nowego &#8211; do Florianki &#8211; na Wysok\u0105 G\u00f3r\u0119 i powr\u00f3t do G\u00f3recka Nowego.<\/div>\n<div dir=\"auto\" style=\"text-align: justify;\">D\u0142ugo\u015b\u0107 trasy wynios\u0142a 9,3 km od godz. 9.30 do 14.02.<\/div>\n<div dir=\"auto\" style=\"text-align: justify;\">Pogoda wspania\u0142a, koniki grzeczne dawa\u0142y si\u0119 g\u0142aska\u0107 i by\u0142y bardzo zadowolone. Prowadzili zamojscy przewodnicy PTTK Edward i Andrzej. Na trasie w bezpiecznym miejscu rozpalili\u015bmy tradycyjne ognisko rajdowe. Mimo mg\u0142y i pr\u00f3sz\u0105cego \u015bnie\u017cku zobaczyli\u015bmy przepi\u0119kne krajobrazy Roztocza \u015arodkowego.<\/div>\n<div dir=\"auto\" style=\"text-align: justify;\">Mimo, \u017ce musieli\u015bmy w\u0119drowa\u0107 rodzinkami z zachowaniem dystansu, ale i tak by\u0142o fajnie&#8230;<\/div>\n<div dir=\"auto\" style=\"text-align: justify;\">W imieniu organizatora Klubu Turystyczno-Krajoznawczego im. Micha\u0142a Pieszki przy O\/PTTK w Zamo\u015bciu dzi\u0119kujemy za wsp\u00f3ln\u0105 w\u0119dr\u00f3wk\u0119 i do spotkania wkr\u00f3tce na roztocza\u0144skich szlakach&#8230;<\/div>\n<div dir=\"auto\"><\/div>\n<div dir=\"auto\"><\/div>\n<div dir=\"auto\">\n<hr \/>\n<\/div>\n<div dir=\"auto\"><\/div>\n<div dir=\"auto\">[huge_it_slider id=&#8221;240 &#8222;]<\/div>\n","protected":false},"excerpt":{"rendered":"<p>Rozpocz\u0119cie sezonu turystycznego 2021&#8230; 9 stycznia 2021 r. 48 turyst\u00f3w malutkich, wi\u0119kszych i starszych w\u0119drowa\u0142o po \u0141ysych Bykach z G\u00f3recka Nowego &#8211; do Florianki &#8211; na Wysok\u0105 G\u00f3r\u0119 i powr\u00f3t do G\u00f3recka Nowego. D\u0142ugo\u015b\u0107 trasy wynios\u0142a 9,3 km od godz. &hellip; <a class=\"more-link\" href=\"https:\/\/zamosc.pttk.pl\/wordpress\/?page_id=16996\">Czytaj dalej <span class=\"meta-nav\">&rarr;<\/span><\/a><\/p>\n","protected":false},"author":1,"featured_media":0,"parent":0,"menu_order":0,"comment_status":"closed","ping_status":"closed","template":"","meta":{"footnotes":""},"class_list":["post-16996","page","type-page","status-publish","hentry"],"_links":{"self":[{"href":"https:\/\/zamosc.pttk.pl\/wordpress\/index.php?rest_route=\/wp\/v2\/pages\/16996","targetHints":{"allow":["GET"]}}],"collection":[{"href":"https:\/\/zamosc.pttk.pl\/wordpress\/index.php?rest_route=\/wp\/v2\/pages"}],"about":[{"href":"https:\/\/zamosc.pttk.pl\/wordpress\/index.php?rest_route=\/wp\/v2\/types\/page"}],"author":[{"embeddable":true,"href":"https:\/\/zamosc.pttk.pl\/wordpress\/index.php?rest_route=\/wp\/v2\/users\/1"}],"replies":[{"embeddable":true,"href":"https:\/\/zamosc.pttk.pl\/wordpress\/index.php?rest_route=%2Fwp%2Fv2%2Fcomments&post=16996"}],"version-history":[{"count":6,"href":"https:\/\/zamosc.pttk.pl\/wordpress\/index.php?rest_route=\/wp\/v2\/pages\/16996\/revisions"}],"predecessor-version":[{"id":17059,"href":"https:\/\/zamosc.pttk.pl\/wordpress\/index.php?rest_route=\/wp\/v2\/pages\/16996\/revisions\/17059"}],"wp:attachment":[{"href":"https:\/\/zamosc.pttk.pl\/wordpress\/index.php?rest_route=%2Fwp%2Fv2%2Fmedia&parent=16996"}],"curies":[{"name":"wp","href":"https:\/\/api.w.org\/{rel}","templated":true}]}}