{"id":16945,"date":"2021-01-11T17:28:43","date_gmt":"2021-01-11T16:28:43","guid":{"rendered":"http:\/\/www.zamosc.pttk.pl\/wordpress\/?page_id=16945"},"modified":"2021-01-11T18:55:12","modified_gmt":"2021-01-11T17:55:12","slug":"lyse-byki-czesc-pierwsza","status":"publish","type":"page","link":"https:\/\/zamosc.pttk.pl\/wordpress\/?page_id=16945","title":{"rendered":"\u0141yse Byki  cz\u0119\u015b\u0107 pierwsza"},"content":{"rendered":"<p style=\"text-align: justify;\">\u0141yse Byki &#8211; zako\u0144czenie sezonu turystycznego 2020 r.<\/p>\n<p style=\"text-align: justify;\">Niestety nasta\u0142y trudne czasy pandemii dla zamojskich turyst\u00f3w.<br \/>\nMimo to w dniu\u00a019 grudnia br. w sobot\u0119, wyruszymy na indywidualny spacer po Roztoczu \u015arodkowym\u2026<br \/>\nTym razem b\u0119dziemy w\u0119drowa\u0107 w okolicach Tereszpola.<br \/>\nWejdziemy na najwy\u017cszego\u00a0\u0141ysego Byka \u2013 Kamienn\u0105 G\u00f3r\u0119 (324 n.p.m), st\u0105d wida\u0107 daleko hen, hen, a\u017c po Karpaty\u2026<br \/>\nZobaczymy prawdziw\u0105 granic\u0119 Roztocza i Kotliny Sandomierskiej \u2013 jest uskok, bo Roztocze wci\u0105\u017c ro\u015bnie\u2026<\/p>\n<p style=\"text-align: justify;\">Zasady uczestnictwa:<\/p>\n<ol style=\"text-align: justify;\">\n<li>Uczestnicy rajdu w\u0119druj\u0105 indywidualnie, tzn. z rodzinami w odleg\u0142o\u015bci zasi\u0119gu wzroku.<br \/>\n2. Nie pobieramy \u017cadnych op\u0142at, uczestnictwo na w\u0142asn\u0105 odpowiedzialno\u015b\u0107 i w\u0142asne ubezpieczenie.<br \/>\n3. Nie przyjmujemy wcze\u015bniejszych zg\u0142osze\u0144.<br \/>\n4. Uczestnicy musz\u0105 dostosowa\u0107 si\u0119 do obowi\u0105zuj\u0105cych w dniu 19 grudnia br. przepis\u00f3w sanitarnych.<br \/>\n5. Dojazd we w\u0142asnym zakresie, ilo\u015b\u0107 miejsc mo\u017ce by\u0107 ograniczona albo nie, ale wiek uczestnik\u00f3w nieograniczony.<br \/>\n6. Mo\u017cna nawet zabra\u0107 kijki NW, mog\u0105 si\u0119 przyda\u0107 do odp\u0119dzania z\u0142ych mocy.<br \/>\n7. Przy ognisku b\u0119dzie mo\u017cliwo\u015b\u0107 upieczenia kie\u0142basek.<br \/>\n8. Uczestnicy otrzymaj\u0105 potwierdzenie na punkty do odznak turystycznych.<\/li>\n<\/ol>\n<p style=\"text-align: justify;\">Program indywidualnego spaceru<\/p>\n<p style=\"text-align: justify;\">Dojazd na start do\u00a0Tereszpola Jurdygi,\u00a0mo\u017cliwo\u015b\u0107 parkowania samochod\u00f3w na skraju lasu.<br \/>\nW Tereszpolu Jurdydze (obok dawnego sklepu, na g\u00f3rce) skr\u0119camy na wsch\u00f3d i jedziemy do ko\u0144ca drogi utwardzonej (obok transformatora).<br \/>\nWsp\u00f3\u0142rz\u0119dne \u00a0miejsca spotkania wg GPS:\u00a0N 50 33.101\u00a0\u00a0 E 22 56.428<br \/>\nW\u0119dr\u00f3wk\u0119 rozpoczynamy\u00a0o godz. 9.30. D\u0142ugo\u015b\u0107 trasy ok. 7 km (trasa \u0142atwa), powracamy do miejsca startu, do swoich samochodzik\u00f3w.<br \/>\nPrzewidujemy, \u017ce rajd b\u0119dzie trwa\u0142 ok. 3 godz. lub kr\u00f3cej w zale\u017cno\u015bci od kondycji uczestnik\u00f3w i warunk\u00f3w atmosferycznych.<br \/>\nJak si\u0119 uda, to na Kamiennej G\u00f3rze rozpalimy ognisko turystyczne.<\/p>\n<p style=\"text-align: justify;\">Nasi przodownicy turystyki pieszej od godz. 9.30 b\u0119d\u0105 wskazywa\u0107 tras\u0119 w\u0119dr\u00f3wki.<br \/>\nW powrotnej drodze b\u0119dziemy w\u0119drowa\u0107 szlakiem zielonym im. Al. Wachniewskiej.<br \/>\nPomys\u0142odawcami s\u0105 przewodnicy i przodownicy z Klubu Turystyczno-Krajoznawczego im Micha\u0142a Pieszki przy Oddziale PTTK w Zamo\u015bciu.<\/p>\n<p style=\"text-align: justify;\">Zwiedzili\u015bmy \u0141yse Byki. Przepi\u0119kna jesienna pogoda, 27 uczestnik\u00f3w od 2 do 75 lat&#8230; jak by\u0142o to zobaczcie na zdj\u0119ciach. Na Kamiennej G\u00f3rze by\u0142o ognisko&#8230;<br \/>\nZe wzgl\u0119du na trudn\u0105 sytuacj\u0119 w\u0119drowali\u015bmy tym razem rodzinkami w odpowiednich odst\u0119pach&#8230; tropem wilka&#8230;..Ale i tak by\u0142o fajnie&#8230;<\/p>\n<hr \/>\n<p style=\"text-align: justify;\">[huge_it_slider id=&#8221;239 &#8222;]<\/p>\n","protected":false},"excerpt":{"rendered":"<p>\u0141yse Byki &#8211; zako\u0144czenie sezonu turystycznego 2020 r. Niestety nasta\u0142y trudne czasy pandemii dla zamojskich turyst\u00f3w. Mimo to w dniu\u00a019 grudnia br. w sobot\u0119, wyruszymy na indywidualny spacer po Roztoczu \u015arodkowym\u2026 Tym razem b\u0119dziemy w\u0119drowa\u0107 w okolicach Tereszpola. Wejdziemy na &hellip; <a class=\"more-link\" href=\"https:\/\/zamosc.pttk.pl\/wordpress\/?page_id=16945\">Czytaj dalej <span class=\"meta-nav\">&rarr;<\/span><\/a><\/p>\n","protected":false},"author":1,"featured_media":0,"parent":0,"menu_order":0,"comment_status":"closed","ping_status":"closed","template":"","meta":{"footnotes":""},"class_list":["post-16945","page","type-page","status-publish","hentry"],"_links":{"self":[{"href":"https:\/\/zamosc.pttk.pl\/wordpress\/index.php?rest_route=\/wp\/v2\/pages\/16945","targetHints":{"allow":["GET"]}}],"collection":[{"href":"https:\/\/zamosc.pttk.pl\/wordpress\/index.php?rest_route=\/wp\/v2\/pages"}],"about":[{"href":"https:\/\/zamosc.pttk.pl\/wordpress\/index.php?rest_route=\/wp\/v2\/types\/page"}],"author":[{"embeddable":true,"href":"https:\/\/zamosc.pttk.pl\/wordpress\/index.php?rest_route=\/wp\/v2\/users\/1"}],"replies":[{"embeddable":true,"href":"https:\/\/zamosc.pttk.pl\/wordpress\/index.php?rest_route=%2Fwp%2Fv2%2Fcomments&post=16945"}],"version-history":[{"count":4,"href":"https:\/\/zamosc.pttk.pl\/wordpress\/index.php?rest_route=\/wp\/v2\/pages\/16945\/revisions"}],"predecessor-version":[{"id":17060,"href":"https:\/\/zamosc.pttk.pl\/wordpress\/index.php?rest_route=\/wp\/v2\/pages\/16945\/revisions\/17060"}],"wp:attachment":[{"href":"https:\/\/zamosc.pttk.pl\/wordpress\/index.php?rest_route=%2Fwp%2Fv2%2Fmedia&parent=16945"}],"curies":[{"name":"wp","href":"https:\/\/api.w.org\/{rel}","templated":true}]}}